{"id":24503,"date":"2021-10-10T05:15:21","date_gmt":"2021-10-10T05:15:21","guid":{"rendered":"https:\/\/mouldking.store\/shop\/moc-37612-clone-speeder-star-wars-by-ohsojang-moc-factory\/"},"modified":"2025-12-25T09:17:25","modified_gmt":"2025-12-25T02:17:25","slug":"moc-37612-clone-speeder-star-wars-by-ohsojang-moc-factory","status":"publish","type":"product","link":"https:\/\/mouldking.store\/es\/shop\/moc-37612-clone-speeder-star-wars-by-ohsojang-moc-factory\/","title":{"rendered":"MOC-37612 Clone Speeder Star Wars de ohsojang MOC FACTORY"},"content":{"rendered":"<p>MOC-37612 Clone Speeder Star Wars de ohsojang MOC FACTORY es un set de la colecci\u00f3n Star Wars, dise\u00f1ado por ohsojang. Este MOC 37612 viene con instrucciones en PDF que son f\u00e1ciles de construir y encontrar las piezas que faltan. El conjunto contiene 104 piezas, lanzado por primera vez en 2021.<\/p>\n<figure id=\"attachment_207349\" aria-describedby=\"caption-attachment-207349\" style=\"width: 800px\" class=\"wp-caption aligncenter\"><a href=\"https:\/\/pay.lpwstore.com\/wp-content\/uploads\/2021\/05\/MOC-37612-Clone-Speeder-Star-Wars-by-ohsojang-MOC-FACTORY.jpg\" target=\"_blank\" rel=\"noopener\"><img fetchpriority=\"high\" decoding=\"async\" class=\"wp-image-207349 size-full\" title=\"MOC-37612 Clone Speeder Star Wars de ohsojang MOC FACTORY\" src=\"https:\/\/pay.lpwstore.com\/wp-content\/uploads\/2021\/05\/MOC-37612-Clone-Speeder-Star-Wars-by-ohsojang-MOC-FACTORY.jpg\" alt=\"MOC-37612 Clone Speeder Star Wars by ohsojang MOC FACTORY\" width=\"800\" height=\"800\" \/><\/a><figcaption id=\"caption-attachment-207349\" class=\"wp-caption-text\">MOC-37612 Clone Speeder Star Wars de ohsojang MOC FACTORY<\/figcaption><\/figure>\n<figure id=\"attachment_207345\" aria-describedby=\"caption-attachment-207345\" style=\"width: 1000px\" class=\"wp-caption aligncenter\"><img decoding=\"async\" class=\"size-full wp-image-207345\" title=\"MOC-37612 Clone Speeder Star Wars de ohsojang MOC FACTORY\" src=\"https:\/\/pay.lpwstore.com\/wp-content\/uploads\/2021\/05\/moc-37612-clone-speeder-star-wars-by-ohsojang-moc-factory-225818.jpg\" alt=\"MOC-37612 Clone Speeder Star Wars by ohsojang MOC FACTORY\" width=\"1000\" height=\"1000\" \/><figcaption id=\"caption-attachment-207345\" class=\"wp-caption-text\">MOC-37612 Clone Speeder Star Wars de ohsojang MOC FACTORY<\/figcaption><\/figure>\n<figure id=\"attachment_207346\" aria-describedby=\"caption-attachment-207346\" style=\"width: 1000px\" class=\"wp-caption aligncenter\"><img decoding=\"async\" class=\"size-full wp-image-207346\" title=\"MOC-37612 Clone Speeder Star Wars de ohsojang MOC FACTORY\" src=\"https:\/\/pay.lpwstore.com\/wp-content\/uploads\/2021\/05\/moc-37612-clone-speeder-star-wars-by-ohsojang-moc-factory-225821.jpg\" alt=\"MOC-37612 Clone Speeder Star Wars by ohsojang MOC FACTORY\" width=\"1000\" height=\"1000\" \/><figcaption id=\"caption-attachment-207346\" class=\"wp-caption-text\">MOC-37612 Clone Speeder Star Wars de ohsojang MOC FACTORY<\/figcaption><\/figure>\n<figure id=\"attachment_207347\" aria-describedby=\"caption-attachment-207347\" style=\"width: 1000px\" class=\"wp-caption aligncenter\"><img loading=\"lazy\" decoding=\"async\" class=\"size-full wp-image-207347\" title=\"MOC-37612 Clone Speeder Star Wars de ohsojang MOC FACTORY\" src=\"https:\/\/pay.lpwstore.com\/wp-content\/uploads\/2021\/05\/moc-37612-clone-speeder-star-wars-by-ohsojang-moc-factory-225825.jpg\" alt=\"MOC-37612 Clone Speeder Star Wars by ohsojang MOC FACTORY\" width=\"1000\" height=\"1000\" \/><figcaption id=\"caption-attachment-207347\" class=\"wp-caption-text\">MOC-37612 Clone Speeder Star Wars de ohsojang MOC FACTORY<\/figcaption><\/figure>\n<figure id=\"attachment_207348\" aria-describedby=\"caption-attachment-207348\" style=\"width: 1000px\" class=\"wp-caption aligncenter\"><img loading=\"lazy\" decoding=\"async\" class=\"size-full wp-image-207348\" title=\"MOC-37612 Clone Speeder Star Wars de ohsojang MOC FACTORY\" src=\"https:\/\/pay.lpwstore.com\/wp-content\/uploads\/2021\/05\/moc-37612-clone-speeder-star-wars-by-ohsojang-moc-factory-225828.jpg\" alt=\"MOC-37612 Clone Speeder Star Wars by ohsojang MOC FACTORY\" width=\"1000\" height=\"1000\" \/><figcaption id=\"caption-attachment-207348\" class=\"wp-caption-text\">MOC-37612 Clone Speeder Star Wars de ohsojang MOC FACTORY<\/figcaption><\/figure>\n<p>&nbsp;<\/p>","protected":false},"excerpt":{"rendered":"<ul>\n<li>Incluir\u00a0<strong>104+<\/strong>\u00a0piezas<\/li>\n<li>Instrucci\u00f3n PDF en l\u00ednea<\/li>\n<li>Bloque ABS de alta calidad.<\/li>\n<\/ul>","protected":false},"featured_media":24498,"comment_status":"open","ping_status":"closed","template":"","meta":{"_acf_changed":false},"product_cat":[415],"product_tag":[],"class_list":["product","first","instock","shipping-taxable","purchasable","product-type-simple"],"acf":[],"_links":{"self":[{"href":"https:\/\/mouldking.store\/es\/wp-json\/wp\/v2\/product\/24503","targetHints":{"allow":["GET"]}}],"collection":[{"href":"https:\/\/mouldking.store\/es\/wp-json\/wp\/v2\/product"}],"about":[{"href":"https:\/\/mouldking.store\/es\/wp-json\/wp\/v2\/types\/product"}],"replies":[{"embeddable":true,"href":"https:\/\/mouldking.store\/es\/wp-json\/wp\/v2\/comments?post=24503"}],"wp:featuredmedia":[{"embeddable":true,"href":"https:\/\/mouldking.store\/es\/wp-json\/wp\/v2\/media\/24498"}],"wp:attachment":[{"href":"https:\/\/mouldking.store\/es\/wp-json\/wp\/v2\/media?parent=24503"}],"wp:term":[{"taxonomy":"product_cat","embeddable":true,"href":"https:\/\/mouldking.store\/es\/wp-json\/wp\/v2\/product_cat?post=24503"},{"taxonomy":"product_tag","embeddable":true,"href":"https:\/\/mouldking.store\/es\/wp-json\/wp\/v2\/product_tag?post=24503"}],"curies":[{"name":"wp","href":"https:\/\/api.w.org\/{rel}","templated":true}]}}