{"id":24529,"date":"2021-10-10T05:15:30","date_gmt":"2021-10-10T05:15:30","guid":{"rendered":"https:\/\/mouldking.store\/shop\/moc-71182-mobile-city-time-travel-ep-1-portable-play-set-creator-by-doublebu-moc-factory\/"},"modified":"2025-12-25T09:17:25","modified_gmt":"2025-12-25T02:17:25","slug":"moc-71182-mobile-city-time-travel-ep-1-portable-play-set-creator-by-doublebu-moc-factory","status":"publish","type":"product","link":"https:\/\/mouldking.store\/es\/shop\/moc-71182-mobile-city-time-travel-ep-1-portable-play-set-creator-by-doublebu-moc-factory\/","title":{"rendered":"MOC-71182 Mobile City \u2013 Time Travel Ep.1 Portable Play Set Creator de DoubleBU MOC FACTORY"},"content":{"rendered":"<p>MOC-71182 Mobile City \u2013 Time Travel Ep.1 Portable Play Set Creator de DoubleBU MOC FACTORY es un juego de la colecci\u00f3n Creator, dise\u00f1ado por DoubleBU. Este MOC 71182 viene con instrucciones en PDF que es f\u00e1cil de construir y encontrar las piezas que faltan. El conjunto contiene 377 piezas, lanzado por primera vez en 2021.<\/p>\n<figure id=\"attachment_207420\" aria-describedby=\"caption-attachment-207420\" style=\"width: 800px\" class=\"wp-caption aligncenter\"><a href=\"https:\/\/pay.lpwstore.com\/wp-content\/uploads\/2021\/05\/MOC-71182-Mobile-City-Time-Travel-Ep.1-Portable-Play-Set-Creator-by-DoubleBU-MOC-FACTORY.jpg\" target=\"_blank\" rel=\"noopener\"><img fetchpriority=\"high\" decoding=\"async\" class=\"wp-image-207420 size-full\" title=\"MOC-71182 Mobile City - Time Travel Ep.1 Portable Play Set Creator de DoubleBU MOC FACTORY\" src=\"https:\/\/pay.lpwstore.com\/wp-content\/uploads\/2021\/05\/MOC-71182-Mobile-City-Time-Travel-Ep.1-Portable-Play-Set-Creator-by-DoubleBU-MOC-FACTORY.jpg\" alt=\"MOC-71182 Mobile City - Time Travel Ep.1 Portable Play Set Creator by DoubleBU MOC FACTORY\" width=\"800\" height=\"800\" \/><\/a><figcaption id=\"caption-attachment-207420\" class=\"wp-caption-text\">MOC-71182 Mobile City \u2013 Time Travel Ep.1 Portable Play Set Creator de DoubleBU MOC FACTORY<\/figcaption><\/figure>\n<figure id=\"attachment_207419\" aria-describedby=\"caption-attachment-207419\" style=\"width: 1000px\" class=\"wp-caption aligncenter\"><img decoding=\"async\" class=\"size-full wp-image-207419\" title=\"MOC-71182 Mobile City - Time Travel Ep.1 Portable Play Set Creator de DoubleBU MOC FACTORY\" src=\"https:\/\/pay.lpwstore.com\/wp-content\/uploads\/2021\/05\/moc-71182-mobile-city-time-travel-ep-1-portable-play-set-creator-by-doublebu-moc-factory-231124.jpg\" alt=\"MOC-71182 Mobile City - Time Travel Ep.1 Portable Play Set Creator by DoubleBU MOC FACTORY\" width=\"1000\" height=\"1000\" \/><figcaption id=\"caption-attachment-207419\" class=\"wp-caption-text\">MOC-71182 Mobile City \u2013 Time Travel Ep.1 Portable Play Set Creator de DoubleBU MOC FACTORY<\/figcaption><\/figure>\n<p>&nbsp;<\/p>","protected":false},"excerpt":{"rendered":"<ul>\n<li>Incluir\u00a0<strong>377+<\/strong>\u00a0piezas<\/li>\n<li>Instrucci\u00f3n PDF en l\u00ednea<\/li>\n<li>Bloque ABS de alta calidad.<\/li>\n<li>Dimensiones: 13 x 13 x 11 cm<\/li>\n<\/ul>","protected":false},"featured_media":24527,"comment_status":"open","ping_status":"closed","template":"","meta":{"_acf_changed":false},"product_cat":[371],"product_tag":[],"class_list":["product","first","instock","shipping-taxable","purchasable","product-type-simple"],"acf":[],"_links":{"self":[{"href":"https:\/\/mouldking.store\/es\/wp-json\/wp\/v2\/product\/24529","targetHints":{"allow":["GET"]}}],"collection":[{"href":"https:\/\/mouldking.store\/es\/wp-json\/wp\/v2\/product"}],"about":[{"href":"https:\/\/mouldking.store\/es\/wp-json\/wp\/v2\/types\/product"}],"replies":[{"embeddable":true,"href":"https:\/\/mouldking.store\/es\/wp-json\/wp\/v2\/comments?post=24529"}],"wp:featuredmedia":[{"embeddable":true,"href":"https:\/\/mouldking.store\/es\/wp-json\/wp\/v2\/media\/24527"}],"wp:attachment":[{"href":"https:\/\/mouldking.store\/es\/wp-json\/wp\/v2\/media?parent=24529"}],"wp:term":[{"taxonomy":"product_cat","embeddable":true,"href":"https:\/\/mouldking.store\/es\/wp-json\/wp\/v2\/product_cat?post=24529"},{"taxonomy":"product_tag","embeddable":true,"href":"https:\/\/mouldking.store\/es\/wp-json\/wp\/v2\/product_tag?post=24529"}],"curies":[{"name":"wp","href":"https:\/\/api.w.org\/{rel}","templated":true}]}}