{"id":24541,"date":"2021-10-10T05:15:36","date_gmt":"2021-10-09T22:15:36","guid":{"rendered":"https:\/\/mouldking.store\/shop\/moc-61395-link-breath-of-the-wild-brickheadz-creator-by-stormythos-moc-factory\/"},"modified":"2025-12-25T09:17:24","modified_gmt":"2025-12-25T02:17:24","slug":"moc-61395-link-breath-of-the-wild-brickheadz-creator-by-stormythos-moc-factory","status":"publish","type":"product","link":"https:\/\/mouldking.store\/es\/shop\/moc-61395-link-breath-of-the-wild-brickheadz-creator-by-stormythos-moc-factory\/","title":{"rendered":"MOC-61395 Link (Breath of the Wild) Creador de BrickHeadz por Stormythos MOC FACTORY"},"content":{"rendered":"<p>MOC-61395 Link (Breath of the Wild) BrickHeadz Creator de Stormythos MOC FACTORY es un conjunto de la colecci\u00f3n Creator, dise\u00f1ado por Stormythos. Este MOC 61395 viene con instrucciones en PDF que son f\u00e1ciles de construir y encontrar las piezas que faltan. El conjunto contiene 248 piezas, lanzado por primera vez en 2021.<\/p>\n<figure id=\"attachment_207477\" aria-describedby=\"caption-attachment-207477\" style=\"width: 800px\" class=\"wp-caption aligncenter\"><a href=\"https:\/\/pay.lpwstore.com\/wp-content\/uploads\/2021\/05\/MOC-61395-Link-Breath-of-the-Wild-BrickHeadz-Creator-by-Stormythos-MOC-FACTORY.jpg\" target=\"_blank\" rel=\"noopener\"><img fetchpriority=\"high\" decoding=\"async\" class=\"wp-image-207477 size-full\" title=\"MOC-61395 Link (Breath of the Wild) Creador de BrickHeadz por Stormythos MOC FACTORY\" src=\"https:\/\/pay.lpwstore.com\/wp-content\/uploads\/2021\/05\/MOC-61395-Link-Breath-of-the-Wild-BrickHeadz-Creator-by-Stormythos-MOC-FACTORY.jpg\" alt=\"MOC-61395 Link (Breath of the Wild) BrickHeadz Creator by Stormythos MOC FACTORY\" width=\"800\" height=\"800\" \/><\/a><figcaption id=\"caption-attachment-207477\" class=\"wp-caption-text\">MOC-61395 Link (Breath of the Wild) Creador de BrickHeadz por Stormythos MOC FACTORY<\/figcaption><\/figure>","protected":false},"excerpt":{"rendered":"<ul>\n<li>Incluir\u00a0<strong>248+<\/strong>\u00a0piezas<\/li>\n<li>Instrucci\u00f3n PDF en l\u00ednea<\/li>\n<li>Bloque ABS de alta calidad.<\/li>\n<\/ul>","protected":false},"featured_media":24540,"comment_status":"open","ping_status":"closed","template":"","meta":{"_acf_changed":false},"product_cat":[371],"product_tag":[],"class_list":["product","first","instock","shipping-taxable","purchasable","product-type-simple"],"acf":[],"_links":{"self":[{"href":"https:\/\/mouldking.store\/es\/wp-json\/wp\/v2\/product\/24541","targetHints":{"allow":["GET"]}}],"collection":[{"href":"https:\/\/mouldking.store\/es\/wp-json\/wp\/v2\/product"}],"about":[{"href":"https:\/\/mouldking.store\/es\/wp-json\/wp\/v2\/types\/product"}],"replies":[{"embeddable":true,"href":"https:\/\/mouldking.store\/es\/wp-json\/wp\/v2\/comments?post=24541"}],"wp:featuredmedia":[{"embeddable":true,"href":"https:\/\/mouldking.store\/es\/wp-json\/wp\/v2\/media\/24540"}],"wp:attachment":[{"href":"https:\/\/mouldking.store\/es\/wp-json\/wp\/v2\/media?parent=24541"}],"wp:term":[{"taxonomy":"product_cat","embeddable":true,"href":"https:\/\/mouldking.store\/es\/wp-json\/wp\/v2\/product_cat?post=24541"},{"taxonomy":"product_tag","embeddable":true,"href":"https:\/\/mouldking.store\/es\/wp-json\/wp\/v2\/product_tag?post=24541"}],"curies":[{"name":"wp","href":"https:\/\/api.w.org\/{rel}","templated":true}]}}