{"id":24566,"date":"2021-10-10T05:15:43","date_gmt":"2021-10-10T05:15:43","guid":{"rendered":"https:\/\/mouldking.store\/shop\/moc-73372-resistance-fleet-bundle-mc85-bunkerbuster-vakbeor-nebulon-star-wars-by-scoutthetrooper-moc-factory\/"},"modified":"2025-12-25T09:17:24","modified_gmt":"2025-12-25T02:17:24","slug":"moc-73372-resistance-fleet-bundle-mc85-bunkerbuster-vakbeor-nebulon-star-wars-by-scoutthetrooper-moc-factory","status":"publish","type":"product","link":"https:\/\/mouldking.store\/es\/shop\/moc-73372-resistance-fleet-bundle-mc85-bunkerbuster-vakbeor-nebulon-star-wars-by-scoutthetrooper-moc-factory\/","title":{"rendered":"MOC-73372 Resistance Fleet Bundle (MC85, Bunkerbuster, Vakbeor, Nebulon) Star Wars by scoutthetrooper MOC FACTORY"},"content":{"rendered":"<p>MOC-73372 Resistance Fleet Bundle (MC85, Bunkerbuster, Vakbeor, Nebulon) Star Wars by scoutthetrooper MOC FACTORY is a set in Star Wars collection, designed by scoutthetrooper. This MOC 73372 comes with PDF instruction which is easy to build and find the missing pieces. The set contains 2303 pieces, first released in 2021.<\/p>\n<p><strong>NOTA:<\/strong><\/p>\n<ul>\n<li><strong>El color de las partes individuales no se corresponde con el de las partes del dibujo, lo que no afecta la apariencia.<\/strong><\/li>\n<li><strong>Compre con cuidado para aquellos que no est\u00e1n preocupados por la precisi\u00f3n, la diferencia de color de las piezas dom\u00e9sticas.<\/strong><\/li>\n<li><strong>Es posible que el cliente deba pagar el cargo de aduana adicional al recibir la mercanc\u00eda (depende de la pol\u00edtica de cada pa\u00eds)<\/strong><\/li>\n<\/ul>\n<figure id=\"attachment_207613\" aria-describedby=\"caption-attachment-207613\" style=\"width: 800px\" class=\"wp-caption aligncenter\"><a href=\"https:\/\/pay.lpwstore.com\/wp-content\/uploads\/2021\/06\/MOC-73372-Resistance-Fleet-Bundle-MC85-Bunkerbuster-Vakbeor-Nebulon-Star-Wars-by-scoutthetrooper-MOC-FACTORY.jpg\" target=\"_blank\" rel=\"noopener\"><img fetchpriority=\"high\" decoding=\"async\" class=\"wp-image-207613 size-full\" title=\"MOC-73372 Resistance Fleet Bundle (MC85, Bunkerbuster, Vakbeor, Nebulon) Star Wars by scoutthetrooper MOC FACTORY\" src=\"https:\/\/pay.lpwstore.com\/wp-content\/uploads\/2021\/06\/MOC-73372-Resistance-Fleet-Bundle-MC85-Bunkerbuster-Vakbeor-Nebulon-Star-Wars-by-scoutthetrooper-MOC-FACTORY.jpg\" alt=\"MOC-73372 Resistance Fleet Bundle (MC85, Bunkerbuster, Vakbeor, Nebulon) Star Wars by scoutthetrooper MOC FACTORY\" width=\"800\" height=\"800\" \/><\/a><figcaption id=\"caption-attachment-207613\" class=\"wp-caption-text\">MOC-73372 Resistance Fleet Bundle (MC85, Bunkerbuster, Vakbeor, Nebulon) Star Wars by scoutthetrooper MOC FACTORY<\/figcaption><\/figure>","protected":false},"excerpt":{"rendered":"<ul>\n<li>Incluir\u00a0<strong>2303+<\/strong>\u00a0piezas<\/li>\n<li>Instrucci\u00f3n PDF en l\u00ednea<\/li>\n<li>Bloque ABS de alta calidad.<\/li>\n<\/ul>","protected":false},"featured_media":24565,"comment_status":"open","ping_status":"closed","template":"","meta":{"_acf_changed":false},"product_cat":[415],"product_tag":[],"class_list":["product","first","outofstock","shipping-taxable","purchasable","product-type-simple"],"acf":[],"_links":{"self":[{"href":"https:\/\/mouldking.store\/es\/wp-json\/wp\/v2\/product\/24566","targetHints":{"allow":["GET"]}}],"collection":[{"href":"https:\/\/mouldking.store\/es\/wp-json\/wp\/v2\/product"}],"about":[{"href":"https:\/\/mouldking.store\/es\/wp-json\/wp\/v2\/types\/product"}],"replies":[{"embeddable":true,"href":"https:\/\/mouldking.store\/es\/wp-json\/wp\/v2\/comments?post=24566"}],"wp:featuredmedia":[{"embeddable":true,"href":"https:\/\/mouldking.store\/es\/wp-json\/wp\/v2\/media\/24565"}],"wp:attachment":[{"href":"https:\/\/mouldking.store\/es\/wp-json\/wp\/v2\/media?parent=24566"}],"wp:term":[{"taxonomy":"product_cat","embeddable":true,"href":"https:\/\/mouldking.store\/es\/wp-json\/wp\/v2\/product_cat?post=24566"},{"taxonomy":"product_tag","embeddable":true,"href":"https:\/\/mouldking.store\/es\/wp-json\/wp\/v2\/product_tag?post=24566"}],"curies":[{"name":"wp","href":"https:\/\/api.w.org\/{rel}","templated":true}]}}