{"id":24612,"date":"2021-10-10T05:16:28","date_gmt":"2021-10-10T05:16:28","guid":{"rendered":"https:\/\/mouldking.store\/shop\/moc-74084-rolls-royce-phantom-viii-ewb-technic-by-olejka-moc-factory\/"},"modified":"2025-12-25T09:17:24","modified_gmt":"2025-12-25T02:17:24","slug":"moc-74084-rolls-royce-phantom-viii-ewb-technic-by-olejka-moc-factory","status":"publish","type":"product","link":"https:\/\/mouldking.store\/es\/shop\/moc-74084-rolls-royce-phantom-viii-ewb-technic-by-olejka-moc-factory\/","title":{"rendered":"MOC-74084 Rolls-Royce Phantom VIII EWB Technic de OleJka MOC FACTORY"},"content":{"rendered":"<p>MOC-74084 Rolls-Royce Phantom VIII EWB Technic de OleJka MOC FACTORY es un conjunto de la colecci\u00f3n Technic, dise\u00f1ado por OleJka. Este MOC 74084 viene con instrucciones en PDF que es f\u00e1cil de construir y encontrar las piezas que faltan. El conjunto contiene 4019 piezas, lanzado por primera vez en 2021.<\/p>\n<p><strong>NOTA:<\/strong><\/p>\n<ul>\n<li><strong>El color de las partes individuales no se corresponde con el de las partes del dibujo, lo que no afecta la apariencia.\u00a0<\/strong><\/li>\n<li><strong>Compre con cuidado para aquellos que no est\u00e1n preocupados por la precisi\u00f3n, la diferencia de color de las piezas dom\u00e9sticas.<\/strong><\/li>\n<li><strong>Es posible que el cliente deba pagar el cargo de aduana adicional al recibir la mercanc\u00eda (depende de la pol\u00edtica de cada pa\u00eds)<\/strong><\/li>\n<\/ul>\n<figure id=\"attachment_207762\" aria-describedby=\"caption-attachment-207762\" style=\"width: 800px\" class=\"wp-caption aligncenter\"><a href=\"https:\/\/pay.lpwstore.com\/wp-content\/uploads\/2021\/06\/MOC-74084-Rolls-Royce-Phantom-VIII-EWB-Technic-by-OleJka-MOC-FACTORY.jpg\" target=\"_blank\" rel=\"noopener\"><img fetchpriority=\"high\" decoding=\"async\" class=\"wp-image-207762 size-full\" title=\"MOC-74084 Rolls-Royce Phantom VIII EWB Technic de OleJka MOC FACTORY\" src=\"https:\/\/pay.lpwstore.com\/wp-content\/uploads\/2021\/06\/MOC-74084-Rolls-Royce-Phantom-VIII-EWB-Technic-by-OleJka-MOC-FACTORY.jpg\" alt=\"MOC-74084 Rolls-Royce Phantom VIII EWB Technic by OleJka MOC FACTORY\" width=\"800\" height=\"800\" \/><\/a><figcaption id=\"caption-attachment-207762\" class=\"wp-caption-text\">MOC-74084 Rolls-Royce Phantom VIII EWB Technic de OleJka MOC FACTORY<\/figcaption><\/figure>\n<figure id=\"attachment_207758\" aria-describedby=\"caption-attachment-207758\" style=\"width: 2500px\" class=\"wp-caption aligncenter\"><img decoding=\"async\" class=\"size-full wp-image-207758\" title=\"MOC-74084 Rolls-Royce Phantom VIII EWB Technic de OleJka MOC FACTORY\" src=\"https:\/\/pay.lpwstore.com\/wp-content\/uploads\/2021\/06\/moc-74084-rolls-royce-phantom-viii-ewb-technic-by-olejka-moc-factory-103949.jpg\" alt=\"MOC-74084 Rolls-Royce Phantom VIII EWB Technic by OleJka MOC FACTORY\" width=\"2500\" height=\"1666\" \/><figcaption id=\"caption-attachment-207758\" class=\"wp-caption-text\">MOC-74084 Rolls-Royce Phantom VIII EWB Technic de OleJka MOC FACTORY<\/figcaption><\/figure>\n<figure id=\"attachment_207759\" aria-describedby=\"caption-attachment-207759\" style=\"width: 2500px\" class=\"wp-caption aligncenter\"><img decoding=\"async\" class=\"size-full wp-image-207759\" title=\"MOC-74084 Rolls-Royce Phantom VIII EWB Technic de OleJka MOC FACTORY\" src=\"https:\/\/pay.lpwstore.com\/wp-content\/uploads\/2021\/06\/moc-74084-rolls-royce-phantom-viii-ewb-technic-by-olejka-moc-factory-104001.jpg\" alt=\"MOC-74084 Rolls-Royce Phantom VIII EWB Technic by OleJka MOC FACTORY\" width=\"2500\" height=\"1666\" \/><figcaption id=\"caption-attachment-207759\" class=\"wp-caption-text\">MOC-74084 Rolls-Royce Phantom VIII EWB Technic de OleJka MOC FACTORY<\/figcaption><\/figure>\n<figure id=\"attachment_207760\" aria-describedby=\"caption-attachment-207760\" style=\"width: 2500px\" class=\"wp-caption aligncenter\"><img loading=\"lazy\" decoding=\"async\" class=\"size-full wp-image-207760\" title=\"MOC-74084 Rolls-Royce Phantom VIII EWB Technic de OleJka MOC FACTORY\" src=\"https:\/\/pay.lpwstore.com\/wp-content\/uploads\/2021\/06\/moc-74084-rolls-royce-phantom-viii-ewb-technic-by-olejka-moc-factory-104022.jpg\" alt=\"MOC-74084 Rolls-Royce Phantom VIII EWB Technic by OleJka MOC FACTORY\" width=\"2500\" height=\"1666\" \/><figcaption id=\"caption-attachment-207760\" class=\"wp-caption-text\">MOC-74084 Rolls-Royce Phantom VIII EWB Technic de OleJka MOC FACTORY<\/figcaption><\/figure>\n<figure id=\"attachment_207761\" aria-describedby=\"caption-attachment-207761\" style=\"width: 750px\" class=\"wp-caption aligncenter\"><img loading=\"lazy\" decoding=\"async\" class=\"size-full wp-image-207761\" title=\"MOC-74084 Rolls-Royce Phantom VIII EWB Technic de OleJka MOC FACTORY\" src=\"https:\/\/pay.lpwstore.com\/wp-content\/uploads\/2021\/06\/moc-74084-rolls-royce-phantom-viii-ewb-technic-by-olejka-moc-factory-104030.jpg\" alt=\"MOC-74084 Rolls-Royce Phantom VIII EWB Technic by OleJka MOC FACTORY\" width=\"750\" height=\"499\" \/><figcaption id=\"caption-attachment-207761\" class=\"wp-caption-text\">MOC-74084 Rolls-Royce Phantom VIII EWB Technic de OleJka MOC FACTORY<\/figcaption><\/figure>","protected":false},"excerpt":{"rendered":"<ul>\n<li>Incluir\u00a0<strong>4019+<\/strong>\u00a0piezas<\/li>\n<li>Instrucci\u00f3n PDF en l\u00ednea<\/li>\n<li>Bloque ABS de alta calidad.<\/li>\n<\/ul>","protected":false},"featured_media":24611,"comment_status":"open","ping_status":"closed","template":"","meta":{"_acf_changed":false},"product_cat":[364],"product_tag":[],"class_list":["product","first","outofstock","shipping-taxable","purchasable","product-type-simple"],"acf":[],"_links":{"self":[{"href":"https:\/\/mouldking.store\/es\/wp-json\/wp\/v2\/product\/24612","targetHints":{"allow":["GET"]}}],"collection":[{"href":"https:\/\/mouldking.store\/es\/wp-json\/wp\/v2\/product"}],"about":[{"href":"https:\/\/mouldking.store\/es\/wp-json\/wp\/v2\/types\/product"}],"replies":[{"embeddable":true,"href":"https:\/\/mouldking.store\/es\/wp-json\/wp\/v2\/comments?post=24612"}],"wp:featuredmedia":[{"embeddable":true,"href":"https:\/\/mouldking.store\/es\/wp-json\/wp\/v2\/media\/24611"}],"wp:attachment":[{"href":"https:\/\/mouldking.store\/es\/wp-json\/wp\/v2\/media?parent=24612"}],"wp:term":[{"taxonomy":"product_cat","embeddable":true,"href":"https:\/\/mouldking.store\/es\/wp-json\/wp\/v2\/product_cat?post=24612"},{"taxonomy":"product_tag","embeddable":true,"href":"https:\/\/mouldking.store\/es\/wp-json\/wp\/v2\/product_tag?post=24612"}],"curies":[{"name":"wp","href":"https:\/\/api.w.org\/{rel}","templated":true}]}}