{"id":24634,"date":"2021-10-10T05:17:09","date_gmt":"2021-10-09T22:17:09","guid":{"rendered":"https:\/\/mouldking.store\/shop\/moc-67751-1250-scale-fer-de-lance-elite-dangerous-by-therealbeef1213-moc-factory\/"},"modified":"2025-12-25T09:17:21","modified_gmt":"2025-12-25T02:17:21","slug":"moc-67751-1250-scale-fer-de-lance-elite-dangerous-by-therealbeef1213-moc-factory","status":"publish","type":"product","link":"https:\/\/mouldking.store\/es\/shop\/moc-67751-1250-scale-fer-de-lance-elite-dangerous-by-therealbeef1213-moc-factory\/","title":{"rendered":"MOC-67751 escala 1:250 Fer-De-Lance Elite Dangerous por TheRealBeef1213 MOC FACTORY"},"content":{"rendered":"<p>MOC-67751 escala 1:250 Fer-De-Lance Elite Dangerous de TheRealBeef1213 MOC FACTORY es un conjunto de la colecci\u00f3n Space. dise\u00f1ado por TheRealBeef1213. Este MOC 67751 viene con instrucciones en PDF que son f\u00e1ciles de construir y encontrar las piezas que faltan. El conjunto contiene 665 piezas, lanzado por primera vez en 2021.<\/p>\n<figure id=\"attachment_208022\" aria-describedby=\"caption-attachment-208022\" style=\"width: 800px\" class=\"wp-caption aligncenter\"><a href=\"https:\/\/pay.lpwstore.com\/wp-content\/uploads\/2021\/06\/MOC-67751-1250-scale-Fer-De-Lance-Elite-Dangerous-by-TheRealBeef1213-MOC-FACTORY.jpg\" target=\"_blank\" rel=\"noopener\"><img fetchpriority=\"high\" decoding=\"async\" class=\"wp-image-208022 size-full\" title=\"MOC-67751 escala 1:250 Fer-De-Lance Elite Dangerous por TheRealBeef1213 MOC FACTORY\" src=\"https:\/\/pay.lpwstore.com\/wp-content\/uploads\/2021\/06\/MOC-67751-1250-scale-Fer-De-Lance-Elite-Dangerous-by-TheRealBeef1213-MOC-FACTORY.jpg\" alt=\"MOC-67751 1:250 scale Fer-De-Lance Elite Dangerous by TheRealBeef1213 MOC FACTORY\" width=\"800\" height=\"800\" \/><\/a><figcaption id=\"caption-attachment-208022\" class=\"wp-caption-text\">MOC-67751 escala 1:250 Fer-De-Lance Elite Dangerous por TheRealBeef1213 MOC FACTORY<\/figcaption><\/figure>\n<p>&nbsp;<\/p>\n<figure id=\"attachment_208020\" aria-describedby=\"caption-attachment-208020\" style=\"width: 1000px\" class=\"wp-caption aligncenter\"><img decoding=\"async\" class=\"size-full wp-image-208020\" title=\"MOC-67751 escala 1:250 Fer-De-Lance Elite Dangerous por TheRealBeef1213 MOC FACTORY\" src=\"https:\/\/pay.lpwstore.com\/wp-content\/uploads\/2021\/06\/moc-67751-1250-scale-fer-de-lance-elite-dangerous-by-therealbeef1213-moc-factory-224942.jpg\" alt=\"MOC-67751 1:250 scale Fer-De-Lance Elite Dangerous by TheRealBeef1213 MOC FACTORY\" width=\"1000\" height=\"1000\" \/><figcaption id=\"caption-attachment-208020\" class=\"wp-caption-text\">MOC-67751 escala 1:250 Fer-De-Lance Elite Dangerous por TheRealBeef1213 MOC FACTORY<\/figcaption><\/figure>\n<figure id=\"attachment_208021\" aria-describedby=\"caption-attachment-208021\" style=\"width: 1000px\" class=\"wp-caption aligncenter\"><img decoding=\"async\" class=\"size-full wp-image-208021\" title=\"MOC-67751 escala 1:250 Fer-De-Lance Elite Dangerous por TheRealBeef1213 MOC FACTORY\" src=\"https:\/\/pay.lpwstore.com\/wp-content\/uploads\/2021\/06\/moc-67751-1250-scale-fer-de-lance-elite-dangerous-by-therealbeef1213-moc-factory-224946.jpg\" alt=\"MOC-67751 1:250 scale Fer-De-Lance Elite Dangerous by TheRealBeef1213 MOC FACTORY\" width=\"1000\" height=\"1000\" \/><figcaption id=\"caption-attachment-208021\" class=\"wp-caption-text\">MOC-67751 escala 1:250 Fer-De-Lance Elite Dangerous por TheRealBeef1213 MOC FACTORY<\/figcaption><\/figure>\n<p>&nbsp;<\/p>","protected":false},"excerpt":{"rendered":"<ul>\n<li>Incluir\u00a0<strong>665+<\/strong>\u00a0piezas<\/li>\n<li>Instrucciones en PDF<\/li>\n<li>Bloque ABS de alta calidad.<\/li>\n<li>Dimensiones: 22 x 13 x 5 cm<\/li>\n<\/ul>","protected":false},"featured_media":24631,"comment_status":"open","ping_status":"closed","template":"","meta":{"_acf_changed":false},"product_cat":[371],"product_tag":[],"class_list":["product","first","instock","shipping-taxable","purchasable","product-type-simple"],"acf":[],"_links":{"self":[{"href":"https:\/\/mouldking.store\/es\/wp-json\/wp\/v2\/product\/24634","targetHints":{"allow":["GET"]}}],"collection":[{"href":"https:\/\/mouldking.store\/es\/wp-json\/wp\/v2\/product"}],"about":[{"href":"https:\/\/mouldking.store\/es\/wp-json\/wp\/v2\/types\/product"}],"replies":[{"embeddable":true,"href":"https:\/\/mouldking.store\/es\/wp-json\/wp\/v2\/comments?post=24634"}],"wp:featuredmedia":[{"embeddable":true,"href":"https:\/\/mouldking.store\/es\/wp-json\/wp\/v2\/media\/24631"}],"wp:attachment":[{"href":"https:\/\/mouldking.store\/es\/wp-json\/wp\/v2\/media?parent=24634"}],"wp:term":[{"taxonomy":"product_cat","embeddable":true,"href":"https:\/\/mouldking.store\/es\/wp-json\/wp\/v2\/product_cat?post=24634"},{"taxonomy":"product_tag","embeddable":true,"href":"https:\/\/mouldking.store\/es\/wp-json\/wp\/v2\/product_tag?post=24634"}],"curies":[{"name":"wp","href":"https:\/\/api.w.org\/{rel}","templated":true}]}}