{"id":24640,"date":"2021-10-10T05:17:11","date_gmt":"2021-10-09T22:17:11","guid":{"rendered":"https:\/\/mouldking.store\/shop\/moc-66465-tiny-house-at-the-sea-creator-by-brickgloria-moc-factory\/"},"modified":"2025-12-25T09:17:21","modified_gmt":"2025-12-25T02:17:21","slug":"moc-66465-tiny-house-at-the-sea-creator-by-brickgloria-moc-factory","status":"publish","type":"product","link":"https:\/\/mouldking.store\/es\/shop\/moc-66465-tiny-house-at-the-sea-creator-by-brickgloria-moc-factory\/","title":{"rendered":"MOC-66465 Tiny House At The Sea Creador por brickgloria MOC FACTORY"},"content":{"rendered":"<p>MOC-66465 Tiny House At The Sea Creator de brickgloria MOC FACTORY es un conjunto de la colecci\u00f3n Creator. dise\u00f1ado por brickgloria. Este MOC 66465 viene con instrucciones en PDF que son f\u00e1ciles de construir y encontrar las piezas que faltan. El conjunto contiene 842 piezas, lanzado por primera vez en 2021.<\/p>\n<p>Organizar el tiempo: 4-8 semanas<\/p>\n<figure id=\"attachment_32014\" aria-describedby=\"caption-attachment-32014\" style=\"width: 800px\" class=\"wp-caption aligncenter\"><img fetchpriority=\"high\" decoding=\"async\" class=\"size-full wp-image-32014\" title=\"MOC-66465 Creator Tiny House At The Sea Dise\u00f1ador brickgloria MOC FACTORY\" src=\"https:\/\/mocfactory.com\/wp-content\/uploads\/2021\/06\/moc-66465-creator-tiny-house-at-the-sea-designer-brickgloria-moc-factory.jpg\" alt=\"MOC-66465 Creator Tiny House At The Sea Designer brickgloria MOC FACTORY\" width=\"800\" height=\"800\" \/><figcaption id=\"caption-attachment-32014\" class=\"wp-caption-text\">MOC-66465 Creator Tiny House At The Sea Dise\u00f1ador brickgloria MOC FACTORY<\/figcaption><\/figure>\n<figure id=\"attachment_32015\" aria-describedby=\"caption-attachment-32015\" style=\"width: 1000px\" class=\"wp-caption aligncenter\"><img decoding=\"async\" class=\"size-full wp-image-32015\" title=\"MOC-66465 Creator Tiny House At The Sea Dise\u00f1ador brickgloria MOC FACTORY\" src=\"https:\/\/mocfactory.com\/wp-content\/uploads\/2021\/06\/moc-66465-creator-tiny-house-at-the-sea-designer-brickgloria-moc-factory-1.jpg\" alt=\"MOC-66465 Creator Tiny House At The Sea Designer brickgloria MOC FACTORY\" width=\"1000\" height=\"1000\" \/><figcaption id=\"caption-attachment-32015\" class=\"wp-caption-text\">MOC-66465 Creator Tiny House At The Sea Dise\u00f1ador brickgloria MOC FACTORY<\/figcaption><\/figure>\n<figure id=\"attachment_32016\" aria-describedby=\"caption-attachment-32016\" style=\"width: 1000px\" class=\"wp-caption aligncenter\"><img decoding=\"async\" class=\"size-full wp-image-32016\" title=\"MOC-66465 Creator Tiny House At The Sea Dise\u00f1ador brickgloria MOC FACTORY\" src=\"https:\/\/mocfactory.com\/wp-content\/uploads\/2021\/06\/moc-66465-creator-tiny-house-at-the-sea-designer-brickgloria-moc-factory-2.jpg\" alt=\"MOC-66465 Creator Tiny House At The Sea Designer brickgloria MOC FACTORY\" width=\"1000\" height=\"1000\" \/><figcaption id=\"caption-attachment-32016\" class=\"wp-caption-text\">MOC-66465 Creator Tiny House At The Sea Dise\u00f1ador brickgloria MOC FACTORY<\/figcaption><\/figure>\n<p>&nbsp;<\/p>","protected":false},"excerpt":{"rendered":"<ul>\n<li>Incluir\u00a0<strong>842+<\/strong>\u00a0piezas<\/li>\n<li>Instrucciones en PDF<\/li>\n<li>Bloque ABS de alta calidad.<\/li>\n<li>Dimensiones: 19 x 19 x 10 cm<\/li>\n<\/ul>","protected":false},"featured_media":24635,"comment_status":"open","ping_status":"closed","template":"","meta":{"_acf_changed":false},"product_cat":[371],"product_tag":[],"class_list":["product","first","instock","shipping-taxable","purchasable","product-type-simple"],"acf":[],"_links":{"self":[{"href":"https:\/\/mouldking.store\/es\/wp-json\/wp\/v2\/product\/24640","targetHints":{"allow":["GET"]}}],"collection":[{"href":"https:\/\/mouldking.store\/es\/wp-json\/wp\/v2\/product"}],"about":[{"href":"https:\/\/mouldking.store\/es\/wp-json\/wp\/v2\/types\/product"}],"replies":[{"embeddable":true,"href":"https:\/\/mouldking.store\/es\/wp-json\/wp\/v2\/comments?post=24640"}],"wp:featuredmedia":[{"embeddable":true,"href":"https:\/\/mouldking.store\/es\/wp-json\/wp\/v2\/media\/24635"}],"wp:attachment":[{"href":"https:\/\/mouldking.store\/es\/wp-json\/wp\/v2\/media?parent=24640"}],"wp:term":[{"taxonomy":"product_cat","embeddable":true,"href":"https:\/\/mouldking.store\/es\/wp-json\/wp\/v2\/product_cat?post=24640"},{"taxonomy":"product_tag","embeddable":true,"href":"https:\/\/mouldking.store\/es\/wp-json\/wp\/v2\/product_tag?post=24640"}],"curies":[{"name":"wp","href":"https:\/\/api.w.org\/{rel}","templated":true}]}}