{"id":24686,"date":"2021-10-10T05:17:29","date_gmt":"2021-10-10T05:17:29","guid":{"rendered":"https:\/\/mouldking.store\/shop\/moc-48957-retrofuturistic-rocketship-space-by-thecorollaguy-moc-factory\/"},"modified":"2025-12-25T09:17:20","modified_gmt":"2025-12-25T02:17:20","slug":"moc-48957-retrofuturistic-rocketship-space-by-thecorollaguy-moc-factory","status":"publish","type":"product","link":"https:\/\/mouldking.store\/es\/shop\/moc-48957-retrofuturistic-rocketship-space-by-thecorollaguy-moc-factory\/","title":{"rendered":"MOC-48957 Retrofuturistic Rocketship Space de TheCorollaGuy MOC FACTORY"},"content":{"rendered":"<p>MOC-48957 Retrofuturistic Rocketship Space de TheCorollaGuy MOC FACTORY es un conjunto de la colecci\u00f3n Space, dise\u00f1ado por TheCorollaGuy. Este MOC 48957 viene con instrucciones en PDF que es f\u00e1cil de construir y encontrar las piezas que faltan. El conjunto contiene 330 piezas, lanzado por primera vez en 2021.<\/p>\n<figure id=\"attachment_208101\" aria-describedby=\"caption-attachment-208101\" style=\"width: 800px\" class=\"wp-caption aligncenter\"><a href=\"https:\/\/pay.lpwstore.com\/wp-content\/uploads\/2021\/06\/MOC-48957-Retrofuturistic-Rocketship-Space-by-TheCorollaGuy-MOC-FACTORY.jpg\" target=\"_blank\" rel=\"noopener\"><img fetchpriority=\"high\" decoding=\"async\" class=\"wp-image-208101 size-full\" title=\"MOC-48957 Retrofuturistic Rocketship Space de TheCorollaGuy MOC FACTORY\" src=\"https:\/\/pay.lpwstore.com\/wp-content\/uploads\/2021\/06\/MOC-48957-Retrofuturistic-Rocketship-Space-by-TheCorollaGuy-MOC-FACTORY.jpg\" alt=\"MOC-48957 Retrofuturistic Rocketship Space by TheCorollaGuy MOC FACTORY\" width=\"800\" height=\"800\" \/><\/a><figcaption id=\"caption-attachment-208101\" class=\"wp-caption-text\">MOC-48957 Retrofuturistic Rocketship Space de TheCorollaGuy MOC FACTORY<\/figcaption><\/figure>\n<figure id=\"attachment_208100\" aria-describedby=\"caption-attachment-208100\" style=\"width: 1000px\" class=\"wp-caption aligncenter\"><img decoding=\"async\" class=\"size-full wp-image-208100\" title=\"MOC-48957 Retrofuturistic Rocketship Space de TheCorollaGuy MOC FACTORY\" src=\"https:\/\/pay.lpwstore.com\/wp-content\/uploads\/2021\/06\/moc-48957-retrofuturistic-rocketship-space-by-thecorollaguy-moc-factory-084841.jpg\" alt=\"MOC-48957 Retrofuturistic Rocketship Space by TheCorollaGuy MOC FACTORY\" width=\"1000\" height=\"1000\" \/><figcaption id=\"caption-attachment-208100\" class=\"wp-caption-text\">MOC-48957 Retrofuturistic Rocketship Space de TheCorollaGuy MOC FACTORY<\/figcaption><\/figure>","protected":false},"excerpt":{"rendered":"<ul>\n<li>Incluir <strong>330+<\/strong> piezas<\/li>\n<li>Instrucci\u00f3n PDF en l\u00ednea<\/li>\n<li>Bloque ABS de alta calidad.<\/li>\n<li>Dimensiones: 10 x 10 x 22 cm<\/li>\n<\/ul>","protected":false},"featured_media":24684,"comment_status":"open","ping_status":"closed","template":"","meta":{"_acf_changed":false},"product_cat":[371],"product_tag":[],"class_list":["product","first","instock","shipping-taxable","purchasable","product-type-simple"],"acf":[],"_links":{"self":[{"href":"https:\/\/mouldking.store\/es\/wp-json\/wp\/v2\/product\/24686","targetHints":{"allow":["GET"]}}],"collection":[{"href":"https:\/\/mouldking.store\/es\/wp-json\/wp\/v2\/product"}],"about":[{"href":"https:\/\/mouldking.store\/es\/wp-json\/wp\/v2\/types\/product"}],"replies":[{"embeddable":true,"href":"https:\/\/mouldking.store\/es\/wp-json\/wp\/v2\/comments?post=24686"}],"wp:featuredmedia":[{"embeddable":true,"href":"https:\/\/mouldking.store\/es\/wp-json\/wp\/v2\/media\/24684"}],"wp:attachment":[{"href":"https:\/\/mouldking.store\/es\/wp-json\/wp\/v2\/media?parent=24686"}],"wp:term":[{"taxonomy":"product_cat","embeddable":true,"href":"https:\/\/mouldking.store\/es\/wp-json\/wp\/v2\/product_cat?post=24686"},{"taxonomy":"product_tag","embeddable":true,"href":"https:\/\/mouldking.store\/es\/wp-json\/wp\/v2\/product_tag?post=24686"}],"curies":[{"name":"wp","href":"https:\/\/api.w.org\/{rel}","templated":true}]}}