{"id":24747,"date":"2021-10-10T05:17:50","date_gmt":"2021-10-10T05:17:50","guid":{"rendered":"https:\/\/mouldking.store\/shop\/moc-65510-audi-sport-quattro-urquattro-1984-technic-by-pingubricks-moc-factory\/"},"modified":"2025-12-25T09:17:20","modified_gmt":"2025-12-25T02:17:20","slug":"moc-65510-audi-sport-quattro-urquattro-1984-technic-by-pingubricks-moc-factory","status":"publish","type":"product","link":"https:\/\/mouldking.store\/es\/shop\/moc-65510-audi-sport-quattro-urquattro-1984-technic-by-pingubricks-moc-factory\/","title":{"rendered":"MOC-65510 Audi Sport Quattro \/ Urquattro 1984 Technic by Pingubricks MOC FACTORY"},"content":{"rendered":"<p style=\"text-align: left\">MOC-65510 Audi Sport Quattro \/ Urquattro 1984 Technic by Pingubricks MOC FACTORY is a set in Technic collection, designed by Pingubricks . This MOC 65510 comes with PDF instruction which is easy to build and find the missing pieces. The set contains 1255 pieces, first released in 2021.<\/p>\n<p style=\"text-align: left\"><strong>NOTA:<\/strong><\/p>\n<ul style=\"text-align: center\">\n<li style=\"text-align: left\"><strong>The color of individual parts does not correspond to that of drawing parts, which does not affect the appearance. No STICKERS included<\/strong><\/li>\n<li style=\"text-align: left\"><strong>Compre con cuidado para aquellos que no est\u00e1n preocupados por la precisi\u00f3n, la diferencia de color de las piezas dom\u00e9sticas.<\/strong><\/li>\n<li style=\"text-align: left\"><strong>Es posible que el cliente deba pagar el cargo de aduana adicional al recibir la mercanc\u00eda (depende de la pol\u00edtica de cada pa\u00eds)<\/strong><\/li>\n<\/ul>\n<figure id=\"attachment_208248\" aria-describedby=\"caption-attachment-208248\" style=\"width: 800px\" class=\"wp-caption aligncenter\"><a href=\"https:\/\/pay.lpwstore.com\/wp-content\/uploads\/2021\/06\/MOC-65510-Audi-Sport-Quattro-Urquattro-1984-Technic-by-Pingubricks-MOC-FACTORY.jpg\" target=\"_blank\" rel=\"noopener\"><img fetchpriority=\"high\" decoding=\"async\" class=\"wp-image-208248 size-full\" title=\"MOC-65510 Audi Sport Quattro \/ Urquattro 1984 Technic by Pingubricks MOC FACTORY\" src=\"https:\/\/pay.lpwstore.com\/wp-content\/uploads\/2021\/06\/MOC-65510-Audi-Sport-Quattro-Urquattro-1984-Technic-by-Pingubricks-MOC-FACTORY.jpg\" alt=\"MOC-65510 Audi Sport Quattro \/ Urquattro 1984 Technic by Pingubricks MOC FACTORY\" width=\"800\" height=\"800\" \/><\/a><figcaption id=\"caption-attachment-208248\" class=\"wp-caption-text\">MOC-65510 Audi Sport Quattro \/ Urquattro 1984 Technic by Pingubricks MOC FACTORY<\/figcaption><\/figure>\n<p><img decoding=\"async\" class=\"alignnone size-full wp-image-208249 aligncenter\" src=\"https:\/\/pay.lpwstore.com\/wp-content\/uploads\/2021\/06\/MOC-65510-Audi-Sport-Quattro-Urquattro-1984-Technic-by-Pingubricks-MOC-FACTORY2.jpg\" alt=\"-\" width=\"800\" height=\"800\" title=\"-\"> <img decoding=\"async\" class=\"alignnone size-full wp-image-208250 aligncenter\" src=\"https:\/\/pay.lpwstore.com\/wp-content\/uploads\/2021\/06\/MOC-65510-Audi-Sport-Quattro-Urquattro-1984-Technic-by-Pingubricks-MOC-FACTORY3.jpg\" alt=\"-\" width=\"800\" height=\"800\" title=\"-\"> <img loading=\"lazy\" decoding=\"async\" class=\"alignnone size-full wp-image-208251 aligncenter\" src=\"https:\/\/pay.lpwstore.com\/wp-content\/uploads\/2021\/06\/MOC-65510-Audi-Sport-Quattro-Urquattro-1984-Technic-by-Pingubricks-MOC-FACTORY4.jpg\" alt=\"-\" width=\"800\" height=\"800\" title=\"-\"> <img loading=\"lazy\" decoding=\"async\" class=\"alignnone size-full wp-image-208252 aligncenter\" src=\"https:\/\/pay.lpwstore.com\/wp-content\/uploads\/2021\/06\/MOC-65510-Audi-Sport-Quattro-Urquattro-1984-Technic-by-Pingubricks-MOC-FACTORY5.jpg\" alt=\"-\" width=\"800\" height=\"800\" title=\"-\"> <img loading=\"lazy\" decoding=\"async\" class=\"alignnone size-full wp-image-208253 aligncenter\" src=\"https:\/\/pay.lpwstore.com\/wp-content\/uploads\/2021\/06\/MOC-65510-Audi-Sport-Quattro-Urquattro-1984-Technic-by-Pingubricks-MOC-FACTORY6.jpg\" alt=\"-\" width=\"800\" height=\"800\" title=\"-\"> <img loading=\"lazy\" decoding=\"async\" class=\"alignnone size-full wp-image-208254 aligncenter\" src=\"https:\/\/pay.lpwstore.com\/wp-content\/uploads\/2021\/06\/MOC-65510-Audi-Sport-Quattro-Urquattro-1984-Technic-by-Pingubricks-MOC-FACTORY7.jpg\" alt=\"-\" width=\"800\" height=\"800\" title=\"-\"> <img loading=\"lazy\" decoding=\"async\" class=\"alignnone size-full wp-image-208255 aligncenter\" src=\"https:\/\/pay.lpwstore.com\/wp-content\/uploads\/2021\/06\/MOC-65510-Audi-Sport-Quattro-Urquattro-1984-Technic-by-Pingubricks-MOC-FACTORY8.jpg\" alt=\"-\" width=\"800\" height=\"800\" title=\"-\"><\/p>","protected":false},"excerpt":{"rendered":"<ul>\n<li>Incluir\u00a0<strong>1255+<\/strong>\u00a0piezas<\/li>\n<li>Instrucci\u00f3n PDF en l\u00ednea<\/li>\n<li>Bloque ABS de alta calidad.<\/li>\n<\/ul>","protected":false},"featured_media":24739,"comment_status":"open","ping_status":"closed","template":"","meta":{"_acf_changed":false},"product_cat":[364],"product_tag":[],"class_list":["product","first","outofstock","shipping-taxable","purchasable","product-type-simple"],"acf":[],"_links":{"self":[{"href":"https:\/\/mouldking.store\/es\/wp-json\/wp\/v2\/product\/24747","targetHints":{"allow":["GET"]}}],"collection":[{"href":"https:\/\/mouldking.store\/es\/wp-json\/wp\/v2\/product"}],"about":[{"href":"https:\/\/mouldking.store\/es\/wp-json\/wp\/v2\/types\/product"}],"replies":[{"embeddable":true,"href":"https:\/\/mouldking.store\/es\/wp-json\/wp\/v2\/comments?post=24747"}],"wp:featuredmedia":[{"embeddable":true,"href":"https:\/\/mouldking.store\/es\/wp-json\/wp\/v2\/media\/24739"}],"wp:attachment":[{"href":"https:\/\/mouldking.store\/es\/wp-json\/wp\/v2\/media?parent=24747"}],"wp:term":[{"taxonomy":"product_cat","embeddable":true,"href":"https:\/\/mouldking.store\/es\/wp-json\/wp\/v2\/product_cat?post=24747"},{"taxonomy":"product_tag","embeddable":true,"href":"https:\/\/mouldking.store\/es\/wp-json\/wp\/v2\/product_tag?post=24747"}],"curies":[{"name":"wp","href":"https:\/\/api.w.org\/{rel}","templated":true}]}}