{"id":24806,"date":"2021-10-10T05:19:10","date_gmt":"2021-10-10T05:19:10","guid":{"rendered":"https:\/\/mouldking.store\/shop\/moc-61894-t-47-snowspeeder-star-wars-by-scruffybrickherder-moc-factory\/"},"modified":"2025-12-25T09:17:19","modified_gmt":"2025-12-25T02:17:19","slug":"moc-61894-t-47-snowspeeder-star-wars-by-scruffybrickherder-moc-factory","status":"publish","type":"product","link":"https:\/\/mouldking.store\/es\/shop\/moc-61894-t-47-snowspeeder-star-wars-by-scruffybrickherder-moc-factory\/","title":{"rendered":"MOC-61894 T-47 Snowspeeder Star Wars de scruffybrickherder MOC FACTORY"},"content":{"rendered":"<p>MOC-61894 T-47 Snowspeeder Star Wars de scruffybrickherder MOC FACTORY es un set de la colecci\u00f3n Star Wars, dise\u00f1ado por scruffybrickherder. Este MOC 61894 viene con instrucciones en PDF que son f\u00e1ciles de construir y encontrar las piezas que faltan. El conjunto contiene 271 piezas, lanzado por primera vez en 2021.<\/p>\n<figure id=\"attachment_208383\" aria-describedby=\"caption-attachment-208383\" style=\"width: 800px\" class=\"wp-caption aligncenter\"><a href=\"https:\/\/pay.lpwstore.com\/wp-content\/uploads\/2021\/06\/MOC-61894-T-47-Snowspeeder-Star-Wars-by-scruffybrickherder-MOC-FACTORY.jpg\" target=\"_blank\" rel=\"noopener\"><img fetchpriority=\"high\" decoding=\"async\" class=\"wp-image-208383 size-full\" title=\"MOC-61894 T-47 Snowspeeder Star Wars de scruffybrickherder MOC FACTORY\" src=\"https:\/\/pay.lpwstore.com\/wp-content\/uploads\/2021\/06\/MOC-61894-T-47-Snowspeeder-Star-Wars-by-scruffybrickherder-MOC-FACTORY.jpg\" alt=\"MOC-61894 T-47 Snowspeeder Star Wars by scruffybrickherder MOC FACTORY\" width=\"800\" height=\"800\" \/><\/a><figcaption id=\"caption-attachment-208383\" class=\"wp-caption-text\">MOC-61894 T-47 Snowspeeder Star Wars de scruffybrickherder MOC FACTORY<\/figcaption><\/figure>","protected":false},"excerpt":{"rendered":"<ul>\n<li>Incluir\u00a0<strong>271+<\/strong>\u00a0piezas<\/li>\n<li>Instrucci\u00f3n PDF en l\u00ednea<\/li>\n<li>Bloque ABS de alta calidad.<\/li>\n<li>Dimensiones: 17 x 13 x 5 cm<\/li>\n<\/ul>","protected":false},"featured_media":24805,"comment_status":"open","ping_status":"closed","template":"","meta":{"_acf_changed":false},"product_cat":[415],"product_tag":[],"class_list":["product","first","instock","shipping-taxable","purchasable","product-type-simple"],"acf":[],"_links":{"self":[{"href":"https:\/\/mouldking.store\/es\/wp-json\/wp\/v2\/product\/24806","targetHints":{"allow":["GET"]}}],"collection":[{"href":"https:\/\/mouldking.store\/es\/wp-json\/wp\/v2\/product"}],"about":[{"href":"https:\/\/mouldking.store\/es\/wp-json\/wp\/v2\/types\/product"}],"replies":[{"embeddable":true,"href":"https:\/\/mouldking.store\/es\/wp-json\/wp\/v2\/comments?post=24806"}],"wp:featuredmedia":[{"embeddable":true,"href":"https:\/\/mouldking.store\/es\/wp-json\/wp\/v2\/media\/24805"}],"wp:attachment":[{"href":"https:\/\/mouldking.store\/es\/wp-json\/wp\/v2\/media?parent=24806"}],"wp:term":[{"taxonomy":"product_cat","embeddable":true,"href":"https:\/\/mouldking.store\/es\/wp-json\/wp\/v2\/product_cat?post=24806"},{"taxonomy":"product_tag","embeddable":true,"href":"https:\/\/mouldking.store\/es\/wp-json\/wp\/v2\/product_tag?post=24806"}],"curies":[{"name":"wp","href":"https:\/\/api.w.org\/{rel}","templated":true}]}}