{"id":24814,"date":"2021-10-10T05:19:48","date_gmt":"2021-10-10T05:19:48","guid":{"rendered":"https:\/\/mouldking.store\/shop\/moc-47366-pennys-car-the-red-vw-golf-1-cabrio-from-big-bang-theory-movie-by-brickotronic-moc-factory\/"},"modified":"2025-12-25T09:17:19","modified_gmt":"2025-12-25T02:17:19","slug":"moc-47366-pennys-car-the-red-vw-golf-1-cabrio-from-big-bang-theory-movie-by-brickotronic-moc-factory","status":"publish","type":"product","link":"https:\/\/mouldking.store\/es\/shop\/moc-47366-pennys-car-the-red-vw-golf-1-cabrio-from-big-bang-theory-movie-by-brickotronic-moc-factory\/","title":{"rendered":"MOC-47366 Penny&#039;s Car: el VW Golf 1 Cabrio rojo de la pel\u00edcula Big Bang Theory de brickotronic MOC FACTORY"},"content":{"rendered":"<p>MOC-47366 Penny&#039;s Car: el VW Golf 1 Cabrio rojo de Big Bang Theory Movie de brickotronic MOC FACTORY es un set de la colecci\u00f3n Movie, dise\u00f1ado por brickotronic. Este MOC 47366 viene con instrucciones en PDF que es f\u00e1cil de construir y encontrar las piezas que faltan. El conjunto contiene 411 piezas, lanzado por primera vez en 2021.<\/p>\n<figure id=\"attachment_208400\" class=\"wp-caption aligncenter\" style=\"width: 1000px\" aria-describedby=\"caption-attachment-208400\">Organizar el tiempo: 4-8 semanas<\/figure>\n<figure style=\"width: 616px\" class=\"wp-caption aligncenter\"><img fetchpriority=\"high\" decoding=\"async\" class=\"\" src=\"https:\/\/mouldking.store\/wp-content\/uploads\/2021\/10\/MOC-47366-Pennys-Car-the-red-VW-Golf-1-Cabrio-from-Big-Bang-Theory-Movie-by-brickotronic-MOC-FACTORY-300x300.jpg\" alt=\"MOC-47366 Penny&#039;s Car - the red VW Golf 1 Cabrio from Big Bang Theory Movie by brickotronic MOC FACTORY\" width=\"616\" height=\"616\" title=\"-\"><figcaption class=\"wp-caption-text\">MOC-47366 Penny&#039;s Car: el VW Golf 1 Cabrio rojo de la pel\u00edcula Big Bang Theory de brickotronic MOC FACTORY<\/figcaption><\/figure>","protected":false},"excerpt":{"rendered":"<ul>\n<li>Incluir <strong>411+<\/strong>\u00a0piezas<\/li>\n<li>Instrucci\u00f3n PDF en l\u00ednea<\/li>\n<li>Bloque ABS de alta calidad.<\/li>\n<li>Dimensiones: 16 x 7 x 7 cm<\/li>\n<\/ul>","protected":false},"featured_media":24812,"comment_status":"open","ping_status":"closed","template":"","meta":{"_acf_changed":false},"product_cat":[581],"product_tag":[],"class_list":["product","first","instock","shipping-taxable","purchasable","product-type-simple"],"acf":[],"_links":{"self":[{"href":"https:\/\/mouldking.store\/es\/wp-json\/wp\/v2\/product\/24814","targetHints":{"allow":["GET"]}}],"collection":[{"href":"https:\/\/mouldking.store\/es\/wp-json\/wp\/v2\/product"}],"about":[{"href":"https:\/\/mouldking.store\/es\/wp-json\/wp\/v2\/types\/product"}],"replies":[{"embeddable":true,"href":"https:\/\/mouldking.store\/es\/wp-json\/wp\/v2\/comments?post=24814"}],"wp:featuredmedia":[{"embeddable":true,"href":"https:\/\/mouldking.store\/es\/wp-json\/wp\/v2\/media\/24812"}],"wp:attachment":[{"href":"https:\/\/mouldking.store\/es\/wp-json\/wp\/v2\/media?parent=24814"}],"wp:term":[{"taxonomy":"product_cat","embeddable":true,"href":"https:\/\/mouldking.store\/es\/wp-json\/wp\/v2\/product_cat?post=24814"},{"taxonomy":"product_tag","embeddable":true,"href":"https:\/\/mouldking.store\/es\/wp-json\/wp\/v2\/product_tag?post=24814"}],"curies":[{"name":"wp","href":"https:\/\/api.w.org\/{rel}","templated":true}]}}