{"id":24817,"date":"2021-10-10T05:19:52","date_gmt":"2021-10-09T22:19:52","guid":{"rendered":"https:\/\/mouldking.store\/shop\/moc-66338-medieval-tavern-creator-by-medievalbricker-moc-factory\/"},"modified":"2025-12-25T09:17:18","modified_gmt":"2025-12-25T02:17:18","slug":"moc-66338-medieval-tavern-creator-by-medievalbricker-moc-factory","status":"publish","type":"product","link":"https:\/\/mouldking.store\/es\/shop\/moc-66338-medieval-tavern-creator-by-medievalbricker-moc-factory\/","title":{"rendered":"MOC-66338 Creador de tabernas medievales por medievalbricker MOC FACTORY"},"content":{"rendered":"<p>MOC-66338 Medieval Tavern Creator de medievalbricker MOC FACTORY es un set de la colecci\u00f3n Creator, dise\u00f1ado por medievalbricker. Este MOC 66338 viene con instrucciones en PDF que es f\u00e1cil de construir y encontrar las piezas que faltan. El conjunto contiene 1054 piezas, lanzado por primera vez en 2021.<\/p>\n<figure id=\"attachment_208391\" aria-describedby=\"caption-attachment-208391\" style=\"width: 800px\" class=\"wp-caption aligncenter\"><a href=\"https:\/\/pay.lpwstore.com\/wp-content\/uploads\/2021\/06\/MOC-66338-Medieval-Tavern-Creator-by-medievalbricker-MOC-FACTORY.jpg\" target=\"_blank\" rel=\"noopener\"><img fetchpriority=\"high\" decoding=\"async\" class=\"wp-image-208391 size-full\" title=\"MOC-66338 Creador de tabernas medievales por medievalbricker MOC FACTORY\" src=\"https:\/\/pay.lpwstore.com\/wp-content\/uploads\/2021\/06\/MOC-66338-Medieval-Tavern-Creator-by-medievalbricker-MOC-FACTORY.jpg\" alt=\"MOC-66338 Medieval Tavern Creator by medievalbricker MOC FACTORY\" width=\"800\" height=\"800\" \/><\/a><figcaption id=\"caption-attachment-208391\" class=\"wp-caption-text\">MOC-66338 Creador de tabernas medievales por medievalbricker MOC FACTORY<\/figcaption><\/figure>\n<figure id=\"attachment_208388\" aria-describedby=\"caption-attachment-208388\" style=\"width: 1000px\" class=\"wp-caption aligncenter\"><img decoding=\"async\" class=\"size-full wp-image-208388\" title=\"MOC-66338 Creador de tabernas medievales por medievalbricker MOC FACTORY\" src=\"https:\/\/pay.lpwstore.com\/wp-content\/uploads\/2021\/06\/moc-66338-medieval-tavern-creator-by-medievalbricker-moc-factory-114944.jpg\" alt=\"MOC-66338 Medieval Tavern Creator by medievalbricker MOC FACTORY\" width=\"1000\" height=\"1000\" \/><figcaption id=\"caption-attachment-208388\" class=\"wp-caption-text\">MOC-66338 Creador de tabernas medievales por medievalbricker MOC FACTORY<\/figcaption><\/figure>\n<figure id=\"attachment_208389\" aria-describedby=\"caption-attachment-208389\" style=\"width: 1000px\" class=\"wp-caption aligncenter\"><img decoding=\"async\" class=\"size-full wp-image-208389\" title=\"MOC-66338 Creador de tabernas medievales por medievalbricker MOC FACTORY\" src=\"https:\/\/pay.lpwstore.com\/wp-content\/uploads\/2021\/06\/moc-66338-medieval-tavern-creator-by-medievalbricker-moc-factory-114947.jpg\" alt=\"MOC-66338 Medieval Tavern Creator by medievalbricker MOC FACTORY\" width=\"1000\" height=\"1000\" \/><figcaption id=\"caption-attachment-208389\" class=\"wp-caption-text\">MOC-66338 Creador de tabernas medievales por medievalbricker MOC FACTORY<\/figcaption><\/figure>\n<figure id=\"attachment_208390\" aria-describedby=\"caption-attachment-208390\" style=\"width: 1000px\" class=\"wp-caption aligncenter\"><img loading=\"lazy\" decoding=\"async\" class=\"size-full wp-image-208390\" title=\"MOC-66338 Creador de tabernas medievales por medievalbricker MOC FACTORY\" src=\"https:\/\/pay.lpwstore.com\/wp-content\/uploads\/2021\/06\/moc-66338-medieval-tavern-creator-by-medievalbricker-moc-factory-114950.jpg\" alt=\"MOC-66338 Medieval Tavern Creator by medievalbricker MOC FACTORY\" width=\"1000\" height=\"1000\" \/><figcaption id=\"caption-attachment-208390\" class=\"wp-caption-text\">MOC-66338 Creador de tabernas medievales por medievalbricker MOC FACTORY<\/figcaption><\/figure>","protected":false},"excerpt":{"rendered":"<ul>\n<li>Incluir\u00a0<strong>1054+<\/strong>\u00a0piezas<\/li>\n<li>Instrucci\u00f3n PDF en l\u00ednea<\/li>\n<li>Bloque ABS de alta calidad.<\/li>\n<li>Dimensiones: 10 x 10 x 12 cm<\/li>\n<\/ul>","protected":false},"featured_media":24810,"comment_status":"open","ping_status":"closed","template":"","meta":{"_acf_changed":false},"product_cat":[371],"product_tag":[],"class_list":["product","first","instock","shipping-taxable","purchasable","product-type-simple"],"acf":[],"_links":{"self":[{"href":"https:\/\/mouldking.store\/es\/wp-json\/wp\/v2\/product\/24817","targetHints":{"allow":["GET"]}}],"collection":[{"href":"https:\/\/mouldking.store\/es\/wp-json\/wp\/v2\/product"}],"about":[{"href":"https:\/\/mouldking.store\/es\/wp-json\/wp\/v2\/types\/product"}],"replies":[{"embeddable":true,"href":"https:\/\/mouldking.store\/es\/wp-json\/wp\/v2\/comments?post=24817"}],"wp:featuredmedia":[{"embeddable":true,"href":"https:\/\/mouldking.store\/es\/wp-json\/wp\/v2\/media\/24810"}],"wp:attachment":[{"href":"https:\/\/mouldking.store\/es\/wp-json\/wp\/v2\/media?parent=24817"}],"wp:term":[{"taxonomy":"product_cat","embeddable":true,"href":"https:\/\/mouldking.store\/es\/wp-json\/wp\/v2\/product_cat?post=24817"},{"taxonomy":"product_tag","embeddable":true,"href":"https:\/\/mouldking.store\/es\/wp-json\/wp\/v2\/product_tag?post=24817"}],"curies":[{"name":"wp","href":"https:\/\/api.w.org\/{rel}","templated":true}]}}