{"id":24844,"date":"2021-10-10T05:20:44","date_gmt":"2021-10-10T05:20:44","guid":{"rendered":"https:\/\/mouldking.store\/shop\/moc-33188-brickheadz-shark-creator-by-leewan-moc-factory\/"},"modified":"2025-12-25T09:17:17","modified_gmt":"2025-12-25T02:17:17","slug":"moc-33188-brickheadz-shark-creator-by-leewan-moc-factory","status":"publish","type":"product","link":"https:\/\/mouldking.store\/es\/shop\/moc-33188-brickheadz-shark-creator-by-leewan-moc-factory\/","title":{"rendered":"MOC-33188 BrickHeadz Shark Creator de Leewan MOC FACTORY"},"content":{"rendered":"<ul>\n<li>MOC-33188 BrickHeadz Shark Creator de Leewan MOC FACTORY es un conjunto de la colecci\u00f3n Creator, dise\u00f1ado por Leewan. Este MOC 33188 viene con instrucciones en PDF que son f\u00e1ciles de construir y encontrar las piezas que faltan. El conjunto contiene 142 piezas, lanzado por primera vez en 2021.<\/li>\n<li>Organizar tiempo: 5-7 semanas<\/li>\n<\/ul>\n<figure id=\"attachment_208433\" class=\"wp-caption aligncenter\" style=\"width: 1000px;\" aria-describedby=\"caption-attachment-208433\"><\/figure>","protected":false},"excerpt":{"rendered":"<ul>\n<li>Incluir\u00a0<strong>142+<\/strong>\u00a0piezas<\/li>\n<li>Instrucci\u00f3n PDF en l\u00ednea<\/li>\n<li>Bloque ABS de alta calidad.<\/li>\n<li>Dimensiones: 9 x 4 x 6 cm<\/li>\n<\/ul>","protected":false},"featured_media":24842,"comment_status":"open","ping_status":"closed","template":"","meta":{"_acf_changed":false},"product_cat":[371],"product_tag":[],"class_list":["product","first","instock","shipping-taxable","purchasable","product-type-simple"],"acf":[],"_links":{"self":[{"href":"https:\/\/mouldking.store\/es\/wp-json\/wp\/v2\/product\/24844","targetHints":{"allow":["GET"]}}],"collection":[{"href":"https:\/\/mouldking.store\/es\/wp-json\/wp\/v2\/product"}],"about":[{"href":"https:\/\/mouldking.store\/es\/wp-json\/wp\/v2\/types\/product"}],"replies":[{"embeddable":true,"href":"https:\/\/mouldking.store\/es\/wp-json\/wp\/v2\/comments?post=24844"}],"wp:featuredmedia":[{"embeddable":true,"href":"https:\/\/mouldking.store\/es\/wp-json\/wp\/v2\/media\/24842"}],"wp:attachment":[{"href":"https:\/\/mouldking.store\/es\/wp-json\/wp\/v2\/media?parent=24844"}],"wp:term":[{"taxonomy":"product_cat","embeddable":true,"href":"https:\/\/mouldking.store\/es\/wp-json\/wp\/v2\/product_cat?post=24844"},{"taxonomy":"product_tag","embeddable":true,"href":"https:\/\/mouldking.store\/es\/wp-json\/wp\/v2\/product_tag?post=24844"}],"curies":[{"name":"wp","href":"https:\/\/api.w.org\/{rel}","templated":true}]}}