{"id":25248,"date":"2021-10-20T15:19:27","date_gmt":"2021-10-20T15:19:27","guid":{"rendered":"https:\/\/mouldking.store\/?post_type=product&#038;p=25248"},"modified":"2021-12-23T09:41:59","modified_gmt":"2021-12-23T09:41:59","slug":"wange-5228-willis-tower-with-1241-pieces","status":"publish","type":"product","link":"https:\/\/mouldking.store\/es\/shop\/wange-5228-willis-tower-with-1241-pieces\/","title":{"rendered":"WANGE 5228 Torre Willis con 1241 piezas"},"content":{"rendered":"<p>Informaci\u00f3n del Producto:<br \/>\n1. Marca: WANGE<br \/>\n2. G\u00e9nero: Unisex<br \/>\n3. Nombre: Torre Willis<br \/>\n4. Rango de edad: &gt; 6 a\u00f1os<br \/>\n5. N\u00famero de modelo: 5228<br \/>\n6. Clasificaci\u00f3n: Ensamblaje<br \/>\n7. Forma de bloque de pl\u00e1stico: Ladrillos autoblocantes<br \/>\n8. Material: Pl\u00e1stico<br \/>\n9. Tipo de pl\u00e1stico: ABS<br \/>\n10. Bloques de ladrillos: 1241 PCS<br \/>\n11. Contiene instrucciones de montaje detalladas.<br \/>\nAviso:<br \/>\n1. Sin caja original, pero garantizamos que nuestros productos tienen garant\u00eda de calidad y un buen embalaje.<br \/>\n2. Como todas las piezas que hemos comprobado antes del env\u00edo, si encuentra que faltan piezas o est\u00e1n da\u00f1adas, no se preocupe y p\u00f3ngase en contacto con nosotros y podemos reenvi\u00e1rselas inmediatamente de forma gratuita.<\/p>\n<p>&nbsp;<\/p>\n<figure id=\"attachment_25251\" aria-describedby=\"caption-attachment-25251\" style=\"width: 800px\" class=\"wp-caption aligncenter\"><img fetchpriority=\"high\" decoding=\"async\" class=\"wp-image-25251 size-full\" src=\"https:\/\/mouldking.store\/wp-content\/uploads\/2021\/10\/WANGE-5228-Willis-Tower-with-1241-pieces-3.jpg\" alt=\"WANGE 5228 Willis Tower with 1241 pieces\" width=\"800\" height=\"800\" title=\"-\" srcset=\"https:\/\/mouldking.store\/wp-content\/uploads\/2021\/10\/WANGE-5228-Willis-Tower-with-1241-pieces-3.jpg 800w, https:\/\/mouldking.store\/wp-content\/uploads\/2021\/10\/WANGE-5228-Willis-Tower-with-1241-pieces-3-300x300.jpg 300w, https:\/\/mouldking.store\/wp-content\/uploads\/2021\/10\/WANGE-5228-Willis-Tower-with-1241-pieces-3-768x768.jpg 768w, https:\/\/mouldking.store\/wp-content\/uploads\/2021\/10\/WANGE-5228-Willis-Tower-with-1241-pieces-3-600x600.jpg 600w, https:\/\/mouldking.store\/wp-content\/uploads\/2021\/10\/WANGE-5228-Willis-Tower-with-1241-pieces-3-150x150.jpg 150w\" sizes=\"(max-width: 800px) 100vw, 800px\" \/><figcaption id=\"caption-attachment-25251\" class=\"wp-caption-text\">WANGE 5228 Torre Willis con 1241 piezas<\/figcaption><\/figure>\n<figure id=\"attachment_25249\" aria-describedby=\"caption-attachment-25249\" style=\"width: 800px\" class=\"wp-caption aligncenter\"><img decoding=\"async\" class=\"wp-image-25249 size-full\" src=\"https:\/\/mouldking.store\/wp-content\/uploads\/2021\/10\/WANGE-5228-Willis-Tower-with-1241-pieces-1.jpg\" alt=\"WANGE 5228 Willis Tower with 1241 pieces\" width=\"800\" height=\"800\" title=\"-\" srcset=\"https:\/\/mouldking.store\/wp-content\/uploads\/2021\/10\/WANGE-5228-Willis-Tower-with-1241-pieces-1.jpg 800w, https:\/\/mouldking.store\/wp-content\/uploads\/2021\/10\/WANGE-5228-Willis-Tower-with-1241-pieces-1-300x300.jpg 300w, https:\/\/mouldking.store\/wp-content\/uploads\/2021\/10\/WANGE-5228-Willis-Tower-with-1241-pieces-1-768x768.jpg 768w, https:\/\/mouldking.store\/wp-content\/uploads\/2021\/10\/WANGE-5228-Willis-Tower-with-1241-pieces-1-600x600.jpg 600w, https:\/\/mouldking.store\/wp-content\/uploads\/2021\/10\/WANGE-5228-Willis-Tower-with-1241-pieces-1-150x150.jpg 150w\" sizes=\"(max-width: 800px) 100vw, 800px\" \/><figcaption id=\"caption-attachment-25249\" class=\"wp-caption-text\">WANGE 5228 Torre Willis con 1241 piezas<\/figcaption><\/figure>\n<figure id=\"attachment_25250\" aria-describedby=\"caption-attachment-25250\" style=\"width: 800px\" class=\"wp-caption aligncenter\"><img decoding=\"async\" class=\"wp-image-25250 size-full\" src=\"https:\/\/mouldking.store\/wp-content\/uploads\/2021\/10\/WANGE-5228-Willis-Tower-with-1241-pieces-2.jpg\" alt=\"WANGE 5228 Willis Tower with 1241 pieces\" width=\"800\" height=\"800\" title=\"-\" srcset=\"https:\/\/mouldking.store\/wp-content\/uploads\/2021\/10\/WANGE-5228-Willis-Tower-with-1241-pieces-2.jpg 800w, https:\/\/mouldking.store\/wp-content\/uploads\/2021\/10\/WANGE-5228-Willis-Tower-with-1241-pieces-2-300x300.jpg 300w, https:\/\/mouldking.store\/wp-content\/uploads\/2021\/10\/WANGE-5228-Willis-Tower-with-1241-pieces-2-768x768.jpg 768w, https:\/\/mouldking.store\/wp-content\/uploads\/2021\/10\/WANGE-5228-Willis-Tower-with-1241-pieces-2-600x600.jpg 600w, https:\/\/mouldking.store\/wp-content\/uploads\/2021\/10\/WANGE-5228-Willis-Tower-with-1241-pieces-2-150x150.jpg 150w\" sizes=\"(max-width: 800px) 100vw, 800px\" \/><figcaption id=\"caption-attachment-25250\" class=\"wp-caption-text\">WANGE 5228 Torre Willis con 1241 piezas<\/figcaption><\/figure>","protected":false},"excerpt":{"rendered":"<p>Product information: 1. Brand: WANGE 2. Gender: Unisex 3. Name: Willis Tower 4. Age Range: &gt; 6 years old 5. Model Number: 5228 6. Classification: Assemblage 7. Plastic Block Shape: Self-Locking Bricks 8. Material: Plastic 9. Plastic Type: ABS 10. Bricks Blocks: 1241 PCS 11. Contains detailed assembly instructions. Notice: 1. Without an original box, [&hellip;]<\/p>","protected":false},"featured_media":25249,"comment_status":"open","ping_status":"closed","template":"","meta":{"_acf_changed":false},"product_cat":[390],"product_tag":[2300,2302,2299,2297,2296,2304,2303,2301,2298],"class_list":["product","first","instock","shipping-taxable","purchasable","product-type-simple"],"acf":[],"_links":{"self":[{"href":"https:\/\/mouldking.store\/es\/wp-json\/wp\/v2\/product\/25248","targetHints":{"allow":["GET"]}}],"collection":[{"href":"https:\/\/mouldking.store\/es\/wp-json\/wp\/v2\/product"}],"about":[{"href":"https:\/\/mouldking.store\/es\/wp-json\/wp\/v2\/types\/product"}],"replies":[{"embeddable":true,"href":"https:\/\/mouldking.store\/es\/wp-json\/wp\/v2\/comments?post=25248"}],"wp:featuredmedia":[{"embeddable":true,"href":"https:\/\/mouldking.store\/es\/wp-json\/wp\/v2\/media\/25249"}],"wp:attachment":[{"href":"https:\/\/mouldking.store\/es\/wp-json\/wp\/v2\/media?parent=25248"}],"wp:term":[{"taxonomy":"product_cat","embeddable":true,"href":"https:\/\/mouldking.store\/es\/wp-json\/wp\/v2\/product_cat?post=25248"},{"taxonomy":"product_tag","embeddable":true,"href":"https:\/\/mouldking.store\/es\/wp-json\/wp\/v2\/product_tag?post=25248"}],"curies":[{"name":"wp","href":"https:\/\/api.w.org\/{rel}","templated":true}]}}