{"id":25462,"date":"2021-10-22T03:00:25","date_gmt":"2021-10-21T20:00:25","guid":{"rendered":"https:\/\/mouldking.store\/?post_type=product&#038;p=25462"},"modified":"2025-12-25T09:17:14","modified_gmt":"2025-12-25T02:17:14","slug":"moc-46309-the-stinger-mantis-fallen-order-v2-with-1676-pieces","status":"publish","type":"product","link":"https:\/\/mouldking.store\/es\/shop\/moc-46309-the-stinger-mantis-fallen-order-v2-with-1676-pieces\/","title":{"rendered":"MOC 46309 The Stinger Mantis &#8211; Fallen Order V2 with 1676 pieces"},"content":{"rendered":"<p>Informaci\u00f3n del Producto:<br \/>\n1. Brand: MOC<br \/>\n2. G\u00e9nero: Unisex<br \/>\n3. Name: The Stinger Mantis &#8211; Fallen Order V2<br \/>\n4. Rango de edad: &gt; 6 a\u00f1os<br \/>\n5. Model Number: 46309<br \/>\n6. Clasificaci\u00f3n: Ensamblaje<br \/>\n7. Forma de bloque de pl\u00e1stico: Ladrillos autoblocantes<br \/>\n8. Material: Pl\u00e1stico<br \/>\n9. Tipo de pl\u00e1stico: ABS<br \/>\n10. Bricks Blocks: 1676 PCS<br \/>\n11. Contiene instrucciones de montaje detalladas.<br \/>\nAviso:<br \/>\n1. Sin caja original, pero garantizamos que nuestros productos tienen garant\u00eda de calidad y un buen embalaje.<br \/>\n2. Como todas las piezas que hemos comprobado antes del env\u00edo, si encuentra que faltan piezas o est\u00e1n da\u00f1adas, no se preocupe y p\u00f3ngase en contacto con nosotros y podemos reenvi\u00e1rselas inmediatamente de forma gratuita.<\/p>\n<figure id=\"attachment_25463\" aria-describedby=\"caption-attachment-25463\" style=\"width: 800px\" class=\"wp-caption aligncenter\"><img fetchpriority=\"high\" decoding=\"async\" class=\"wp-image-25463 size-full\" src=\"https:\/\/mouldking.store\/wp-content\/uploads\/2021\/10\/MOC-46309-The-Stinger-Mantis-Fallen-Order-V2-with-1676-pieces-1.jpg\" alt=\"MOC 46309 The Stinger Mantis - Fallen Order V2 with 1676 pieces\" width=\"800\" height=\"800\" title=\"-\" srcset=\"https:\/\/mouldking.store\/wp-content\/uploads\/2021\/10\/MOC-46309-The-Stinger-Mantis-Fallen-Order-V2-with-1676-pieces-1.jpg 800w, https:\/\/mouldking.store\/wp-content\/uploads\/2021\/10\/MOC-46309-The-Stinger-Mantis-Fallen-Order-V2-with-1676-pieces-1-300x300.jpg 300w, https:\/\/mouldking.store\/wp-content\/uploads\/2021\/10\/MOC-46309-The-Stinger-Mantis-Fallen-Order-V2-with-1676-pieces-1-768x768.jpg 768w, https:\/\/mouldking.store\/wp-content\/uploads\/2021\/10\/MOC-46309-The-Stinger-Mantis-Fallen-Order-V2-with-1676-pieces-1-600x600.jpg 600w, https:\/\/mouldking.store\/wp-content\/uploads\/2021\/10\/MOC-46309-The-Stinger-Mantis-Fallen-Order-V2-with-1676-pieces-1-150x150.jpg 150w\" sizes=\"(max-width: 800px) 100vw, 800px\" \/><figcaption id=\"caption-attachment-25463\" class=\"wp-caption-text\">MOC 46309 The Stinger Mantis &#8211; Fallen Order V2 with 1676 pieces<\/figcaption><\/figure>\n<figure id=\"attachment_25465\" aria-describedby=\"caption-attachment-25465\" style=\"width: 800px\" class=\"wp-caption aligncenter\"><img decoding=\"async\" class=\"wp-image-25465 size-full\" src=\"https:\/\/mouldking.store\/wp-content\/uploads\/2021\/10\/MOC-46309-The-Stinger-Mantis-Fallen-Order-V2-with-1676-pieces-3.jpg\" alt=\"MOC 46309 The Stinger Mantis - Fallen Order V2 with 1676 pieces\" width=\"800\" height=\"800\" title=\"-\" srcset=\"https:\/\/mouldking.store\/wp-content\/uploads\/2021\/10\/MOC-46309-The-Stinger-Mantis-Fallen-Order-V2-with-1676-pieces-3.jpg 800w, https:\/\/mouldking.store\/wp-content\/uploads\/2021\/10\/MOC-46309-The-Stinger-Mantis-Fallen-Order-V2-with-1676-pieces-3-300x300.jpg 300w, https:\/\/mouldking.store\/wp-content\/uploads\/2021\/10\/MOC-46309-The-Stinger-Mantis-Fallen-Order-V2-with-1676-pieces-3-768x768.jpg 768w, https:\/\/mouldking.store\/wp-content\/uploads\/2021\/10\/MOC-46309-The-Stinger-Mantis-Fallen-Order-V2-with-1676-pieces-3-600x600.jpg 600w, https:\/\/mouldking.store\/wp-content\/uploads\/2021\/10\/MOC-46309-The-Stinger-Mantis-Fallen-Order-V2-with-1676-pieces-3-150x150.jpg 150w\" sizes=\"(max-width: 800px) 100vw, 800px\" \/><figcaption id=\"caption-attachment-25465\" class=\"wp-caption-text\">MOC 46309 The Stinger Mantis &#8211; Fallen Order V2 with 1676 pieces<\/figcaption><\/figure>\n<figure id=\"attachment_25464\" aria-describedby=\"caption-attachment-25464\" style=\"width: 800px\" class=\"wp-caption aligncenter\"><img decoding=\"async\" class=\"wp-image-25464 size-full\" src=\"https:\/\/mouldking.store\/wp-content\/uploads\/2021\/10\/MOC-46309-The-Stinger-Mantis-Fallen-Order-V2-with-1676-pieces-2.jpg\" alt=\"MOC 46309 The Stinger Mantis - Fallen Order V2 with 1676 pieces\" width=\"800\" height=\"800\" title=\"-\" srcset=\"https:\/\/mouldking.store\/wp-content\/uploads\/2021\/10\/MOC-46309-The-Stinger-Mantis-Fallen-Order-V2-with-1676-pieces-2.jpg 800w, https:\/\/mouldking.store\/wp-content\/uploads\/2021\/10\/MOC-46309-The-Stinger-Mantis-Fallen-Order-V2-with-1676-pieces-2-300x300.jpg 300w, https:\/\/mouldking.store\/wp-content\/uploads\/2021\/10\/MOC-46309-The-Stinger-Mantis-Fallen-Order-V2-with-1676-pieces-2-768x768.jpg 768w, https:\/\/mouldking.store\/wp-content\/uploads\/2021\/10\/MOC-46309-The-Stinger-Mantis-Fallen-Order-V2-with-1676-pieces-2-600x600.jpg 600w, https:\/\/mouldking.store\/wp-content\/uploads\/2021\/10\/MOC-46309-The-Stinger-Mantis-Fallen-Order-V2-with-1676-pieces-2-150x150.jpg 150w\" sizes=\"(max-width: 800px) 100vw, 800px\" \/><figcaption id=\"caption-attachment-25464\" class=\"wp-caption-text\">MOC 46309 The Stinger Mantis &#8211; Fallen Order V2 with 1676 pieces<\/figcaption><\/figure>","protected":false},"excerpt":{"rendered":"<p>Product information: 1. Brand: MOC 2. Gender: Unisex 3. Name: The Stinger Mantis &#8211; Fallen Order V2 4. Age Range: &gt; 6 years old 5. Model Number: 46309 6. Classification: Assemblage 7. Plastic Block Shape: Self-Locking Bricks 8. Material: Plastic 9. Plastic Type: ABS 10. Bricks Blocks: 1676 PCS 11. Contains detailed assembly instructions. Notice: [&hellip;]<\/p>","protected":false},"featured_media":25463,"comment_status":"open","ping_status":"closed","template":"","meta":{"_acf_changed":false},"product_cat":[415],"product_tag":[2456,2458,430,2454,2453,2459,2457,2455],"class_list":["product","first","instock","shipping-taxable","purchasable","product-type-simple"],"acf":[],"_links":{"self":[{"href":"https:\/\/mouldking.store\/es\/wp-json\/wp\/v2\/product\/25462","targetHints":{"allow":["GET"]}}],"collection":[{"href":"https:\/\/mouldking.store\/es\/wp-json\/wp\/v2\/product"}],"about":[{"href":"https:\/\/mouldking.store\/es\/wp-json\/wp\/v2\/types\/product"}],"replies":[{"embeddable":true,"href":"https:\/\/mouldking.store\/es\/wp-json\/wp\/v2\/comments?post=25462"}],"wp:featuredmedia":[{"embeddable":true,"href":"https:\/\/mouldking.store\/es\/wp-json\/wp\/v2\/media\/25463"}],"wp:attachment":[{"href":"https:\/\/mouldking.store\/es\/wp-json\/wp\/v2\/media?parent=25462"}],"wp:term":[{"taxonomy":"product_cat","embeddable":true,"href":"https:\/\/mouldking.store\/es\/wp-json\/wp\/v2\/product_cat?post=25462"},{"taxonomy":"product_tag","embeddable":true,"href":"https:\/\/mouldking.store\/es\/wp-json\/wp\/v2\/product_tag?post=25462"}],"curies":[{"name":"wp","href":"https:\/\/api.w.org\/{rel}","templated":true}]}}