{"id":25678,"date":"2021-10-25T10:06:55","date_gmt":"2021-10-25T10:06:55","guid":{"rendered":"https:\/\/mouldking.store\/?post_type=product&#038;p=25678"},"modified":"2023-12-24T13:10:34","modified_gmt":"2023-12-24T06:10:34","slug":"mould-king-13080-bugatti-50t-with-3448-pieces","status":"publish","type":"product","link":"https:\/\/mouldking.store\/es\/shop\/mould-king-13080-bugatti-50t-with-3448-pieces\/","title":{"rendered":"Mold King 13080 Bugatti 50T con 3448 piezas"},"content":{"rendered":"<p>Informaci\u00f3n del Producto:<\/p>\n<ol>\n<li>Marca: Mould King<\/li>\n<li>G\u00e9nero: Unisex<\/li>\n<li>Name: Bugatti 50T<\/li>\n<li>Rango de edad: &gt; 14 a\u00f1os<\/li>\n<li>Model Number: 13080<\/li>\n<li>Clasificaci\u00f3n: Ensamblaje<\/li>\n<li>Forma de bloque de pl\u00e1stico: Ladrillos autoblocantes<\/li>\n<li>Material: Pl\u00e1stico<\/li>\n<li>Tipo de pl\u00e1stico: ABS<\/li>\n<li>Bricks Blocks: 3448 PCS<\/li>\n<li>Contiene instrucciones de montaje detalladas.<\/li>\n<\/ol>\n<p>Aviso:<br \/>\n1. Sin caja original, pero garantizamos que nuestros productos tienen garant\u00eda de calidad y un buen embalaje.<br \/>\n2. Como todas las piezas que hemos comprobado antes del env\u00edo, si encuentra que faltan piezas o est\u00e1n da\u00f1adas, no se preocupe y p\u00f3ngase en contacto con nosotros y podemos reenvi\u00e1rselas inmediatamente de forma gratuita.<\/p>\n<figure id=\"attachment_25679\" aria-describedby=\"caption-attachment-25679\" style=\"width: 800px\" class=\"wp-caption aligncenter\"><img fetchpriority=\"high\" decoding=\"async\" class=\"wp-image-25679 size-full\" src=\"https:\/\/mouldking.store\/wp-content\/uploads\/2021\/10\/Mould-King-13080-Bugatti-50T-with-3448-pieces-1.jpg\" alt=\"Mould King 13080 Bugatti 50T with 3448 pieces\" width=\"800\" height=\"800\" title=\"-\" srcset=\"https:\/\/mouldking.store\/wp-content\/uploads\/2021\/10\/Mould-King-13080-Bugatti-50T-with-3448-pieces-1.jpg 800w, https:\/\/mouldking.store\/wp-content\/uploads\/2021\/10\/Mould-King-13080-Bugatti-50T-with-3448-pieces-1-300x300.jpg 300w, https:\/\/mouldking.store\/wp-content\/uploads\/2021\/10\/Mould-King-13080-Bugatti-50T-with-3448-pieces-1-768x768.jpg 768w, https:\/\/mouldking.store\/wp-content\/uploads\/2021\/10\/Mould-King-13080-Bugatti-50T-with-3448-pieces-1-600x600.jpg 600w, https:\/\/mouldking.store\/wp-content\/uploads\/2021\/10\/Mould-King-13080-Bugatti-50T-with-3448-pieces-1-150x150.jpg 150w\" sizes=\"(max-width: 800px) 100vw, 800px\" \/><figcaption id=\"caption-attachment-25679\" class=\"wp-caption-text\">Mold King 13080 Bugatti 50T con 3448 piezas<\/figcaption><\/figure>\n<figure id=\"attachment_25689\" aria-describedby=\"caption-attachment-25689\" style=\"width: 750px\" class=\"wp-caption aligncenter\"><img decoding=\"async\" class=\"wp-image-25689 size-full\" src=\"https:\/\/mouldking.store\/wp-content\/uploads\/2021\/10\/Mould-King-13080-Bugatti-50T-with-3448-pieces-11.jpg\" alt=\"Mould King 13080 Bugatti 50T with 3448 pieces\" width=\"750\" height=\"998\" title=\"-\" srcset=\"https:\/\/mouldking.store\/wp-content\/uploads\/2021\/10\/Mould-King-13080-Bugatti-50T-with-3448-pieces-11.jpg 750w, https:\/\/mouldking.store\/wp-content\/uploads\/2021\/10\/Mould-King-13080-Bugatti-50T-with-3448-pieces-11-225x300.jpg 225w, https:\/\/mouldking.store\/wp-content\/uploads\/2021\/10\/Mould-King-13080-Bugatti-50T-with-3448-pieces-11-300x399.jpg 300w, https:\/\/mouldking.store\/wp-content\/uploads\/2021\/10\/Mould-King-13080-Bugatti-50T-with-3448-pieces-11-600x798.jpg 600w, https:\/\/mouldking.store\/wp-content\/uploads\/2021\/10\/Mould-King-13080-Bugatti-50T-with-3448-pieces-11-113x150.jpg 113w\" sizes=\"(max-width: 750px) 100vw, 750px\" \/><figcaption id=\"caption-attachment-25689\" class=\"wp-caption-text\">Mold King 13080 Bugatti 50T con 3448 piezas<\/figcaption><\/figure>\n<figure id=\"attachment_25692\" aria-describedby=\"caption-attachment-25692\" style=\"width: 750px\" class=\"wp-caption aligncenter\"><img decoding=\"async\" class=\"wp-image-25692 size-full\" src=\"https:\/\/mouldking.store\/wp-content\/uploads\/2021\/10\/Mould-King-13080-Bugatti-50T-with-3448-pieces-14.jpg\" alt=\"Mould King 13080 Bugatti 50T with 3448 pieces\" width=\"750\" height=\"809\" title=\"-\" srcset=\"https:\/\/mouldking.store\/wp-content\/uploads\/2021\/10\/Mould-King-13080-Bugatti-50T-with-3448-pieces-14.jpg 750w, https:\/\/mouldking.store\/wp-content\/uploads\/2021\/10\/Mould-King-13080-Bugatti-50T-with-3448-pieces-14-278x300.jpg 278w, https:\/\/mouldking.store\/wp-content\/uploads\/2021\/10\/Mould-King-13080-Bugatti-50T-with-3448-pieces-14-300x324.jpg 300w, https:\/\/mouldking.store\/wp-content\/uploads\/2021\/10\/Mould-King-13080-Bugatti-50T-with-3448-pieces-14-600x647.jpg 600w, https:\/\/mouldking.store\/wp-content\/uploads\/2021\/10\/Mould-King-13080-Bugatti-50T-with-3448-pieces-14-139x150.jpg 139w\" sizes=\"(max-width: 750px) 100vw, 750px\" \/><figcaption id=\"caption-attachment-25692\" class=\"wp-caption-text\">Mold King 13080 Bugatti 50T con 3448 piezas<\/figcaption><\/figure>\n<figure id=\"attachment_25680\" aria-describedby=\"caption-attachment-25680\" style=\"width: 800px\" class=\"wp-caption aligncenter\"><img loading=\"lazy\" decoding=\"async\" class=\"wp-image-25680 size-full\" src=\"https:\/\/mouldking.store\/wp-content\/uploads\/2021\/10\/Mould-King-13080-Bugatti-50T-with-3448-pieces-2.jpg\" alt=\"Mould King 13080 Bugatti 50T with 3448 pieces\" width=\"800\" height=\"800\" title=\"-\" srcset=\"https:\/\/mouldking.store\/wp-content\/uploads\/2021\/10\/Mould-King-13080-Bugatti-50T-with-3448-pieces-2.jpg 800w, https:\/\/mouldking.store\/wp-content\/uploads\/2021\/10\/Mould-King-13080-Bugatti-50T-with-3448-pieces-2-300x300.jpg 300w, https:\/\/mouldking.store\/wp-content\/uploads\/2021\/10\/Mould-King-13080-Bugatti-50T-with-3448-pieces-2-768x768.jpg 768w, https:\/\/mouldking.store\/wp-content\/uploads\/2021\/10\/Mould-King-13080-Bugatti-50T-with-3448-pieces-2-600x600.jpg 600w, https:\/\/mouldking.store\/wp-content\/uploads\/2021\/10\/Mould-King-13080-Bugatti-50T-with-3448-pieces-2-150x150.jpg 150w\" sizes=\"(max-width: 800px) 100vw, 800px\" \/><figcaption id=\"caption-attachment-25680\" class=\"wp-caption-text\">Mold King 13080 Bugatti 50T con 3448 piezas<\/figcaption><\/figure>\n<figure id=\"attachment_25684\" aria-describedby=\"caption-attachment-25684\" style=\"width: 402px\" class=\"wp-caption aligncenter\"><img loading=\"lazy\" decoding=\"async\" class=\"wp-image-25684 size-full\" src=\"https:\/\/mouldking.store\/wp-content\/uploads\/2021\/10\/Mould-King-13080-Bugatti-50T-with-3448-pieces-6.jpg\" alt=\"Mould King 13080 Bugatti 50T with 3448 pieces\" width=\"402\" height=\"1023\" title=\"-\" srcset=\"https:\/\/mouldking.store\/wp-content\/uploads\/2021\/10\/Mould-King-13080-Bugatti-50T-with-3448-pieces-6.jpg 402w, https:\/\/mouldking.store\/wp-content\/uploads\/2021\/10\/Mould-King-13080-Bugatti-50T-with-3448-pieces-6-118x300.jpg 118w, https:\/\/mouldking.store\/wp-content\/uploads\/2021\/10\/Mould-King-13080-Bugatti-50T-with-3448-pieces-6-300x763.jpg 300w, https:\/\/mouldking.store\/wp-content\/uploads\/2021\/10\/Mould-King-13080-Bugatti-50T-with-3448-pieces-6-59x150.jpg 59w\" sizes=\"(max-width: 402px) 100vw, 402px\" \/><figcaption id=\"caption-attachment-25684\" class=\"wp-caption-text\">Mold King 13080 Bugatti 50T con 3448 piezas<\/figcaption><\/figure>\n<figure id=\"attachment_25682\" aria-describedby=\"caption-attachment-25682\" style=\"width: 750px\" class=\"wp-caption aligncenter\"><img loading=\"lazy\" decoding=\"async\" class=\"wp-image-25682 size-full\" src=\"https:\/\/mouldking.store\/wp-content\/uploads\/2021\/10\/Mould-King-13080-Bugatti-50T-with-3448-pieces-4.jpg\" alt=\"Mould King 13080 Bugatti 50T with 3448 pieces\" width=\"750\" height=\"887\" title=\"-\" srcset=\"https:\/\/mouldking.store\/wp-content\/uploads\/2021\/10\/Mould-King-13080-Bugatti-50T-with-3448-pieces-4.jpg 750w, https:\/\/mouldking.store\/wp-content\/uploads\/2021\/10\/Mould-King-13080-Bugatti-50T-with-3448-pieces-4-254x300.jpg 254w, https:\/\/mouldking.store\/wp-content\/uploads\/2021\/10\/Mould-King-13080-Bugatti-50T-with-3448-pieces-4-300x355.jpg 300w, https:\/\/mouldking.store\/wp-content\/uploads\/2021\/10\/Mould-King-13080-Bugatti-50T-with-3448-pieces-4-600x710.jpg 600w, https:\/\/mouldking.store\/wp-content\/uploads\/2021\/10\/Mould-King-13080-Bugatti-50T-with-3448-pieces-4-127x150.jpg 127w\" sizes=\"(max-width: 750px) 100vw, 750px\" \/><figcaption id=\"caption-attachment-25682\" class=\"wp-caption-text\">Mold King 13080 Bugatti 50T con 3448 piezas<\/figcaption><\/figure>\n<figure id=\"attachment_25687\" aria-describedby=\"caption-attachment-25687\" style=\"width: 800px\" class=\"wp-caption aligncenter\"><img loading=\"lazy\" decoding=\"async\" class=\"wp-image-25687 size-full\" src=\"https:\/\/mouldking.store\/wp-content\/uploads\/2021\/10\/Mould-King-13080-Bugatti-50T-with-3448-pieces-9.jpg\" alt=\"Mould King 13080 Bugatti 50T with 3448 pieces\" width=\"800\" height=\"800\" title=\"-\" srcset=\"https:\/\/mouldking.store\/wp-content\/uploads\/2021\/10\/Mould-King-13080-Bugatti-50T-with-3448-pieces-9.jpg 800w, https:\/\/mouldking.store\/wp-content\/uploads\/2021\/10\/Mould-King-13080-Bugatti-50T-with-3448-pieces-9-300x300.jpg 300w, https:\/\/mouldking.store\/wp-content\/uploads\/2021\/10\/Mould-King-13080-Bugatti-50T-with-3448-pieces-9-768x768.jpg 768w, https:\/\/mouldking.store\/wp-content\/uploads\/2021\/10\/Mould-King-13080-Bugatti-50T-with-3448-pieces-9-600x600.jpg 600w, https:\/\/mouldking.store\/wp-content\/uploads\/2021\/10\/Mould-King-13080-Bugatti-50T-with-3448-pieces-9-150x150.jpg 150w\" sizes=\"(max-width: 800px) 100vw, 800px\" \/><figcaption id=\"caption-attachment-25687\" class=\"wp-caption-text\">Mold King 13080 Bugatti 50T con 3448 piezas<\/figcaption><\/figure>\n<figure id=\"attachment_25688\" aria-describedby=\"caption-attachment-25688\" style=\"width: 724px\" class=\"wp-caption aligncenter\"><img loading=\"lazy\" decoding=\"async\" class=\"wp-image-25688 size-full\" src=\"https:\/\/mouldking.store\/wp-content\/uploads\/2021\/10\/Mould-King-13080-Bugatti-50T-with-3448-pieces-10.jpg\" alt=\"Mould King 13080 Bugatti 50T with 3448 pieces\" width=\"724\" height=\"1024\" title=\"-\" srcset=\"https:\/\/mouldking.store\/wp-content\/uploads\/2021\/10\/Mould-King-13080-Bugatti-50T-with-3448-pieces-10.jpg 724w, https:\/\/mouldking.store\/wp-content\/uploads\/2021\/10\/Mould-King-13080-Bugatti-50T-with-3448-pieces-10-212x300.jpg 212w, https:\/\/mouldking.store\/wp-content\/uploads\/2021\/10\/Mould-King-13080-Bugatti-50T-with-3448-pieces-10-300x424.jpg 300w, https:\/\/mouldking.store\/wp-content\/uploads\/2021\/10\/Mould-King-13080-Bugatti-50T-with-3448-pieces-10-600x849.jpg 600w, https:\/\/mouldking.store\/wp-content\/uploads\/2021\/10\/Mould-King-13080-Bugatti-50T-with-3448-pieces-10-106x150.jpg 106w\" sizes=\"(max-width: 724px) 100vw, 724px\" \/><figcaption id=\"caption-attachment-25688\" class=\"wp-caption-text\">Mold King 13080 Bugatti 50T con 3448 piezas<\/figcaption><\/figure>\n<figure id=\"attachment_25691\" aria-describedby=\"caption-attachment-25691\" style=\"width: 750px\" class=\"wp-caption aligncenter\"><img loading=\"lazy\" decoding=\"async\" class=\"wp-image-25691 size-full\" src=\"https:\/\/mouldking.store\/wp-content\/uploads\/2021\/10\/Mould-King-13080-Bugatti-50T-with-3448-pieces-13.jpg\" alt=\"Mould King 13080 Bugatti 50T with 3448 pieces\" width=\"750\" height=\"958\" title=\"-\" srcset=\"https:\/\/mouldking.store\/wp-content\/uploads\/2021\/10\/Mould-King-13080-Bugatti-50T-with-3448-pieces-13.jpg 750w, https:\/\/mouldking.store\/wp-content\/uploads\/2021\/10\/Mould-King-13080-Bugatti-50T-with-3448-pieces-13-235x300.jpg 235w, https:\/\/mouldking.store\/wp-content\/uploads\/2021\/10\/Mould-King-13080-Bugatti-50T-with-3448-pieces-13-300x383.jpg 300w, https:\/\/mouldking.store\/wp-content\/uploads\/2021\/10\/Mould-King-13080-Bugatti-50T-with-3448-pieces-13-600x766.jpg 600w, https:\/\/mouldking.store\/wp-content\/uploads\/2021\/10\/Mould-King-13080-Bugatti-50T-with-3448-pieces-13-117x150.jpg 117w\" sizes=\"(max-width: 750px) 100vw, 750px\" \/><figcaption id=\"caption-attachment-25691\" class=\"wp-caption-text\">Mold King 13080 Bugatti 50T con 3448 piezas<\/figcaption><\/figure>\n<figure id=\"attachment_25690\" aria-describedby=\"caption-attachment-25690\" style=\"width: 483px\" class=\"wp-caption aligncenter\"><img loading=\"lazy\" decoding=\"async\" class=\"wp-image-25690 size-full\" src=\"https:\/\/mouldking.store\/wp-content\/uploads\/2021\/10\/Mould-King-13080-Bugatti-50T-with-3448-pieces-12.jpg\" alt=\"Mould King 13080 Bugatti 50T with 3448 pieces\" width=\"483\" height=\"1024\" title=\"-\" srcset=\"https:\/\/mouldking.store\/wp-content\/uploads\/2021\/10\/Mould-King-13080-Bugatti-50T-with-3448-pieces-12.jpg 483w, https:\/\/mouldking.store\/wp-content\/uploads\/2021\/10\/Mould-King-13080-Bugatti-50T-with-3448-pieces-12-142x300.jpg 142w, https:\/\/mouldking.store\/wp-content\/uploads\/2021\/10\/Mould-King-13080-Bugatti-50T-with-3448-pieces-12-300x636.jpg 300w, https:\/\/mouldking.store\/wp-content\/uploads\/2021\/10\/Mould-King-13080-Bugatti-50T-with-3448-pieces-12-71x150.jpg 71w\" sizes=\"(max-width: 483px) 100vw, 483px\" \/><figcaption id=\"caption-attachment-25690\" class=\"wp-caption-text\">Mold King 13080 Bugatti 50T con 3448 piezas<\/figcaption><\/figure>\n<figure id=\"attachment_25683\" aria-describedby=\"caption-attachment-25683\" style=\"width: 659px\" class=\"wp-caption aligncenter\"><img loading=\"lazy\" decoding=\"async\" class=\"wp-image-25683 size-full\" src=\"https:\/\/mouldking.store\/wp-content\/uploads\/2021\/10\/Mould-King-13080-Bugatti-50T-with-3448-pieces-5.jpg\" alt=\"Mould King 13080 Bugatti 50T with 3448 pieces\" width=\"659\" height=\"1024\" title=\"-\" srcset=\"https:\/\/mouldking.store\/wp-content\/uploads\/2021\/10\/Mould-King-13080-Bugatti-50T-with-3448-pieces-5.jpg 659w, https:\/\/mouldking.store\/wp-content\/uploads\/2021\/10\/Mould-King-13080-Bugatti-50T-with-3448-pieces-5-193x300.jpg 193w, https:\/\/mouldking.store\/wp-content\/uploads\/2021\/10\/Mould-King-13080-Bugatti-50T-with-3448-pieces-5-300x466.jpg 300w, https:\/\/mouldking.store\/wp-content\/uploads\/2021\/10\/Mould-King-13080-Bugatti-50T-with-3448-pieces-5-600x932.jpg 600w, https:\/\/mouldking.store\/wp-content\/uploads\/2021\/10\/Mould-King-13080-Bugatti-50T-with-3448-pieces-5-97x150.jpg 97w\" sizes=\"(max-width: 659px) 100vw, 659px\" \/><figcaption id=\"caption-attachment-25683\" class=\"wp-caption-text\">Mold King 13080 Bugatti 50T con 3448 piezas<\/figcaption><\/figure>\n<figure id=\"attachment_25685\" aria-describedby=\"caption-attachment-25685\" style=\"width: 750px\" class=\"wp-caption aligncenter\"><img loading=\"lazy\" decoding=\"async\" class=\"wp-image-25685 size-full\" src=\"https:\/\/mouldking.store\/wp-content\/uploads\/2021\/10\/Mould-King-13080-Bugatti-50T-with-3448-pieces-7.jpg\" alt=\"Mould King 13080 Bugatti 50T with 3448 pieces\" width=\"750\" height=\"597\" title=\"-\" srcset=\"https:\/\/mouldking.store\/wp-content\/uploads\/2021\/10\/Mould-King-13080-Bugatti-50T-with-3448-pieces-7.jpg 750w, https:\/\/mouldking.store\/wp-content\/uploads\/2021\/10\/Mould-King-13080-Bugatti-50T-with-3448-pieces-7-300x239.jpg 300w, https:\/\/mouldking.store\/wp-content\/uploads\/2021\/10\/Mould-King-13080-Bugatti-50T-with-3448-pieces-7-600x478.jpg 600w, https:\/\/mouldking.store\/wp-content\/uploads\/2021\/10\/Mould-King-13080-Bugatti-50T-with-3448-pieces-7-150x119.jpg 150w\" sizes=\"(max-width: 750px) 100vw, 750px\" \/><figcaption id=\"caption-attachment-25685\" class=\"wp-caption-text\">Mold King 13080 Bugatti 50T con 3448 piezas<\/figcaption><\/figure>\n<figure id=\"attachment_25686\" aria-describedby=\"caption-attachment-25686\" style=\"width: 591px\" class=\"wp-caption aligncenter\"><img loading=\"lazy\" decoding=\"async\" class=\"wp-image-25686 size-full\" src=\"https:\/\/mouldking.store\/wp-content\/uploads\/2021\/10\/Mould-King-13080-Bugatti-50T-with-3448-pieces-8.jpg\" alt=\"Mould King 13080 Bugatti 50T with 3448 pieces\" width=\"591\" height=\"1024\" title=\"-\" srcset=\"https:\/\/mouldking.store\/wp-content\/uploads\/2021\/10\/Mould-King-13080-Bugatti-50T-with-3448-pieces-8.jpg 591w, https:\/\/mouldking.store\/wp-content\/uploads\/2021\/10\/Mould-King-13080-Bugatti-50T-with-3448-pieces-8-173x300.jpg 173w, https:\/\/mouldking.store\/wp-content\/uploads\/2021\/10\/Mould-King-13080-Bugatti-50T-with-3448-pieces-8-300x520.jpg 300w, https:\/\/mouldking.store\/wp-content\/uploads\/2021\/10\/Mould-King-13080-Bugatti-50T-with-3448-pieces-8-87x150.jpg 87w\" sizes=\"(max-width: 591px) 100vw, 591px\" \/><figcaption id=\"caption-attachment-25686\" class=\"wp-caption-text\">Mold King 13080 Bugatti 50T con 3448 piezas<\/figcaption><\/figure>\n<p>&nbsp;<\/p>","protected":false},"excerpt":{"rendered":"<p>Product information: Brand: Mould King Gender: Unisex Name: Bugatti 50T Age Range: &gt; 14 years old Model Number: 13080 Classification: Assemblage Plastic Block Shape: Self-Locking Bricks Material: Plastic Plastic Type: ABS Bricks Blocks: 3448 PCS Contains detailed assembly instructions. Notice: 1. Without an original box, but we guarantee our products have quality assurance and nice [&hellip;]<\/p>","protected":false},"featured_media":25679,"comment_status":"open","ping_status":"closed","template":"","meta":{"_acf_changed":false},"product_cat":[364],"product_tag":[2550,2551,1730,2549,615,2548,2553,2547,2554,2552],"class_list":["product","first","instock","shipping-taxable","purchasable","product-type-variable"],"acf":[],"_links":{"self":[{"href":"https:\/\/mouldking.store\/es\/wp-json\/wp\/v2\/product\/25678","targetHints":{"allow":["GET"]}}],"collection":[{"href":"https:\/\/mouldking.store\/es\/wp-json\/wp\/v2\/product"}],"about":[{"href":"https:\/\/mouldking.store\/es\/wp-json\/wp\/v2\/types\/product"}],"replies":[{"embeddable":true,"href":"https:\/\/mouldking.store\/es\/wp-json\/wp\/v2\/comments?post=25678"}],"wp:featuredmedia":[{"embeddable":true,"href":"https:\/\/mouldking.store\/es\/wp-json\/wp\/v2\/media\/25679"}],"wp:attachment":[{"href":"https:\/\/mouldking.store\/es\/wp-json\/wp\/v2\/media?parent=25678"}],"wp:term":[{"taxonomy":"product_cat","embeddable":true,"href":"https:\/\/mouldking.store\/es\/wp-json\/wp\/v2\/product_cat?post=25678"},{"taxonomy":"product_tag","embeddable":true,"href":"https:\/\/mouldking.store\/es\/wp-json\/wp\/v2\/product_tag?post=25678"}],"curies":[{"name":"wp","href":"https:\/\/api.w.org\/{rel}","templated":true}]}}