{"id":25864,"date":"2021-10-26T11:15:08","date_gmt":"2021-10-26T11:15:08","guid":{"rendered":"https:\/\/mouldking.store\/?post_type=product&#038;p=25864"},"modified":"2021-12-23T09:41:49","modified_gmt":"2021-12-23T09:41:49","slug":"jie-star-59005-the-bigboy-steam-locomotive-with-1608-pieces","status":"publish","type":"product","link":"https:\/\/mouldking.store\/es\/shop\/jie-star-59005-the-bigboy-steam-locomotive-with-1608-pieces\/","title":{"rendered":"JIE STAR 59005 La locomotora de vapor BIGBOY con 1608 piezas"},"content":{"rendered":"<p>Informaci\u00f3n del Producto:<\/p>\n<ol>\n<li>Marca: JIE STAR<\/li>\n<li>G\u00e9nero: Unisex<\/li>\n<li>Name: The BIGBOY Steam Locomotive<\/li>\n<li>Rango de edad: &gt; 6 a\u00f1os<\/li>\n<li>Model Number: 59005<\/li>\n<li>Clasificaci\u00f3n: Ensamblaje<\/li>\n<li>Forma de bloque de pl\u00e1stico: Ladrillos autoblocantes<\/li>\n<li>Material: Pl\u00e1stico<\/li>\n<li>Tipo de pl\u00e1stico: ABS<\/li>\n<li>Bricks Blocks: 1608 PCS<\/li>\n<li>Contiene instrucciones de montaje detalladas.<\/li>\n<\/ol>\n<p>Aviso:<br \/>\n1. Sin caja original, pero garantizamos que nuestros productos tienen garant\u00eda de calidad y un buen embalaje.<br \/>\n2. Como todas las piezas que hemos comprobado antes del env\u00edo, si encuentra que faltan piezas o est\u00e1n da\u00f1adas, no se preocupe y p\u00f3ngase en contacto con nosotros y podemos reenvi\u00e1rselas inmediatamente de forma gratuita.<\/p>\n<figure id=\"attachment_25872\" aria-describedby=\"caption-attachment-25872\" style=\"width: 790px\" class=\"wp-caption aligncenter\"><img fetchpriority=\"high\" decoding=\"async\" class=\"wp-image-25872 size-full\" src=\"https:\/\/mouldking.store\/wp-content\/uploads\/2021\/10\/JIE-STAR-59005-The-BIGBOY-Steam-Locomotive-with-1608-pieces-8.jpg\" alt=\"JIE STAR 59005 The BIGBOY Steam Locomotive with 1608 pieces\" width=\"790\" height=\"543\" title=\"-\" srcset=\"https:\/\/mouldking.store\/wp-content\/uploads\/2021\/10\/JIE-STAR-59005-The-BIGBOY-Steam-Locomotive-with-1608-pieces-8.jpg 790w, https:\/\/mouldking.store\/wp-content\/uploads\/2021\/10\/JIE-STAR-59005-The-BIGBOY-Steam-Locomotive-with-1608-pieces-8-300x206.jpg 300w, https:\/\/mouldking.store\/wp-content\/uploads\/2021\/10\/JIE-STAR-59005-The-BIGBOY-Steam-Locomotive-with-1608-pieces-8-768x528.jpg 768w, https:\/\/mouldking.store\/wp-content\/uploads\/2021\/10\/JIE-STAR-59005-The-BIGBOY-Steam-Locomotive-with-1608-pieces-8-600x412.jpg 600w, https:\/\/mouldking.store\/wp-content\/uploads\/2021\/10\/JIE-STAR-59005-The-BIGBOY-Steam-Locomotive-with-1608-pieces-8-150x103.jpg 150w\" sizes=\"(max-width: 790px) 100vw, 790px\" \/><figcaption id=\"caption-attachment-25872\" class=\"wp-caption-text\">JIE STAR 59005 La locomotora de vapor BIGBOY con 1608 piezas<\/figcaption><\/figure>\n<figure id=\"attachment_25871\" aria-describedby=\"caption-attachment-25871\" style=\"width: 790px\" class=\"wp-caption aligncenter\"><img decoding=\"async\" class=\"wp-image-25871 size-full\" src=\"https:\/\/mouldking.store\/wp-content\/uploads\/2021\/10\/JIE-STAR-59005-The-BIGBOY-Steam-Locomotive-with-1608-pieces-7.jpg\" alt=\"JIE STAR 59005 The BIGBOY Steam Locomotive with 1608 pieces\" width=\"790\" height=\"671\" title=\"-\" srcset=\"https:\/\/mouldking.store\/wp-content\/uploads\/2021\/10\/JIE-STAR-59005-The-BIGBOY-Steam-Locomotive-with-1608-pieces-7.jpg 790w, https:\/\/mouldking.store\/wp-content\/uploads\/2021\/10\/JIE-STAR-59005-The-BIGBOY-Steam-Locomotive-with-1608-pieces-7-300x255.jpg 300w, https:\/\/mouldking.store\/wp-content\/uploads\/2021\/10\/JIE-STAR-59005-The-BIGBOY-Steam-Locomotive-with-1608-pieces-7-768x652.jpg 768w, https:\/\/mouldking.store\/wp-content\/uploads\/2021\/10\/JIE-STAR-59005-The-BIGBOY-Steam-Locomotive-with-1608-pieces-7-600x510.jpg 600w, https:\/\/mouldking.store\/wp-content\/uploads\/2021\/10\/JIE-STAR-59005-The-BIGBOY-Steam-Locomotive-with-1608-pieces-7-150x127.jpg 150w\" sizes=\"(max-width: 790px) 100vw, 790px\" \/><figcaption id=\"caption-attachment-25871\" class=\"wp-caption-text\">JIE STAR 59005 La locomotora de vapor BIGBOY con 1608 piezas<\/figcaption><\/figure>\n<figure id=\"attachment_25869\" aria-describedby=\"caption-attachment-25869\" style=\"width: 790px\" class=\"wp-caption aligncenter\"><img decoding=\"async\" class=\"wp-image-25869 size-full\" src=\"https:\/\/mouldking.store\/wp-content\/uploads\/2021\/10\/JIE-STAR-59005-The-BIGBOY-Steam-Locomotive-with-1608-pieces-5.jpg\" alt=\"JIE STAR 59005 The BIGBOY Steam Locomotive with 1608 pieces\" width=\"790\" height=\"552\" title=\"-\" srcset=\"https:\/\/mouldking.store\/wp-content\/uploads\/2021\/10\/JIE-STAR-59005-The-BIGBOY-Steam-Locomotive-with-1608-pieces-5.jpg 790w, https:\/\/mouldking.store\/wp-content\/uploads\/2021\/10\/JIE-STAR-59005-The-BIGBOY-Steam-Locomotive-with-1608-pieces-5-300x210.jpg 300w, https:\/\/mouldking.store\/wp-content\/uploads\/2021\/10\/JIE-STAR-59005-The-BIGBOY-Steam-Locomotive-with-1608-pieces-5-768x537.jpg 768w, https:\/\/mouldking.store\/wp-content\/uploads\/2021\/10\/JIE-STAR-59005-The-BIGBOY-Steam-Locomotive-with-1608-pieces-5-600x419.jpg 600w, https:\/\/mouldking.store\/wp-content\/uploads\/2021\/10\/JIE-STAR-59005-The-BIGBOY-Steam-Locomotive-with-1608-pieces-5-150x105.jpg 150w\" sizes=\"(max-width: 790px) 100vw, 790px\" \/><figcaption id=\"caption-attachment-25869\" class=\"wp-caption-text\">JIE STAR 59005 La locomotora de vapor BIGBOY con 1608 piezas<\/figcaption><\/figure>\n<figure id=\"attachment_25867\" aria-describedby=\"caption-attachment-25867\" style=\"width: 790px\" class=\"wp-caption aligncenter\"><img loading=\"lazy\" decoding=\"async\" class=\"wp-image-25867 size-full\" src=\"https:\/\/mouldking.store\/wp-content\/uploads\/2021\/10\/JIE-STAR-59005-The-BIGBOY-Steam-Locomotive-with-1608-pieces-3.jpg\" alt=\"JIE STAR 59005 The BIGBOY Steam Locomotive with 1608 pieces\" width=\"790\" height=\"775\" title=\"-\" srcset=\"https:\/\/mouldking.store\/wp-content\/uploads\/2021\/10\/JIE-STAR-59005-The-BIGBOY-Steam-Locomotive-with-1608-pieces-3.jpg 790w, https:\/\/mouldking.store\/wp-content\/uploads\/2021\/10\/JIE-STAR-59005-The-BIGBOY-Steam-Locomotive-with-1608-pieces-3-300x294.jpg 300w, https:\/\/mouldking.store\/wp-content\/uploads\/2021\/10\/JIE-STAR-59005-The-BIGBOY-Steam-Locomotive-with-1608-pieces-3-768x753.jpg 768w, https:\/\/mouldking.store\/wp-content\/uploads\/2021\/10\/JIE-STAR-59005-The-BIGBOY-Steam-Locomotive-with-1608-pieces-3-600x589.jpg 600w, https:\/\/mouldking.store\/wp-content\/uploads\/2021\/10\/JIE-STAR-59005-The-BIGBOY-Steam-Locomotive-with-1608-pieces-3-150x147.jpg 150w\" sizes=\"(max-width: 790px) 100vw, 790px\" \/><figcaption id=\"caption-attachment-25867\" class=\"wp-caption-text\">JIE STAR 59005 La locomotora de vapor BIGBOY con 1608 piezas<\/figcaption><\/figure>\n<figure id=\"attachment_25870\" aria-describedby=\"caption-attachment-25870\" style=\"width: 563px\" class=\"wp-caption aligncenter\"><img loading=\"lazy\" decoding=\"async\" class=\"wp-image-25870 size-full\" src=\"https:\/\/mouldking.store\/wp-content\/uploads\/2021\/10\/JIE-STAR-59005-The-BIGBOY-Steam-Locomotive-with-1608-pieces-6.jpg\" alt=\"JIE STAR 59005 The BIGBOY Steam Locomotive with 1608 pieces\" width=\"563\" height=\"1024\" title=\"-\" srcset=\"https:\/\/mouldking.store\/wp-content\/uploads\/2021\/10\/JIE-STAR-59005-The-BIGBOY-Steam-Locomotive-with-1608-pieces-6.jpg 563w, https:\/\/mouldking.store\/wp-content\/uploads\/2021\/10\/JIE-STAR-59005-The-BIGBOY-Steam-Locomotive-with-1608-pieces-6-165x300.jpg 165w, https:\/\/mouldking.store\/wp-content\/uploads\/2021\/10\/JIE-STAR-59005-The-BIGBOY-Steam-Locomotive-with-1608-pieces-6-300x546.jpg 300w, https:\/\/mouldking.store\/wp-content\/uploads\/2021\/10\/JIE-STAR-59005-The-BIGBOY-Steam-Locomotive-with-1608-pieces-6-82x150.jpg 82w\" sizes=\"(max-width: 563px) 100vw, 563px\" \/><figcaption id=\"caption-attachment-25870\" class=\"wp-caption-text\">JIE STAR 59005 La locomotora de vapor BIGBOY con 1608 piezas<\/figcaption><\/figure>\n<figure id=\"attachment_25868\" aria-describedby=\"caption-attachment-25868\" style=\"width: 669px\" class=\"wp-caption aligncenter\"><img loading=\"lazy\" decoding=\"async\" class=\"wp-image-25868 size-full\" src=\"https:\/\/mouldking.store\/wp-content\/uploads\/2021\/10\/JIE-STAR-59005-The-BIGBOY-Steam-Locomotive-with-1608-pieces-4.jpg\" alt=\"JIE STAR 59005 The BIGBOY Steam Locomotive with 1608 pieces\" width=\"669\" height=\"1024\" title=\"-\" srcset=\"https:\/\/mouldking.store\/wp-content\/uploads\/2021\/10\/JIE-STAR-59005-The-BIGBOY-Steam-Locomotive-with-1608-pieces-4.jpg 669w, https:\/\/mouldking.store\/wp-content\/uploads\/2021\/10\/JIE-STAR-59005-The-BIGBOY-Steam-Locomotive-with-1608-pieces-4-196x300.jpg 196w, https:\/\/mouldking.store\/wp-content\/uploads\/2021\/10\/JIE-STAR-59005-The-BIGBOY-Steam-Locomotive-with-1608-pieces-4-300x459.jpg 300w, https:\/\/mouldking.store\/wp-content\/uploads\/2021\/10\/JIE-STAR-59005-The-BIGBOY-Steam-Locomotive-with-1608-pieces-4-600x918.jpg 600w, https:\/\/mouldking.store\/wp-content\/uploads\/2021\/10\/JIE-STAR-59005-The-BIGBOY-Steam-Locomotive-with-1608-pieces-4-98x150.jpg 98w\" sizes=\"(max-width: 669px) 100vw, 669px\" \/><figcaption id=\"caption-attachment-25868\" class=\"wp-caption-text\">JIE STAR 59005 La locomotora de vapor BIGBOY con 1608 piezas<\/figcaption><\/figure>\n<figure id=\"attachment_25866\" aria-describedby=\"caption-attachment-25866\" style=\"width: 747px\" class=\"wp-caption aligncenter\"><img loading=\"lazy\" decoding=\"async\" class=\"wp-image-25866 size-full\" src=\"https:\/\/mouldking.store\/wp-content\/uploads\/2021\/10\/JIE-STAR-59005-The-BIGBOY-Steam-Locomotive-with-1608-pieces-2.jpg\" alt=\"JIE STAR 59005 The BIGBOY Steam Locomotive with 1608 pieces\" width=\"747\" height=\"1024\" title=\"-\" srcset=\"https:\/\/mouldking.store\/wp-content\/uploads\/2021\/10\/JIE-STAR-59005-The-BIGBOY-Steam-Locomotive-with-1608-pieces-2.jpg 747w, https:\/\/mouldking.store\/wp-content\/uploads\/2021\/10\/JIE-STAR-59005-The-BIGBOY-Steam-Locomotive-with-1608-pieces-2-219x300.jpg 219w, https:\/\/mouldking.store\/wp-content\/uploads\/2021\/10\/JIE-STAR-59005-The-BIGBOY-Steam-Locomotive-with-1608-pieces-2-300x411.jpg 300w, https:\/\/mouldking.store\/wp-content\/uploads\/2021\/10\/JIE-STAR-59005-The-BIGBOY-Steam-Locomotive-with-1608-pieces-2-600x822.jpg 600w, https:\/\/mouldking.store\/wp-content\/uploads\/2021\/10\/JIE-STAR-59005-The-BIGBOY-Steam-Locomotive-with-1608-pieces-2-109x150.jpg 109w\" sizes=\"(max-width: 747px) 100vw, 747px\" \/><figcaption id=\"caption-attachment-25866\" class=\"wp-caption-text\">JIE STAR 59005 La locomotora de vapor BIGBOY con 1608 piezas<\/figcaption><\/figure>","protected":false},"excerpt":{"rendered":"<p>Product information: Brand: JIE STAR Gender: Unisex Name: The BIGBOY Steam Locomotive Age Range: &gt; 6 years old Model Number: 59005 Classification: Assemblage Plastic Block Shape: Self-Locking Bricks Material: Plastic Plastic Type: ABS Bricks Blocks: 1608 PCS Contains detailed assembly instructions. Notice: 1. Without an original box, but we guarantee our products have quality assurance [&hellip;]<\/p>","protected":false},"featured_media":25865,"comment_status":"open","ping_status":"closed","template":"","meta":{"_acf_changed":false},"product_cat":[364],"product_tag":[2636,2634,2637,2256,2633,2632,2631,2635,2340],"class_list":["product","first","instock","shipping-taxable","purchasable","product-type-simple"],"acf":[],"_links":{"self":[{"href":"https:\/\/mouldking.store\/es\/wp-json\/wp\/v2\/product\/25864","targetHints":{"allow":["GET"]}}],"collection":[{"href":"https:\/\/mouldking.store\/es\/wp-json\/wp\/v2\/product"}],"about":[{"href":"https:\/\/mouldking.store\/es\/wp-json\/wp\/v2\/types\/product"}],"replies":[{"embeddable":true,"href":"https:\/\/mouldking.store\/es\/wp-json\/wp\/v2\/comments?post=25864"}],"wp:featuredmedia":[{"embeddable":true,"href":"https:\/\/mouldking.store\/es\/wp-json\/wp\/v2\/media\/25865"}],"wp:attachment":[{"href":"https:\/\/mouldking.store\/es\/wp-json\/wp\/v2\/media?parent=25864"}],"wp:term":[{"taxonomy":"product_cat","embeddable":true,"href":"https:\/\/mouldking.store\/es\/wp-json\/wp\/v2\/product_cat?post=25864"},{"taxonomy":"product_tag","embeddable":true,"href":"https:\/\/mouldking.store\/es\/wp-json\/wp\/v2\/product_tag?post=25864"}],"curies":[{"name":"wp","href":"https:\/\/api.w.org\/{rel}","templated":true}]}}