{"id":26174,"date":"2021-10-28T11:12:39","date_gmt":"2021-10-28T11:12:39","guid":{"rendered":"https:\/\/mouldking.store\/?post_type=product&#038;p=26174"},"modified":"2021-12-23T09:40:55","modified_gmt":"2021-12-23T09:40:55","slug":"ciro-b777-clock-tower-with-866-pieces","status":"publish","type":"product","link":"https:\/\/mouldking.store\/es\/shop\/ciro-b777-clock-tower-with-866-pieces\/","title":{"rendered":"Torre del Reloj CIRO B777 con 866 piezas"},"content":{"rendered":"<p>Informaci\u00f3n del Producto:<\/p>\n<ol>\n<li>Marca: CIRO<\/li>\n<li>G\u00e9nero: Unisex<\/li>\n<li>Name: Clock Tower<\/li>\n<li>Rango de edad: &gt; 6 a\u00f1os<\/li>\n<li>Model Number: B777<\/li>\n<li>Clasificaci\u00f3n: Ensamblaje<\/li>\n<li>Forma de bloque de pl\u00e1stico: Ladrillos autoblocantes<\/li>\n<li>Material: Pl\u00e1stico<\/li>\n<li>Tipo de pl\u00e1stico: ABS<\/li>\n<li>Bricks Blocks: 866 PCS<\/li>\n<li>Contiene instrucciones de montaje detalladas.<\/li>\n<\/ol>\n<p>Aviso:<br \/>\n1. Sin caja original, pero garantizamos que nuestros productos tienen garant\u00eda de calidad y un buen embalaje.<br \/>\n2. Como todas las piezas que hemos comprobado antes del env\u00edo, si encuentra que faltan piezas o est\u00e1n da\u00f1adas, no se preocupe y p\u00f3ngase en contacto con nosotros y podemos reenvi\u00e1rselas inmediatamente de forma gratuita.<\/p>\n<figure id=\"attachment_26175\" aria-describedby=\"caption-attachment-26175\" style=\"width: 800px\" class=\"wp-caption aligncenter\"><img fetchpriority=\"high\" decoding=\"async\" class=\"wp-image-26175 size-full\" src=\"https:\/\/mouldking.store\/wp-content\/uploads\/2021\/10\/CIRO-B777-Clock-Tower-14.jpg\" alt=\"CIRO B777 Clock Tower with 866 pieces\" width=\"800\" height=\"800\" title=\"-\" srcset=\"https:\/\/mouldking.store\/wp-content\/uploads\/2021\/10\/CIRO-B777-Clock-Tower-14.jpg 800w, https:\/\/mouldking.store\/wp-content\/uploads\/2021\/10\/CIRO-B777-Clock-Tower-14-300x300.jpg 300w, https:\/\/mouldking.store\/wp-content\/uploads\/2021\/10\/CIRO-B777-Clock-Tower-14-768x768.jpg 768w, https:\/\/mouldking.store\/wp-content\/uploads\/2021\/10\/CIRO-B777-Clock-Tower-14-600x600.jpg 600w, https:\/\/mouldking.store\/wp-content\/uploads\/2021\/10\/CIRO-B777-Clock-Tower-14-150x150.jpg 150w\" sizes=\"(max-width: 800px) 100vw, 800px\" \/><figcaption id=\"caption-attachment-26175\" class=\"wp-caption-text\">Torre del Reloj CIRO B777 con 866 piezas<\/figcaption><\/figure>\n<figure id=\"attachment_26188\" aria-describedby=\"caption-attachment-26188\" style=\"width: 800px\" class=\"wp-caption aligncenter\"><img decoding=\"async\" class=\"wp-image-26188\" src=\"https:\/\/mouldking.store\/wp-content\/uploads\/2021\/10\/CIRO-B777-Clock-Tower-13-300x300.jpg\" alt=\"CIRO B777 Clock Tower with 866 pieces\" width=\"800\" height=\"800\" title=\"-\" srcset=\"https:\/\/mouldking.store\/wp-content\/uploads\/2021\/10\/CIRO-B777-Clock-Tower-13-300x300.jpg 300w, https:\/\/mouldking.store\/wp-content\/uploads\/2021\/10\/CIRO-B777-Clock-Tower-13-768x768.jpg 768w, https:\/\/mouldking.store\/wp-content\/uploads\/2021\/10\/CIRO-B777-Clock-Tower-13-600x600.jpg 600w, https:\/\/mouldking.store\/wp-content\/uploads\/2021\/10\/CIRO-B777-Clock-Tower-13-150x150.jpg 150w, https:\/\/mouldking.store\/wp-content\/uploads\/2021\/10\/CIRO-B777-Clock-Tower-13.jpg 1024w\" sizes=\"(max-width: 800px) 100vw, 800px\" \/><figcaption id=\"caption-attachment-26188\" class=\"wp-caption-text\">Torre del Reloj CIRO B777 con 866 piezas<\/figcaption><\/figure>\n<figure id=\"attachment_26187\" aria-describedby=\"caption-attachment-26187\" style=\"width: 800px\" class=\"wp-caption aligncenter\"><img decoding=\"async\" class=\"wp-image-26187\" src=\"https:\/\/mouldking.store\/wp-content\/uploads\/2021\/10\/CIRO-B777-Clock-Tower-12-300x300.jpg\" alt=\"CIRO B777 Clock Tower with 866 pieces\" width=\"800\" height=\"800\" title=\"-\" srcset=\"https:\/\/mouldking.store\/wp-content\/uploads\/2021\/10\/CIRO-B777-Clock-Tower-12-300x300.jpg 300w, https:\/\/mouldking.store\/wp-content\/uploads\/2021\/10\/CIRO-B777-Clock-Tower-12-768x768.jpg 768w, https:\/\/mouldking.store\/wp-content\/uploads\/2021\/10\/CIRO-B777-Clock-Tower-12-600x600.jpg 600w, https:\/\/mouldking.store\/wp-content\/uploads\/2021\/10\/CIRO-B777-Clock-Tower-12-150x150.jpg 150w, https:\/\/mouldking.store\/wp-content\/uploads\/2021\/10\/CIRO-B777-Clock-Tower-12.jpg 1024w\" sizes=\"(max-width: 800px) 100vw, 800px\" \/><figcaption id=\"caption-attachment-26187\" class=\"wp-caption-text\">Torre del Reloj CIRO B777 con 866 piezas<\/figcaption><\/figure>\n<figure id=\"attachment_26181\" aria-describedby=\"caption-attachment-26181\" style=\"width: 800px\" class=\"wp-caption aligncenter\"><img loading=\"lazy\" decoding=\"async\" class=\"wp-image-26181 size-full\" src=\"https:\/\/mouldking.store\/wp-content\/uploads\/2021\/10\/CIRO-B777-Clock-Tower-6.jpg\" alt=\"CIRO B777 Clock Tower with 866 pieces\" width=\"800\" height=\"533\" title=\"-\" srcset=\"https:\/\/mouldking.store\/wp-content\/uploads\/2021\/10\/CIRO-B777-Clock-Tower-6.jpg 800w, https:\/\/mouldking.store\/wp-content\/uploads\/2021\/10\/CIRO-B777-Clock-Tower-6-300x200.jpg 300w, https:\/\/mouldking.store\/wp-content\/uploads\/2021\/10\/CIRO-B777-Clock-Tower-6-768x512.jpg 768w, https:\/\/mouldking.store\/wp-content\/uploads\/2021\/10\/CIRO-B777-Clock-Tower-6-600x400.jpg 600w, https:\/\/mouldking.store\/wp-content\/uploads\/2021\/10\/CIRO-B777-Clock-Tower-6-150x100.jpg 150w\" sizes=\"(max-width: 800px) 100vw, 800px\" \/><figcaption id=\"caption-attachment-26181\" class=\"wp-caption-text\">Torre del Reloj CIRO B777 con 866 piezas<\/figcaption><\/figure>\n<figure id=\"attachment_26182\" aria-describedby=\"caption-attachment-26182\" style=\"width: 800px\" class=\"wp-caption aligncenter\"><img loading=\"lazy\" decoding=\"async\" class=\"wp-image-26182\" src=\"https:\/\/mouldking.store\/wp-content\/uploads\/2021\/10\/CIRO-B777-Clock-Tower-7-300x300.jpg\" alt=\"CIRO B777 Clock Tower with 866 pieces\" width=\"800\" height=\"800\" title=\"-\" srcset=\"https:\/\/mouldking.store\/wp-content\/uploads\/2021\/10\/CIRO-B777-Clock-Tower-7-300x300.jpg 300w, https:\/\/mouldking.store\/wp-content\/uploads\/2021\/10\/CIRO-B777-Clock-Tower-7-768x768.jpg 768w, https:\/\/mouldking.store\/wp-content\/uploads\/2021\/10\/CIRO-B777-Clock-Tower-7-600x600.jpg 600w, https:\/\/mouldking.store\/wp-content\/uploads\/2021\/10\/CIRO-B777-Clock-Tower-7-150x150.jpg 150w, https:\/\/mouldking.store\/wp-content\/uploads\/2021\/10\/CIRO-B777-Clock-Tower-7.jpg 1024w\" sizes=\"(max-width: 800px) 100vw, 800px\" \/><figcaption id=\"caption-attachment-26182\" class=\"wp-caption-text\">Torre del Reloj CIRO B777 con 866 piezas<\/figcaption><\/figure>\n<figure id=\"attachment_26183\" aria-describedby=\"caption-attachment-26183\" style=\"width: 800px\" class=\"wp-caption aligncenter\"><img loading=\"lazy\" decoding=\"async\" class=\"wp-image-26183\" src=\"https:\/\/mouldking.store\/wp-content\/uploads\/2021\/10\/CIRO-B777-Clock-Tower-8-300x300.jpg\" alt=\"CIRO B777 Clock Tower with 866 pieces\" width=\"800\" height=\"800\" title=\"-\" srcset=\"https:\/\/mouldking.store\/wp-content\/uploads\/2021\/10\/CIRO-B777-Clock-Tower-8-300x300.jpg 300w, https:\/\/mouldking.store\/wp-content\/uploads\/2021\/10\/CIRO-B777-Clock-Tower-8-768x768.jpg 768w, https:\/\/mouldking.store\/wp-content\/uploads\/2021\/10\/CIRO-B777-Clock-Tower-8-600x600.jpg 600w, https:\/\/mouldking.store\/wp-content\/uploads\/2021\/10\/CIRO-B777-Clock-Tower-8-150x150.jpg 150w, https:\/\/mouldking.store\/wp-content\/uploads\/2021\/10\/CIRO-B777-Clock-Tower-8.jpg 1024w\" sizes=\"(max-width: 800px) 100vw, 800px\" \/><figcaption id=\"caption-attachment-26183\" class=\"wp-caption-text\">Torre del Reloj CIRO B777 con 866 piezas<\/figcaption><\/figure>\n<figure id=\"attachment_26184\" aria-describedby=\"caption-attachment-26184\" style=\"width: 800px\" class=\"wp-caption aligncenter\"><img loading=\"lazy\" decoding=\"async\" class=\"wp-image-26184\" src=\"https:\/\/mouldking.store\/wp-content\/uploads\/2021\/10\/CIRO-B777-Clock-Tower-9-300x300.jpg\" alt=\"CIRO B777 Clock Tower with 866 pieces\" width=\"800\" height=\"800\" title=\"-\" srcset=\"https:\/\/mouldking.store\/wp-content\/uploads\/2021\/10\/CIRO-B777-Clock-Tower-9-300x300.jpg 300w, https:\/\/mouldking.store\/wp-content\/uploads\/2021\/10\/CIRO-B777-Clock-Tower-9-768x768.jpg 768w, https:\/\/mouldking.store\/wp-content\/uploads\/2021\/10\/CIRO-B777-Clock-Tower-9-600x600.jpg 600w, https:\/\/mouldking.store\/wp-content\/uploads\/2021\/10\/CIRO-B777-Clock-Tower-9-150x150.jpg 150w, https:\/\/mouldking.store\/wp-content\/uploads\/2021\/10\/CIRO-B777-Clock-Tower-9.jpg 1024w\" sizes=\"(max-width: 800px) 100vw, 800px\" \/><figcaption id=\"caption-attachment-26184\" class=\"wp-caption-text\">Torre del Reloj CIRO B777 con 866 piezas<\/figcaption><\/figure>\n<figure id=\"attachment_26185\" aria-describedby=\"caption-attachment-26185\" style=\"width: 800px\" class=\"wp-caption aligncenter\"><img loading=\"lazy\" decoding=\"async\" class=\"wp-image-26185\" src=\"https:\/\/mouldking.store\/wp-content\/uploads\/2021\/10\/CIRO-B777-Clock-Tower-10-300x300.jpg\" alt=\"CIRO B777 Clock Tower with 866 pieces\" width=\"800\" height=\"800\" title=\"-\" srcset=\"https:\/\/mouldking.store\/wp-content\/uploads\/2021\/10\/CIRO-B777-Clock-Tower-10-300x300.jpg 300w, https:\/\/mouldking.store\/wp-content\/uploads\/2021\/10\/CIRO-B777-Clock-Tower-10-768x768.jpg 768w, https:\/\/mouldking.store\/wp-content\/uploads\/2021\/10\/CIRO-B777-Clock-Tower-10-600x600.jpg 600w, https:\/\/mouldking.store\/wp-content\/uploads\/2021\/10\/CIRO-B777-Clock-Tower-10-150x150.jpg 150w, https:\/\/mouldking.store\/wp-content\/uploads\/2021\/10\/CIRO-B777-Clock-Tower-10.jpg 1024w\" sizes=\"(max-width: 800px) 100vw, 800px\" \/><figcaption id=\"caption-attachment-26185\" class=\"wp-caption-text\">Torre del Reloj CIRO B777 con 866 piezas<\/figcaption><\/figure>\n<figure id=\"attachment_26186\" aria-describedby=\"caption-attachment-26186\" style=\"width: 800px\" class=\"wp-caption aligncenter\"><img loading=\"lazy\" decoding=\"async\" class=\"wp-image-26186\" src=\"https:\/\/mouldking.store\/wp-content\/uploads\/2021\/10\/CIRO-B777-Clock-Tower-11-300x300.jpg\" alt=\"CIRO B777 Clock Tower with 866 pieces\" width=\"800\" height=\"800\" title=\"-\" srcset=\"https:\/\/mouldking.store\/wp-content\/uploads\/2021\/10\/CIRO-B777-Clock-Tower-11-300x300.jpg 300w, https:\/\/mouldking.store\/wp-content\/uploads\/2021\/10\/CIRO-B777-Clock-Tower-11-768x768.jpg 768w, https:\/\/mouldking.store\/wp-content\/uploads\/2021\/10\/CIRO-B777-Clock-Tower-11-600x600.jpg 600w, https:\/\/mouldking.store\/wp-content\/uploads\/2021\/10\/CIRO-B777-Clock-Tower-11-150x150.jpg 150w, https:\/\/mouldking.store\/wp-content\/uploads\/2021\/10\/CIRO-B777-Clock-Tower-11.jpg 1024w\" sizes=\"(max-width: 800px) 100vw, 800px\" \/><figcaption id=\"caption-attachment-26186\" class=\"wp-caption-text\">Torre del Reloj CIRO B777 con 866 piezas<\/figcaption><\/figure>\n<figure id=\"attachment_26180\" aria-describedby=\"caption-attachment-26180\" style=\"width: 800px\" class=\"wp-caption aligncenter\"><img loading=\"lazy\" decoding=\"async\" class=\"wp-image-26180 size-full\" src=\"https:\/\/mouldking.store\/wp-content\/uploads\/2021\/10\/CIRO-B777-Clock-Tower-5.jpg\" alt=\"CIRO B777 Clock Tower with 866 pieces\" width=\"800\" height=\"533\" title=\"-\" srcset=\"https:\/\/mouldking.store\/wp-content\/uploads\/2021\/10\/CIRO-B777-Clock-Tower-5.jpg 800w, https:\/\/mouldking.store\/wp-content\/uploads\/2021\/10\/CIRO-B777-Clock-Tower-5-300x200.jpg 300w, https:\/\/mouldking.store\/wp-content\/uploads\/2021\/10\/CIRO-B777-Clock-Tower-5-768x512.jpg 768w, https:\/\/mouldking.store\/wp-content\/uploads\/2021\/10\/CIRO-B777-Clock-Tower-5-600x400.jpg 600w, https:\/\/mouldking.store\/wp-content\/uploads\/2021\/10\/CIRO-B777-Clock-Tower-5-150x100.jpg 150w\" sizes=\"(max-width: 800px) 100vw, 800px\" \/><figcaption id=\"caption-attachment-26180\" class=\"wp-caption-text\">Torre del Reloj CIRO B777 con 866 piezas<\/figcaption><\/figure>\n<figure id=\"attachment_26179\" aria-describedby=\"caption-attachment-26179\" style=\"width: 720px\" class=\"wp-caption aligncenter\"><img loading=\"lazy\" decoding=\"async\" class=\"wp-image-26179 size-full\" src=\"https:\/\/mouldking.store\/wp-content\/uploads\/2021\/10\/CIRO-B777-Clock-Tower-4.jpg\" alt=\"CIRO B777 Clock Tower with 866 pieces\" width=\"720\" height=\"540\" title=\"-\" srcset=\"https:\/\/mouldking.store\/wp-content\/uploads\/2021\/10\/CIRO-B777-Clock-Tower-4.jpg 720w, https:\/\/mouldking.store\/wp-content\/uploads\/2021\/10\/CIRO-B777-Clock-Tower-4-300x225.jpg 300w, https:\/\/mouldking.store\/wp-content\/uploads\/2021\/10\/CIRO-B777-Clock-Tower-4-600x450.jpg 600w, https:\/\/mouldking.store\/wp-content\/uploads\/2021\/10\/CIRO-B777-Clock-Tower-4-150x113.jpg 150w\" sizes=\"(max-width: 720px) 100vw, 720px\" \/><figcaption id=\"caption-attachment-26179\" class=\"wp-caption-text\">Torre del Reloj CIRO B777 con 866 piezas<\/figcaption><\/figure>\n<figure id=\"attachment_26178\" aria-describedby=\"caption-attachment-26178\" style=\"width: 720px\" class=\"wp-caption aligncenter\"><img loading=\"lazy\" decoding=\"async\" class=\"wp-image-26178 size-full\" src=\"https:\/\/mouldking.store\/wp-content\/uploads\/2021\/10\/CIRO-B777-Clock-Tower-3.jpg\" alt=\"CIRO B777 Clock Tower with 866 pieces\" width=\"720\" height=\"540\" title=\"-\" srcset=\"https:\/\/mouldking.store\/wp-content\/uploads\/2021\/10\/CIRO-B777-Clock-Tower-3.jpg 720w, https:\/\/mouldking.store\/wp-content\/uploads\/2021\/10\/CIRO-B777-Clock-Tower-3-300x225.jpg 300w, https:\/\/mouldking.store\/wp-content\/uploads\/2021\/10\/CIRO-B777-Clock-Tower-3-600x450.jpg 600w, https:\/\/mouldking.store\/wp-content\/uploads\/2021\/10\/CIRO-B777-Clock-Tower-3-150x113.jpg 150w\" sizes=\"(max-width: 720px) 100vw, 720px\" \/><figcaption id=\"caption-attachment-26178\" class=\"wp-caption-text\">Torre del Reloj CIRO B777 con 866 piezas<\/figcaption><\/figure>\n<figure id=\"attachment_26177\" aria-describedby=\"caption-attachment-26177\" style=\"width: 720px\" class=\"wp-caption aligncenter\"><img loading=\"lazy\" decoding=\"async\" class=\"wp-image-26177 size-full\" src=\"https:\/\/mouldking.store\/wp-content\/uploads\/2021\/10\/CIRO-B777-Clock-Tower-2.jpg\" alt=\"CIRO B777 Clock Tower with 866 pieces\" width=\"720\" height=\"540\" title=\"-\" srcset=\"https:\/\/mouldking.store\/wp-content\/uploads\/2021\/10\/CIRO-B777-Clock-Tower-2.jpg 720w, https:\/\/mouldking.store\/wp-content\/uploads\/2021\/10\/CIRO-B777-Clock-Tower-2-300x225.jpg 300w, https:\/\/mouldking.store\/wp-content\/uploads\/2021\/10\/CIRO-B777-Clock-Tower-2-600x450.jpg 600w, https:\/\/mouldking.store\/wp-content\/uploads\/2021\/10\/CIRO-B777-Clock-Tower-2-150x113.jpg 150w\" sizes=\"(max-width: 720px) 100vw, 720px\" \/><figcaption id=\"caption-attachment-26177\" class=\"wp-caption-text\">Torre del Reloj CIRO B777 con 866 piezas<\/figcaption><\/figure>\n<figure id=\"attachment_26176\" aria-describedby=\"caption-attachment-26176\" style=\"width: 720px\" class=\"wp-caption aligncenter\"><img loading=\"lazy\" decoding=\"async\" class=\"wp-image-26176 size-full\" src=\"https:\/\/mouldking.store\/wp-content\/uploads\/2021\/10\/CIRO-B777-Clock-Tower-1.jpg\" alt=\"CIRO B777 Clock Tower with 866 pieces\" width=\"720\" height=\"540\" title=\"-\" srcset=\"https:\/\/mouldking.store\/wp-content\/uploads\/2021\/10\/CIRO-B777-Clock-Tower-1.jpg 720w, https:\/\/mouldking.store\/wp-content\/uploads\/2021\/10\/CIRO-B777-Clock-Tower-1-300x225.jpg 300w, https:\/\/mouldking.store\/wp-content\/uploads\/2021\/10\/CIRO-B777-Clock-Tower-1-600x450.jpg 600w, https:\/\/mouldking.store\/wp-content\/uploads\/2021\/10\/CIRO-B777-Clock-Tower-1-150x113.jpg 150w\" sizes=\"(max-width: 720px) 100vw, 720px\" \/><figcaption id=\"caption-attachment-26176\" class=\"wp-caption-text\">Torre del Reloj CIRO B777 con 866 piezas<\/figcaption><\/figure>","protected":false},"excerpt":{"rendered":"<p>Product information: Brand: CIRO Gender: Unisex Name: Clock Tower Age Range: &gt; 6 years old Model Number: B777 Classification: Assemblage Plastic Block Shape: Self-Locking Bricks Material: Plastic Plastic Type: ABS Bricks Blocks: 866 PCS Contains detailed assembly instructions. Notice: 1. Without an original box, but we guarantee our products have quality assurance and nice packaging. [&hellip;]<\/p>","protected":false},"featured_media":26175,"comment_status":"open","ping_status":"closed","template":"","meta":{"_acf_changed":false},"product_cat":[390],"product_tag":[2837,2821,2834,2833,2836,2838,2835,2302],"class_list":["product","first","instock","shipping-taxable","purchasable","product-type-simple"],"acf":[],"_links":{"self":[{"href":"https:\/\/mouldking.store\/es\/wp-json\/wp\/v2\/product\/26174","targetHints":{"allow":["GET"]}}],"collection":[{"href":"https:\/\/mouldking.store\/es\/wp-json\/wp\/v2\/product"}],"about":[{"href":"https:\/\/mouldking.store\/es\/wp-json\/wp\/v2\/types\/product"}],"replies":[{"embeddable":true,"href":"https:\/\/mouldking.store\/es\/wp-json\/wp\/v2\/comments?post=26174"}],"wp:featuredmedia":[{"embeddable":true,"href":"https:\/\/mouldking.store\/es\/wp-json\/wp\/v2\/media\/26175"}],"wp:attachment":[{"href":"https:\/\/mouldking.store\/es\/wp-json\/wp\/v2\/media?parent=26174"}],"wp:term":[{"taxonomy":"product_cat","embeddable":true,"href":"https:\/\/mouldking.store\/es\/wp-json\/wp\/v2\/product_cat?post=26174"},{"taxonomy":"product_tag","embeddable":true,"href":"https:\/\/mouldking.store\/es\/wp-json\/wp\/v2\/product_tag?post=26174"}],"curies":[{"name":"wp","href":"https:\/\/api.w.org\/{rel}","templated":true}]}}