{"id":26189,"date":"2021-10-28T11:16:45","date_gmt":"2021-10-28T11:16:45","guid":{"rendered":"https:\/\/mouldking.store\/?post_type=product&#038;p=26189"},"modified":"2021-12-23T09:40:55","modified_gmt":"2021-12-23T09:40:55","slug":"ciro-b776-hogwarts-school-of-witchcraft-and-wizardry-with-6862-pieces","status":"publish","type":"product","link":"https:\/\/mouldking.store\/es\/shop\/ciro-b776-hogwarts-school-of-witchcraft-and-wizardry-with-6862-pieces\/","title":{"rendered":"CIRO B776 Colegio Hogwarts de Magia y Hechicer\u00eda con 6862 piezas"},"content":{"rendered":"<p>Informaci\u00f3n del Producto:<\/p>\n<ol>\n<li>Marca: CIRO<\/li>\n<li>G\u00e9nero: Unisex<\/li>\n<li>Nombre: Colegio Hogwarts de Magia y Hechicer\u00eda<\/li>\n<li>Rango de edad: &gt; 14 a\u00f1os<\/li>\n<li>N\u00famero de modelo: B776<\/li>\n<li>Clasificaci\u00f3n: Ensamblaje<\/li>\n<li>Forma de bloque de pl\u00e1stico: Ladrillos autoblocantes<\/li>\n<li>Material: Pl\u00e1stico<\/li>\n<li>Tipo de pl\u00e1stico: ABS<\/li>\n<li>Bloques de ladrillos: 6862 PCS<\/li>\n<li>Contiene instrucciones de montaje detalladas.<\/li>\n<\/ol>\n<p>Aviso:<br \/>\n1. Sin caja original, pero garantizamos que nuestros productos tienen garant\u00eda de calidad y un buen embalaje.<br \/>\n2. Como todas las piezas que hemos comprobado antes del env\u00edo, si encuentra que faltan piezas o est\u00e1n da\u00f1adas, no se preocupe y p\u00f3ngase en contacto con nosotros y podemos reenvi\u00e1rselas inmediatamente de forma gratuita.<\/p>\n<figure id=\"attachment_26190\" aria-describedby=\"caption-attachment-26190\" style=\"width: 800px\" class=\"wp-caption aligncenter\"><img fetchpriority=\"high\" decoding=\"async\" class=\"wp-image-26190 size-full\" src=\"https:\/\/mouldking.store\/wp-content\/uploads\/2021\/10\/CIRO-B776-Hogwarts-School-of-Witchcraft-and-Wizardry-6.jpg\" alt=\"CIRO B776 Hogwarts School of Witchcraft and Wizardry with 6862 pieces\" width=\"800\" height=\"800\" title=\"-\" srcset=\"https:\/\/mouldking.store\/wp-content\/uploads\/2021\/10\/CIRO-B776-Hogwarts-School-of-Witchcraft-and-Wizardry-6.jpg 800w, https:\/\/mouldking.store\/wp-content\/uploads\/2021\/10\/CIRO-B776-Hogwarts-School-of-Witchcraft-and-Wizardry-6-300x300.jpg 300w, https:\/\/mouldking.store\/wp-content\/uploads\/2021\/10\/CIRO-B776-Hogwarts-School-of-Witchcraft-and-Wizardry-6-768x768.jpg 768w, https:\/\/mouldking.store\/wp-content\/uploads\/2021\/10\/CIRO-B776-Hogwarts-School-of-Witchcraft-and-Wizardry-6-600x600.jpg 600w, https:\/\/mouldking.store\/wp-content\/uploads\/2021\/10\/CIRO-B776-Hogwarts-School-of-Witchcraft-and-Wizardry-6-150x150.jpg 150w\" sizes=\"(max-width: 800px) 100vw, 800px\" \/><figcaption id=\"caption-attachment-26190\" class=\"wp-caption-text\">CIRO B776 Colegio Hogwarts de Magia y Hechicer\u00eda con 6862 piezas<\/figcaption><\/figure>\n<figure id=\"attachment_26195\" aria-describedby=\"caption-attachment-26195\" style=\"width: 800px\" class=\"wp-caption aligncenter\"><img decoding=\"async\" class=\"wp-image-26195\" src=\"https:\/\/mouldking.store\/wp-content\/uploads\/2021\/10\/CIRO-B776-Hogwarts-School-of-Witchcraft-and-Wizardry-5-300x300.jpg\" alt=\"CIRO B776 Hogwarts School of Witchcraft and Wizardry with 6862 pieces\" width=\"800\" height=\"801\" title=\"-\" srcset=\"https:\/\/mouldking.store\/wp-content\/uploads\/2021\/10\/CIRO-B776-Hogwarts-School-of-Witchcraft-and-Wizardry-5-300x300.jpg 300w, https:\/\/mouldking.store\/wp-content\/uploads\/2021\/10\/CIRO-B776-Hogwarts-School-of-Witchcraft-and-Wizardry-5-768x769.jpg 768w, https:\/\/mouldking.store\/wp-content\/uploads\/2021\/10\/CIRO-B776-Hogwarts-School-of-Witchcraft-and-Wizardry-5-600x601.jpg 600w, https:\/\/mouldking.store\/wp-content\/uploads\/2021\/10\/CIRO-B776-Hogwarts-School-of-Witchcraft-and-Wizardry-5-150x150.jpg 150w, https:\/\/mouldking.store\/wp-content\/uploads\/2021\/10\/CIRO-B776-Hogwarts-School-of-Witchcraft-and-Wizardry-5.jpg 1023w\" sizes=\"(max-width: 800px) 100vw, 800px\" \/><figcaption id=\"caption-attachment-26195\" class=\"wp-caption-text\">CIRO B776 Colegio Hogwarts de Magia y Hechicer\u00eda con 6862 piezas<\/figcaption><\/figure>\n<figure id=\"attachment_26192\" aria-describedby=\"caption-attachment-26192\" style=\"width: 800px\" class=\"wp-caption aligncenter\"><img decoding=\"async\" class=\"wp-image-26192\" src=\"https:\/\/mouldking.store\/wp-content\/uploads\/2021\/10\/CIRO-B776-Hogwarts-School-of-Witchcraft-and-Wizardry-2-300x300.jpg\" alt=\"CIRO B776 Hogwarts School of Witchcraft and Wizardry with 6862 pieces\" width=\"800\" height=\"800\" title=\"-\" srcset=\"https:\/\/mouldking.store\/wp-content\/uploads\/2021\/10\/CIRO-B776-Hogwarts-School-of-Witchcraft-and-Wizardry-2-300x300.jpg 300w, https:\/\/mouldking.store\/wp-content\/uploads\/2021\/10\/CIRO-B776-Hogwarts-School-of-Witchcraft-and-Wizardry-2-768x768.jpg 768w, https:\/\/mouldking.store\/wp-content\/uploads\/2021\/10\/CIRO-B776-Hogwarts-School-of-Witchcraft-and-Wizardry-2-600x600.jpg 600w, https:\/\/mouldking.store\/wp-content\/uploads\/2021\/10\/CIRO-B776-Hogwarts-School-of-Witchcraft-and-Wizardry-2-150x150.jpg 150w, https:\/\/mouldking.store\/wp-content\/uploads\/2021\/10\/CIRO-B776-Hogwarts-School-of-Witchcraft-and-Wizardry-2.jpg 1024w\" sizes=\"(max-width: 800px) 100vw, 800px\" \/><figcaption id=\"caption-attachment-26192\" class=\"wp-caption-text\">CIRO B776 Colegio Hogwarts de Magia y Hechicer\u00eda con 6862 piezas<\/figcaption><\/figure>\n<figure id=\"attachment_26194\" aria-describedby=\"caption-attachment-26194\" style=\"width: 800px\" class=\"wp-caption aligncenter\"><img loading=\"lazy\" decoding=\"async\" class=\"wp-image-26194\" src=\"https:\/\/mouldking.store\/wp-content\/uploads\/2021\/10\/CIRO-B776-Hogwarts-School-of-Witchcraft-and-Wizardry-4-300x300.jpg\" alt=\"CIRO B776 Hogwarts School of Witchcraft and Wizardry with 6862 pieces\" width=\"800\" height=\"800\" title=\"-\" srcset=\"https:\/\/mouldking.store\/wp-content\/uploads\/2021\/10\/CIRO-B776-Hogwarts-School-of-Witchcraft-and-Wizardry-4-300x300.jpg 300w, https:\/\/mouldking.store\/wp-content\/uploads\/2021\/10\/CIRO-B776-Hogwarts-School-of-Witchcraft-and-Wizardry-4-768x768.jpg 768w, https:\/\/mouldking.store\/wp-content\/uploads\/2021\/10\/CIRO-B776-Hogwarts-School-of-Witchcraft-and-Wizardry-4-600x600.jpg 600w, https:\/\/mouldking.store\/wp-content\/uploads\/2021\/10\/CIRO-B776-Hogwarts-School-of-Witchcraft-and-Wizardry-4-150x150.jpg 150w, https:\/\/mouldking.store\/wp-content\/uploads\/2021\/10\/CIRO-B776-Hogwarts-School-of-Witchcraft-and-Wizardry-4.jpg 1024w\" sizes=\"(max-width: 800px) 100vw, 800px\" \/><figcaption id=\"caption-attachment-26194\" class=\"wp-caption-text\">CIRO B776 Colegio Hogwarts de Magia y Hechicer\u00eda con 6862 piezas<\/figcaption><\/figure>\n<figure id=\"attachment_26193\" aria-describedby=\"caption-attachment-26193\" style=\"width: 800px\" class=\"wp-caption aligncenter\"><img loading=\"lazy\" decoding=\"async\" class=\"wp-image-26193\" src=\"https:\/\/mouldking.store\/wp-content\/uploads\/2021\/10\/CIRO-B776-Hogwarts-School-of-Witchcraft-and-Wizardry-3-300x300.jpg\" alt=\"CIRO B776 Hogwarts School of Witchcraft and Wizardry with 6862 pieces\" width=\"800\" height=\"800\" title=\"-\" srcset=\"https:\/\/mouldking.store\/wp-content\/uploads\/2021\/10\/CIRO-B776-Hogwarts-School-of-Witchcraft-and-Wizardry-3-300x300.jpg 300w, https:\/\/mouldking.store\/wp-content\/uploads\/2021\/10\/CIRO-B776-Hogwarts-School-of-Witchcraft-and-Wizardry-3-768x768.jpg 768w, https:\/\/mouldking.store\/wp-content\/uploads\/2021\/10\/CIRO-B776-Hogwarts-School-of-Witchcraft-and-Wizardry-3-600x600.jpg 600w, https:\/\/mouldking.store\/wp-content\/uploads\/2021\/10\/CIRO-B776-Hogwarts-School-of-Witchcraft-and-Wizardry-3-150x150.jpg 150w, https:\/\/mouldking.store\/wp-content\/uploads\/2021\/10\/CIRO-B776-Hogwarts-School-of-Witchcraft-and-Wizardry-3.jpg 1024w\" sizes=\"(max-width: 800px) 100vw, 800px\" \/><figcaption id=\"caption-attachment-26193\" class=\"wp-caption-text\">CIRO B776 Colegio Hogwarts de Magia y Hechicer\u00eda con 6862 piezas<\/figcaption><\/figure>\n<figure id=\"attachment_26191\" aria-describedby=\"caption-attachment-26191\" style=\"width: 800px\" class=\"wp-caption aligncenter\"><img loading=\"lazy\" decoding=\"async\" class=\"wp-image-26191\" src=\"https:\/\/mouldking.store\/wp-content\/uploads\/2021\/10\/CIRO-B776-Hogwarts-School-of-Witchcraft-and-Wizardry-1-300x300.jpg\" alt=\"CIRO B776 Hogwarts School of Witchcraft and Wizardry with 6862 pieces\" width=\"800\" height=\"800\" title=\"-\" srcset=\"https:\/\/mouldking.store\/wp-content\/uploads\/2021\/10\/CIRO-B776-Hogwarts-School-of-Witchcraft-and-Wizardry-1-300x300.jpg 300w, https:\/\/mouldking.store\/wp-content\/uploads\/2021\/10\/CIRO-B776-Hogwarts-School-of-Witchcraft-and-Wizardry-1-768x768.jpg 768w, https:\/\/mouldking.store\/wp-content\/uploads\/2021\/10\/CIRO-B776-Hogwarts-School-of-Witchcraft-and-Wizardry-1-600x600.jpg 600w, https:\/\/mouldking.store\/wp-content\/uploads\/2021\/10\/CIRO-B776-Hogwarts-School-of-Witchcraft-and-Wizardry-1-150x150.jpg 150w, https:\/\/mouldking.store\/wp-content\/uploads\/2021\/10\/CIRO-B776-Hogwarts-School-of-Witchcraft-and-Wizardry-1.jpg 1024w\" sizes=\"(max-width: 800px) 100vw, 800px\" \/><figcaption id=\"caption-attachment-26191\" class=\"wp-caption-text\">CIRO B776 Colegio Hogwarts de Magia y Hechicer\u00eda con 6862 piezas<\/figcaption><\/figure>","protected":false},"excerpt":{"rendered":"<p>Product information: Brand: CIRO Gender: Unisex Name: Hogwarts School of Witchcraft and Wizardry Age Range: &gt; 14 years old Model Number: B776 Classification: Assemblage Plastic Block Shape: Self-Locking Bricks Material: Plastic Plastic Type: ABS Bricks Blocks: 6862 PCS Contains detailed assembly instructions. Notice: 1. Without an original box, but we guarantee our products have quality [&hellip;]<\/p>","protected":false},"featured_media":26190,"comment_status":"open","ping_status":"closed","template":"","meta":{"_acf_changed":false},"product_cat":[390],"product_tag":[2841,2821,2840,2844,2839,2846,2842,915,2847,2845,2843],"class_list":["product","first","instock","shipping-taxable","purchasable","product-type-simple"],"acf":[],"_links":{"self":[{"href":"https:\/\/mouldking.store\/es\/wp-json\/wp\/v2\/product\/26189","targetHints":{"allow":["GET"]}}],"collection":[{"href":"https:\/\/mouldking.store\/es\/wp-json\/wp\/v2\/product"}],"about":[{"href":"https:\/\/mouldking.store\/es\/wp-json\/wp\/v2\/types\/product"}],"replies":[{"embeddable":true,"href":"https:\/\/mouldking.store\/es\/wp-json\/wp\/v2\/comments?post=26189"}],"wp:featuredmedia":[{"embeddable":true,"href":"https:\/\/mouldking.store\/es\/wp-json\/wp\/v2\/media\/26190"}],"wp:attachment":[{"href":"https:\/\/mouldking.store\/es\/wp-json\/wp\/v2\/media?parent=26189"}],"wp:term":[{"taxonomy":"product_cat","embeddable":true,"href":"https:\/\/mouldking.store\/es\/wp-json\/wp\/v2\/product_cat?post=26189"},{"taxonomy":"product_tag","embeddable":true,"href":"https:\/\/mouldking.store\/es\/wp-json\/wp\/v2\/product_tag?post=26189"}],"curies":[{"name":"wp","href":"https:\/\/api.w.org\/{rel}","templated":true}]}}