{"id":26337,"date":"2021-10-29T15:34:07","date_gmt":"2021-10-29T15:34:07","guid":{"rendered":"https:\/\/mouldking.store\/?post_type=product&#038;p=26337"},"modified":"2021-12-23T09:40:53","modified_gmt":"2021-12-23T09:40:53","slug":"cada-c62002-cyber-night-wild-wolf-with-1176-pieces","status":"publish","type":"product","link":"https:\/\/mouldking.store\/es\/shop\/cada-c62002-cyber-night-wild-wolf-with-1176-pieces\/","title":{"rendered":"CADA C62002 Cyber Night Wild Wolf with 1176 pieces"},"content":{"rendered":"<p>Informaci\u00f3n del Producto:<\/p>\n<ol>\n<li>Marca: CADA<\/li>\n<li>G\u00e9nero: Unisex<\/li>\n<li>Name: Cyber Night Wild Wolf<\/li>\n<li>Rango de edad: &gt; 6 a\u00f1os<\/li>\n<li>Model Number: C62002<\/li>\n<li>Clasificaci\u00f3n: Ensamblaje<\/li>\n<li>Forma de bloque de pl\u00e1stico: Ladrillos autoblocantes<\/li>\n<li>Material: Pl\u00e1stico<\/li>\n<li>Tipo de pl\u00e1stico: ABS<\/li>\n<li>Bricks Blocks: 1176 PCS<\/li>\n<li>Contiene instrucciones de montaje detalladas.<\/li>\n<\/ol>\n<p>Aviso:<br \/>\n1. Sin caja original, pero garantizamos que nuestros productos tienen garant\u00eda de calidad y un buen embalaje.<br \/>\n2. Como todas las piezas que hemos comprobado antes del env\u00edo, si encuentra que faltan piezas o est\u00e1n da\u00f1adas, no se preocupe y p\u00f3ngase en contacto con nosotros y podemos reenvi\u00e1rselas inmediatamente de forma gratuita.<\/p>\n<figure id=\"attachment_26345\" aria-describedby=\"caption-attachment-26345\" style=\"width: 722px\" class=\"wp-caption aligncenter\"><img fetchpriority=\"high\" decoding=\"async\" class=\"wp-image-26345 size-full\" src=\"https:\/\/mouldking.store\/wp-content\/uploads\/2021\/10\/CADA-C62002-Cyber-\u200b\u200bNight-Wild-Wolf-Buggy-8.jpg\" alt=\"CADA C62002 Cyber Night Wild Wolf with 1176 pieces\" width=\"722\" height=\"1024\" title=\"-\" srcset=\"https:\/\/mouldking.store\/wp-content\/uploads\/2021\/10\/CADA-C62002-Cyber-\u200b\u200bNight-Wild-Wolf-Buggy-8.jpg 722w, https:\/\/mouldking.store\/wp-content\/uploads\/2021\/10\/CADA-C62002-Cyber-\u200b\u200bNight-Wild-Wolf-Buggy-8-212x300.jpg 212w, https:\/\/mouldking.store\/wp-content\/uploads\/2021\/10\/CADA-C62002-Cyber-\u200b\u200bNight-Wild-Wolf-Buggy-8-300x425.jpg 300w, https:\/\/mouldking.store\/wp-content\/uploads\/2021\/10\/CADA-C62002-Cyber-\u200b\u200bNight-Wild-Wolf-Buggy-8-600x851.jpg 600w, https:\/\/mouldking.store\/wp-content\/uploads\/2021\/10\/CADA-C62002-Cyber-\u200b\u200bNight-Wild-Wolf-Buggy-8-106x150.jpg 106w\" sizes=\"(max-width: 722px) 100vw, 722px\" \/><figcaption id=\"caption-attachment-26345\" class=\"wp-caption-text\">CADA C62002 Cyber Night Wild Wolf with 1176 pieces<\/figcaption><\/figure>\n<figure id=\"attachment_26339\" aria-describedby=\"caption-attachment-26339\" style=\"width: 800px\" class=\"wp-caption aligncenter\"><img decoding=\"async\" class=\"wp-image-26339 size-full\" src=\"https:\/\/mouldking.store\/wp-content\/uploads\/2021\/10\/CADA-C62002-Cyber-\u200b\u200bNight-Wild-Wolf-Buggy-2.jpg\" alt=\"CADA C62002 Cyber Night Wild Wolf with 1176 pieces\" width=\"800\" height=\"800\" title=\"-\" srcset=\"https:\/\/mouldking.store\/wp-content\/uploads\/2021\/10\/CADA-C62002-Cyber-\u200b\u200bNight-Wild-Wolf-Buggy-2.jpg 800w, https:\/\/mouldking.store\/wp-content\/uploads\/2021\/10\/CADA-C62002-Cyber-\u200b\u200bNight-Wild-Wolf-Buggy-2-300x300.jpg 300w, https:\/\/mouldking.store\/wp-content\/uploads\/2021\/10\/CADA-C62002-Cyber-\u200b\u200bNight-Wild-Wolf-Buggy-2-768x768.jpg 768w, https:\/\/mouldking.store\/wp-content\/uploads\/2021\/10\/CADA-C62002-Cyber-\u200b\u200bNight-Wild-Wolf-Buggy-2-600x600.jpg 600w, https:\/\/mouldking.store\/wp-content\/uploads\/2021\/10\/CADA-C62002-Cyber-\u200b\u200bNight-Wild-Wolf-Buggy-2-150x150.jpg 150w\" sizes=\"(max-width: 800px) 100vw, 800px\" \/><figcaption id=\"caption-attachment-26339\" class=\"wp-caption-text\">CADA C62002 Cyber Night Wild Wolf with 1176 pieces<\/figcaption><\/figure>\n<figure id=\"attachment_26344\" aria-describedby=\"caption-attachment-26344\" style=\"width: 734px\" class=\"wp-caption aligncenter\"><img decoding=\"async\" class=\"wp-image-26344 size-full\" src=\"https:\/\/mouldking.store\/wp-content\/uploads\/2021\/10\/CADA-C62002-Cyber-\u200b\u200bNight-Wild-Wolf-Buggy-7.jpg\" alt=\"CADA C62002 Cyber Night Wild Wolf with 1176 pieces\" width=\"734\" height=\"1024\" title=\"-\" srcset=\"https:\/\/mouldking.store\/wp-content\/uploads\/2021\/10\/CADA-C62002-Cyber-\u200b\u200bNight-Wild-Wolf-Buggy-7.jpg 734w, https:\/\/mouldking.store\/wp-content\/uploads\/2021\/10\/CADA-C62002-Cyber-\u200b\u200bNight-Wild-Wolf-Buggy-7-215x300.jpg 215w, https:\/\/mouldking.store\/wp-content\/uploads\/2021\/10\/CADA-C62002-Cyber-\u200b\u200bNight-Wild-Wolf-Buggy-7-300x419.jpg 300w, https:\/\/mouldking.store\/wp-content\/uploads\/2021\/10\/CADA-C62002-Cyber-\u200b\u200bNight-Wild-Wolf-Buggy-7-600x837.jpg 600w, https:\/\/mouldking.store\/wp-content\/uploads\/2021\/10\/CADA-C62002-Cyber-\u200b\u200bNight-Wild-Wolf-Buggy-7-108x150.jpg 108w\" sizes=\"(max-width: 734px) 100vw, 734px\" \/><figcaption id=\"caption-attachment-26344\" class=\"wp-caption-text\">CADA C62002 Cyber Night Wild Wolf with 1176 pieces<\/figcaption><\/figure>\n<figure id=\"attachment_26341\" aria-describedby=\"caption-attachment-26341\" style=\"width: 790px\" class=\"wp-caption aligncenter\"><img loading=\"lazy\" decoding=\"async\" class=\"wp-image-26341 size-full\" src=\"https:\/\/mouldking.store\/wp-content\/uploads\/2021\/10\/CADA-C62002-Cyber-\u200b\u200bNight-Wild-Wolf-Buggy-4.jpg\" alt=\"CADA C62002 Cyber Night Wild Wolf with 1176 pieces\" width=\"790\" height=\"873\" title=\"-\" srcset=\"https:\/\/mouldking.store\/wp-content\/uploads\/2021\/10\/CADA-C62002-Cyber-\u200b\u200bNight-Wild-Wolf-Buggy-4.jpg 790w, https:\/\/mouldking.store\/wp-content\/uploads\/2021\/10\/CADA-C62002-Cyber-\u200b\u200bNight-Wild-Wolf-Buggy-4-271x300.jpg 271w, https:\/\/mouldking.store\/wp-content\/uploads\/2021\/10\/CADA-C62002-Cyber-\u200b\u200bNight-Wild-Wolf-Buggy-4-768x849.jpg 768w, https:\/\/mouldking.store\/wp-content\/uploads\/2021\/10\/CADA-C62002-Cyber-\u200b\u200bNight-Wild-Wolf-Buggy-4-300x332.jpg 300w, https:\/\/mouldking.store\/wp-content\/uploads\/2021\/10\/CADA-C62002-Cyber-\u200b\u200bNight-Wild-Wolf-Buggy-4-600x663.jpg 600w, https:\/\/mouldking.store\/wp-content\/uploads\/2021\/10\/CADA-C62002-Cyber-\u200b\u200bNight-Wild-Wolf-Buggy-4-136x150.jpg 136w\" sizes=\"(max-width: 790px) 100vw, 790px\" \/><figcaption id=\"caption-attachment-26341\" class=\"wp-caption-text\">CADA C62002 Cyber Night Wild Wolf with 1176 pieces<\/figcaption><\/figure>\n<figure id=\"attachment_26342\" aria-describedby=\"caption-attachment-26342\" style=\"width: 790px\" class=\"wp-caption aligncenter\"><img loading=\"lazy\" decoding=\"async\" class=\"wp-image-26342 size-full\" src=\"https:\/\/mouldking.store\/wp-content\/uploads\/2021\/10\/CADA-C62002-Cyber-\u200b\u200bNight-Wild-Wolf-Buggy-5.jpg\" alt=\"CADA C62002 Cyber Night Wild Wolf with 1176 pieces\" width=\"790\" height=\"789\" title=\"-\" srcset=\"https:\/\/mouldking.store\/wp-content\/uploads\/2021\/10\/CADA-C62002-Cyber-\u200b\u200bNight-Wild-Wolf-Buggy-5.jpg 790w, https:\/\/mouldking.store\/wp-content\/uploads\/2021\/10\/CADA-C62002-Cyber-\u200b\u200bNight-Wild-Wolf-Buggy-5-300x300.jpg 300w, https:\/\/mouldking.store\/wp-content\/uploads\/2021\/10\/CADA-C62002-Cyber-\u200b\u200bNight-Wild-Wolf-Buggy-5-768x767.jpg 768w, https:\/\/mouldking.store\/wp-content\/uploads\/2021\/10\/CADA-C62002-Cyber-\u200b\u200bNight-Wild-Wolf-Buggy-5-600x599.jpg 600w, https:\/\/mouldking.store\/wp-content\/uploads\/2021\/10\/CADA-C62002-Cyber-\u200b\u200bNight-Wild-Wolf-Buggy-5-150x150.jpg 150w\" sizes=\"(max-width: 790px) 100vw, 790px\" \/><figcaption id=\"caption-attachment-26342\" class=\"wp-caption-text\">CADA C62002 Cyber Night Wild Wolf with 1176 pieces<\/figcaption><\/figure>\n<figure id=\"attachment_26343\" aria-describedby=\"caption-attachment-26343\" style=\"width: 790px\" class=\"wp-caption aligncenter\"><img loading=\"lazy\" decoding=\"async\" class=\"wp-image-26343 size-full\" src=\"https:\/\/mouldking.store\/wp-content\/uploads\/2021\/10\/CADA-C62002-Cyber-\u200b\u200bNight-Wild-Wolf-Buggy-6.jpg\" alt=\"CADA C62002 Cyber Night Wild Wolf with 1176 pieces\" width=\"790\" height=\"767\" title=\"-\" srcset=\"https:\/\/mouldking.store\/wp-content\/uploads\/2021\/10\/CADA-C62002-Cyber-\u200b\u200bNight-Wild-Wolf-Buggy-6.jpg 790w, https:\/\/mouldking.store\/wp-content\/uploads\/2021\/10\/CADA-C62002-Cyber-\u200b\u200bNight-Wild-Wolf-Buggy-6-300x291.jpg 300w, https:\/\/mouldking.store\/wp-content\/uploads\/2021\/10\/CADA-C62002-Cyber-\u200b\u200bNight-Wild-Wolf-Buggy-6-768x746.jpg 768w, https:\/\/mouldking.store\/wp-content\/uploads\/2021\/10\/CADA-C62002-Cyber-\u200b\u200bNight-Wild-Wolf-Buggy-6-600x583.jpg 600w, https:\/\/mouldking.store\/wp-content\/uploads\/2021\/10\/CADA-C62002-Cyber-\u200b\u200bNight-Wild-Wolf-Buggy-6-150x146.jpg 150w\" sizes=\"(max-width: 790px) 100vw, 790px\" \/><figcaption id=\"caption-attachment-26343\" class=\"wp-caption-text\">CADA C62002 Cyber Night Wild Wolf with 1176 pieces<\/figcaption><\/figure>\n<figure id=\"attachment_26340\" aria-describedby=\"caption-attachment-26340\" style=\"width: 790px\" class=\"wp-caption aligncenter\"><img loading=\"lazy\" decoding=\"async\" class=\"wp-image-26340 size-full\" src=\"https:\/\/mouldking.store\/wp-content\/uploads\/2021\/10\/CADA-C62002-Cyber-\u200b\u200bNight-Wild-Wolf-Buggy-3.jpg\" alt=\"CADA C62002 Cyber Night Wild Wolf with 1176 pieces\" width=\"790\" height=\"834\" title=\"-\" srcset=\"https:\/\/mouldking.store\/wp-content\/uploads\/2021\/10\/CADA-C62002-Cyber-\u200b\u200bNight-Wild-Wolf-Buggy-3.jpg 790w, https:\/\/mouldking.store\/wp-content\/uploads\/2021\/10\/CADA-C62002-Cyber-\u200b\u200bNight-Wild-Wolf-Buggy-3-284x300.jpg 284w, https:\/\/mouldking.store\/wp-content\/uploads\/2021\/10\/CADA-C62002-Cyber-\u200b\u200bNight-Wild-Wolf-Buggy-3-768x811.jpg 768w, https:\/\/mouldking.store\/wp-content\/uploads\/2021\/10\/CADA-C62002-Cyber-\u200b\u200bNight-Wild-Wolf-Buggy-3-300x317.jpg 300w, https:\/\/mouldking.store\/wp-content\/uploads\/2021\/10\/CADA-C62002-Cyber-\u200b\u200bNight-Wild-Wolf-Buggy-3-600x633.jpg 600w, https:\/\/mouldking.store\/wp-content\/uploads\/2021\/10\/CADA-C62002-Cyber-\u200b\u200bNight-Wild-Wolf-Buggy-3-142x150.jpg 142w\" sizes=\"(max-width: 790px) 100vw, 790px\" \/><figcaption id=\"caption-attachment-26340\" class=\"wp-caption-text\">CADA C62002 Cyber Night Wild Wolf with 1176 pieces<\/figcaption><\/figure>","protected":false},"excerpt":{"rendered":"<p>Product information: Brand: CADA Gender: Unisex Name: Cyber Night Wild Wolf Age Range: &gt; 6 years old Model Number: C62002 Classification: Assemblage Plastic Block Shape: Self-Locking Bricks Material: Plastic Plastic Type: ABS Bricks Blocks: 1176 PCS Contains detailed assembly instructions. Notice: 1. Without an original box, but we guarantee our products have quality assurance and [&hellip;]<\/p>","protected":false},"featured_media":26338,"comment_status":"open","ping_status":"closed","template":"","meta":{"_acf_changed":false},"product_cat":[364],"product_tag":[2927,1916,2925,2924,2928,2926,2929],"class_list":["product","first","instock","shipping-taxable","purchasable","product-type-variable"],"acf":[],"_links":{"self":[{"href":"https:\/\/mouldking.store\/es\/wp-json\/wp\/v2\/product\/26337","targetHints":{"allow":["GET"]}}],"collection":[{"href":"https:\/\/mouldking.store\/es\/wp-json\/wp\/v2\/product"}],"about":[{"href":"https:\/\/mouldking.store\/es\/wp-json\/wp\/v2\/types\/product"}],"replies":[{"embeddable":true,"href":"https:\/\/mouldking.store\/es\/wp-json\/wp\/v2\/comments?post=26337"}],"wp:featuredmedia":[{"embeddable":true,"href":"https:\/\/mouldking.store\/es\/wp-json\/wp\/v2\/media\/26338"}],"wp:attachment":[{"href":"https:\/\/mouldking.store\/es\/wp-json\/wp\/v2\/media?parent=26337"}],"wp:term":[{"taxonomy":"product_cat","embeddable":true,"href":"https:\/\/mouldking.store\/es\/wp-json\/wp\/v2\/product_cat?post=26337"},{"taxonomy":"product_tag","embeddable":true,"href":"https:\/\/mouldking.store\/es\/wp-json\/wp\/v2\/product_tag?post=26337"}],"curies":[{"name":"wp","href":"https:\/\/api.w.org\/{rel}","templated":true}]}}