{"id":26532,"date":"2021-11-03T12:44:59","date_gmt":"2021-11-03T05:44:59","guid":{"rendered":"https:\/\/mouldking.store\/?post_type=product&#038;p=26532"},"modified":"2025-12-25T09:17:10","modified_gmt":"2025-12-25T02:17:10","slug":"moc-35795-harry-potter-common-room-with-1260-pieces","status":"publish","type":"product","link":"https:\/\/mouldking.store\/es\/shop\/moc-35795-harry-potter-common-room-with-1260-pieces\/","title":{"rendered":"MOC-35795 Sala com\u00fan de Harry Potter con 1260 piezas"},"content":{"rendered":"<p>Informaci\u00f3n del Producto:<\/p>\n<ol>\n<li>Marca: MOC<\/li>\n<li>G\u00e9nero: Unisex<\/li>\n<li>Name: Harry Potter Common Room<\/li>\n<li>Rango de edad: &gt; 6 a\u00f1os<\/li>\n<li>Model Number: MOC-35795<\/li>\n<li>Clasificaci\u00f3n: Ensamblaje<\/li>\n<li>Forma de bloque de pl\u00e1stico: Ladrillos autoblocantes<\/li>\n<li>Material: Pl\u00e1stico<\/li>\n<li>Tipo de pl\u00e1stico: ABS<\/li>\n<li>Bricks Blocks: 1260 PCS<\/li>\n<li>Contiene instrucciones de montaje detalladas.<\/li>\n<\/ol>\n<p>Aviso:<br \/>\n1. Sin caja original, pero garantizamos que nuestros productos tienen garant\u00eda de calidad y un buen embalaje.<br \/>\n2. Como todas las piezas que hemos comprobado antes del env\u00edo, si encuentra que faltan piezas o est\u00e1n da\u00f1adas, no se preocupe y p\u00f3ngase en contacto con nosotros y podemos reenvi\u00e1rselas inmediatamente de forma gratuita.<\/p>\n<figure id=\"attachment_26533\" aria-describedby=\"caption-attachment-26533\" style=\"width: 800px\" class=\"wp-caption aligncenter\"><img fetchpriority=\"high\" decoding=\"async\" class=\"size-full wp-image-26533\" title=\"MOC-35795 Sala com\u00fan de Harry Potter con 1260 piezas\" src=\"https:\/\/mouldking.store\/wp-content\/uploads\/2021\/11\/moc-35795-harry-potter-common-room-with-1260-pieces.jpg\" alt=\"MOC-35795 Harry Potter Common Room with 1260 pieces\" width=\"800\" height=\"800\" srcset=\"https:\/\/mouldking.store\/wp-content\/uploads\/2021\/11\/moc-35795-harry-potter-common-room-with-1260-pieces.jpg 800w, https:\/\/mouldking.store\/wp-content\/uploads\/2021\/11\/moc-35795-harry-potter-common-room-with-1260-pieces-300x300.jpg 300w, https:\/\/mouldking.store\/wp-content\/uploads\/2021\/11\/moc-35795-harry-potter-common-room-with-1260-pieces-768x768.jpg 768w, https:\/\/mouldking.store\/wp-content\/uploads\/2021\/11\/moc-35795-harry-potter-common-room-with-1260-pieces-600x600.jpg 600w, https:\/\/mouldking.store\/wp-content\/uploads\/2021\/11\/moc-35795-harry-potter-common-room-with-1260-pieces-150x150.jpg 150w\" sizes=\"(max-width: 800px) 100vw, 800px\" \/><figcaption id=\"caption-attachment-26533\" class=\"wp-caption-text\">MOC-35795 Sala com\u00fan de Harry Potter con 1260 piezas<\/figcaption><\/figure>\n<figure id=\"attachment_26534\" aria-describedby=\"caption-attachment-26534\" style=\"width: 1000px\" class=\"wp-caption aligncenter\"><img decoding=\"async\" class=\"size-full wp-image-26534\" title=\"MOC-35795 Sala com\u00fan de Harry Potter con 1260 piezas\" src=\"https:\/\/mouldking.store\/wp-content\/uploads\/2021\/11\/moc-35795-harry-potter-common-room-with-1260-pieces-1.jpg\" alt=\"MOC-35795 Harry Potter Common Room with 1260 pieces\" width=\"1000\" height=\"1000\" srcset=\"https:\/\/mouldking.store\/wp-content\/uploads\/2021\/11\/moc-35795-harry-potter-common-room-with-1260-pieces-1.jpg 1000w, https:\/\/mouldking.store\/wp-content\/uploads\/2021\/11\/moc-35795-harry-potter-common-room-with-1260-pieces-1-300x300.jpg 300w, https:\/\/mouldking.store\/wp-content\/uploads\/2021\/11\/moc-35795-harry-potter-common-room-with-1260-pieces-1-768x768.jpg 768w, https:\/\/mouldking.store\/wp-content\/uploads\/2021\/11\/moc-35795-harry-potter-common-room-with-1260-pieces-1-600x600.jpg 600w, https:\/\/mouldking.store\/wp-content\/uploads\/2021\/11\/moc-35795-harry-potter-common-room-with-1260-pieces-1-150x150.jpg 150w\" sizes=\"(max-width: 1000px) 100vw, 1000px\" \/><figcaption id=\"caption-attachment-26534\" class=\"wp-caption-text\">MOC-35795 Sala com\u00fan de Harry Potter con 1260 piezas<\/figcaption><\/figure>\n<figure id=\"attachment_26535\" aria-describedby=\"caption-attachment-26535\" style=\"width: 1000px\" class=\"wp-caption aligncenter\"><img decoding=\"async\" class=\"size-full wp-image-26535\" title=\"MOC-35795 Sala com\u00fan de Harry Potter con 1260 piezas\" src=\"https:\/\/mouldking.store\/wp-content\/uploads\/2021\/11\/moc-35795-harry-potter-common-room-with-1260-pieces-2.jpg\" alt=\"MOC-35795 Harry Potter Common Room with 1260 pieces\" width=\"1000\" height=\"1000\" srcset=\"https:\/\/mouldking.store\/wp-content\/uploads\/2021\/11\/moc-35795-harry-potter-common-room-with-1260-pieces-2.jpg 1000w, https:\/\/mouldking.store\/wp-content\/uploads\/2021\/11\/moc-35795-harry-potter-common-room-with-1260-pieces-2-300x300.jpg 300w, https:\/\/mouldking.store\/wp-content\/uploads\/2021\/11\/moc-35795-harry-potter-common-room-with-1260-pieces-2-768x768.jpg 768w, https:\/\/mouldking.store\/wp-content\/uploads\/2021\/11\/moc-35795-harry-potter-common-room-with-1260-pieces-2-600x600.jpg 600w, https:\/\/mouldking.store\/wp-content\/uploads\/2021\/11\/moc-35795-harry-potter-common-room-with-1260-pieces-2-150x150.jpg 150w\" sizes=\"(max-width: 1000px) 100vw, 1000px\" \/><figcaption id=\"caption-attachment-26535\" class=\"wp-caption-text\">MOC-35795 Sala com\u00fan de Harry Potter con 1260 piezas<\/figcaption><\/figure>","protected":false},"excerpt":{"rendered":"<p>Product information: Brand: MOC Gender: Unisex Name: Harry Potter Common Room Age Range: &gt; 6 years old Model Number: MOC-35795 Classification: Assemblage Plastic Block Shape: Self-Locking Bricks Material: Plastic Plastic Type: ABS Bricks Blocks: 1260 PCS Contains detailed assembly instructions. Notice: 1. Without an original box, but we guarantee our products have quality assurance and [&hellip;]<\/p>","protected":false},"featured_media":26536,"comment_status":"open","ping_status":"closed","template":"","meta":{"_acf_changed":false},"product_cat":[581],"product_tag":[3051,3050],"class_list":["product","first","instock","shipping-taxable","purchasable","product-type-simple"],"acf":[],"_links":{"self":[{"href":"https:\/\/mouldking.store\/es\/wp-json\/wp\/v2\/product\/26532","targetHints":{"allow":["GET"]}}],"collection":[{"href":"https:\/\/mouldking.store\/es\/wp-json\/wp\/v2\/product"}],"about":[{"href":"https:\/\/mouldking.store\/es\/wp-json\/wp\/v2\/types\/product"}],"replies":[{"embeddable":true,"href":"https:\/\/mouldking.store\/es\/wp-json\/wp\/v2\/comments?post=26532"}],"wp:featuredmedia":[{"embeddable":true,"href":"https:\/\/mouldking.store\/es\/wp-json\/wp\/v2\/media\/26536"}],"wp:attachment":[{"href":"https:\/\/mouldking.store\/es\/wp-json\/wp\/v2\/media?parent=26532"}],"wp:term":[{"taxonomy":"product_cat","embeddable":true,"href":"https:\/\/mouldking.store\/es\/wp-json\/wp\/v2\/product_cat?post=26532"},{"taxonomy":"product_tag","embeddable":true,"href":"https:\/\/mouldking.store\/es\/wp-json\/wp\/v2\/product_tag?post=26532"}],"curies":[{"name":"wp","href":"https:\/\/api.w.org\/{rel}","templated":true}]}}