{"id":26563,"date":"2021-11-04T02:56:35","date_gmt":"2021-11-04T02:56:35","guid":{"rendered":"https:\/\/mouldking.store\/?post_type=product&#038;p=26563"},"modified":"2021-12-23T09:40:50","modified_gmt":"2021-12-23T09:40:50","slug":"wange-5229-turkish-maiden-tower-with-909-pieces","status":"publish","type":"product","link":"https:\/\/mouldking.store\/es\/shop\/wange-5229-turkish-maiden-tower-with-909-pieces\/","title":{"rendered":"WANGE 5229 Torre de la doncella turca con 909 piezas"},"content":{"rendered":"<p>Informaci\u00f3n del Producto:<\/p>\n<ol>\n<li>Marca: WANGE<\/li>\n<li>G\u00e9nero: Unisex<\/li>\n<li>Nombre: Torre de la doncella turca<\/li>\n<li>Rango de edad: &gt; 6 a\u00f1os<\/li>\n<li>N\u00famero de modelo: 5229<\/li>\n<li>Clasificaci\u00f3n: Ensamblaje<\/li>\n<li>Forma de bloque de pl\u00e1stico: Ladrillos autoblocantes<\/li>\n<li>Material: Pl\u00e1stico<\/li>\n<li>Tipo de pl\u00e1stico: ABS<\/li>\n<li>Bloques de ladrillos: 909 PCS<\/li>\n<li>Contiene instrucciones de montaje detalladas.<\/li>\n<\/ol>\n<p>Aviso:<br \/>\n1. Sin caja original, pero garantizamos que nuestros productos tienen garant\u00eda de calidad y un buen embalaje.<br \/>\n2. Como todas las piezas que hemos comprobado antes del env\u00edo, si encuentra que faltan piezas o est\u00e1n da\u00f1adas, no se preocupe y p\u00f3ngase en contacto con nosotros y podemos reenvi\u00e1rselas inmediatamente de forma gratuita.<\/p>\n<figure id=\"attachment_26564\" aria-describedby=\"caption-attachment-26564\" style=\"width: 750px\" class=\"wp-caption aligncenter\"><img fetchpriority=\"high\" decoding=\"async\" class=\"wp-image-26564 size-full\" src=\"https:\/\/mouldking.store\/wp-content\/uploads\/2021\/11\/MODULAR-BUILDING-WANGE-5229-Turkish-Maiden-Tower-3.jpg\" alt=\"WANGE 5229 Turkish Maiden Tower with 909 pieces\" width=\"750\" height=\"762\" title=\"-\" srcset=\"https:\/\/mouldking.store\/wp-content\/uploads\/2021\/11\/MODULAR-BUILDING-WANGE-5229-Turkish-Maiden-Tower-3.jpg 750w, https:\/\/mouldking.store\/wp-content\/uploads\/2021\/11\/MODULAR-BUILDING-WANGE-5229-Turkish-Maiden-Tower-3-295x300.jpg 295w, https:\/\/mouldking.store\/wp-content\/uploads\/2021\/11\/MODULAR-BUILDING-WANGE-5229-Turkish-Maiden-Tower-3-300x305.jpg 300w, https:\/\/mouldking.store\/wp-content\/uploads\/2021\/11\/MODULAR-BUILDING-WANGE-5229-Turkish-Maiden-Tower-3-600x610.jpg 600w, https:\/\/mouldking.store\/wp-content\/uploads\/2021\/11\/MODULAR-BUILDING-WANGE-5229-Turkish-Maiden-Tower-3-148x150.jpg 148w\" sizes=\"(max-width: 750px) 100vw, 750px\" \/><figcaption id=\"caption-attachment-26564\" class=\"wp-caption-text\">WANGE 5229 Torre de la doncella turca con 909 piezas<\/figcaption><\/figure>\n<figure id=\"attachment_26569\" aria-describedby=\"caption-attachment-26569\" style=\"width: 722px\" class=\"wp-caption aligncenter\"><img decoding=\"async\" class=\"wp-image-26569 size-full\" src=\"https:\/\/mouldking.store\/wp-content\/uploads\/2021\/11\/MODULAR-BUILDING-WANGE-5229-Turkish-Maiden-Tower-6.jpg\" alt=\"WANGE 5229 Turkish Maiden Tower with 909 pieces\" width=\"722\" height=\"1024\" title=\"-\" srcset=\"https:\/\/mouldking.store\/wp-content\/uploads\/2021\/11\/MODULAR-BUILDING-WANGE-5229-Turkish-Maiden-Tower-6.jpg 722w, https:\/\/mouldking.store\/wp-content\/uploads\/2021\/11\/MODULAR-BUILDING-WANGE-5229-Turkish-Maiden-Tower-6-212x300.jpg 212w, https:\/\/mouldking.store\/wp-content\/uploads\/2021\/11\/MODULAR-BUILDING-WANGE-5229-Turkish-Maiden-Tower-6-300x425.jpg 300w, https:\/\/mouldking.store\/wp-content\/uploads\/2021\/11\/MODULAR-BUILDING-WANGE-5229-Turkish-Maiden-Tower-6-600x851.jpg 600w, https:\/\/mouldking.store\/wp-content\/uploads\/2021\/11\/MODULAR-BUILDING-WANGE-5229-Turkish-Maiden-Tower-6-106x150.jpg 106w\" sizes=\"(max-width: 722px) 100vw, 722px\" \/><figcaption id=\"caption-attachment-26569\" class=\"wp-caption-text\">WANGE 5229 Torre de la doncella turca con 909 piezas<\/figcaption><\/figure>\n<figure id=\"attachment_26570\" aria-describedby=\"caption-attachment-26570\" style=\"width: 698px\" class=\"wp-caption aligncenter\"><img decoding=\"async\" class=\"wp-image-26570 size-full\" src=\"https:\/\/mouldking.store\/wp-content\/uploads\/2021\/11\/MODULAR-BUILDING-WANGE-5229-Turkish-Maiden-Tower-7.jpg\" alt=\"WANGE 5229 Turkish Maiden Tower with 909 pieces\" width=\"698\" height=\"1024\" title=\"-\" srcset=\"https:\/\/mouldking.store\/wp-content\/uploads\/2021\/11\/MODULAR-BUILDING-WANGE-5229-Turkish-Maiden-Tower-7.jpg 698w, https:\/\/mouldking.store\/wp-content\/uploads\/2021\/11\/MODULAR-BUILDING-WANGE-5229-Turkish-Maiden-Tower-7-204x300.jpg 204w, https:\/\/mouldking.store\/wp-content\/uploads\/2021\/11\/MODULAR-BUILDING-WANGE-5229-Turkish-Maiden-Tower-7-300x440.jpg 300w, https:\/\/mouldking.store\/wp-content\/uploads\/2021\/11\/MODULAR-BUILDING-WANGE-5229-Turkish-Maiden-Tower-7-600x880.jpg 600w, https:\/\/mouldking.store\/wp-content\/uploads\/2021\/11\/MODULAR-BUILDING-WANGE-5229-Turkish-Maiden-Tower-7-102x150.jpg 102w\" sizes=\"(max-width: 698px) 100vw, 698px\" \/><figcaption id=\"caption-attachment-26570\" class=\"wp-caption-text\">WANGE 5229 Torre de la doncella turca con 909 piezas<\/figcaption><\/figure>\n<figure id=\"attachment_26571\" aria-describedby=\"caption-attachment-26571\" style=\"width: 750px\" class=\"wp-caption aligncenter\"><img loading=\"lazy\" decoding=\"async\" class=\"wp-image-26571 size-full\" src=\"https:\/\/mouldking.store\/wp-content\/uploads\/2021\/11\/MODULAR-BUILDING-WANGE-5229-Turkish-Maiden-Tower-8.jpg\" alt=\"WANGE 5229 Turkish Maiden Tower with 909 pieces\" width=\"750\" height=\"825\" title=\"-\" srcset=\"https:\/\/mouldking.store\/wp-content\/uploads\/2021\/11\/MODULAR-BUILDING-WANGE-5229-Turkish-Maiden-Tower-8.jpg 750w, https:\/\/mouldking.store\/wp-content\/uploads\/2021\/11\/MODULAR-BUILDING-WANGE-5229-Turkish-Maiden-Tower-8-273x300.jpg 273w, https:\/\/mouldking.store\/wp-content\/uploads\/2021\/11\/MODULAR-BUILDING-WANGE-5229-Turkish-Maiden-Tower-8-300x330.jpg 300w, https:\/\/mouldking.store\/wp-content\/uploads\/2021\/11\/MODULAR-BUILDING-WANGE-5229-Turkish-Maiden-Tower-8-600x660.jpg 600w, https:\/\/mouldking.store\/wp-content\/uploads\/2021\/11\/MODULAR-BUILDING-WANGE-5229-Turkish-Maiden-Tower-8-136x150.jpg 136w\" sizes=\"(max-width: 750px) 100vw, 750px\" \/><figcaption id=\"caption-attachment-26571\" class=\"wp-caption-text\">WANGE 5229 Torre de la doncella turca con 909 piezas<\/figcaption><\/figure>\n<figure id=\"attachment_26572\" aria-describedby=\"caption-attachment-26572\" style=\"width: 627px\" class=\"wp-caption aligncenter\"><img loading=\"lazy\" decoding=\"async\" class=\"wp-image-26572 size-full\" src=\"https:\/\/mouldking.store\/wp-content\/uploads\/2021\/11\/MODULAR-BUILDING-WANGE-5229-Turkish-Maiden-Tower-2.jpg\" alt=\"WANGE 5229 Turkish Maiden Tower with 909 pieces\" width=\"627\" height=\"1024\" title=\"-\" srcset=\"https:\/\/mouldking.store\/wp-content\/uploads\/2021\/11\/MODULAR-BUILDING-WANGE-5229-Turkish-Maiden-Tower-2.jpg 627w, https:\/\/mouldking.store\/wp-content\/uploads\/2021\/11\/MODULAR-BUILDING-WANGE-5229-Turkish-Maiden-Tower-2-184x300.jpg 184w, https:\/\/mouldking.store\/wp-content\/uploads\/2021\/11\/MODULAR-BUILDING-WANGE-5229-Turkish-Maiden-Tower-2-300x490.jpg 300w, https:\/\/mouldking.store\/wp-content\/uploads\/2021\/11\/MODULAR-BUILDING-WANGE-5229-Turkish-Maiden-Tower-2-600x980.jpg 600w, https:\/\/mouldking.store\/wp-content\/uploads\/2021\/11\/MODULAR-BUILDING-WANGE-5229-Turkish-Maiden-Tower-2-92x150.jpg 92w\" sizes=\"(max-width: 627px) 100vw, 627px\" \/><figcaption id=\"caption-attachment-26572\" class=\"wp-caption-text\">WANGE 5229 Torre de la doncella turca con 909 piezas<\/figcaption><\/figure>\n<figure id=\"attachment_26567\" aria-describedby=\"caption-attachment-26567\" style=\"width: 750px\" class=\"wp-caption aligncenter\"><img loading=\"lazy\" decoding=\"async\" class=\"wp-image-26567 size-full\" src=\"https:\/\/mouldking.store\/wp-content\/uploads\/2021\/11\/MODULAR-BUILDING-WANGE-5229-Turkish-Maiden-Tower-4.jpg\" alt=\"WANGE 5229 Turkish Maiden Tower with 909 pieces\" width=\"750\" height=\"728\" title=\"-\" srcset=\"https:\/\/mouldking.store\/wp-content\/uploads\/2021\/11\/MODULAR-BUILDING-WANGE-5229-Turkish-Maiden-Tower-4.jpg 750w, https:\/\/mouldking.store\/wp-content\/uploads\/2021\/11\/MODULAR-BUILDING-WANGE-5229-Turkish-Maiden-Tower-4-300x291.jpg 300w, https:\/\/mouldking.store\/wp-content\/uploads\/2021\/11\/MODULAR-BUILDING-WANGE-5229-Turkish-Maiden-Tower-4-600x582.jpg 600w, https:\/\/mouldking.store\/wp-content\/uploads\/2021\/11\/MODULAR-BUILDING-WANGE-5229-Turkish-Maiden-Tower-4-150x146.jpg 150w\" sizes=\"(max-width: 750px) 100vw, 750px\" \/><figcaption id=\"caption-attachment-26567\" class=\"wp-caption-text\">WANGE 5229 Torre de la doncella turca con 909 piezas<\/figcaption><\/figure>\n<figure id=\"attachment_26566\" aria-describedby=\"caption-attachment-26566\" style=\"width: 618px\" class=\"wp-caption aligncenter\"><img loading=\"lazy\" decoding=\"async\" class=\"wp-image-26566 size-full\" src=\"https:\/\/mouldking.store\/wp-content\/uploads\/2021\/11\/MODULAR-BUILDING-WANGE-5229-Turkish-Maiden-Tower-10.jpg\" alt=\"WANGE 5229 Turkish Maiden Tower with 909 pieces\" width=\"618\" height=\"1024\" title=\"-\" srcset=\"https:\/\/mouldking.store\/wp-content\/uploads\/2021\/11\/MODULAR-BUILDING-WANGE-5229-Turkish-Maiden-Tower-10.jpg 618w, https:\/\/mouldking.store\/wp-content\/uploads\/2021\/11\/MODULAR-BUILDING-WANGE-5229-Turkish-Maiden-Tower-10-181x300.jpg 181w, https:\/\/mouldking.store\/wp-content\/uploads\/2021\/11\/MODULAR-BUILDING-WANGE-5229-Turkish-Maiden-Tower-10-300x497.jpg 300w, https:\/\/mouldking.store\/wp-content\/uploads\/2021\/11\/MODULAR-BUILDING-WANGE-5229-Turkish-Maiden-Tower-10-600x994.jpg 600w, https:\/\/mouldking.store\/wp-content\/uploads\/2021\/11\/MODULAR-BUILDING-WANGE-5229-Turkish-Maiden-Tower-10-91x150.jpg 91w\" sizes=\"(max-width: 618px) 100vw, 618px\" \/><figcaption id=\"caption-attachment-26566\" class=\"wp-caption-text\">WANGE 5229 Torre de la doncella turca con 909 piezas<\/figcaption><\/figure>\n<figure id=\"attachment_26568\" aria-describedby=\"caption-attachment-26568\" style=\"width: 746px\" class=\"wp-caption aligncenter\"><img loading=\"lazy\" decoding=\"async\" class=\"wp-image-26568 size-full\" src=\"https:\/\/mouldking.store\/wp-content\/uploads\/2021\/11\/MODULAR-BUILDING-WANGE-5229-Turkish-Maiden-Tower-5.jpg\" alt=\"WANGE 5229 Turkish Maiden Tower with 909 pieces\" width=\"746\" height=\"1024\" title=\"-\" srcset=\"https:\/\/mouldking.store\/wp-content\/uploads\/2021\/11\/MODULAR-BUILDING-WANGE-5229-Turkish-Maiden-Tower-5.jpg 746w, https:\/\/mouldking.store\/wp-content\/uploads\/2021\/11\/MODULAR-BUILDING-WANGE-5229-Turkish-Maiden-Tower-5-219x300.jpg 219w, https:\/\/mouldking.store\/wp-content\/uploads\/2021\/11\/MODULAR-BUILDING-WANGE-5229-Turkish-Maiden-Tower-5-300x412.jpg 300w, https:\/\/mouldking.store\/wp-content\/uploads\/2021\/11\/MODULAR-BUILDING-WANGE-5229-Turkish-Maiden-Tower-5-600x824.jpg 600w, https:\/\/mouldking.store\/wp-content\/uploads\/2021\/11\/MODULAR-BUILDING-WANGE-5229-Turkish-Maiden-Tower-5-109x150.jpg 109w\" sizes=\"(max-width: 746px) 100vw, 746px\" \/><figcaption id=\"caption-attachment-26568\" class=\"wp-caption-text\">WANGE 5229 Torre de la doncella turca con 909 piezas<\/figcaption><\/figure>","protected":false},"excerpt":{"rendered":"<p>Product information: Brand: WANGE Gender: Unisex Name: Turkish Maiden Tower Age Range: &gt; 6 years old Model Number: 5229 Classification: Assemblage Plastic Block Shape: Self-Locking Bricks Material: Plastic Plastic Type: ABS Bricks Blocks: 909 PCS Contains detailed assembly instructions. Notice: 1. Without an original box, but we guarantee our products have quality assurance and nice [&hellip;]<\/p>","protected":false},"featured_media":26580,"comment_status":"open","ping_status":"closed","template":"","meta":{"_acf_changed":false},"product_cat":[390],"product_tag":[3070,2302,3069,3068,3066,3065,3064,3067],"class_list":["product","first","instock","shipping-taxable","purchasable","product-type-simple"],"acf":[],"_links":{"self":[{"href":"https:\/\/mouldking.store\/es\/wp-json\/wp\/v2\/product\/26563","targetHints":{"allow":["GET"]}}],"collection":[{"href":"https:\/\/mouldking.store\/es\/wp-json\/wp\/v2\/product"}],"about":[{"href":"https:\/\/mouldking.store\/es\/wp-json\/wp\/v2\/types\/product"}],"replies":[{"embeddable":true,"href":"https:\/\/mouldking.store\/es\/wp-json\/wp\/v2\/comments?post=26563"}],"wp:featuredmedia":[{"embeddable":true,"href":"https:\/\/mouldking.store\/es\/wp-json\/wp\/v2\/media\/26580"}],"wp:attachment":[{"href":"https:\/\/mouldking.store\/es\/wp-json\/wp\/v2\/media?parent=26563"}],"wp:term":[{"taxonomy":"product_cat","embeddable":true,"href":"https:\/\/mouldking.store\/es\/wp-json\/wp\/v2\/product_cat?post=26563"},{"taxonomy":"product_tag","embeddable":true,"href":"https:\/\/mouldking.store\/es\/wp-json\/wp\/v2\/product_tag?post=26563"}],"curies":[{"name":"wp","href":"https:\/\/api.w.org\/{rel}","templated":true}]}}