{"id":26799,"date":"2021-11-05T02:10:23","date_gmt":"2021-11-05T02:10:23","guid":{"rendered":"https:\/\/mouldking.store\/?post_type=product&#038;p=26799"},"modified":"2023-12-06T16:48:40","modified_gmt":"2023-12-06T09:48:40","slug":"jie-star-89125-weapon-museum-with-3535-pieces","status":"publish","type":"product","link":"https:\/\/mouldking.store\/es\/shop\/jie-star-89125-weapon-museum-with-3535-pieces\/","title":{"rendered":"Museo de Armas JIE STAR 89125 con 3535 piezas"},"content":{"rendered":"<p>Informaci\u00f3n del Producto:<\/p>\n<ol>\n<li>Marca: JIE STAR<\/li>\n<li>G\u00e9nero: Unisex<\/li>\n<li>Name: Weapon Museum<\/li>\n<li>Rango de edad: &gt; 6 a\u00f1os<\/li>\n<li>Model Number: 89125<\/li>\n<li>Clasificaci\u00f3n: Ensamblaje<\/li>\n<li>Forma de bloque de pl\u00e1stico: Ladrillos autoblocantes<\/li>\n<li>Material: Pl\u00e1stico<\/li>\n<li>Tipo de pl\u00e1stico: ABS<\/li>\n<li>Bricks Blocks: 3535 PCS<\/li>\n<li>Contiene instrucciones de montaje detalladas.<\/li>\n<\/ol>\n<p>Aviso:<br \/>\n1. Sin caja original, pero garantizamos que nuestros productos tienen garant\u00eda de calidad y un buen embalaje.<br \/>\n2. Como todas las piezas que hemos comprobado antes del env\u00edo, si encuentra que faltan piezas o est\u00e1n da\u00f1adas, no se preocupe y p\u00f3ngase en contacto con nosotros y podemos reenvi\u00e1rselas inmediatamente de forma gratuita.<\/p>\n<figure id=\"attachment_26804\" aria-describedby=\"caption-attachment-26804\" style=\"width: 800px\" class=\"wp-caption aligncenter\"><img fetchpriority=\"high\" decoding=\"async\" class=\"wp-image-26804 size-full\" src=\"https:\/\/mouldking.store\/wp-content\/uploads\/2021\/11\/JIE-STAR-89125-Weapon-Museum-with-3535-pieces-1.jpg\" alt=\"JIE STAR 89125 Weapon Museum with 3535 pieces\" width=\"800\" height=\"800\" title=\"-\" srcset=\"https:\/\/mouldking.store\/wp-content\/uploads\/2021\/11\/JIE-STAR-89125-Weapon-Museum-with-3535-pieces-1.jpg 800w, https:\/\/mouldking.store\/wp-content\/uploads\/2021\/11\/JIE-STAR-89125-Weapon-Museum-with-3535-pieces-1-300x300.jpg 300w, https:\/\/mouldking.store\/wp-content\/uploads\/2021\/11\/JIE-STAR-89125-Weapon-Museum-with-3535-pieces-1-768x768.jpg 768w, https:\/\/mouldking.store\/wp-content\/uploads\/2021\/11\/JIE-STAR-89125-Weapon-Museum-with-3535-pieces-1-600x600.jpg 600w, https:\/\/mouldking.store\/wp-content\/uploads\/2021\/11\/JIE-STAR-89125-Weapon-Museum-with-3535-pieces-1-150x150.jpg 150w\" sizes=\"(max-width: 800px) 100vw, 800px\" \/><figcaption id=\"caption-attachment-26804\" class=\"wp-caption-text\">Museo de Armas JIE STAR 89125 con 3535 piezas<\/figcaption><\/figure>\n<figure id=\"attachment_26810\" aria-describedby=\"caption-attachment-26810\" style=\"width: 790px\" class=\"wp-caption aligncenter\"><img decoding=\"async\" class=\"wp-image-26810 size-full\" src=\"https:\/\/mouldking.store\/wp-content\/uploads\/2021\/11\/JIE-STAR-89125-Weapon-Museum-with-3535-pieces-7.jpg\" alt=\"JIE STAR 89125 Weapon Museum with 3535 pieces\" width=\"790\" height=\"974\" title=\"-\" srcset=\"https:\/\/mouldking.store\/wp-content\/uploads\/2021\/11\/JIE-STAR-89125-Weapon-Museum-with-3535-pieces-7.jpg 790w, https:\/\/mouldking.store\/wp-content\/uploads\/2021\/11\/JIE-STAR-89125-Weapon-Museum-with-3535-pieces-7-243x300.jpg 243w, https:\/\/mouldking.store\/wp-content\/uploads\/2021\/11\/JIE-STAR-89125-Weapon-Museum-with-3535-pieces-7-768x947.jpg 768w, https:\/\/mouldking.store\/wp-content\/uploads\/2021\/11\/JIE-STAR-89125-Weapon-Museum-with-3535-pieces-7-300x370.jpg 300w, https:\/\/mouldking.store\/wp-content\/uploads\/2021\/11\/JIE-STAR-89125-Weapon-Museum-with-3535-pieces-7-600x740.jpg 600w, https:\/\/mouldking.store\/wp-content\/uploads\/2021\/11\/JIE-STAR-89125-Weapon-Museum-with-3535-pieces-7-122x150.jpg 122w\" sizes=\"(max-width: 790px) 100vw, 790px\" \/><figcaption id=\"caption-attachment-26810\" class=\"wp-caption-text\">Museo de Armas JIE STAR 89125 con 3535 piezas<\/figcaption><\/figure>\n<figure id=\"attachment_26806\" aria-describedby=\"caption-attachment-26806\" style=\"width: 790px\" class=\"wp-caption aligncenter\"><img decoding=\"async\" class=\"wp-image-26806 size-full\" src=\"https:\/\/mouldking.store\/wp-content\/uploads\/2021\/11\/JIE-STAR-89125-Weapon-Museum-with-3535-pieces-3.jpg\" alt=\"JIE STAR 89125 Weapon Museum with 3535 pieces\" width=\"790\" height=\"929\" title=\"-\" srcset=\"https:\/\/mouldking.store\/wp-content\/uploads\/2021\/11\/JIE-STAR-89125-Weapon-Museum-with-3535-pieces-3.jpg 790w, https:\/\/mouldking.store\/wp-content\/uploads\/2021\/11\/JIE-STAR-89125-Weapon-Museum-with-3535-pieces-3-255x300.jpg 255w, https:\/\/mouldking.store\/wp-content\/uploads\/2021\/11\/JIE-STAR-89125-Weapon-Museum-with-3535-pieces-3-768x903.jpg 768w, https:\/\/mouldking.store\/wp-content\/uploads\/2021\/11\/JIE-STAR-89125-Weapon-Museum-with-3535-pieces-3-300x353.jpg 300w, https:\/\/mouldking.store\/wp-content\/uploads\/2021\/11\/JIE-STAR-89125-Weapon-Museum-with-3535-pieces-3-600x706.jpg 600w, https:\/\/mouldking.store\/wp-content\/uploads\/2021\/11\/JIE-STAR-89125-Weapon-Museum-with-3535-pieces-3-128x150.jpg 128w\" sizes=\"(max-width: 790px) 100vw, 790px\" \/><figcaption id=\"caption-attachment-26806\" class=\"wp-caption-text\">Museo de Armas JIE STAR 89125 con 3535 piezas<\/figcaption><\/figure>\n<figure id=\"attachment_26808\" aria-describedby=\"caption-attachment-26808\" style=\"width: 584px\" class=\"wp-caption aligncenter\"><img loading=\"lazy\" decoding=\"async\" class=\"wp-image-26808 size-full\" src=\"https:\/\/mouldking.store\/wp-content\/uploads\/2021\/11\/JIE-STAR-89125-Weapon-Museum-with-3535-pieces-5.jpg\" alt=\"JIE STAR 89125 Weapon Museum with 3535 pieces\" width=\"584\" height=\"1024\" title=\"-\" srcset=\"https:\/\/mouldking.store\/wp-content\/uploads\/2021\/11\/JIE-STAR-89125-Weapon-Museum-with-3535-pieces-5.jpg 584w, https:\/\/mouldking.store\/wp-content\/uploads\/2021\/11\/JIE-STAR-89125-Weapon-Museum-with-3535-pieces-5-171x300.jpg 171w, https:\/\/mouldking.store\/wp-content\/uploads\/2021\/11\/JIE-STAR-89125-Weapon-Museum-with-3535-pieces-5-300x526.jpg 300w, https:\/\/mouldking.store\/wp-content\/uploads\/2021\/11\/JIE-STAR-89125-Weapon-Museum-with-3535-pieces-5-86x150.jpg 86w\" sizes=\"(max-width: 584px) 100vw, 584px\" \/><figcaption id=\"caption-attachment-26808\" class=\"wp-caption-text\">Museo de Armas JIE STAR 89125 con 3535 piezas<\/figcaption><\/figure>\n<figure id=\"attachment_26807\" aria-describedby=\"caption-attachment-26807\" style=\"width: 430px\" class=\"wp-caption aligncenter\"><img loading=\"lazy\" decoding=\"async\" class=\"wp-image-26807 size-full\" src=\"https:\/\/mouldking.store\/wp-content\/uploads\/2021\/11\/JIE-STAR-89125-Weapon-Museum-with-3535-pieces-4.jpg\" alt=\"JIE STAR 89125 Weapon Museum with 3535 pieces\" width=\"430\" height=\"1024\" title=\"-\" srcset=\"https:\/\/mouldking.store\/wp-content\/uploads\/2021\/11\/JIE-STAR-89125-Weapon-Museum-with-3535-pieces-4.jpg 430w, https:\/\/mouldking.store\/wp-content\/uploads\/2021\/11\/JIE-STAR-89125-Weapon-Museum-with-3535-pieces-4-126x300.jpg 126w, https:\/\/mouldking.store\/wp-content\/uploads\/2021\/11\/JIE-STAR-89125-Weapon-Museum-with-3535-pieces-4-300x714.jpg 300w, https:\/\/mouldking.store\/wp-content\/uploads\/2021\/11\/JIE-STAR-89125-Weapon-Museum-with-3535-pieces-4-63x150.jpg 63w\" sizes=\"(max-width: 430px) 100vw, 430px\" \/><figcaption id=\"caption-attachment-26807\" class=\"wp-caption-text\">Museo de Armas JIE STAR 89125 con 3535 piezas<\/figcaption><\/figure>\n<figure id=\"attachment_26809\" aria-describedby=\"caption-attachment-26809\" style=\"width: 553px\" class=\"wp-caption aligncenter\"><img loading=\"lazy\" decoding=\"async\" class=\"wp-image-26809 size-full\" src=\"https:\/\/mouldking.store\/wp-content\/uploads\/2021\/11\/JIE-STAR-89125-Weapon-Museum-with-3535-pieces-6.jpg\" alt=\"JIE STAR 89125 Weapon Museum with 3535 pieces\" width=\"553\" height=\"1024\" title=\"-\" srcset=\"https:\/\/mouldking.store\/wp-content\/uploads\/2021\/11\/JIE-STAR-89125-Weapon-Museum-with-3535-pieces-6.jpg 553w, https:\/\/mouldking.store\/wp-content\/uploads\/2021\/11\/JIE-STAR-89125-Weapon-Museum-with-3535-pieces-6-162x300.jpg 162w, https:\/\/mouldking.store\/wp-content\/uploads\/2021\/11\/JIE-STAR-89125-Weapon-Museum-with-3535-pieces-6-300x556.jpg 300w, https:\/\/mouldking.store\/wp-content\/uploads\/2021\/11\/JIE-STAR-89125-Weapon-Museum-with-3535-pieces-6-81x150.jpg 81w\" sizes=\"(max-width: 553px) 100vw, 553px\" \/><figcaption id=\"caption-attachment-26809\" class=\"wp-caption-text\">Museo de Armas JIE STAR 89125 con 3535 piezas<\/figcaption><\/figure>\n<figure id=\"attachment_26805\" aria-describedby=\"caption-attachment-26805\" style=\"width: 800px\" class=\"wp-caption aligncenter\"><img loading=\"lazy\" decoding=\"async\" class=\"wp-image-26805 size-full\" src=\"https:\/\/mouldking.store\/wp-content\/uploads\/2021\/11\/JIE-STAR-89125-Weapon-Museum-with-3535-pieces-2.jpg\" alt=\"JIE STAR 89125 Weapon Museum with 3535 pieces\" width=\"800\" height=\"800\" title=\"-\" srcset=\"https:\/\/mouldking.store\/wp-content\/uploads\/2021\/11\/JIE-STAR-89125-Weapon-Museum-with-3535-pieces-2.jpg 800w, https:\/\/mouldking.store\/wp-content\/uploads\/2021\/11\/JIE-STAR-89125-Weapon-Museum-with-3535-pieces-2-300x300.jpg 300w, https:\/\/mouldking.store\/wp-content\/uploads\/2021\/11\/JIE-STAR-89125-Weapon-Museum-with-3535-pieces-2-768x768.jpg 768w, https:\/\/mouldking.store\/wp-content\/uploads\/2021\/11\/JIE-STAR-89125-Weapon-Museum-with-3535-pieces-2-600x600.jpg 600w, https:\/\/mouldking.store\/wp-content\/uploads\/2021\/11\/JIE-STAR-89125-Weapon-Museum-with-3535-pieces-2-150x150.jpg 150w\" sizes=\"(max-width: 800px) 100vw, 800px\" \/><figcaption id=\"caption-attachment-26805\" class=\"wp-caption-text\">Museo de Armas JIE STAR 89125 con 3535 piezas<\/figcaption><\/figure>","protected":false},"excerpt":{"rendered":"<p>Product information: Brand: JIE STAR Gender: Unisex Name: Weapon Museum Age Range: &gt; 6 years old Model Number: 89125 Classification: Assemblage Plastic Block Shape: Self-Locking Bricks Material: Plastic Plastic Type: ABS Bricks Blocks: 3535 PCS Contains detailed assembly instructions. Notice: 1. Without an original box, but we guarantee our products have quality assurance and nice [&hellip;]<\/p>","protected":false},"featured_media":26804,"comment_status":"open","ping_status":"closed","template":"","meta":{"_acf_changed":false},"product_cat":[390],"product_tag":[3238,3237,3240,3242,3241,3244,3243,3239],"class_list":["product","first","outofstock","shipping-taxable","purchasable","product-type-simple"],"acf":[],"_links":{"self":[{"href":"https:\/\/mouldking.store\/es\/wp-json\/wp\/v2\/product\/26799","targetHints":{"allow":["GET"]}}],"collection":[{"href":"https:\/\/mouldking.store\/es\/wp-json\/wp\/v2\/product"}],"about":[{"href":"https:\/\/mouldking.store\/es\/wp-json\/wp\/v2\/types\/product"}],"replies":[{"embeddable":true,"href":"https:\/\/mouldking.store\/es\/wp-json\/wp\/v2\/comments?post=26799"}],"wp:featuredmedia":[{"embeddable":true,"href":"https:\/\/mouldking.store\/es\/wp-json\/wp\/v2\/media\/26804"}],"wp:attachment":[{"href":"https:\/\/mouldking.store\/es\/wp-json\/wp\/v2\/media?parent=26799"}],"wp:term":[{"taxonomy":"product_cat","embeddable":true,"href":"https:\/\/mouldking.store\/es\/wp-json\/wp\/v2\/product_cat?post=26799"},{"taxonomy":"product_tag","embeddable":true,"href":"https:\/\/mouldking.store\/es\/wp-json\/wp\/v2\/product_tag?post=26799"}],"curies":[{"name":"wp","href":"https:\/\/api.w.org\/{rel}","templated":true}]}}