{"id":27161,"date":"2021-11-12T02:28:21","date_gmt":"2021-11-11T19:28:21","guid":{"rendered":"https:\/\/mouldking.store\/?post_type=product&#038;p=27161"},"modified":"2023-04-17T20:14:51","modified_gmt":"2023-04-17T13:14:51","slug":"18k-k107-republic-attack-cruiser-with-944-pieces","status":"publish","type":"product","link":"https:\/\/mouldking.store\/es\/shop\/18k-k107-republic-attack-cruiser-with-944-pieces\/","title":{"rendered":"18K K107 Republic Attack Cruiser con 944 piezas"},"content":{"rendered":"<p>Informaci\u00f3n del Producto:<\/p>\n<ol>\n<li>Marca: 18K<\/li>\n<li>G\u00e9nero: Unisex<\/li>\n<li>Name: Republic Attack Cruiser<\/li>\n<li>Rango de edad: &gt; 6 a\u00f1os<\/li>\n<li>Model Number: K107<\/li>\n<li>Clasificaci\u00f3n: Ensamblaje<\/li>\n<li>Forma de bloque de pl\u00e1stico: Ladrillos autoblocantes<\/li>\n<li>Material: Pl\u00e1stico<\/li>\n<li>Tipo de pl\u00e1stico: ABS<\/li>\n<li>Bricks Blocks: 944 PCS<\/li>\n<li>Contiene instrucciones de montaje detalladas.<\/li>\n<\/ol>\n<p>Aviso:<br \/>\n1. Sin caja original, pero garantizamos que nuestros productos tienen garant\u00eda de calidad y un buen embalaje.<br \/>\n2. Como todas las piezas que hemos comprobado antes del env\u00edo, si encuentra que faltan piezas o est\u00e1n da\u00f1adas, no se preocupe y p\u00f3ngase en contacto con nosotros y podemos reenvi\u00e1rselas inmediatamente de forma gratuita.<\/p>\n<figure id=\"attachment_27162\" aria-describedby=\"caption-attachment-27162\" style=\"width: 800px\" class=\"wp-caption aligncenter\"><img fetchpriority=\"high\" decoding=\"async\" class=\"wp-image-27162 size-full\" src=\"https:\/\/mouldking.store\/wp-content\/uploads\/2021\/11\/18K-K107-Republic-Attack-Cruiser-with-944-pieces-1.jpg\" alt=\"18K K107 Republic Attack Cruiser with 944 pieces\" width=\"800\" height=\"800\" title=\"-\" srcset=\"https:\/\/mouldking.store\/wp-content\/uploads\/2021\/11\/18K-K107-Republic-Attack-Cruiser-with-944-pieces-1.jpg 800w, https:\/\/mouldking.store\/wp-content\/uploads\/2021\/11\/18K-K107-Republic-Attack-Cruiser-with-944-pieces-1-300x300.jpg 300w, https:\/\/mouldking.store\/wp-content\/uploads\/2021\/11\/18K-K107-Republic-Attack-Cruiser-with-944-pieces-1-768x768.jpg 768w, https:\/\/mouldking.store\/wp-content\/uploads\/2021\/11\/18K-K107-Republic-Attack-Cruiser-with-944-pieces-1-600x600.jpg 600w, https:\/\/mouldking.store\/wp-content\/uploads\/2021\/11\/18K-K107-Republic-Attack-Cruiser-with-944-pieces-1-150x150.jpg 150w\" sizes=\"(max-width: 800px) 100vw, 800px\" \/><figcaption id=\"caption-attachment-27162\" class=\"wp-caption-text\">18K K107 Republic Attack Cruiser con 944 piezas<\/figcaption><\/figure>\n<figure id=\"attachment_27167\" aria-describedby=\"caption-attachment-27167\" style=\"width: 790px\" class=\"wp-caption aligncenter\"><img decoding=\"async\" class=\"wp-image-27167 size-full\" src=\"https:\/\/mouldking.store\/wp-content\/uploads\/2021\/11\/18K-K107-Republic-Attack-Cruiser-with-944-pieces-6.jpg\" alt=\"18K K107 Republic Attack Cruiser with 944 pieces\" width=\"790\" height=\"983\" title=\"-\" srcset=\"https:\/\/mouldking.store\/wp-content\/uploads\/2021\/11\/18K-K107-Republic-Attack-Cruiser-with-944-pieces-6.jpg 790w, https:\/\/mouldking.store\/wp-content\/uploads\/2021\/11\/18K-K107-Republic-Attack-Cruiser-with-944-pieces-6-241x300.jpg 241w, https:\/\/mouldking.store\/wp-content\/uploads\/2021\/11\/18K-K107-Republic-Attack-Cruiser-with-944-pieces-6-768x956.jpg 768w, https:\/\/mouldking.store\/wp-content\/uploads\/2021\/11\/18K-K107-Republic-Attack-Cruiser-with-944-pieces-6-300x373.jpg 300w, https:\/\/mouldking.store\/wp-content\/uploads\/2021\/11\/18K-K107-Republic-Attack-Cruiser-with-944-pieces-6-600x747.jpg 600w, https:\/\/mouldking.store\/wp-content\/uploads\/2021\/11\/18K-K107-Republic-Attack-Cruiser-with-944-pieces-6-121x150.jpg 121w\" sizes=\"(max-width: 790px) 100vw, 790px\" \/><figcaption id=\"caption-attachment-27167\" class=\"wp-caption-text\">18K K107 Republic Attack Cruiser con 944 piezas<\/figcaption><\/figure>\n<figure id=\"attachment_27165\" aria-describedby=\"caption-attachment-27165\" style=\"width: 776px\" class=\"wp-caption aligncenter\"><img decoding=\"async\" class=\"wp-image-27165 size-full\" src=\"https:\/\/mouldking.store\/wp-content\/uploads\/2021\/11\/18K-K107-Republic-Attack-Cruiser-with-944-pieces-4.jpg\" alt=\"18K K107 Republic Attack Cruiser with 944 pieces\" width=\"776\" height=\"1024\" title=\"-\" srcset=\"https:\/\/mouldking.store\/wp-content\/uploads\/2021\/11\/18K-K107-Republic-Attack-Cruiser-with-944-pieces-4.jpg 776w, https:\/\/mouldking.store\/wp-content\/uploads\/2021\/11\/18K-K107-Republic-Attack-Cruiser-with-944-pieces-4-227x300.jpg 227w, https:\/\/mouldking.store\/wp-content\/uploads\/2021\/11\/18K-K107-Republic-Attack-Cruiser-with-944-pieces-4-768x1013.jpg 768w, https:\/\/mouldking.store\/wp-content\/uploads\/2021\/11\/18K-K107-Republic-Attack-Cruiser-with-944-pieces-4-300x396.jpg 300w, https:\/\/mouldking.store\/wp-content\/uploads\/2021\/11\/18K-K107-Republic-Attack-Cruiser-with-944-pieces-4-600x792.jpg 600w, https:\/\/mouldking.store\/wp-content\/uploads\/2021\/11\/18K-K107-Republic-Attack-Cruiser-with-944-pieces-4-114x150.jpg 114w\" sizes=\"(max-width: 776px) 100vw, 776px\" \/><figcaption id=\"caption-attachment-27165\" class=\"wp-caption-text\">18K K107 Republic Attack Cruiser con 944 piezas<\/figcaption><\/figure>\n<figure id=\"attachment_27164\" aria-describedby=\"caption-attachment-27164\" style=\"width: 790px\" class=\"wp-caption aligncenter\"><img loading=\"lazy\" decoding=\"async\" class=\"wp-image-27164 size-full\" src=\"https:\/\/mouldking.store\/wp-content\/uploads\/2021\/11\/18K-K107-Republic-Attack-Cruiser-with-944-pieces-3.jpg\" alt=\"18K K107 Republic Attack Cruiser with 944 pieces\" width=\"790\" height=\"722\" title=\"-\" srcset=\"https:\/\/mouldking.store\/wp-content\/uploads\/2021\/11\/18K-K107-Republic-Attack-Cruiser-with-944-pieces-3.jpg 790w, https:\/\/mouldking.store\/wp-content\/uploads\/2021\/11\/18K-K107-Republic-Attack-Cruiser-with-944-pieces-3-300x274.jpg 300w, https:\/\/mouldking.store\/wp-content\/uploads\/2021\/11\/18K-K107-Republic-Attack-Cruiser-with-944-pieces-3-768x702.jpg 768w, https:\/\/mouldking.store\/wp-content\/uploads\/2021\/11\/18K-K107-Republic-Attack-Cruiser-with-944-pieces-3-600x548.jpg 600w, https:\/\/mouldking.store\/wp-content\/uploads\/2021\/11\/18K-K107-Republic-Attack-Cruiser-with-944-pieces-3-150x137.jpg 150w\" sizes=\"(max-width: 790px) 100vw, 790px\" \/><figcaption id=\"caption-attachment-27164\" class=\"wp-caption-text\">18K K107 Republic Attack Cruiser con 944 piezas<\/figcaption><\/figure>\n<figure id=\"attachment_27166\" aria-describedby=\"caption-attachment-27166\" style=\"width: 686px\" class=\"wp-caption aligncenter\"><img loading=\"lazy\" decoding=\"async\" class=\"wp-image-27166 size-full\" src=\"https:\/\/mouldking.store\/wp-content\/uploads\/2021\/11\/18K-K107-Republic-Attack-Cruiser-with-944-pieces-5.jpg\" alt=\"18K K107 Republic Attack Cruiser with 944 pieces\" width=\"686\" height=\"1024\" title=\"-\" srcset=\"https:\/\/mouldking.store\/wp-content\/uploads\/2021\/11\/18K-K107-Republic-Attack-Cruiser-with-944-pieces-5.jpg 686w, https:\/\/mouldking.store\/wp-content\/uploads\/2021\/11\/18K-K107-Republic-Attack-Cruiser-with-944-pieces-5-201x300.jpg 201w, https:\/\/mouldking.store\/wp-content\/uploads\/2021\/11\/18K-K107-Republic-Attack-Cruiser-with-944-pieces-5-300x448.jpg 300w, https:\/\/mouldking.store\/wp-content\/uploads\/2021\/11\/18K-K107-Republic-Attack-Cruiser-with-944-pieces-5-600x896.jpg 600w, https:\/\/mouldking.store\/wp-content\/uploads\/2021\/11\/18K-K107-Republic-Attack-Cruiser-with-944-pieces-5-100x150.jpg 100w\" sizes=\"(max-width: 686px) 100vw, 686px\" \/><figcaption id=\"caption-attachment-27166\" class=\"wp-caption-text\">18K K107 Republic Attack Cruiser con 944 piezas<\/figcaption><\/figure>\n<figure id=\"attachment_27163\" aria-describedby=\"caption-attachment-27163\" style=\"width: 580px\" class=\"wp-caption aligncenter\"><img loading=\"lazy\" decoding=\"async\" class=\"wp-image-27163 size-full\" src=\"https:\/\/mouldking.store\/wp-content\/uploads\/2021\/11\/18K-K107-Republic-Attack-Cruiser-with-944-pieces-2.jpg\" alt=\"18K K107 Republic Attack Cruiser with 944 pieces\" width=\"580\" height=\"1024\" title=\"-\" srcset=\"https:\/\/mouldking.store\/wp-content\/uploads\/2021\/11\/18K-K107-Republic-Attack-Cruiser-with-944-pieces-2.jpg 580w, https:\/\/mouldking.store\/wp-content\/uploads\/2021\/11\/18K-K107-Republic-Attack-Cruiser-with-944-pieces-2-170x300.jpg 170w, https:\/\/mouldking.store\/wp-content\/uploads\/2021\/11\/18K-K107-Republic-Attack-Cruiser-with-944-pieces-2-300x530.jpg 300w, https:\/\/mouldking.store\/wp-content\/uploads\/2021\/11\/18K-K107-Republic-Attack-Cruiser-with-944-pieces-2-85x150.jpg 85w\" sizes=\"(max-width: 580px) 100vw, 580px\" \/><figcaption id=\"caption-attachment-27163\" class=\"wp-caption-text\">\\ Republic Attack Cruiser with 944 pieces<\/figcaption><\/figure>","protected":false},"excerpt":{"rendered":"<p>Product information: Brand: 18K Gender: Unisex Name: Republic Attack Cruiser Age Range: &gt; 6 years old Model Number: K107 Classification: Assemblage Plastic Block Shape: Self-Locking Bricks Material: Plastic Plastic Type: ABS Bricks Blocks: 944 PCS Contains detailed assembly instructions. Notice: 1. Without an original box, but we guarantee our products have quality assurance and nice [&hellip;]<\/p>","protected":false},"featured_media":27162,"comment_status":"open","ping_status":"closed","template":"","meta":{"_acf_changed":false},"product_cat":[415],"product_tag":[1770,3439,3438,3437,3441,3444,3442,3443,3440],"class_list":["product","first","outofstock","shipping-taxable","purchasable","product-type-simple"],"acf":[],"_links":{"self":[{"href":"https:\/\/mouldking.store\/es\/wp-json\/wp\/v2\/product\/27161","targetHints":{"allow":["GET"]}}],"collection":[{"href":"https:\/\/mouldking.store\/es\/wp-json\/wp\/v2\/product"}],"about":[{"href":"https:\/\/mouldking.store\/es\/wp-json\/wp\/v2\/types\/product"}],"replies":[{"embeddable":true,"href":"https:\/\/mouldking.store\/es\/wp-json\/wp\/v2\/comments?post=27161"}],"wp:featuredmedia":[{"embeddable":true,"href":"https:\/\/mouldking.store\/es\/wp-json\/wp\/v2\/media\/27162"}],"wp:attachment":[{"href":"https:\/\/mouldking.store\/es\/wp-json\/wp\/v2\/media?parent=27161"}],"wp:term":[{"taxonomy":"product_cat","embeddable":true,"href":"https:\/\/mouldking.store\/es\/wp-json\/wp\/v2\/product_cat?post=27161"},{"taxonomy":"product_tag","embeddable":true,"href":"https:\/\/mouldking.store\/es\/wp-json\/wp\/v2\/product_tag?post=27161"}],"curies":[{"name":"wp","href":"https:\/\/api.w.org\/{rel}","templated":true}]}}