{"id":27329,"date":"2021-11-15T04:00:27","date_gmt":"2021-11-15T04:00:27","guid":{"rendered":"https:\/\/mouldking.store\/?post_type=product&#038;p=27329"},"modified":"2025-12-25T09:17:05","modified_gmt":"2025-12-25T02:17:05","slug":"moc-50476-shelby-cobra-427-s-c-with-174-pieces","status":"publish","type":"product","link":"https:\/\/mouldking.store\/es\/shop\/moc-50476-shelby-cobra-427-s-c-with-174-pieces\/","title":{"rendered":"MOC-50476 Shelby Cobra 427 S\/C con 174 piezas"},"content":{"rendered":"<p>Informaci\u00f3n del Producto:<\/p>\n<ol>\n<li>Marca: MOC<\/li>\n<li>G\u00e9nero: Unisex<\/li>\n<li>Name: Shelby Cobra 427 S\/C<\/li>\n<li>Rango de edad: &gt; 6 a\u00f1os<\/li>\n<li>Model Number: MOC-50476<\/li>\n<li>Clasificaci\u00f3n: Ensamblaje<\/li>\n<li>Forma de bloque de pl\u00e1stico: Ladrillos autoblocantes<\/li>\n<li>Material: Pl\u00e1stico<\/li>\n<li>Tipo de pl\u00e1stico: ABS<\/li>\n<li>Bricks Blocks: 174 PCS<\/li>\n<li>Contiene instrucciones de montaje detalladas.<\/li>\n<\/ol>\n<p>Aviso:<br \/>\n1. Sin caja original, pero garantizamos que nuestros productos tienen garant\u00eda de calidad y un buen embalaje.<br \/>\n2. Como todas las piezas que hemos comprobado antes del env\u00edo, si encuentra que faltan piezas o est\u00e1n da\u00f1adas, no se preocupe y p\u00f3ngase en contacto con nosotros y podemos reenvi\u00e1rselas inmediatamente de forma gratuita.<\/p>\n<figure id=\"attachment_27330\" aria-describedby=\"caption-attachment-27330\" style=\"width: 1000px\" class=\"wp-caption aligncenter\"><img fetchpriority=\"high\" decoding=\"async\" class=\"size-full wp-image-27330\" title=\"MOC-50476 Shelby Cobra 427 S\/C con 174 piezas\" src=\"https:\/\/mouldking.store\/wp-content\/uploads\/2021\/11\/moc-50476-shelby-cobra-427-sc-with-174-pieces.jpg\" alt=\"MOC-50476 Shelby Cobra 427 S\/C with 174 pieces\" width=\"1000\" height=\"1000\" srcset=\"https:\/\/mouldking.store\/wp-content\/uploads\/2021\/11\/moc-50476-shelby-cobra-427-sc-with-174-pieces.jpg 1000w, https:\/\/mouldking.store\/wp-content\/uploads\/2021\/11\/moc-50476-shelby-cobra-427-sc-with-174-pieces-300x300.jpg 300w, https:\/\/mouldking.store\/wp-content\/uploads\/2021\/11\/moc-50476-shelby-cobra-427-sc-with-174-pieces-768x768.jpg 768w, https:\/\/mouldking.store\/wp-content\/uploads\/2021\/11\/moc-50476-shelby-cobra-427-sc-with-174-pieces-600x600.jpg 600w, https:\/\/mouldking.store\/wp-content\/uploads\/2021\/11\/moc-50476-shelby-cobra-427-sc-with-174-pieces-150x150.jpg 150w\" sizes=\"(max-width: 1000px) 100vw, 1000px\" \/><figcaption id=\"caption-attachment-27330\" class=\"wp-caption-text\">MOC-50476 Shelby Cobra 427 S\/C con 174 piezas<\/figcaption><\/figure>\n<figure id=\"attachment_27331\" aria-describedby=\"caption-attachment-27331\" style=\"width: 1000px\" class=\"wp-caption aligncenter\"><img decoding=\"async\" class=\"size-full wp-image-27331\" title=\"MOC-50476 Shelby Cobra 427 S\/C con 174 piezas\" src=\"https:\/\/mouldking.store\/wp-content\/uploads\/2021\/11\/moc-50476-shelby-cobra-427-sc-with-174-pieces-1.jpg\" alt=\"MOC-50476 Shelby Cobra 427 S\/C with 174 pieces\" width=\"1000\" height=\"1000\" srcset=\"https:\/\/mouldking.store\/wp-content\/uploads\/2021\/11\/moc-50476-shelby-cobra-427-sc-with-174-pieces-1.jpg 1000w, https:\/\/mouldking.store\/wp-content\/uploads\/2021\/11\/moc-50476-shelby-cobra-427-sc-with-174-pieces-1-300x300.jpg 300w, https:\/\/mouldking.store\/wp-content\/uploads\/2021\/11\/moc-50476-shelby-cobra-427-sc-with-174-pieces-1-768x768.jpg 768w, https:\/\/mouldking.store\/wp-content\/uploads\/2021\/11\/moc-50476-shelby-cobra-427-sc-with-174-pieces-1-600x600.jpg 600w, https:\/\/mouldking.store\/wp-content\/uploads\/2021\/11\/moc-50476-shelby-cobra-427-sc-with-174-pieces-1-150x150.jpg 150w\" sizes=\"(max-width: 1000px) 100vw, 1000px\" \/><figcaption id=\"caption-attachment-27331\" class=\"wp-caption-text\">MOC-50476 Shelby Cobra 427 S\/C con 174 piezas<\/figcaption><\/figure>\n<figure id=\"attachment_27332\" aria-describedby=\"caption-attachment-27332\" style=\"width: 1000px\" class=\"wp-caption aligncenter\"><img decoding=\"async\" class=\"size-full wp-image-27332\" title=\"MOC-50476 Shelby Cobra 427 S\/C con 174 piezas\" src=\"https:\/\/mouldking.store\/wp-content\/uploads\/2021\/11\/moc-50476-shelby-cobra-427-sc-with-174-pieces-2.jpg\" alt=\"MOC-50476 Shelby Cobra 427 S\/C with 174 pieces\" width=\"1000\" height=\"1000\" srcset=\"https:\/\/mouldking.store\/wp-content\/uploads\/2021\/11\/moc-50476-shelby-cobra-427-sc-with-174-pieces-2.jpg 1000w, https:\/\/mouldking.store\/wp-content\/uploads\/2021\/11\/moc-50476-shelby-cobra-427-sc-with-174-pieces-2-300x300.jpg 300w, https:\/\/mouldking.store\/wp-content\/uploads\/2021\/11\/moc-50476-shelby-cobra-427-sc-with-174-pieces-2-768x768.jpg 768w, https:\/\/mouldking.store\/wp-content\/uploads\/2021\/11\/moc-50476-shelby-cobra-427-sc-with-174-pieces-2-600x600.jpg 600w, https:\/\/mouldking.store\/wp-content\/uploads\/2021\/11\/moc-50476-shelby-cobra-427-sc-with-174-pieces-2-150x150.jpg 150w\" sizes=\"(max-width: 1000px) 100vw, 1000px\" \/><figcaption id=\"caption-attachment-27332\" class=\"wp-caption-text\">MOC-50476 Shelby Cobra 427 S\/C con 174 piezas<\/figcaption><\/figure>","protected":false},"excerpt":{"rendered":"<p>Informaci\u00f3n del producto: Marca: MOC G\u00e9nero: Unisex Nombre: Shelby Cobra 427 S\/C Edad: &gt;6 a\u00f1os N\u00famero de modelo: MOC-50476 Clasificaci\u00f3n: Ensamblaje Forma del bloque de pl\u00e1stico: Ladrillos autoblocantes Material: Pl\u00e1stico Tipo de pl\u00e1stico: ABS Bloques: 174 piezas Incluye instrucciones de montaje detalladas. Aviso: 1. Sin caja original, pero garantizamos la calidad de nuestros productos y [\u2026]<\/p>","protected":false},"featured_media":27333,"comment_status":"open","ping_status":"closed","template":"","meta":{"_acf_changed":false},"product_cat":[364],"product_tag":[3524,3525],"class_list":["product","first","instock","shipping-taxable","purchasable","product-type-simple"],"acf":[],"_links":{"self":[{"href":"https:\/\/mouldking.store\/es\/wp-json\/wp\/v2\/product\/27329","targetHints":{"allow":["GET"]}}],"collection":[{"href":"https:\/\/mouldking.store\/es\/wp-json\/wp\/v2\/product"}],"about":[{"href":"https:\/\/mouldking.store\/es\/wp-json\/wp\/v2\/types\/product"}],"replies":[{"embeddable":true,"href":"https:\/\/mouldking.store\/es\/wp-json\/wp\/v2\/comments?post=27329"}],"wp:featuredmedia":[{"embeddable":true,"href":"https:\/\/mouldking.store\/es\/wp-json\/wp\/v2\/media\/27333"}],"wp:attachment":[{"href":"https:\/\/mouldking.store\/es\/wp-json\/wp\/v2\/media?parent=27329"}],"wp:term":[{"taxonomy":"product_cat","embeddable":true,"href":"https:\/\/mouldking.store\/es\/wp-json\/wp\/v2\/product_cat?post=27329"},{"taxonomy":"product_tag","embeddable":true,"href":"https:\/\/mouldking.store\/es\/wp-json\/wp\/v2\/product_tag?post=27329"}],"curies":[{"name":"wp","href":"https:\/\/api.w.org\/{rel}","templated":true}]}}