{"id":27334,"date":"2021-11-15T04:07:47","date_gmt":"2021-11-14T21:07:47","guid":{"rendered":"https:\/\/mouldking.store\/?post_type=product&#038;p=27334"},"modified":"2025-12-25T09:17:05","modified_gmt":"2025-12-25T02:17:05","slug":"moc-47492-taco-truck-with-657-pieces","status":"publish","type":"product","link":"https:\/\/mouldking.store\/es\/shop\/moc-47492-taco-truck-with-657-pieces\/","title":{"rendered":"MOC-47492 Cami\u00f3n de tacos con 657 piezas"},"content":{"rendered":"<p>Informaci\u00f3n del Producto:<\/p>\n<ol>\n<li>Marca: MOC<\/li>\n<li>G\u00e9nero: Unisex<\/li>\n<li>Name: Taco Truck<\/li>\n<li>Rango de edad: &gt; 6 a\u00f1os<\/li>\n<li>Model Number: MOC-47492<\/li>\n<li>Clasificaci\u00f3n: Ensamblaje<\/li>\n<li>Forma de bloque de pl\u00e1stico: Ladrillos autoblocantes<\/li>\n<li>Material: Pl\u00e1stico<\/li>\n<li>Tipo de pl\u00e1stico: ABS<\/li>\n<li>Bricks Blocks: 657 PCS<\/li>\n<li>Contiene instrucciones de montaje detalladas.<\/li>\n<\/ol>\n<p>Aviso:<br \/>\n1. Sin caja original, pero garantizamos que nuestros productos tienen garant\u00eda de calidad y un buen embalaje.<br \/>\n2. Como todas las piezas que hemos comprobado antes del env\u00edo, si encuentra que faltan piezas o est\u00e1n da\u00f1adas, no se preocupe y p\u00f3ngase en contacto con nosotros y podemos reenvi\u00e1rselas inmediatamente de forma gratuita.<\/p>\n<figure id=\"attachment_27335\" aria-describedby=\"caption-attachment-27335\" style=\"width: 1000px\" class=\"wp-caption aligncenter\"><img fetchpriority=\"high\" decoding=\"async\" class=\"size-full wp-image-27335\" title=\"MOC-47492 Cami\u00f3n de tacos con 657 piezas\" src=\"https:\/\/mouldking.store\/wp-content\/uploads\/2021\/11\/moc-47492-taco-truck-with-657-pieces.jpg\" alt=\"MOC-47492 Taco Truck with 657 pieces\" width=\"1000\" height=\"1000\" srcset=\"https:\/\/mouldking.store\/wp-content\/uploads\/2021\/11\/moc-47492-taco-truck-with-657-pieces.jpg 1000w, https:\/\/mouldking.store\/wp-content\/uploads\/2021\/11\/moc-47492-taco-truck-with-657-pieces-300x300.jpg 300w, https:\/\/mouldking.store\/wp-content\/uploads\/2021\/11\/moc-47492-taco-truck-with-657-pieces-768x768.jpg 768w, https:\/\/mouldking.store\/wp-content\/uploads\/2021\/11\/moc-47492-taco-truck-with-657-pieces-600x600.jpg 600w, https:\/\/mouldking.store\/wp-content\/uploads\/2021\/11\/moc-47492-taco-truck-with-657-pieces-150x150.jpg 150w\" sizes=\"(max-width: 1000px) 100vw, 1000px\" \/><figcaption id=\"caption-attachment-27335\" class=\"wp-caption-text\">MOC-47492 Cami\u00f3n de tacos con 657 piezas<\/figcaption><\/figure>\n<figure id=\"attachment_27336\" aria-describedby=\"caption-attachment-27336\" style=\"width: 1000px\" class=\"wp-caption aligncenter\"><img decoding=\"async\" class=\"size-full wp-image-27336\" title=\"MOC-47492 Cami\u00f3n de tacos con 657 piezas\" src=\"https:\/\/mouldking.store\/wp-content\/uploads\/2021\/11\/moc-47492-taco-truck-with-657-pieces-1.jpg\" alt=\"MOC-47492 Taco Truck with 657 pieces\" width=\"1000\" height=\"1000\" srcset=\"https:\/\/mouldking.store\/wp-content\/uploads\/2021\/11\/moc-47492-taco-truck-with-657-pieces-1.jpg 1000w, https:\/\/mouldking.store\/wp-content\/uploads\/2021\/11\/moc-47492-taco-truck-with-657-pieces-1-300x300.jpg 300w, https:\/\/mouldking.store\/wp-content\/uploads\/2021\/11\/moc-47492-taco-truck-with-657-pieces-1-768x768.jpg 768w, https:\/\/mouldking.store\/wp-content\/uploads\/2021\/11\/moc-47492-taco-truck-with-657-pieces-1-600x600.jpg 600w, https:\/\/mouldking.store\/wp-content\/uploads\/2021\/11\/moc-47492-taco-truck-with-657-pieces-1-150x150.jpg 150w\" sizes=\"(max-width: 1000px) 100vw, 1000px\" \/><figcaption id=\"caption-attachment-27336\" class=\"wp-caption-text\">MOC-47492 Cami\u00f3n de tacos con 657 piezas<\/figcaption><\/figure>","protected":false},"excerpt":{"rendered":"<p>Informaci\u00f3n del producto: Marca: MOC G\u00e9nero: Unisex Nombre: Cami\u00f3n de Tacos Edad: &gt;6 a\u00f1os N\u00famero de modelo: MOC-47492 Clasificaci\u00f3n: Ensamblaje Forma del bloque de pl\u00e1stico: Ladrillos autoblocantes Material: Pl\u00e1stico Tipo de pl\u00e1stico: ABS Bloques: 657 piezas Incluye instrucciones de montaje detalladas. Aviso: 1. Sin caja original, pero garantizamos la calidad y un buen empaque. [\u2026]<\/p>","protected":false},"featured_media":27337,"comment_status":"open","ping_status":"closed","template":"","meta":{"_acf_changed":false},"product_cat":[364],"product_tag":[3526,3527],"class_list":["product","first","outofstock","shipping-taxable","purchasable","product-type-simple"],"acf":[],"_links":{"self":[{"href":"https:\/\/mouldking.store\/es\/wp-json\/wp\/v2\/product\/27334","targetHints":{"allow":["GET"]}}],"collection":[{"href":"https:\/\/mouldking.store\/es\/wp-json\/wp\/v2\/product"}],"about":[{"href":"https:\/\/mouldking.store\/es\/wp-json\/wp\/v2\/types\/product"}],"replies":[{"embeddable":true,"href":"https:\/\/mouldking.store\/es\/wp-json\/wp\/v2\/comments?post=27334"}],"wp:featuredmedia":[{"embeddable":true,"href":"https:\/\/mouldking.store\/es\/wp-json\/wp\/v2\/media\/27337"}],"wp:attachment":[{"href":"https:\/\/mouldking.store\/es\/wp-json\/wp\/v2\/media?parent=27334"}],"wp:term":[{"taxonomy":"product_cat","embeddable":true,"href":"https:\/\/mouldking.store\/es\/wp-json\/wp\/v2\/product_cat?post=27334"},{"taxonomy":"product_tag","embeddable":true,"href":"https:\/\/mouldking.store\/es\/wp-json\/wp\/v2\/product_tag?post=27334"}],"curies":[{"name":"wp","href":"https:\/\/api.w.org\/{rel}","templated":true}]}}