{"id":27345,"date":"2021-11-15T14:24:08","date_gmt":"2021-11-15T07:24:08","guid":{"rendered":"https:\/\/mouldking.store\/?post_type=product&#038;p=27345"},"modified":"2025-12-25T09:17:05","modified_gmt":"2025-12-25T02:17:05","slug":"moc-5973-modular-brick-school-with-3920-pieces","status":"publish","type":"product","link":"https:\/\/mouldking.store\/es\/shop\/moc-5973-modular-brick-school-with-3920-pieces\/","title":{"rendered":"MOC-5973 Escuela modular de ladrillos con 3920 piezas"},"content":{"rendered":"<p>Informaci\u00f3n del Producto:<\/p>\n<ol>\n<li>Marca: MOC<\/li>\n<li>G\u00e9nero: Unisex<\/li>\n<li>Name: Modular Brick School<\/li>\n<li>Rango de edad: &gt; 6 a\u00f1os<\/li>\n<li>Model Number: MOC-5973<\/li>\n<li>Clasificaci\u00f3n: Ensamblaje<\/li>\n<li>Forma de bloque de pl\u00e1stico: Ladrillos autoblocantes<\/li>\n<li>Material: Pl\u00e1stico<\/li>\n<li>Tipo de pl\u00e1stico: ABS<\/li>\n<li>Bricks Blocks: 3920 PCS<\/li>\n<li>Contiene instrucciones de montaje detalladas.<\/li>\n<\/ol>\n<p>Aviso:<br \/>\n1. Sin caja original, pero garantizamos que nuestros productos tienen garant\u00eda de calidad y un buen embalaje.<br \/>\n2. Como todas las piezas que hemos comprobado antes del env\u00edo, si encuentra que faltan piezas o est\u00e1n da\u00f1adas, no se preocupe y p\u00f3ngase en contacto con nosotros y podemos reenvi\u00e1rselas inmediatamente de forma gratuita.<\/p>\n<figure id=\"attachment_27346\" aria-describedby=\"caption-attachment-27346\" style=\"width: 1000px\" class=\"wp-caption aligncenter\"><img fetchpriority=\"high\" decoding=\"async\" class=\"size-full wp-image-27346\" title=\"MOC-5973 Escuela modular de ladrillos con 3920 piezas\" src=\"https:\/\/mouldking.store\/wp-content\/uploads\/2021\/11\/moc-5973-modular-brick-school-with-3920-pieces.jpg\" alt=\"MOC-5973 Modular Brick School with 3920 pieces\" width=\"1000\" height=\"1000\" srcset=\"https:\/\/mouldking.store\/wp-content\/uploads\/2021\/11\/moc-5973-modular-brick-school-with-3920-pieces.jpg 1000w, https:\/\/mouldking.store\/wp-content\/uploads\/2021\/11\/moc-5973-modular-brick-school-with-3920-pieces-300x300.jpg 300w, https:\/\/mouldking.store\/wp-content\/uploads\/2021\/11\/moc-5973-modular-brick-school-with-3920-pieces-768x768.jpg 768w, https:\/\/mouldking.store\/wp-content\/uploads\/2021\/11\/moc-5973-modular-brick-school-with-3920-pieces-600x600.jpg 600w, https:\/\/mouldking.store\/wp-content\/uploads\/2021\/11\/moc-5973-modular-brick-school-with-3920-pieces-150x150.jpg 150w\" sizes=\"(max-width: 1000px) 100vw, 1000px\" \/><figcaption id=\"caption-attachment-27346\" class=\"wp-caption-text\">MOC-5973 Escuela modular de ladrillos con 3920 piezas<\/figcaption><\/figure>\n<figure id=\"attachment_27347\" aria-describedby=\"caption-attachment-27347\" style=\"width: 1000px\" class=\"wp-caption aligncenter\"><img decoding=\"async\" class=\"size-full wp-image-27347\" title=\"MOC-5973 Escuela modular de ladrillos con 3920 piezas\" src=\"https:\/\/mouldking.store\/wp-content\/uploads\/2021\/11\/moc-5973-modular-brick-school-with-3920-pieces-1.jpg\" alt=\"MOC-5973 Modular Brick School with 3920 pieces\" width=\"1000\" height=\"1000\" srcset=\"https:\/\/mouldking.store\/wp-content\/uploads\/2021\/11\/moc-5973-modular-brick-school-with-3920-pieces-1.jpg 1000w, https:\/\/mouldking.store\/wp-content\/uploads\/2021\/11\/moc-5973-modular-brick-school-with-3920-pieces-1-300x300.jpg 300w, https:\/\/mouldking.store\/wp-content\/uploads\/2021\/11\/moc-5973-modular-brick-school-with-3920-pieces-1-768x768.jpg 768w, https:\/\/mouldking.store\/wp-content\/uploads\/2021\/11\/moc-5973-modular-brick-school-with-3920-pieces-1-600x600.jpg 600w, https:\/\/mouldking.store\/wp-content\/uploads\/2021\/11\/moc-5973-modular-brick-school-with-3920-pieces-1-150x150.jpg 150w\" sizes=\"(max-width: 1000px) 100vw, 1000px\" \/><figcaption id=\"caption-attachment-27347\" class=\"wp-caption-text\">MOC-5973 Escuela modular de ladrillos con 3920 piezas<\/figcaption><\/figure>","protected":false},"excerpt":{"rendered":"<p>Informaci\u00f3n del producto: Marca: MOC G\u00e9nero: Unisex Nombre: Escuela de Ladrillos Modulares Edad: &gt;6 a\u00f1os N\u00famero de modelo: MOC-5973 Clasificaci\u00f3n: Ensamblaje Forma del bloque de pl\u00e1stico: Ladrillos autoblocantes Material: Pl\u00e1stico Tipo de pl\u00e1stico: Ladrillos ABS Bloques: 3920 piezas Incluye instrucciones de montaje detalladas. Aviso: 1. Sin caja original, pero garantizamos que nuestros productos tienen garant\u00eda de calidad y buen estado. [\u2026]<\/p>","protected":false},"featured_media":27348,"comment_status":"open","ping_status":"closed","template":"","meta":{"_acf_changed":false},"product_cat":[390],"product_tag":[3530,3531],"class_list":["product","first","instock","shipping-taxable","purchasable","product-type-simple"],"acf":[],"_links":{"self":[{"href":"https:\/\/mouldking.store\/es\/wp-json\/wp\/v2\/product\/27345","targetHints":{"allow":["GET"]}}],"collection":[{"href":"https:\/\/mouldking.store\/es\/wp-json\/wp\/v2\/product"}],"about":[{"href":"https:\/\/mouldking.store\/es\/wp-json\/wp\/v2\/types\/product"}],"replies":[{"embeddable":true,"href":"https:\/\/mouldking.store\/es\/wp-json\/wp\/v2\/comments?post=27345"}],"wp:featuredmedia":[{"embeddable":true,"href":"https:\/\/mouldking.store\/es\/wp-json\/wp\/v2\/media\/27348"}],"wp:attachment":[{"href":"https:\/\/mouldking.store\/es\/wp-json\/wp\/v2\/media?parent=27345"}],"wp:term":[{"taxonomy":"product_cat","embeddable":true,"href":"https:\/\/mouldking.store\/es\/wp-json\/wp\/v2\/product_cat?post=27345"},{"taxonomy":"product_tag","embeddable":true,"href":"https:\/\/mouldking.store\/es\/wp-json\/wp\/v2\/product_tag?post=27345"}],"curies":[{"name":"wp","href":"https:\/\/api.w.org\/{rel}","templated":true}]}}