{"id":27361,"date":"2021-11-16T08:24:37","date_gmt":"2021-11-16T08:24:37","guid":{"rendered":"https:\/\/mouldking.store\/?post_type=product&#038;p=27361"},"modified":"2025-12-25T09:17:04","modified_gmt":"2025-12-25T02:17:04","slug":"moc-45561-alternative-15-in-1-with-237-pieces","status":"publish","type":"product","link":"https:\/\/mouldking.store\/es\/shop\/moc-45561-alternative-15-in-1-with-237-pieces\/","title":{"rendered":"MOC-45561 Alternativa 15 en 1 con 237 piezas"},"content":{"rendered":"<p>Informaci\u00f3n del Producto:<\/p>\n<ol>\n<li>Marca: MOC<\/li>\n<li>G\u00e9nero: Unisex<\/li>\n<li>Nombre: Alternativa 15 en 1<\/li>\n<li>Rango de edad: &gt; 6 a\u00f1os<\/li>\n<li>N\u00famero de modelo: MOC-45561<\/li>\n<li>Clasificaci\u00f3n: Ensamblaje<\/li>\n<li>Forma de bloque de pl\u00e1stico: Ladrillos autoblocantes<\/li>\n<li>Material: Pl\u00e1stico<\/li>\n<li>Tipo de pl\u00e1stico: ABS<\/li>\n<li>Bloques de ladrillos: 237 PCS<\/li>\n<li>Contiene instrucciones de montaje detalladas.<\/li>\n<\/ol>\n<p>Aviso:<br \/>\n1. Sin caja original, pero garantizamos que nuestros productos tienen garant\u00eda de calidad y un buen embalaje.<br \/>\n2. Como todas las piezas que hemos comprobado antes del env\u00edo, si encuentra que faltan piezas o est\u00e1n da\u00f1adas, no se preocupe y p\u00f3ngase en contacto con nosotros y podemos reenvi\u00e1rselas inmediatamente de forma gratuita.<\/p>\n<figure id=\"attachment_27362\" aria-describedby=\"caption-attachment-27362\" style=\"width: 1000px\" class=\"wp-caption aligncenter\"><img fetchpriority=\"high\" decoding=\"async\" class=\"size-full wp-image-27362\" title=\"MOC-45561 Alternativa 15 en 1 con 237 piezas\" src=\"https:\/\/mouldking.store\/wp-content\/uploads\/2021\/11\/moc-45561-alternative-15-in-1-with-237-pieces.jpg\" alt=\"MOC-45561 Alternative 15 in 1 with 237 pieces\" width=\"1000\" height=\"1000\" srcset=\"https:\/\/mouldking.store\/wp-content\/uploads\/2021\/11\/moc-45561-alternative-15-in-1-with-237-pieces.jpg 1000w, https:\/\/mouldking.store\/wp-content\/uploads\/2021\/11\/moc-45561-alternative-15-in-1-with-237-pieces-300x300.jpg 300w, https:\/\/mouldking.store\/wp-content\/uploads\/2021\/11\/moc-45561-alternative-15-in-1-with-237-pieces-768x768.jpg 768w, https:\/\/mouldking.store\/wp-content\/uploads\/2021\/11\/moc-45561-alternative-15-in-1-with-237-pieces-600x600.jpg 600w, https:\/\/mouldking.store\/wp-content\/uploads\/2021\/11\/moc-45561-alternative-15-in-1-with-237-pieces-150x150.jpg 150w\" sizes=\"(max-width: 1000px) 100vw, 1000px\" \/><figcaption id=\"caption-attachment-27362\" class=\"wp-caption-text\">MOC-45561 Alternativa 15 en 1 con 237 piezas<\/figcaption><\/figure>\n<figure id=\"attachment_27363\" aria-describedby=\"caption-attachment-27363\" style=\"width: 1000px\" class=\"wp-caption aligncenter\"><img decoding=\"async\" class=\"size-full wp-image-27363\" title=\"MOC-45561 Alternativa 15 en 1 con 237 piezas\" src=\"https:\/\/mouldking.store\/wp-content\/uploads\/2021\/11\/moc-45561-alternative-15-in-1-with-237-pieces-1.jpg\" alt=\"MOC-45561 Alternative 15 in 1 with 237 pieces\" width=\"1000\" height=\"1000\" srcset=\"https:\/\/mouldking.store\/wp-content\/uploads\/2021\/11\/moc-45561-alternative-15-in-1-with-237-pieces-1.jpg 1000w, https:\/\/mouldking.store\/wp-content\/uploads\/2021\/11\/moc-45561-alternative-15-in-1-with-237-pieces-1-300x300.jpg 300w, https:\/\/mouldking.store\/wp-content\/uploads\/2021\/11\/moc-45561-alternative-15-in-1-with-237-pieces-1-768x768.jpg 768w, https:\/\/mouldking.store\/wp-content\/uploads\/2021\/11\/moc-45561-alternative-15-in-1-with-237-pieces-1-600x600.jpg 600w, https:\/\/mouldking.store\/wp-content\/uploads\/2021\/11\/moc-45561-alternative-15-in-1-with-237-pieces-1-150x150.jpg 150w\" sizes=\"(max-width: 1000px) 100vw, 1000px\" \/><figcaption id=\"caption-attachment-27363\" class=\"wp-caption-text\">MOC-45561 Alternativa 15 en 1 con 237 piezas<\/figcaption><\/figure>\n<p>&nbsp;<\/p>","protected":false},"excerpt":{"rendered":"<p>Informaci\u00f3n del producto: Marca: MOC G\u00e9nero: Unisex Nombre: Alternativo 15 en 1 Edad: &gt;6 a\u00f1os N\u00famero de modelo: MOC-45561 Clasificaci\u00f3n: Bloque de pl\u00e1stico para ensamblar Forma: Ladrillos autoblocantes Material: Pl\u00e1stico Tipo de pl\u00e1stico: ABS Bloques: 237 piezas Incluye instrucciones de montaje detalladas. Aviso: 1. Sin caja original, pero garantizamos la calidad de nuestros productos y [\u2026]<\/p>","protected":false},"featured_media":27364,"comment_status":"open","ping_status":"closed","template":"","meta":{"_acf_changed":false},"product_cat":[371],"product_tag":[3538,3537],"class_list":["product","first","instock","shipping-taxable","purchasable","product-type-simple"],"acf":[],"_links":{"self":[{"href":"https:\/\/mouldking.store\/es\/wp-json\/wp\/v2\/product\/27361","targetHints":{"allow":["GET"]}}],"collection":[{"href":"https:\/\/mouldking.store\/es\/wp-json\/wp\/v2\/product"}],"about":[{"href":"https:\/\/mouldking.store\/es\/wp-json\/wp\/v2\/types\/product"}],"replies":[{"embeddable":true,"href":"https:\/\/mouldking.store\/es\/wp-json\/wp\/v2\/comments?post=27361"}],"wp:featuredmedia":[{"embeddable":true,"href":"https:\/\/mouldking.store\/es\/wp-json\/wp\/v2\/media\/27364"}],"wp:attachment":[{"href":"https:\/\/mouldking.store\/es\/wp-json\/wp\/v2\/media?parent=27361"}],"wp:term":[{"taxonomy":"product_cat","embeddable":true,"href":"https:\/\/mouldking.store\/es\/wp-json\/wp\/v2\/product_cat?post=27361"},{"taxonomy":"product_tag","embeddable":true,"href":"https:\/\/mouldking.store\/es\/wp-json\/wp\/v2\/product_tag?post=27361"}],"curies":[{"name":"wp","href":"https:\/\/api.w.org\/{rel}","templated":true}]}}