{"id":27698,"date":"2021-11-22T09:12:02","date_gmt":"2021-11-22T09:12:02","guid":{"rendered":"https:\/\/mouldking.store\/?post_type=product&#038;p=27698"},"modified":"2021-12-23T09:40:34","modified_gmt":"2021-12-23T09:40:34","slug":"loz-1226-dwarf-hut-with-709-pieces","status":"publish","type":"product","link":"https:\/\/mouldking.store\/es\/shop\/loz-1226-dwarf-hut-with-709-pieces\/","title":{"rendered":"LOZ 1226 Choza de enanos con 709 piezas"},"content":{"rendered":"<p>Informaci\u00f3n del Producto:<\/p>\n<ol>\n<li>Marca: LOZ<\/li>\n<li>G\u00e9nero: Unisex<\/li>\n<li>Name: Dwarf Hut<\/li>\n<li>Rango de edad: &gt; 6 a\u00f1os<\/li>\n<li>Model Number: 1226<\/li>\n<li>Clasificaci\u00f3n: Ensamblaje<\/li>\n<li>Forma de bloque de pl\u00e1stico: Ladrillos autoblocantes<\/li>\n<li>Material: Pl\u00e1stico<\/li>\n<li>Tipo de pl\u00e1stico: ABS<\/li>\n<li>Bricks Blocks: 709 PCS<\/li>\n<li>Contiene instrucciones de montaje detalladas.<\/li>\n<\/ol>\n<p>Aviso:<br \/>\n1. Sin caja original, pero garantizamos que nuestros productos tienen garant\u00eda de calidad y un buen embalaje.<br \/>\n2. Como todas las piezas que hemos comprobado antes del env\u00edo, si encuentra que faltan piezas o est\u00e1n da\u00f1adas, no se preocupe y p\u00f3ngase en contacto con nosotros y podemos reenvi\u00e1rselas inmediatamente de forma gratuita.<\/p>\n<p>&nbsp;<\/p>\n<figure id=\"attachment_27699\" aria-describedby=\"caption-attachment-27699\" style=\"width: 800px\" class=\"wp-caption aligncenter\"><img fetchpriority=\"high\" decoding=\"async\" class=\"wp-image-27699 size-full\" src=\"https:\/\/mouldking.store\/wp-content\/uploads\/2021\/11\/LOZ-1226-Dwarf-Hut-with-709-pieces-1.jpg\" alt=\"LOZ 1226 Dwarf Hut with 709 pieces\" width=\"800\" height=\"800\" title=\"-\" srcset=\"https:\/\/mouldking.store\/wp-content\/uploads\/2021\/11\/LOZ-1226-Dwarf-Hut-with-709-pieces-1.jpg 800w, https:\/\/mouldking.store\/wp-content\/uploads\/2021\/11\/LOZ-1226-Dwarf-Hut-with-709-pieces-1-300x300.jpg 300w, https:\/\/mouldking.store\/wp-content\/uploads\/2021\/11\/LOZ-1226-Dwarf-Hut-with-709-pieces-1-768x768.jpg 768w, https:\/\/mouldking.store\/wp-content\/uploads\/2021\/11\/LOZ-1226-Dwarf-Hut-with-709-pieces-1-600x600.jpg 600w, https:\/\/mouldking.store\/wp-content\/uploads\/2021\/11\/LOZ-1226-Dwarf-Hut-with-709-pieces-1-150x150.jpg 150w\" sizes=\"(max-width: 800px) 100vw, 800px\" \/><figcaption id=\"caption-attachment-27699\" class=\"wp-caption-text\">LOZ 1226 Choza de enanos con 709 piezas<\/figcaption><\/figure>\n<figure id=\"attachment_27702\" aria-describedby=\"caption-attachment-27702\" style=\"width: 828px\" class=\"wp-caption aligncenter\"><img decoding=\"async\" class=\"wp-image-27702 size-full\" src=\"https:\/\/mouldking.store\/wp-content\/uploads\/2021\/11\/LOZ-1226-Dwarf-Hut-with-709-pieces-4.jpg\" alt=\"LOZ 1226 Dwarf Hut with 709 pieces\" width=\"828\" height=\"828\" title=\"-\" srcset=\"https:\/\/mouldking.store\/wp-content\/uploads\/2021\/11\/LOZ-1226-Dwarf-Hut-with-709-pieces-4.jpg 828w, https:\/\/mouldking.store\/wp-content\/uploads\/2021\/11\/LOZ-1226-Dwarf-Hut-with-709-pieces-4-300x300.jpg 300w, https:\/\/mouldking.store\/wp-content\/uploads\/2021\/11\/LOZ-1226-Dwarf-Hut-with-709-pieces-4-768x768.jpg 768w, https:\/\/mouldking.store\/wp-content\/uploads\/2021\/11\/LOZ-1226-Dwarf-Hut-with-709-pieces-4-600x600.jpg 600w, https:\/\/mouldking.store\/wp-content\/uploads\/2021\/11\/LOZ-1226-Dwarf-Hut-with-709-pieces-4-150x150.jpg 150w\" sizes=\"(max-width: 828px) 100vw, 828px\" \/><figcaption id=\"caption-attachment-27702\" class=\"wp-caption-text\">LOZ 1226 Choza de enanos con 709 piezas<\/figcaption><\/figure>\n<figure id=\"attachment_27701\" aria-describedby=\"caption-attachment-27701\" style=\"width: 790px\" class=\"wp-caption aligncenter\"><img decoding=\"async\" class=\"wp-image-27701 size-full\" src=\"https:\/\/mouldking.store\/wp-content\/uploads\/2021\/11\/LOZ-1226-Dwarf-Hut-with-709-pieces-3.jpg\" alt=\"LOZ 1226 Dwarf Hut with 709 pieces\" width=\"790\" height=\"887\" title=\"-\" srcset=\"https:\/\/mouldking.store\/wp-content\/uploads\/2021\/11\/LOZ-1226-Dwarf-Hut-with-709-pieces-3.jpg 790w, https:\/\/mouldking.store\/wp-content\/uploads\/2021\/11\/LOZ-1226-Dwarf-Hut-with-709-pieces-3-267x300.jpg 267w, https:\/\/mouldking.store\/wp-content\/uploads\/2021\/11\/LOZ-1226-Dwarf-Hut-with-709-pieces-3-768x862.jpg 768w, https:\/\/mouldking.store\/wp-content\/uploads\/2021\/11\/LOZ-1226-Dwarf-Hut-with-709-pieces-3-300x337.jpg 300w, https:\/\/mouldking.store\/wp-content\/uploads\/2021\/11\/LOZ-1226-Dwarf-Hut-with-709-pieces-3-600x674.jpg 600w, https:\/\/mouldking.store\/wp-content\/uploads\/2021\/11\/LOZ-1226-Dwarf-Hut-with-709-pieces-3-134x150.jpg 134w\" sizes=\"(max-width: 790px) 100vw, 790px\" \/><figcaption id=\"caption-attachment-27701\" class=\"wp-caption-text\">LOZ 1226 Choza de enanos con 709 piezas<\/figcaption><\/figure>\n<figure id=\"attachment_27700\" aria-describedby=\"caption-attachment-27700\" style=\"width: 505px\" class=\"wp-caption aligncenter\"><img loading=\"lazy\" decoding=\"async\" class=\"wp-image-27700 size-full\" src=\"https:\/\/mouldking.store\/wp-content\/uploads\/2021\/11\/LOZ-1226-Dwarf-Hut-with-709-pieces-2.jpg\" alt=\"LOZ 1226 Dwarf Hut with 709 pieces\" width=\"505\" height=\"1023\" title=\"-\" srcset=\"https:\/\/mouldking.store\/wp-content\/uploads\/2021\/11\/LOZ-1226-Dwarf-Hut-with-709-pieces-2.jpg 505w, https:\/\/mouldking.store\/wp-content\/uploads\/2021\/11\/LOZ-1226-Dwarf-Hut-with-709-pieces-2-148x300.jpg 148w, https:\/\/mouldking.store\/wp-content\/uploads\/2021\/11\/LOZ-1226-Dwarf-Hut-with-709-pieces-2-300x608.jpg 300w, https:\/\/mouldking.store\/wp-content\/uploads\/2021\/11\/LOZ-1226-Dwarf-Hut-with-709-pieces-2-74x150.jpg 74w\" sizes=\"(max-width: 505px) 100vw, 505px\" \/><figcaption id=\"caption-attachment-27700\" class=\"wp-caption-text\">LOZ 1226 Choza de enanos con 709 piezas<\/figcaption><\/figure>","protected":false},"excerpt":{"rendered":"<p>Product information: Brand: LOZ Gender: Unisex Name: Dwarf Hut Age Range: &gt; 6 years old Model Number: 1226 Classification: Assemblage Plastic Block Shape: Self-Locking Bricks Material: Plastic Plastic Type: ABS Bricks Blocks: 709 PCS Contains detailed assembly instructions. Notice: 1. Without an original box, but we guarantee our products have quality assurance and nice packaging. [&hellip;]<\/p>","protected":false},"featured_media":27699,"comment_status":"open","ping_status":"closed","template":"","meta":{"_acf_changed":false},"product_cat":[371],"product_tag":[3719,3722,3721,3718,3717,3720],"class_list":["product","first","instock","shipping-taxable","purchasable","product-type-simple"],"acf":[],"_links":{"self":[{"href":"https:\/\/mouldking.store\/es\/wp-json\/wp\/v2\/product\/27698","targetHints":{"allow":["GET"]}}],"collection":[{"href":"https:\/\/mouldking.store\/es\/wp-json\/wp\/v2\/product"}],"about":[{"href":"https:\/\/mouldking.store\/es\/wp-json\/wp\/v2\/types\/product"}],"replies":[{"embeddable":true,"href":"https:\/\/mouldking.store\/es\/wp-json\/wp\/v2\/comments?post=27698"}],"wp:featuredmedia":[{"embeddable":true,"href":"https:\/\/mouldking.store\/es\/wp-json\/wp\/v2\/media\/27699"}],"wp:attachment":[{"href":"https:\/\/mouldking.store\/es\/wp-json\/wp\/v2\/media?parent=27698"}],"wp:term":[{"taxonomy":"product_cat","embeddable":true,"href":"https:\/\/mouldking.store\/es\/wp-json\/wp\/v2\/product_cat?post=27698"},{"taxonomy":"product_tag","embeddable":true,"href":"https:\/\/mouldking.store\/es\/wp-json\/wp\/v2\/product_tag?post=27698"}],"curies":[{"name":"wp","href":"https:\/\/api.w.org\/{rel}","templated":true}]}}