{"id":27708,"date":"2021-11-22T09:20:48","date_gmt":"2021-11-22T09:20:48","guid":{"rendered":"https:\/\/mouldking.store\/?post_type=product&#038;p=27708"},"modified":"2021-12-23T09:40:34","modified_gmt":"2021-12-23T09:40:34","slug":"pzx-9931-christmas-house-with-2900-pieces","status":"publish","type":"product","link":"https:\/\/mouldking.store\/es\/shop\/pzx-9931-christmas-house-with-2900-pieces\/","title":{"rendered":"PZX 9931 Casa de Navidad con 2900 piezas"},"content":{"rendered":"<p>Informaci\u00f3n del Producto:<\/p>\n<ol>\n<li>Marca: PZX<\/li>\n<li>G\u00e9nero: Unisex<\/li>\n<li>Name: Christmas House<\/li>\n<li>Rango de edad: &gt; 14 a\u00f1os<\/li>\n<li>Model Number: 9931<\/li>\n<li>Clasificaci\u00f3n: Ensamblaje<\/li>\n<li>Forma de bloque de pl\u00e1stico: Ladrillos autoblocantes<\/li>\n<li>Material: Pl\u00e1stico<\/li>\n<li>Tipo de pl\u00e1stico: ABS<\/li>\n<li>Bricks Blocks: 2900 PCS<\/li>\n<li>Contiene instrucciones de montaje detalladas.<\/li>\n<\/ol>\n<p>Aviso:<br \/>\n1. Sin caja original, pero garantizamos que nuestros productos tienen garant\u00eda de calidad y un buen embalaje.<br \/>\n2. Como todas las piezas que hemos comprobado antes del env\u00edo, si encuentra que faltan piezas o est\u00e1n da\u00f1adas, no se preocupe y p\u00f3ngase en contacto con nosotros y podemos reenvi\u00e1rselas inmediatamente de forma gratuita.<\/p>\n<figure id=\"attachment_27709\" aria-describedby=\"caption-attachment-27709\" style=\"width: 800px\" class=\"wp-caption aligncenter\"><img fetchpriority=\"high\" decoding=\"async\" class=\"wp-image-27709 size-full\" src=\"https:\/\/mouldking.store\/wp-content\/uploads\/2021\/11\/PZX-9931-Christmas-House-with-2900-pieces-1.jpg\" alt=\"PZX 9931 Christmas House with 2900 pieces\" width=\"800\" height=\"800\" title=\"-\" srcset=\"https:\/\/mouldking.store\/wp-content\/uploads\/2021\/11\/PZX-9931-Christmas-House-with-2900-pieces-1.jpg 800w, https:\/\/mouldking.store\/wp-content\/uploads\/2021\/11\/PZX-9931-Christmas-House-with-2900-pieces-1-300x300.jpg 300w, https:\/\/mouldking.store\/wp-content\/uploads\/2021\/11\/PZX-9931-Christmas-House-with-2900-pieces-1-768x768.jpg 768w, https:\/\/mouldking.store\/wp-content\/uploads\/2021\/11\/PZX-9931-Christmas-House-with-2900-pieces-1-600x600.jpg 600w, https:\/\/mouldking.store\/wp-content\/uploads\/2021\/11\/PZX-9931-Christmas-House-with-2900-pieces-1-150x150.jpg 150w\" sizes=\"(max-width: 800px) 100vw, 800px\" \/><figcaption id=\"caption-attachment-27709\" class=\"wp-caption-text\">PZX 9931 Casa de Navidad con 2900 piezas<\/figcaption><\/figure>\n<figure id=\"attachment_27710\" aria-describedby=\"caption-attachment-27710\" style=\"width: 800px\" class=\"wp-caption aligncenter\"><img decoding=\"async\" class=\"wp-image-27710\" src=\"https:\/\/mouldking.store\/wp-content\/uploads\/2021\/11\/PZX-9931-Christmas-House-with-2900-pieces-2-300x214.jpg\" alt=\"PZX 9931 Christmas House with 2900 pieces\" width=\"800\" height=\"571\" title=\"-\" srcset=\"https:\/\/mouldking.store\/wp-content\/uploads\/2021\/11\/PZX-9931-Christmas-House-with-2900-pieces-2-300x214.jpg 300w, https:\/\/mouldking.store\/wp-content\/uploads\/2021\/11\/PZX-9931-Christmas-House-with-2900-pieces-2-768x548.jpg 768w, https:\/\/mouldking.store\/wp-content\/uploads\/2021\/11\/PZX-9931-Christmas-House-with-2900-pieces-2-600x428.jpg 600w, https:\/\/mouldking.store\/wp-content\/uploads\/2021\/11\/PZX-9931-Christmas-House-with-2900-pieces-2-150x107.jpg 150w, https:\/\/mouldking.store\/wp-content\/uploads\/2021\/11\/PZX-9931-Christmas-House-with-2900-pieces-2.jpg 1024w\" sizes=\"(max-width: 800px) 100vw, 800px\" \/><figcaption id=\"caption-attachment-27710\" class=\"wp-caption-text\">PZX 9931 Casa de Navidad con 2900 piezas<\/figcaption><\/figure>\n<figure id=\"attachment_27711\" aria-describedby=\"caption-attachment-27711\" style=\"width: 800px\" class=\"wp-caption aligncenter\"><img decoding=\"async\" class=\"wp-image-27711\" src=\"https:\/\/mouldking.store\/wp-content\/uploads\/2021\/11\/PZX-9931-Christmas-House-with-2900-pieces-3-300x214.jpg\" alt=\"PZX 9931 Christmas House with 2900 pieces\" width=\"800\" height=\"570\" title=\"-\" srcset=\"https:\/\/mouldking.store\/wp-content\/uploads\/2021\/11\/PZX-9931-Christmas-House-with-2900-pieces-3-300x214.jpg 300w, https:\/\/mouldking.store\/wp-content\/uploads\/2021\/11\/PZX-9931-Christmas-House-with-2900-pieces-3-768x548.jpg 768w, https:\/\/mouldking.store\/wp-content\/uploads\/2021\/11\/PZX-9931-Christmas-House-with-2900-pieces-3-600x428.jpg 600w, https:\/\/mouldking.store\/wp-content\/uploads\/2021\/11\/PZX-9931-Christmas-House-with-2900-pieces-3-150x107.jpg 150w, https:\/\/mouldking.store\/wp-content\/uploads\/2021\/11\/PZX-9931-Christmas-House-with-2900-pieces-3.jpg 1024w\" sizes=\"(max-width: 800px) 100vw, 800px\" \/><figcaption id=\"caption-attachment-27711\" class=\"wp-caption-text\">PZX 9931 Casa de Navidad con 2900 piezas<\/figcaption><\/figure>\n<figure id=\"attachment_27712\" aria-describedby=\"caption-attachment-27712\" style=\"width: 800px\" class=\"wp-caption aligncenter\"><img loading=\"lazy\" decoding=\"async\" class=\"wp-image-27712\" src=\"https:\/\/mouldking.store\/wp-content\/uploads\/2021\/11\/PZX-9931-Christmas-House-with-2900-pieces-4-300x214.jpg\" alt=\"PZX 9931 Christmas House with 2900 pieces\" width=\"800\" height=\"570\" title=\"-\" srcset=\"https:\/\/mouldking.store\/wp-content\/uploads\/2021\/11\/PZX-9931-Christmas-House-with-2900-pieces-4-300x214.jpg 300w, https:\/\/mouldking.store\/wp-content\/uploads\/2021\/11\/PZX-9931-Christmas-House-with-2900-pieces-4-768x548.jpg 768w, https:\/\/mouldking.store\/wp-content\/uploads\/2021\/11\/PZX-9931-Christmas-House-with-2900-pieces-4-600x428.jpg 600w, https:\/\/mouldking.store\/wp-content\/uploads\/2021\/11\/PZX-9931-Christmas-House-with-2900-pieces-4-150x107.jpg 150w, https:\/\/mouldking.store\/wp-content\/uploads\/2021\/11\/PZX-9931-Christmas-House-with-2900-pieces-4.jpg 1024w\" sizes=\"(max-width: 800px) 100vw, 800px\" \/><figcaption id=\"caption-attachment-27712\" class=\"wp-caption-text\">PZX 9931 Casa de Navidad con 2900 piezas<\/figcaption><\/figure>","protected":false},"excerpt":{"rendered":"<p>Product information: Brand: PZX Gender: Unisex Name: Christmas House Age Range: &gt; 14 years old Model Number: 9931 Classification: Assemblage Plastic Block Shape: Self-Locking Bricks Material: Plastic Plastic Type: ABS Bricks Blocks: 2900 PCS Contains detailed assembly instructions. Notice: 1. Without an original box, but we guarantee our products have quality assurance and nice packaging. [&hellip;]<\/p>","protected":false},"featured_media":27709,"comment_status":"open","ping_status":"closed","template":"","meta":{"_acf_changed":false},"product_cat":[390],"product_tag":[3731,1071,3732,3730,3729,3733],"class_list":["product","first","instock","shipping-taxable","purchasable","product-type-simple"],"acf":[],"_links":{"self":[{"href":"https:\/\/mouldking.store\/es\/wp-json\/wp\/v2\/product\/27708","targetHints":{"allow":["GET"]}}],"collection":[{"href":"https:\/\/mouldking.store\/es\/wp-json\/wp\/v2\/product"}],"about":[{"href":"https:\/\/mouldking.store\/es\/wp-json\/wp\/v2\/types\/product"}],"replies":[{"embeddable":true,"href":"https:\/\/mouldking.store\/es\/wp-json\/wp\/v2\/comments?post=27708"}],"wp:featuredmedia":[{"embeddable":true,"href":"https:\/\/mouldking.store\/es\/wp-json\/wp\/v2\/media\/27709"}],"wp:attachment":[{"href":"https:\/\/mouldking.store\/es\/wp-json\/wp\/v2\/media?parent=27708"}],"wp:term":[{"taxonomy":"product_cat","embeddable":true,"href":"https:\/\/mouldking.store\/es\/wp-json\/wp\/v2\/product_cat?post=27708"},{"taxonomy":"product_tag","embeddable":true,"href":"https:\/\/mouldking.store\/es\/wp-json\/wp\/v2\/product_tag?post=27708"}],"curies":[{"name":"wp","href":"https:\/\/api.w.org\/{rel}","templated":true}]}}