{"id":27788,"date":"2021-11-24T04:18:50","date_gmt":"2021-11-24T04:18:50","guid":{"rendered":"https:\/\/mouldking.store\/?post_type=product&#038;p=27788"},"modified":"2025-12-25T09:17:00","modified_gmt":"2025-12-25T02:17:00","slug":"moc-65949-wanda-maximoff-vision-with-251-pieces","status":"publish","type":"product","link":"https:\/\/mouldking.store\/es\/shop\/moc-65949-wanda-maximoff-vision-with-251-pieces\/","title":{"rendered":"MOC-65949 Wanda Maximoff &amp; Vision with 251 pieces"},"content":{"rendered":"<p>Informaci\u00f3n del Producto:<\/p>\n<ol>\n<li>Marca: MOC<\/li>\n<li>G\u00e9nero: Unisex<\/li>\n<li>Name: Wanda Maximoff &amp; Vision<\/li>\n<li>Rango de edad: &gt; 6 a\u00f1os<\/li>\n<li>Model Number: MOC-65949<\/li>\n<li>Clasificaci\u00f3n: Ensamblaje<\/li>\n<li>Forma de bloque de pl\u00e1stico: Ladrillos autoblocantes<\/li>\n<li>Material: Pl\u00e1stico<\/li>\n<li>Tipo de pl\u00e1stico: ABS<\/li>\n<li>Bloques de ladrillos: 251 PCS<\/li>\n<li>Contiene instrucciones de montaje detalladas.<\/li>\n<\/ol>\n<p>Aviso:<br \/>\n1. Sin caja original, pero garantizamos que nuestros productos tienen garant\u00eda de calidad y un buen embalaje.<br \/>\n2. Como todas las piezas que hemos comprobado antes del env\u00edo, si encuentra que faltan piezas o est\u00e1n da\u00f1adas, no se preocupe y p\u00f3ngase en contacto con nosotros y podemos reenvi\u00e1rselas inmediatamente de forma gratuita.<\/p>\n<figure id=\"attachment_27789\" aria-describedby=\"caption-attachment-27789\" style=\"width: 1000px\" class=\"wp-caption aligncenter\"><img fetchpriority=\"high\" decoding=\"async\" class=\"size-full wp-image-27789\" title=\"MOC-65949 Wanda Maximoff &amp; Vision with 251 pieces\" src=\"https:\/\/mouldking.store\/wp-content\/uploads\/2021\/11\/moc-65949-wanda-maximoff-vision-with-251-pieces.jpg\" alt=\"MOC-65949 Wanda Maximoff &amp; Vision with 251 pieces\" width=\"1000\" height=\"1000\" srcset=\"https:\/\/mouldking.store\/wp-content\/uploads\/2021\/11\/moc-65949-wanda-maximoff-vision-with-251-pieces.jpg 1000w, https:\/\/mouldking.store\/wp-content\/uploads\/2021\/11\/moc-65949-wanda-maximoff-vision-with-251-pieces-300x300.jpg 300w, https:\/\/mouldking.store\/wp-content\/uploads\/2021\/11\/moc-65949-wanda-maximoff-vision-with-251-pieces-768x768.jpg 768w, https:\/\/mouldking.store\/wp-content\/uploads\/2021\/11\/moc-65949-wanda-maximoff-vision-with-251-pieces-600x600.jpg 600w, https:\/\/mouldking.store\/wp-content\/uploads\/2021\/11\/moc-65949-wanda-maximoff-vision-with-251-pieces-150x150.jpg 150w\" sizes=\"(max-width: 1000px) 100vw, 1000px\" \/><figcaption id=\"caption-attachment-27789\" class=\"wp-caption-text\">MOC-65949 Wanda Maximoff &amp; Vision with 251 pieces<\/figcaption><\/figure>\n<figure id=\"attachment_27790\" aria-describedby=\"caption-attachment-27790\" style=\"width: 1000px\" class=\"wp-caption aligncenter\"><img decoding=\"async\" class=\"size-full wp-image-27790\" title=\"MOC-65949 Wanda Maximoff &amp; Vision with 251 pieces\" src=\"https:\/\/mouldking.store\/wp-content\/uploads\/2021\/11\/moc-65949-wanda-maximoff-vision-with-251-pieces-1.jpg\" alt=\"MOC-65949 Wanda Maximoff &amp; Vision with 251 pieces\" width=\"1000\" height=\"1000\" srcset=\"https:\/\/mouldking.store\/wp-content\/uploads\/2021\/11\/moc-65949-wanda-maximoff-vision-with-251-pieces-1.jpg 1000w, https:\/\/mouldking.store\/wp-content\/uploads\/2021\/11\/moc-65949-wanda-maximoff-vision-with-251-pieces-1-300x300.jpg 300w, https:\/\/mouldking.store\/wp-content\/uploads\/2021\/11\/moc-65949-wanda-maximoff-vision-with-251-pieces-1-768x768.jpg 768w, https:\/\/mouldking.store\/wp-content\/uploads\/2021\/11\/moc-65949-wanda-maximoff-vision-with-251-pieces-1-600x600.jpg 600w, https:\/\/mouldking.store\/wp-content\/uploads\/2021\/11\/moc-65949-wanda-maximoff-vision-with-251-pieces-1-150x150.jpg 150w\" sizes=\"(max-width: 1000px) 100vw, 1000px\" \/><figcaption id=\"caption-attachment-27790\" class=\"wp-caption-text\">MOC-65949 Wanda Maximoff &amp; Vision with 251 pieces<\/figcaption><\/figure>\n<figure id=\"attachment_27791\" aria-describedby=\"caption-attachment-27791\" style=\"width: 1000px\" class=\"wp-caption aligncenter\"><img decoding=\"async\" class=\"size-full wp-image-27791\" title=\"MOC-65949 Wanda Maximoff &amp; Vision with 251 pieces\" src=\"https:\/\/mouldking.store\/wp-content\/uploads\/2021\/11\/moc-65949-wanda-maximoff-vision-with-251-pieces-2.jpg\" alt=\"MOC-65949 Wanda Maximoff &amp; Vision with 251 pieces\" width=\"1000\" height=\"1000\" srcset=\"https:\/\/mouldking.store\/wp-content\/uploads\/2021\/11\/moc-65949-wanda-maximoff-vision-with-251-pieces-2.jpg 1000w, https:\/\/mouldking.store\/wp-content\/uploads\/2021\/11\/moc-65949-wanda-maximoff-vision-with-251-pieces-2-300x300.jpg 300w, https:\/\/mouldking.store\/wp-content\/uploads\/2021\/11\/moc-65949-wanda-maximoff-vision-with-251-pieces-2-768x768.jpg 768w, https:\/\/mouldking.store\/wp-content\/uploads\/2021\/11\/moc-65949-wanda-maximoff-vision-with-251-pieces-2-600x600.jpg 600w, https:\/\/mouldking.store\/wp-content\/uploads\/2021\/11\/moc-65949-wanda-maximoff-vision-with-251-pieces-2-150x150.jpg 150w\" sizes=\"(max-width: 1000px) 100vw, 1000px\" \/><figcaption id=\"caption-attachment-27791\" class=\"wp-caption-text\">MOC-65949 Wanda Maximoff &amp; Vision with 251 pieces<\/figcaption><\/figure>","protected":false},"excerpt":{"rendered":"<p>Product information: Brand: MOC Gender: Unisex Name: Wanda Maximoff &amp; Vision Age Range: &gt; 6 years old Model Number: MOC-65949 Classification: Assemblage Plastic Block Shape: Self-Locking Bricks Material: Plastic Plastic Type: ABS Bricks Blocks: 251 PCS Contains detailed assembly instructions. Notice: 1. Without an original box, but we guarantee our products have quality assurance and [&hellip;]<\/p>","protected":false},"featured_media":27792,"comment_status":"open","ping_status":"closed","template":"","meta":{"_acf_changed":false},"product_cat":[581],"product_tag":[3780,3781],"class_list":["product","first","instock","shipping-taxable","purchasable","product-type-simple"],"acf":[],"_links":{"self":[{"href":"https:\/\/mouldking.store\/es\/wp-json\/wp\/v2\/product\/27788","targetHints":{"allow":["GET"]}}],"collection":[{"href":"https:\/\/mouldking.store\/es\/wp-json\/wp\/v2\/product"}],"about":[{"href":"https:\/\/mouldking.store\/es\/wp-json\/wp\/v2\/types\/product"}],"replies":[{"embeddable":true,"href":"https:\/\/mouldking.store\/es\/wp-json\/wp\/v2\/comments?post=27788"}],"wp:featuredmedia":[{"embeddable":true,"href":"https:\/\/mouldking.store\/es\/wp-json\/wp\/v2\/media\/27792"}],"wp:attachment":[{"href":"https:\/\/mouldking.store\/es\/wp-json\/wp\/v2\/media?parent=27788"}],"wp:term":[{"taxonomy":"product_cat","embeddable":true,"href":"https:\/\/mouldking.store\/es\/wp-json\/wp\/v2\/product_cat?post=27788"},{"taxonomy":"product_tag","embeddable":true,"href":"https:\/\/mouldking.store\/es\/wp-json\/wp\/v2\/product_tag?post=27788"}],"curies":[{"name":"wp","href":"https:\/\/api.w.org\/{rel}","templated":true}]}}