{"id":27817,"date":"2021-11-24T12:44:43","date_gmt":"2021-11-24T12:44:43","guid":{"rendered":"https:\/\/mouldking.store\/?post_type=product&#038;p=27817"},"modified":"2021-12-23T09:40:31","modified_gmt":"2021-12-23T09:40:31","slug":"loz-1031-subway-with-1753-pieces","status":"publish","type":"product","link":"https:\/\/mouldking.store\/es\/shop\/loz-1031-subway-with-1753-pieces\/","title":{"rendered":"Metro LOZ 1031 con 1753 piezas"},"content":{"rendered":"<p>Informaci\u00f3n del Producto:<\/p>\n<ol>\n<li>Marca: LOZ<\/li>\n<li>G\u00e9nero: Unisex<\/li>\n<li>Name: Subway<\/li>\n<li>Rango de edad: &gt; 6 a\u00f1os<\/li>\n<li>Model Number: 1031<\/li>\n<li>Clasificaci\u00f3n: Ensamblaje<\/li>\n<li>Forma de bloque de pl\u00e1stico: Ladrillos autoblocantes<\/li>\n<li>Material: Pl\u00e1stico<\/li>\n<li>Tipo de pl\u00e1stico: ABS<\/li>\n<li>Bricks Blocks: 1753\u00a0PCS<\/li>\n<li>Contiene instrucciones de montaje detalladas.<\/li>\n<\/ol>\n<p>Aviso:<br \/>\n1. Sin caja original, pero garantizamos que nuestros productos tienen garant\u00eda de calidad y un buen embalaje.<br \/>\n2. Como todas las piezas que hemos comprobado antes del env\u00edo, si encuentra que faltan piezas o est\u00e1n da\u00f1adas, no se preocupe y p\u00f3ngase en contacto con nosotros y podemos reenvi\u00e1rselas inmediatamente de forma gratuita.<\/p>\n<figure id=\"attachment_27819\" aria-describedby=\"caption-attachment-27819\" style=\"width: 632px\" class=\"wp-caption aligncenter\"><img fetchpriority=\"high\" decoding=\"async\" class=\"wp-image-27819 size-full\" src=\"https:\/\/mouldking.store\/wp-content\/uploads\/2021\/11\/MODULAR-BUILDING-LOZ-1031-Subway.jpg\" alt=\"LOZ 1031 Subway with 1753 pieces\" width=\"632\" height=\"1024\" title=\"-\" srcset=\"https:\/\/mouldking.store\/wp-content\/uploads\/2021\/11\/MODULAR-BUILDING-LOZ-1031-Subway.jpg 632w, https:\/\/mouldking.store\/wp-content\/uploads\/2021\/11\/MODULAR-BUILDING-LOZ-1031-Subway-185x300.jpg 185w, https:\/\/mouldking.store\/wp-content\/uploads\/2021\/11\/MODULAR-BUILDING-LOZ-1031-Subway-300x486.jpg 300w, https:\/\/mouldking.store\/wp-content\/uploads\/2021\/11\/MODULAR-BUILDING-LOZ-1031-Subway-600x972.jpg 600w, https:\/\/mouldking.store\/wp-content\/uploads\/2021\/11\/MODULAR-BUILDING-LOZ-1031-Subway-93x150.jpg 93w\" sizes=\"(max-width: 632px) 100vw, 632px\" \/><figcaption id=\"caption-attachment-27819\" class=\"wp-caption-text\">Metro LOZ 1031 con 1753 piezas<\/figcaption><\/figure>\n<figure id=\"attachment_27818\" aria-describedby=\"caption-attachment-27818\" style=\"width: 800px\" class=\"wp-caption aligncenter\"><img decoding=\"async\" class=\"wp-image-27818 size-full\" src=\"https:\/\/mouldking.store\/wp-content\/uploads\/2021\/11\/MODULAR-BUILDING-LOZ-1031-Subway-1.jpg\" alt=\"LOZ 1031 Subway with 1753 pieces\" width=\"800\" height=\"800\" title=\"-\" srcset=\"https:\/\/mouldking.store\/wp-content\/uploads\/2021\/11\/MODULAR-BUILDING-LOZ-1031-Subway-1.jpg 800w, https:\/\/mouldking.store\/wp-content\/uploads\/2021\/11\/MODULAR-BUILDING-LOZ-1031-Subway-1-300x300.jpg 300w, https:\/\/mouldking.store\/wp-content\/uploads\/2021\/11\/MODULAR-BUILDING-LOZ-1031-Subway-1-768x768.jpg 768w, https:\/\/mouldking.store\/wp-content\/uploads\/2021\/11\/MODULAR-BUILDING-LOZ-1031-Subway-1-600x600.jpg 600w, https:\/\/mouldking.store\/wp-content\/uploads\/2021\/11\/MODULAR-BUILDING-LOZ-1031-Subway-1-150x150.jpg 150w\" sizes=\"(max-width: 800px) 100vw, 800px\" \/><figcaption id=\"caption-attachment-27818\" class=\"wp-caption-text\">Metro LOZ 1031 con 1753 piezas<\/figcaption><\/figure>\n<figure id=\"attachment_27820\" aria-describedby=\"caption-attachment-27820\" style=\"width: 632px\" class=\"wp-caption aligncenter\"><img decoding=\"async\" class=\"wp-image-27820 size-full\" src=\"https:\/\/mouldking.store\/wp-content\/uploads\/2021\/11\/MODULAR-BUILDING-LOZ-1031-Subway-2.jpg\" alt=\"LOZ 1031 Subway with 1753 pieces\" width=\"632\" height=\"1024\" title=\"-\" srcset=\"https:\/\/mouldking.store\/wp-content\/uploads\/2021\/11\/MODULAR-BUILDING-LOZ-1031-Subway-2.jpg 632w, https:\/\/mouldking.store\/wp-content\/uploads\/2021\/11\/MODULAR-BUILDING-LOZ-1031-Subway-2-185x300.jpg 185w, https:\/\/mouldking.store\/wp-content\/uploads\/2021\/11\/MODULAR-BUILDING-LOZ-1031-Subway-2-300x486.jpg 300w, https:\/\/mouldking.store\/wp-content\/uploads\/2021\/11\/MODULAR-BUILDING-LOZ-1031-Subway-2-600x972.jpg 600w, https:\/\/mouldking.store\/wp-content\/uploads\/2021\/11\/MODULAR-BUILDING-LOZ-1031-Subway-2-93x150.jpg 93w\" sizes=\"(max-width: 632px) 100vw, 632px\" \/><figcaption id=\"caption-attachment-27820\" class=\"wp-caption-text\">Metro LOZ 1031 con 1753 piezas<\/figcaption><\/figure>","protected":false},"excerpt":{"rendered":"<p>Product information: Brand: LOZ Gender: Unisex Name: Subway Age Range: &gt; 6 years old Model Number: 1031 Classification: Assemblage Plastic Block Shape: Self-Locking Bricks Material: Plastic Plastic Type: ABS Bricks Blocks: 1753\u00a0PCS Contains detailed assembly instructions. Notice: 1. Without an original box, but we guarantee our products have quality assurance and nice packaging. 2. As [&hellip;]<\/p>","protected":false},"featured_media":27818,"comment_status":"open","ping_status":"closed","template":"","meta":{"_acf_changed":false},"product_cat":[390],"product_tag":[3802,3803,3801,3800,3805,3806,3804],"class_list":["product","first","instock","shipping-taxable","purchasable","product-type-simple"],"acf":[],"_links":{"self":[{"href":"https:\/\/mouldking.store\/es\/wp-json\/wp\/v2\/product\/27817","targetHints":{"allow":["GET"]}}],"collection":[{"href":"https:\/\/mouldking.store\/es\/wp-json\/wp\/v2\/product"}],"about":[{"href":"https:\/\/mouldking.store\/es\/wp-json\/wp\/v2\/types\/product"}],"replies":[{"embeddable":true,"href":"https:\/\/mouldking.store\/es\/wp-json\/wp\/v2\/comments?post=27817"}],"wp:featuredmedia":[{"embeddable":true,"href":"https:\/\/mouldking.store\/es\/wp-json\/wp\/v2\/media\/27818"}],"wp:attachment":[{"href":"https:\/\/mouldking.store\/es\/wp-json\/wp\/v2\/media?parent=27817"}],"wp:term":[{"taxonomy":"product_cat","embeddable":true,"href":"https:\/\/mouldking.store\/es\/wp-json\/wp\/v2\/product_cat?post=27817"},{"taxonomy":"product_tag","embeddable":true,"href":"https:\/\/mouldking.store\/es\/wp-json\/wp\/v2\/product_tag?post=27817"}],"curies":[{"name":"wp","href":"https:\/\/api.w.org\/{rel}","templated":true}]}}