{"id":27821,"date":"2021-11-24T12:50:35","date_gmt":"2021-11-24T12:50:35","guid":{"rendered":"https:\/\/mouldking.store\/?post_type=product&#038;p=27821"},"modified":"2021-12-23T09:40:31","modified_gmt":"2021-12-23T09:40:31","slug":"quanguan-100063-t-34-soviet-medium-tank-with-1113-pieces","status":"publish","type":"product","link":"https:\/\/mouldking.store\/es\/shop\/quanguan-100063-t-34-soviet-medium-tank-with-1113-pieces\/","title":{"rendered":"Tanque medio sovi\u00e9tico QuanGuan 100063 T-34 con 1113 piezas"},"content":{"rendered":"<p>Informaci\u00f3n del Producto:<\/p>\n<ol>\n<li>Marca: QuanGuan<\/li>\n<li>G\u00e9nero: Unisex<\/li>\n<li>Name: T-34 Soviet Medium Tank<\/li>\n<li>Rango de edad: &gt; 6 a\u00f1os<\/li>\n<li>Model Number: 100063<\/li>\n<li>Clasificaci\u00f3n: Ensamblaje<\/li>\n<li>Forma de bloque de pl\u00e1stico: Ladrillos autoblocantes<\/li>\n<li>Material: Pl\u00e1stico<\/li>\n<li>Tipo de pl\u00e1stico: ABS<\/li>\n<li>Bricks Blocks: 1113 PCS<\/li>\n<li>Contiene instrucciones de montaje detalladas.<\/li>\n<\/ol>\n<p>Aviso:<br \/>\n1. Sin caja original, pero garantizamos que nuestros productos tienen garant\u00eda de calidad y un buen embalaje.<br \/>\n2. Como todas las piezas que hemos comprobado antes del env\u00edo, si encuentra que faltan piezas o est\u00e1n da\u00f1adas, no se preocupe y p\u00f3ngase en contacto con nosotros y podemos reenvi\u00e1rselas inmediatamente de forma gratuita.<\/p>\n<figure id=\"attachment_27822\" aria-describedby=\"caption-attachment-27822\" style=\"width: 800px\" class=\"wp-caption aligncenter\"><img fetchpriority=\"high\" decoding=\"async\" class=\"wp-image-27822 size-full\" src=\"https:\/\/mouldking.store\/wp-content\/uploads\/2021\/11\/MILITARY-QuanGuan-100063-T-34-Soviet-Medium-Tank-1.jpg\" alt=\"QuanGuan 100063 T-34 Soviet Medium Tank with 1113 pieces\" width=\"800\" height=\"800\" title=\"-\" srcset=\"https:\/\/mouldking.store\/wp-content\/uploads\/2021\/11\/MILITARY-QuanGuan-100063-T-34-Soviet-Medium-Tank-1.jpg 800w, https:\/\/mouldking.store\/wp-content\/uploads\/2021\/11\/MILITARY-QuanGuan-100063-T-34-Soviet-Medium-Tank-1-300x300.jpg 300w, https:\/\/mouldking.store\/wp-content\/uploads\/2021\/11\/MILITARY-QuanGuan-100063-T-34-Soviet-Medium-Tank-1-768x768.jpg 768w, https:\/\/mouldking.store\/wp-content\/uploads\/2021\/11\/MILITARY-QuanGuan-100063-T-34-Soviet-Medium-Tank-1-600x600.jpg 600w, https:\/\/mouldking.store\/wp-content\/uploads\/2021\/11\/MILITARY-QuanGuan-100063-T-34-Soviet-Medium-Tank-1-150x150.jpg 150w\" sizes=\"(max-width: 800px) 100vw, 800px\" \/><figcaption id=\"caption-attachment-27822\" class=\"wp-caption-text\">Tanque medio sovi\u00e9tico QuanGuan 100063 T-34 con 1113 piezas<\/figcaption><\/figure>\n<figure id=\"attachment_27823\" aria-describedby=\"caption-attachment-27823\" style=\"width: 800px\" class=\"wp-caption aligncenter\"><img decoding=\"async\" class=\"wp-image-27823\" src=\"https:\/\/mouldking.store\/wp-content\/uploads\/2021\/11\/MILITARY-QuanGuan-100063-T-34-Soviet-Medium-Tank-2-300x260.jpg\" alt=\"QuanGuan 100063 T-34 Soviet Medium Tank with 1113 pieces\" width=\"800\" height=\"692\" title=\"-\" srcset=\"https:\/\/mouldking.store\/wp-content\/uploads\/2021\/11\/MILITARY-QuanGuan-100063-T-34-Soviet-Medium-Tank-2-300x260.jpg 300w, https:\/\/mouldking.store\/wp-content\/uploads\/2021\/11\/MILITARY-QuanGuan-100063-T-34-Soviet-Medium-Tank-2-768x665.jpg 768w, https:\/\/mouldking.store\/wp-content\/uploads\/2021\/11\/MILITARY-QuanGuan-100063-T-34-Soviet-Medium-Tank-2-600x519.jpg 600w, https:\/\/mouldking.store\/wp-content\/uploads\/2021\/11\/MILITARY-QuanGuan-100063-T-34-Soviet-Medium-Tank-2-150x130.jpg 150w, https:\/\/mouldking.store\/wp-content\/uploads\/2021\/11\/MILITARY-QuanGuan-100063-T-34-Soviet-Medium-Tank-2.jpg 1024w\" sizes=\"(max-width: 800px) 100vw, 800px\" \/><figcaption id=\"caption-attachment-27823\" class=\"wp-caption-text\">Tanque medio sovi\u00e9tico QuanGuan 100063 T-34 con 1113 piezas<\/figcaption><\/figure>\n<figure id=\"attachment_27824\" aria-describedby=\"caption-attachment-27824\" style=\"width: 800px\" class=\"wp-caption aligncenter\"><img decoding=\"async\" class=\"wp-image-27824\" src=\"https:\/\/mouldking.store\/wp-content\/uploads\/2021\/11\/MILITARY-QuanGuan-100063-T-34-Soviet-Medium-Tank-3-300x200.jpg\" alt=\"QuanGuan 100063 T-34 Soviet Medium Tank with 1113 pieces\" width=\"800\" height=\"534\" title=\"-\" srcset=\"https:\/\/mouldking.store\/wp-content\/uploads\/2021\/11\/MILITARY-QuanGuan-100063-T-34-Soviet-Medium-Tank-3-300x200.jpg 300w, https:\/\/mouldking.store\/wp-content\/uploads\/2021\/11\/MILITARY-QuanGuan-100063-T-34-Soviet-Medium-Tank-3-768x512.jpg 768w, https:\/\/mouldking.store\/wp-content\/uploads\/2021\/11\/MILITARY-QuanGuan-100063-T-34-Soviet-Medium-Tank-3-600x400.jpg 600w, https:\/\/mouldking.store\/wp-content\/uploads\/2021\/11\/MILITARY-QuanGuan-100063-T-34-Soviet-Medium-Tank-3-150x100.jpg 150w, https:\/\/mouldking.store\/wp-content\/uploads\/2021\/11\/MILITARY-QuanGuan-100063-T-34-Soviet-Medium-Tank-3.jpg 1024w\" sizes=\"(max-width: 800px) 100vw, 800px\" \/><figcaption id=\"caption-attachment-27824\" class=\"wp-caption-text\">Tanque medio sovi\u00e9tico QuanGuan 100063 T-34 con 1113 piezas<\/figcaption><\/figure>\n<figure id=\"attachment_27825\" aria-describedby=\"caption-attachment-27825\" style=\"width: 800px\" class=\"wp-caption aligncenter\"><img loading=\"lazy\" decoding=\"async\" class=\"wp-image-27825\" src=\"https:\/\/mouldking.store\/wp-content\/uploads\/2021\/11\/MILITARY-QuanGuan-100063-T-34-Soviet-Medium-Tank-4-300x191.jpg\" alt=\"QuanGuan 100063 T-34 Soviet Medium Tank with 1113 pieces\" width=\"800\" height=\"508\" title=\"-\" srcset=\"https:\/\/mouldking.store\/wp-content\/uploads\/2021\/11\/MILITARY-QuanGuan-100063-T-34-Soviet-Medium-Tank-4-300x191.jpg 300w, https:\/\/mouldking.store\/wp-content\/uploads\/2021\/11\/MILITARY-QuanGuan-100063-T-34-Soviet-Medium-Tank-4-768x488.jpg 768w, https:\/\/mouldking.store\/wp-content\/uploads\/2021\/11\/MILITARY-QuanGuan-100063-T-34-Soviet-Medium-Tank-4-600x381.jpg 600w, https:\/\/mouldking.store\/wp-content\/uploads\/2021\/11\/MILITARY-QuanGuan-100063-T-34-Soviet-Medium-Tank-4-150x95.jpg 150w, https:\/\/mouldking.store\/wp-content\/uploads\/2021\/11\/MILITARY-QuanGuan-100063-T-34-Soviet-Medium-Tank-4.jpg 1023w\" sizes=\"(max-width: 800px) 100vw, 800px\" \/><figcaption id=\"caption-attachment-27825\" class=\"wp-caption-text\">Tanque medio sovi\u00e9tico QuanGuan 100063 T-34 con 1113 piezas<\/figcaption><\/figure>\n<figure id=\"attachment_27828\" aria-describedby=\"caption-attachment-27828\" style=\"width: 800px\" class=\"wp-caption aligncenter\"><img loading=\"lazy\" decoding=\"async\" class=\"wp-image-27828\" src=\"https:\/\/mouldking.store\/wp-content\/uploads\/2021\/11\/MILITARY-QuanGuan-100063-T-34-Soviet-Medium-Tank-8-300x272.jpg\" alt=\"QuanGuan 100063 T-34 Soviet Medium Tank with 1113 pieces\" width=\"800\" height=\"726\" title=\"-\" srcset=\"https:\/\/mouldking.store\/wp-content\/uploads\/2021\/11\/MILITARY-QuanGuan-100063-T-34-Soviet-Medium-Tank-8-300x272.jpg 300w, https:\/\/mouldking.store\/wp-content\/uploads\/2021\/11\/MILITARY-QuanGuan-100063-T-34-Soviet-Medium-Tank-8-768x697.jpg 768w, https:\/\/mouldking.store\/wp-content\/uploads\/2021\/11\/MILITARY-QuanGuan-100063-T-34-Soviet-Medium-Tank-8-600x544.jpg 600w, https:\/\/mouldking.store\/wp-content\/uploads\/2021\/11\/MILITARY-QuanGuan-100063-T-34-Soviet-Medium-Tank-8-150x136.jpg 150w, https:\/\/mouldking.store\/wp-content\/uploads\/2021\/11\/MILITARY-QuanGuan-100063-T-34-Soviet-Medium-Tank-8.jpg 1024w\" sizes=\"(max-width: 800px) 100vw, 800px\" \/><figcaption id=\"caption-attachment-27828\" class=\"wp-caption-text\">Tanque medio sovi\u00e9tico QuanGuan 100063 T-34 con 1113 piezas<\/figcaption><\/figure>\n<figure id=\"attachment_27829\" aria-describedby=\"caption-attachment-27829\" style=\"width: 800px\" class=\"wp-caption aligncenter\"><img loading=\"lazy\" decoding=\"async\" class=\"wp-image-27829\" src=\"https:\/\/mouldking.store\/wp-content\/uploads\/2021\/11\/MILITARY-QuanGuan-100063-T-34-Soviet-Medium-Tank-7-300x251.jpg\" alt=\"QuanGuan 100063 T-34 Soviet Medium Tank with 1113 pieces\" width=\"800\" height=\"670\" title=\"-\" srcset=\"https:\/\/mouldking.store\/wp-content\/uploads\/2021\/11\/MILITARY-QuanGuan-100063-T-34-Soviet-Medium-Tank-7-300x251.jpg 300w, https:\/\/mouldking.store\/wp-content\/uploads\/2021\/11\/MILITARY-QuanGuan-100063-T-34-Soviet-Medium-Tank-7-768x643.jpg 768w, https:\/\/mouldking.store\/wp-content\/uploads\/2021\/11\/MILITARY-QuanGuan-100063-T-34-Soviet-Medium-Tank-7-600x502.jpg 600w, https:\/\/mouldking.store\/wp-content\/uploads\/2021\/11\/MILITARY-QuanGuan-100063-T-34-Soviet-Medium-Tank-7-150x126.jpg 150w, https:\/\/mouldking.store\/wp-content\/uploads\/2021\/11\/MILITARY-QuanGuan-100063-T-34-Soviet-Medium-Tank-7.jpg 1024w\" sizes=\"(max-width: 800px) 100vw, 800px\" \/><figcaption id=\"caption-attachment-27829\" class=\"wp-caption-text\">Tanque medio sovi\u00e9tico QuanGuan 100063 T-34 con 1113 piezas<\/figcaption><\/figure>\n<figure id=\"attachment_27826\" aria-describedby=\"caption-attachment-27826\" style=\"width: 800px\" class=\"wp-caption aligncenter\"><img loading=\"lazy\" decoding=\"async\" class=\"wp-image-27826\" src=\"https:\/\/mouldking.store\/wp-content\/uploads\/2021\/11\/MILITARY-QuanGuan-100063-T-34-Soviet-Medium-Tank-5-300x220.jpg\" alt=\"QuanGuan 100063 T-34 Soviet Medium Tank with 1113 pieces\" width=\"800\" height=\"587\" title=\"-\" srcset=\"https:\/\/mouldking.store\/wp-content\/uploads\/2021\/11\/MILITARY-QuanGuan-100063-T-34-Soviet-Medium-Tank-5-300x220.jpg 300w, https:\/\/mouldking.store\/wp-content\/uploads\/2021\/11\/MILITARY-QuanGuan-100063-T-34-Soviet-Medium-Tank-5-768x563.jpg 768w, https:\/\/mouldking.store\/wp-content\/uploads\/2021\/11\/MILITARY-QuanGuan-100063-T-34-Soviet-Medium-Tank-5-600x440.jpg 600w, https:\/\/mouldking.store\/wp-content\/uploads\/2021\/11\/MILITARY-QuanGuan-100063-T-34-Soviet-Medium-Tank-5-150x110.jpg 150w, https:\/\/mouldking.store\/wp-content\/uploads\/2021\/11\/MILITARY-QuanGuan-100063-T-34-Soviet-Medium-Tank-5.jpg 1024w\" sizes=\"(max-width: 800px) 100vw, 800px\" \/><figcaption id=\"caption-attachment-27826\" class=\"wp-caption-text\">Tanque medio sovi\u00e9tico QuanGuan 100063 T-34 con 1113 piezas<\/figcaption><\/figure>","protected":false},"excerpt":{"rendered":"<p>Product information: Brand: QuanGuan Gender: Unisex Name: T-34 Soviet Medium Tank Age Range: &gt; 6 years old Model Number: 100063 Classification: Assemblage Plastic Block Shape: Self-Locking Bricks Material: Plastic Plastic Type: ABS Bricks Blocks: 1113 PCS Contains detailed assembly instructions. Notice: 1. Without an original box, but we guarantee our products have quality assurance and [&hellip;]<\/p>","protected":false},"featured_media":27822,"comment_status":"open","ping_status":"closed","template":"","meta":{"_acf_changed":false},"product_cat":[372],"product_tag":[3809,3813,3810,3808,3807,3812,3811,485],"class_list":["product","first","instock","shipping-taxable","purchasable","product-type-simple"],"acf":[],"_links":{"self":[{"href":"https:\/\/mouldking.store\/es\/wp-json\/wp\/v2\/product\/27821","targetHints":{"allow":["GET"]}}],"collection":[{"href":"https:\/\/mouldking.store\/es\/wp-json\/wp\/v2\/product"}],"about":[{"href":"https:\/\/mouldking.store\/es\/wp-json\/wp\/v2\/types\/product"}],"replies":[{"embeddable":true,"href":"https:\/\/mouldking.store\/es\/wp-json\/wp\/v2\/comments?post=27821"}],"wp:featuredmedia":[{"embeddable":true,"href":"https:\/\/mouldking.store\/es\/wp-json\/wp\/v2\/media\/27822"}],"wp:attachment":[{"href":"https:\/\/mouldking.store\/es\/wp-json\/wp\/v2\/media?parent=27821"}],"wp:term":[{"taxonomy":"product_cat","embeddable":true,"href":"https:\/\/mouldking.store\/es\/wp-json\/wp\/v2\/product_cat?post=27821"},{"taxonomy":"product_tag","embeddable":true,"href":"https:\/\/mouldking.store\/es\/wp-json\/wp\/v2\/product_tag?post=27821"}],"curies":[{"name":"wp","href":"https:\/\/api.w.org\/{rel}","templated":true}]}}