{"id":28268,"date":"2021-12-04T07:15:49","date_gmt":"2021-12-04T07:15:49","guid":{"rendered":"https:\/\/mouldking.store\/?post_type=product&#038;p=28268"},"modified":"2021-12-23T09:40:24","modified_gmt":"2021-12-23T09:40:24","slug":"mould-king-13082-rc-offroad-truck-with-3695-pieces","status":"publish","type":"product","link":"https:\/\/mouldking.store\/es\/shop\/mould-king-13082-rc-offroad-truck-with-3695-pieces\/","title":{"rendered":"Mould King 13082 RC Offroad Truck con 3695 piezas"},"content":{"rendered":"<p>Informaci\u00f3n del Producto:<\/p>\n<ol>\n<li>Marca: Mould King<\/li>\n<li>G\u00e9nero: Unisex<\/li>\n<li>Name: RC Offroad Truck<\/li>\n<li>Rango de edad: &gt; 6 a\u00f1os<\/li>\n<li>Model Number: 13082<\/li>\n<li>Clasificaci\u00f3n: Ensamblaje<\/li>\n<li>Forma de bloque de pl\u00e1stico: Ladrillos autoblocantes<\/li>\n<li>Material: Pl\u00e1stico<\/li>\n<li>Tipo de pl\u00e1stico: ABS<\/li>\n<li>Bricks Blocks: 3695 PCS<\/li>\n<li>Contiene instrucciones de montaje detalladas.<\/li>\n<\/ol>\n<p>Aviso:<br \/>\n1. Sin caja original, pero garantizamos que nuestros productos tienen garant\u00eda de calidad y un buen embalaje.<br \/>\n2. Como todas las piezas que hemos comprobado antes del env\u00edo, si encuentra que faltan piezas o est\u00e1n da\u00f1adas, no se preocupe y p\u00f3ngase en contacto con nosotros y podemos reenvi\u00e1rselas inmediatamente de forma gratuita.<\/p>\n<figure id=\"attachment_28269\" aria-describedby=\"caption-attachment-28269\" style=\"width: 800px\" class=\"wp-caption aligncenter\"><img fetchpriority=\"high\" decoding=\"async\" class=\"wp-image-28269 size-full\" src=\"https:\/\/mouldking.store\/wp-content\/uploads\/2021\/12\/Mould-King-13082-RC-Offroad-Truck-with-3695-pieces-1.jpg\" alt=\"Mould King 13082 RC Offroad Truck with 3695 pieces\" width=\"800\" height=\"800\" title=\"-\" srcset=\"https:\/\/mouldking.store\/wp-content\/uploads\/2021\/12\/Mould-King-13082-RC-Offroad-Truck-with-3695-pieces-1.jpg 800w, https:\/\/mouldking.store\/wp-content\/uploads\/2021\/12\/Mould-King-13082-RC-Offroad-Truck-with-3695-pieces-1-300x300.jpg 300w, https:\/\/mouldking.store\/wp-content\/uploads\/2021\/12\/Mould-King-13082-RC-Offroad-Truck-with-3695-pieces-1-768x768.jpg 768w, https:\/\/mouldking.store\/wp-content\/uploads\/2021\/12\/Mould-King-13082-RC-Offroad-Truck-with-3695-pieces-1-600x600.jpg 600w, https:\/\/mouldking.store\/wp-content\/uploads\/2021\/12\/Mould-King-13082-RC-Offroad-Truck-with-3695-pieces-1-150x150.jpg 150w\" sizes=\"(max-width: 800px) 100vw, 800px\" \/><figcaption id=\"caption-attachment-28269\" class=\"wp-caption-text\">Mould King 13082 RC Offroad Truck con 3695 piezas<\/figcaption><\/figure>\n<figure id=\"attachment_28272\" aria-describedby=\"caption-attachment-28272\" style=\"width: 790px\" class=\"wp-caption aligncenter\"><img decoding=\"async\" class=\"wp-image-28272 size-full\" src=\"https:\/\/mouldking.store\/wp-content\/uploads\/2021\/12\/Mould-King-13082-RC-Offroad-Truck-with-3695-pieces-4.jpg\" alt=\"Mould King 13082 RC Offroad Truck with 3695 pieces\" width=\"790\" height=\"992\" title=\"-\" srcset=\"https:\/\/mouldking.store\/wp-content\/uploads\/2021\/12\/Mould-King-13082-RC-Offroad-Truck-with-3695-pieces-4.jpg 790w, https:\/\/mouldking.store\/wp-content\/uploads\/2021\/12\/Mould-King-13082-RC-Offroad-Truck-with-3695-pieces-4-239x300.jpg 239w, https:\/\/mouldking.store\/wp-content\/uploads\/2021\/12\/Mould-King-13082-RC-Offroad-Truck-with-3695-pieces-4-768x964.jpg 768w, https:\/\/mouldking.store\/wp-content\/uploads\/2021\/12\/Mould-King-13082-RC-Offroad-Truck-with-3695-pieces-4-300x377.jpg 300w, https:\/\/mouldking.store\/wp-content\/uploads\/2021\/12\/Mould-King-13082-RC-Offroad-Truck-with-3695-pieces-4-600x753.jpg 600w, https:\/\/mouldking.store\/wp-content\/uploads\/2021\/12\/Mould-King-13082-RC-Offroad-Truck-with-3695-pieces-4-119x150.jpg 119w\" sizes=\"(max-width: 790px) 100vw, 790px\" \/><figcaption id=\"caption-attachment-28272\" class=\"wp-caption-text\">Mould King 13082 RC Offroad Truck con 3695 piezas<\/figcaption><\/figure>\n<figure id=\"attachment_28273\" aria-describedby=\"caption-attachment-28273\" style=\"width: 790px\" class=\"wp-caption aligncenter\"><img decoding=\"async\" class=\"wp-image-28273 size-full\" src=\"https:\/\/mouldking.store\/wp-content\/uploads\/2021\/12\/Mould-King-13082-RC-Offroad-Truck-with-3695-pieces-5.jpg\" alt=\"Mould King 13082 RC Offroad Truck with 3695 pieces\" width=\"790\" height=\"798\" title=\"-\" srcset=\"https:\/\/mouldking.store\/wp-content\/uploads\/2021\/12\/Mould-King-13082-RC-Offroad-Truck-with-3695-pieces-5.jpg 790w, https:\/\/mouldking.store\/wp-content\/uploads\/2021\/12\/Mould-King-13082-RC-Offroad-Truck-with-3695-pieces-5-297x300.jpg 297w, https:\/\/mouldking.store\/wp-content\/uploads\/2021\/12\/Mould-King-13082-RC-Offroad-Truck-with-3695-pieces-5-768x776.jpg 768w, https:\/\/mouldking.store\/wp-content\/uploads\/2021\/12\/Mould-King-13082-RC-Offroad-Truck-with-3695-pieces-5-300x303.jpg 300w, https:\/\/mouldking.store\/wp-content\/uploads\/2021\/12\/Mould-King-13082-RC-Offroad-Truck-with-3695-pieces-5-600x606.jpg 600w, https:\/\/mouldking.store\/wp-content\/uploads\/2021\/12\/Mould-King-13082-RC-Offroad-Truck-with-3695-pieces-5-148x150.jpg 148w\" sizes=\"(max-width: 790px) 100vw, 790px\" \/><figcaption id=\"caption-attachment-28273\" class=\"wp-caption-text\">Mould King 13082 RC Offroad Truck con 3695 piezas<\/figcaption><\/figure>\n<figure id=\"attachment_28271\" aria-describedby=\"caption-attachment-28271\" style=\"width: 790px\" class=\"wp-caption aligncenter\"><img loading=\"lazy\" decoding=\"async\" class=\"wp-image-28271 size-full\" src=\"https:\/\/mouldking.store\/wp-content\/uploads\/2021\/12\/Mould-King-13082-RC-Offroad-Truck-with-3695-pieces-3.jpg\" alt=\"Mould King 13082 RC Offroad Truck with 3695 pieces\" width=\"790\" height=\"980\" title=\"-\" srcset=\"https:\/\/mouldking.store\/wp-content\/uploads\/2021\/12\/Mould-King-13082-RC-Offroad-Truck-with-3695-pieces-3.jpg 790w, https:\/\/mouldking.store\/wp-content\/uploads\/2021\/12\/Mould-King-13082-RC-Offroad-Truck-with-3695-pieces-3-242x300.jpg 242w, https:\/\/mouldking.store\/wp-content\/uploads\/2021\/12\/Mould-King-13082-RC-Offroad-Truck-with-3695-pieces-3-768x953.jpg 768w, https:\/\/mouldking.store\/wp-content\/uploads\/2021\/12\/Mould-King-13082-RC-Offroad-Truck-with-3695-pieces-3-300x372.jpg 300w, https:\/\/mouldking.store\/wp-content\/uploads\/2021\/12\/Mould-King-13082-RC-Offroad-Truck-with-3695-pieces-3-600x744.jpg 600w, https:\/\/mouldking.store\/wp-content\/uploads\/2021\/12\/Mould-King-13082-RC-Offroad-Truck-with-3695-pieces-3-121x150.jpg 121w\" sizes=\"(max-width: 790px) 100vw, 790px\" \/><figcaption id=\"caption-attachment-28271\" class=\"wp-caption-text\">Mould King 13082 RC Offroad Truck con 3695 piezas<\/figcaption><\/figure>\n<figure id=\"attachment_28270\" aria-describedby=\"caption-attachment-28270\" style=\"width: 790px\" class=\"wp-caption aligncenter\"><img loading=\"lazy\" decoding=\"async\" class=\"wp-image-28270 size-full\" src=\"https:\/\/mouldking.store\/wp-content\/uploads\/2021\/12\/Mould-King-13082-RC-Offroad-Truck-with-3695-pieces-2.jpg\" alt=\"Mould King 13082 RC Offroad Truck with 3695 pieces\" width=\"790\" height=\"553\" title=\"-\" srcset=\"https:\/\/mouldking.store\/wp-content\/uploads\/2021\/12\/Mould-King-13082-RC-Offroad-Truck-with-3695-pieces-2.jpg 790w, https:\/\/mouldking.store\/wp-content\/uploads\/2021\/12\/Mould-King-13082-RC-Offroad-Truck-with-3695-pieces-2-300x210.jpg 300w, https:\/\/mouldking.store\/wp-content\/uploads\/2021\/12\/Mould-King-13082-RC-Offroad-Truck-with-3695-pieces-2-768x538.jpg 768w, https:\/\/mouldking.store\/wp-content\/uploads\/2021\/12\/Mould-King-13082-RC-Offroad-Truck-with-3695-pieces-2-600x420.jpg 600w, https:\/\/mouldking.store\/wp-content\/uploads\/2021\/12\/Mould-King-13082-RC-Offroad-Truck-with-3695-pieces-2-150x105.jpg 150w\" sizes=\"(max-width: 790px) 100vw, 790px\" \/><figcaption id=\"caption-attachment-28270\" class=\"wp-caption-text\">Mould King 13082 RC Offroad Truck con 3695 piezas<\/figcaption><\/figure>","protected":false},"excerpt":{"rendered":"<p>Product information: Brand: Mould King Gender: Unisex Name: RC Offroad Truck Age Range: &gt; 6 years old Model Number: 13082 Classification: Assemblage Plastic Block Shape: Self-Locking Bricks Material: Plastic Plastic Type: ABS Bricks Blocks: 3695 PCS Contains detailed assembly instructions. Notice: 1. Without an original box, but we guarantee our products have quality assurance and [&hellip;]<\/p>","protected":false},"featured_media":28269,"comment_status":"open","ping_status":"closed","template":"","meta":{"_acf_changed":false},"product_cat":[364],"product_tag":[4108,615,4104,4107,4103,4102,4106,4111,4110,4109,481,4105],"class_list":["product","first","instock","shipping-taxable","purchasable","product-type-simple"],"acf":[],"_links":{"self":[{"href":"https:\/\/mouldking.store\/es\/wp-json\/wp\/v2\/product\/28268","targetHints":{"allow":["GET"]}}],"collection":[{"href":"https:\/\/mouldking.store\/es\/wp-json\/wp\/v2\/product"}],"about":[{"href":"https:\/\/mouldking.store\/es\/wp-json\/wp\/v2\/types\/product"}],"replies":[{"embeddable":true,"href":"https:\/\/mouldking.store\/es\/wp-json\/wp\/v2\/comments?post=28268"}],"wp:featuredmedia":[{"embeddable":true,"href":"https:\/\/mouldking.store\/es\/wp-json\/wp\/v2\/media\/28269"}],"wp:attachment":[{"href":"https:\/\/mouldking.store\/es\/wp-json\/wp\/v2\/media?parent=28268"}],"wp:term":[{"taxonomy":"product_cat","embeddable":true,"href":"https:\/\/mouldking.store\/es\/wp-json\/wp\/v2\/product_cat?post=28268"},{"taxonomy":"product_tag","embeddable":true,"href":"https:\/\/mouldking.store\/es\/wp-json\/wp\/v2\/product_tag?post=28268"}],"curies":[{"name":"wp","href":"https:\/\/api.w.org\/{rel}","templated":true}]}}