{"id":28560,"date":"2021-12-16T09:19:28","date_gmt":"2021-12-16T02:19:28","guid":{"rendered":"https:\/\/mouldking.store\/?post_type=product&#038;p=28560"},"modified":"2025-12-25T09:16:52","modified_gmt":"2025-12-25T02:16:52","slug":"moc-83769-sw-droid-snail-tank-with-666-pieces","status":"publish","type":"product","link":"https:\/\/mouldking.store\/es\/shop\/moc-83769-sw-droid-snail-tank-with-666-pieces\/","title":{"rendered":"MOC-83769 SW Droid Snail Tank con 666 piezas"},"content":{"rendered":"<p>Informaci\u00f3n del Producto:<\/p>\n<ol>\n<li>Marca: MOC<\/li>\n<li>G\u00e9nero: Unisex<\/li>\n<li>Nombre: Tanque de caracoles SW Droid<\/li>\n<li>Rango de edad: &gt; 6 a\u00f1os<\/li>\n<li>N\u00famero de modelo: MOC-83769<\/li>\n<li>Clasificaci\u00f3n: Ensamblaje<\/li>\n<li>Forma de bloque de pl\u00e1stico: Ladrillos autoblocantes<\/li>\n<li>Material: Pl\u00e1stico<\/li>\n<li>Tipo de pl\u00e1stico: ABS<\/li>\n<li>Ladrillos y bloques: 666 piezas<\/li>\n<li>Contiene instrucciones de montaje detalladas.<\/li>\n<\/ol>\n<p>Aviso:<br \/>\n1. Sin caja original, pero garantizamos que nuestros productos tienen garant\u00eda de calidad y un buen embalaje.<br \/>\n2. Como todas las piezas que hemos comprobado antes del env\u00edo, si encuentra que faltan piezas o est\u00e1n da\u00f1adas, no se preocupe y p\u00f3ngase en contacto con nosotros y podemos reenvi\u00e1rselas inmediatamente de forma gratuita.<\/p>\n<figure id=\"attachment_28561\" aria-describedby=\"caption-attachment-28561\" style=\"width: 1000px\" class=\"wp-caption aligncenter\"><img fetchpriority=\"high\" decoding=\"async\" class=\"size-full wp-image-28561\" title=\"MOC-83769 SW Droid Snail Tank con 666 piezas\" src=\"https:\/\/mouldking.store\/wp-content\/uploads\/2021\/12\/moc-83769-sw-droid-snail-tank-with-666-pieces.jpg\" alt=\"MOC-83769 SW Droid Snail Tank with 666 pieces\" width=\"1000\" height=\"1000\" srcset=\"https:\/\/mouldking.store\/wp-content\/uploads\/2021\/12\/moc-83769-sw-droid-snail-tank-with-666-pieces.jpg 1000w, https:\/\/mouldking.store\/wp-content\/uploads\/2021\/12\/moc-83769-sw-droid-snail-tank-with-666-pieces-300x300.jpg 300w, https:\/\/mouldking.store\/wp-content\/uploads\/2021\/12\/moc-83769-sw-droid-snail-tank-with-666-pieces-768x768.jpg 768w, https:\/\/mouldking.store\/wp-content\/uploads\/2021\/12\/moc-83769-sw-droid-snail-tank-with-666-pieces-600x600.jpg 600w, https:\/\/mouldking.store\/wp-content\/uploads\/2021\/12\/moc-83769-sw-droid-snail-tank-with-666-pieces-150x150.jpg 150w\" sizes=\"(max-width: 1000px) 100vw, 1000px\" \/><figcaption id=\"caption-attachment-28561\" class=\"wp-caption-text\">MOC-83769 SW Droid Snail Tank con 666 piezas<\/figcaption><\/figure>\n<figure id=\"attachment_28562\" aria-describedby=\"caption-attachment-28562\" style=\"width: 1000px\" class=\"wp-caption aligncenter\"><img decoding=\"async\" class=\"size-full wp-image-28562\" title=\"MOC-83769 SW Droid Snail Tank con 666 piezas\" src=\"https:\/\/mouldking.store\/wp-content\/uploads\/2021\/12\/moc-83769-sw-droid-snail-tank-with-666-pieces-1.jpg\" alt=\"MOC-83769 SW Droid Snail Tank with 666 pieces\" width=\"1000\" height=\"1000\" srcset=\"https:\/\/mouldking.store\/wp-content\/uploads\/2021\/12\/moc-83769-sw-droid-snail-tank-with-666-pieces-1.jpg 1000w, https:\/\/mouldking.store\/wp-content\/uploads\/2021\/12\/moc-83769-sw-droid-snail-tank-with-666-pieces-1-300x300.jpg 300w, https:\/\/mouldking.store\/wp-content\/uploads\/2021\/12\/moc-83769-sw-droid-snail-tank-with-666-pieces-1-768x768.jpg 768w, https:\/\/mouldking.store\/wp-content\/uploads\/2021\/12\/moc-83769-sw-droid-snail-tank-with-666-pieces-1-600x600.jpg 600w, https:\/\/mouldking.store\/wp-content\/uploads\/2021\/12\/moc-83769-sw-droid-snail-tank-with-666-pieces-1-150x150.jpg 150w\" sizes=\"(max-width: 1000px) 100vw, 1000px\" \/><figcaption id=\"caption-attachment-28562\" class=\"wp-caption-text\">MOC-83769 SW Droid Snail Tank con 666 piezas<\/figcaption><\/figure>","protected":false},"excerpt":{"rendered":"<p>Organizar tiempo: 4-8 semanas<\/p>","protected":false},"featured_media":28563,"comment_status":"open","ping_status":"closed","template":"","meta":{"_acf_changed":false},"product_cat":[415],"product_tag":[4225,4226],"class_list":["product","first","instock","shipping-taxable","purchasable","product-type-simple"],"acf":[],"_links":{"self":[{"href":"https:\/\/mouldking.store\/es\/wp-json\/wp\/v2\/product\/28560","targetHints":{"allow":["GET"]}}],"collection":[{"href":"https:\/\/mouldking.store\/es\/wp-json\/wp\/v2\/product"}],"about":[{"href":"https:\/\/mouldking.store\/es\/wp-json\/wp\/v2\/types\/product"}],"replies":[{"embeddable":true,"href":"https:\/\/mouldking.store\/es\/wp-json\/wp\/v2\/comments?post=28560"}],"wp:featuredmedia":[{"embeddable":true,"href":"https:\/\/mouldking.store\/es\/wp-json\/wp\/v2\/media\/28563"}],"wp:attachment":[{"href":"https:\/\/mouldking.store\/es\/wp-json\/wp\/v2\/media?parent=28560"}],"wp:term":[{"taxonomy":"product_cat","embeddable":true,"href":"https:\/\/mouldking.store\/es\/wp-json\/wp\/v2\/product_cat?post=28560"},{"taxonomy":"product_tag","embeddable":true,"href":"https:\/\/mouldking.store\/es\/wp-json\/wp\/v2\/product_tag?post=28560"}],"curies":[{"name":"wp","href":"https:\/\/api.w.org\/{rel}","templated":true}]}}