{"id":28597,"date":"2021-12-16T15:32:08","date_gmt":"2021-12-16T08:32:08","guid":{"rendered":"https:\/\/mouldking.store\/?post_type=product&#038;p=28597"},"modified":"2025-12-25T09:16:52","modified_gmt":"2025-12-25T02:16:52","slug":"moc-60256-puzzle-box-lock-and-key-2-lock-harder-with-666-pieces","status":"publish","type":"product","link":"https:\/\/mouldking.store\/es\/shop\/moc-60256-puzzle-box-lock-and-key-2-lock-harder-with-666-pieces\/","title":{"rendered":"MOC-60256 Puzzle Box &#8220;Lock and Key 2: Lock Harder&#8221; with 666 pieces"},"content":{"rendered":"<p>Informaci\u00f3n del Producto:<\/p>\n<ol>\n<li>Marca: MOC<\/li>\n<li>G\u00e9nero: Unisex<\/li>\n<li>Name: Puzzle Box &#8220;Lock and Key 2: Lock Harder&#8221;<\/li>\n<li>Rango de edad: &gt; 6 a\u00f1os<\/li>\n<li>Model Number: MOC-60256<\/li>\n<li>Clasificaci\u00f3n: Ensamblaje<\/li>\n<li>Forma de bloque de pl\u00e1stico: Ladrillos autoblocantes<\/li>\n<li>Material: Pl\u00e1stico<\/li>\n<li>Tipo de pl\u00e1stico: ABS<\/li>\n<li>Ladrillos y bloques: 666 piezas<\/li>\n<li>Dimensions: 20 x 12 x 9 cm<\/li>\n<li>Weight: 0.69 kg<\/li>\n<li>Tiempo de arreglo: 30-50 d\u00edas (art\u00edculo personalizado)<\/li>\n<li>Contiene instrucciones de montaje detalladas.<\/li>\n<\/ol>\n<p>Aviso:<br \/>\n1. Sin caja original, pero garantizamos que nuestros productos tienen garant\u00eda de calidad y un buen embalaje.<br \/>\n2. Como todas las piezas que hemos comprobado antes del env\u00edo, si encuentra que faltan piezas o est\u00e1n da\u00f1adas, no se preocupe y p\u00f3ngase en contacto con nosotros y podemos reenvi\u00e1rselas inmediatamente de forma gratuita.<\/p>\n<figure id=\"attachment_28598\" aria-describedby=\"caption-attachment-28598\" style=\"width: 1000px\" class=\"wp-caption aligncenter\"><img fetchpriority=\"high\" decoding=\"async\" class=\"size-full wp-image-28598\" title=\"MOC-60256 Puzzle Box \" src=\"https:\/\/mouldking.store\/wp-content\/uploads\/2021\/12\/moc-60256-puzzle-box-lock-and-key-2-lock-harder-with-666-pieces.jpg\" alt=\"MOC-60256 Puzzle Box \" width=\"1000\" height=\"1000\" srcset=\"https:\/\/mouldking.store\/wp-content\/uploads\/2021\/12\/moc-60256-puzzle-box-lock-and-key-2-lock-harder-with-666-pieces.jpg 1000w, https:\/\/mouldking.store\/wp-content\/uploads\/2021\/12\/moc-60256-puzzle-box-lock-and-key-2-lock-harder-with-666-pieces-300x300.jpg 300w, https:\/\/mouldking.store\/wp-content\/uploads\/2021\/12\/moc-60256-puzzle-box-lock-and-key-2-lock-harder-with-666-pieces-768x768.jpg 768w, https:\/\/mouldking.store\/wp-content\/uploads\/2021\/12\/moc-60256-puzzle-box-lock-and-key-2-lock-harder-with-666-pieces-600x600.jpg 600w, https:\/\/mouldking.store\/wp-content\/uploads\/2021\/12\/moc-60256-puzzle-box-lock-and-key-2-lock-harder-with-666-pieces-150x150.jpg 150w\" sizes=\"(max-width: 1000px) 100vw, 1000px\" \/><figcaption id=\"caption-attachment-28598\" class=\"wp-caption-text\">MOC-60256 Puzzle Box &#8220;Lock and Key 2: Lock Harder&#8221; with 666 pieces<\/figcaption><\/figure>\n<figure id=\"attachment_28599\" aria-describedby=\"caption-attachment-28599\" style=\"width: 1000px\" class=\"wp-caption aligncenter\"><img decoding=\"async\" class=\"size-full wp-image-28599\" title=\"MOC-60256 Puzzle Box \" src=\"https:\/\/mouldking.store\/wp-content\/uploads\/2021\/12\/moc-60256-puzzle-box-lock-and-key-2-lock-harder-with-666-pieces-1.jpg\" alt=\"MOC-60256 Puzzle Box \" width=\"1000\" height=\"1000\" srcset=\"https:\/\/mouldking.store\/wp-content\/uploads\/2021\/12\/moc-60256-puzzle-box-lock-and-key-2-lock-harder-with-666-pieces-1.jpg 1000w, https:\/\/mouldking.store\/wp-content\/uploads\/2021\/12\/moc-60256-puzzle-box-lock-and-key-2-lock-harder-with-666-pieces-1-300x300.jpg 300w, https:\/\/mouldking.store\/wp-content\/uploads\/2021\/12\/moc-60256-puzzle-box-lock-and-key-2-lock-harder-with-666-pieces-1-768x768.jpg 768w, https:\/\/mouldking.store\/wp-content\/uploads\/2021\/12\/moc-60256-puzzle-box-lock-and-key-2-lock-harder-with-666-pieces-1-600x600.jpg 600w, https:\/\/mouldking.store\/wp-content\/uploads\/2021\/12\/moc-60256-puzzle-box-lock-and-key-2-lock-harder-with-666-pieces-1-150x150.jpg 150w\" sizes=\"(max-width: 1000px) 100vw, 1000px\" \/><figcaption id=\"caption-attachment-28599\" class=\"wp-caption-text\">MOC-60256 Puzzle Box &#8220;Lock and Key 2: Lock Harder&#8221; with 666 pieces<\/figcaption><\/figure>\n<figure id=\"attachment_28600\" aria-describedby=\"caption-attachment-28600\" style=\"width: 1000px\" class=\"wp-caption aligncenter\"><img decoding=\"async\" class=\"size-full wp-image-28600\" title=\"MOC-60256 Puzzle Box \" src=\"https:\/\/mouldking.store\/wp-content\/uploads\/2021\/12\/moc-60256-puzzle-box-lock-and-key-2-lock-harder-with-666-pieces-2.jpg\" alt=\"MOC-60256 Puzzle Box \" width=\"1000\" height=\"1000\" srcset=\"https:\/\/mouldking.store\/wp-content\/uploads\/2021\/12\/moc-60256-puzzle-box-lock-and-key-2-lock-harder-with-666-pieces-2.jpg 1000w, https:\/\/mouldking.store\/wp-content\/uploads\/2021\/12\/moc-60256-puzzle-box-lock-and-key-2-lock-harder-with-666-pieces-2-300x300.jpg 300w, https:\/\/mouldking.store\/wp-content\/uploads\/2021\/12\/moc-60256-puzzle-box-lock-and-key-2-lock-harder-with-666-pieces-2-768x768.jpg 768w, https:\/\/mouldking.store\/wp-content\/uploads\/2021\/12\/moc-60256-puzzle-box-lock-and-key-2-lock-harder-with-666-pieces-2-600x600.jpg 600w, https:\/\/mouldking.store\/wp-content\/uploads\/2021\/12\/moc-60256-puzzle-box-lock-and-key-2-lock-harder-with-666-pieces-2-150x150.jpg 150w\" sizes=\"(max-width: 1000px) 100vw, 1000px\" \/><figcaption id=\"caption-attachment-28600\" class=\"wp-caption-text\">MOC-60256 Puzzle Box &#8220;Lock and Key 2: Lock Harder&#8221; with 666 pieces<\/figcaption><\/figure>","protected":false},"excerpt":{"rendered":"<p>Product information: Brand: MOC Gender: Unisex Name: Puzzle Box &#8220;Lock and Key 2: Lock Harder&#8221; Age Range: &gt; 6 years old Model Number: MOC-60256 Classification: Assemblage Plastic Block Shape: Self-Locking Bricks Material: Plastic Plastic Type: ABS Bricks Blocks: 666 PCS Dimensions: 20 x 12 x 9 cm Weight: 0.69 kg Arrange Time: 30-50 days (custom [&hellip;]<\/p>","protected":false},"featured_media":28601,"comment_status":"open","ping_status":"closed","template":"","meta":{"_acf_changed":false},"product_cat":[371],"product_tag":[4241,4242],"class_list":["product","first","instock","shipping-taxable","purchasable","product-type-simple"],"acf":[],"_links":{"self":[{"href":"https:\/\/mouldking.store\/es\/wp-json\/wp\/v2\/product\/28597","targetHints":{"allow":["GET"]}}],"collection":[{"href":"https:\/\/mouldking.store\/es\/wp-json\/wp\/v2\/product"}],"about":[{"href":"https:\/\/mouldking.store\/es\/wp-json\/wp\/v2\/types\/product"}],"replies":[{"embeddable":true,"href":"https:\/\/mouldking.store\/es\/wp-json\/wp\/v2\/comments?post=28597"}],"wp:featuredmedia":[{"embeddable":true,"href":"https:\/\/mouldking.store\/es\/wp-json\/wp\/v2\/media\/28601"}],"wp:attachment":[{"href":"https:\/\/mouldking.store\/es\/wp-json\/wp\/v2\/media?parent=28597"}],"wp:term":[{"taxonomy":"product_cat","embeddable":true,"href":"https:\/\/mouldking.store\/es\/wp-json\/wp\/v2\/product_cat?post=28597"},{"taxonomy":"product_tag","embeddable":true,"href":"https:\/\/mouldking.store\/es\/wp-json\/wp\/v2\/product_tag?post=28597"}],"curies":[{"name":"wp","href":"https:\/\/api.w.org\/{rel}","templated":true}]}}