{"id":28746,"date":"2021-12-22T03:13:49","date_gmt":"2021-12-21T20:13:49","guid":{"rendered":"https:\/\/mouldking.store\/?post_type=product&#038;p=28746"},"modified":"2025-12-25T09:16:50","modified_gmt":"2025-12-25T02:16:50","slug":"moc-40048-modular-bait-shop-and-grocery-with-1991-pieces","status":"publish","type":"product","link":"https:\/\/mouldking.store\/es\/shop\/moc-40048-modular-bait-shop-and-grocery-with-1991-pieces\/","title":{"rendered":"MOC-40048 Tienda de cebos modular y abarrotes con 1991 piezas"},"content":{"rendered":"<p>Informaci\u00f3n del Producto:<\/p>\n<ol>\n<li>Marca: MOC<\/li>\n<li>G\u00e9nero: Unisex<\/li>\n<li>Name: Modular Bait Shop And Grocery<\/li>\n<li>Rango de edad: &gt; 6 a\u00f1os<\/li>\n<li>Model Number: MOC-40048<\/li>\n<li>Clasificaci\u00f3n: Ensamblaje<\/li>\n<li>Forma de bloque de pl\u00e1stico: Ladrillos autoblocantes<\/li>\n<li>Material: Pl\u00e1stico<\/li>\n<li>Tipo de pl\u00e1stico: ABS<\/li>\n<li>Bricks Blocks: 1991 PCS<\/li>\n<li>Contiene instrucciones de montaje detalladas.<\/li>\n<\/ol>\n<p>Aviso:<br \/>\n1. Sin caja original, pero garantizamos que nuestros productos tienen garant\u00eda de calidad y un buen embalaje.<br \/>\n2. Como todas las piezas que hemos comprobado antes del env\u00edo, si encuentra que faltan piezas o est\u00e1n da\u00f1adas, no se preocupe y p\u00f3ngase en contacto con nosotros y podemos reenvi\u00e1rselas inmediatamente de forma gratuita.<\/p>\n<figure id=\"attachment_28747\" aria-describedby=\"caption-attachment-28747\" style=\"width: 800px\" class=\"wp-caption aligncenter\"><img fetchpriority=\"high\" decoding=\"async\" class=\"size-full wp-image-28747\" title=\"MOC-40048 Tienda de cebos modular y abarrotes con 1991 piezas\" src=\"https:\/\/mouldking.store\/wp-content\/uploads\/2021\/12\/moc-40048-modular-bait-shop-and-grocery-with-1991-pieces.jpg\" alt=\"MOC-40048 Modular Bait Shop And Grocery with 1991 pieces\" width=\"800\" height=\"800\" srcset=\"https:\/\/mouldking.store\/wp-content\/uploads\/2021\/12\/moc-40048-modular-bait-shop-and-grocery-with-1991-pieces.jpg 800w, https:\/\/mouldking.store\/wp-content\/uploads\/2021\/12\/moc-40048-modular-bait-shop-and-grocery-with-1991-pieces-300x300.jpg 300w, https:\/\/mouldking.store\/wp-content\/uploads\/2021\/12\/moc-40048-modular-bait-shop-and-grocery-with-1991-pieces-768x768.jpg 768w, https:\/\/mouldking.store\/wp-content\/uploads\/2021\/12\/moc-40048-modular-bait-shop-and-grocery-with-1991-pieces-600x600.jpg 600w, https:\/\/mouldking.store\/wp-content\/uploads\/2021\/12\/moc-40048-modular-bait-shop-and-grocery-with-1991-pieces-150x150.jpg 150w\" sizes=\"(max-width: 800px) 100vw, 800px\" \/><figcaption id=\"caption-attachment-28747\" class=\"wp-caption-text\">MOC-40048 Tienda de cebos modular y abarrotes con 1991 piezas<\/figcaption><\/figure>\n<figure id=\"attachment_28748\" aria-describedby=\"caption-attachment-28748\" style=\"width: 800px\" class=\"wp-caption aligncenter\"><img decoding=\"async\" class=\"size-full wp-image-28748\" title=\"MOC-40048 Tienda de cebos modular y abarrotes con 1991 piezas\" src=\"https:\/\/mouldking.store\/wp-content\/uploads\/2021\/12\/moc-40048-modular-bait-shop-and-grocery-with-1991-pieces-1.jpg\" alt=\"MOC-40048 Modular Bait Shop And Grocery with 1991 pieces\" width=\"800\" height=\"800\" srcset=\"https:\/\/mouldking.store\/wp-content\/uploads\/2021\/12\/moc-40048-modular-bait-shop-and-grocery-with-1991-pieces-1.jpg 800w, https:\/\/mouldking.store\/wp-content\/uploads\/2021\/12\/moc-40048-modular-bait-shop-and-grocery-with-1991-pieces-1-300x300.jpg 300w, https:\/\/mouldking.store\/wp-content\/uploads\/2021\/12\/moc-40048-modular-bait-shop-and-grocery-with-1991-pieces-1-768x768.jpg 768w, https:\/\/mouldking.store\/wp-content\/uploads\/2021\/12\/moc-40048-modular-bait-shop-and-grocery-with-1991-pieces-1-600x600.jpg 600w, https:\/\/mouldking.store\/wp-content\/uploads\/2021\/12\/moc-40048-modular-bait-shop-and-grocery-with-1991-pieces-1-150x150.jpg 150w\" sizes=\"(max-width: 800px) 100vw, 800px\" \/><figcaption id=\"caption-attachment-28748\" class=\"wp-caption-text\">MOC-40048 Tienda de cebos modular y abarrotes con 1991 piezas<\/figcaption><\/figure>\n<figure id=\"attachment_28749\" aria-describedby=\"caption-attachment-28749\" style=\"width: 800px\" class=\"wp-caption aligncenter\"><img decoding=\"async\" class=\"size-full wp-image-28749\" title=\"MOC-40048 Tienda de cebos modular y abarrotes con 1991 piezas\" src=\"https:\/\/mouldking.store\/wp-content\/uploads\/2021\/12\/moc-40048-modular-bait-shop-and-grocery-with-1991-pieces-2.jpg\" alt=\"MOC-40048 Modular Bait Shop And Grocery with 1991 pieces\" width=\"800\" height=\"800\" srcset=\"https:\/\/mouldking.store\/wp-content\/uploads\/2021\/12\/moc-40048-modular-bait-shop-and-grocery-with-1991-pieces-2.jpg 800w, https:\/\/mouldking.store\/wp-content\/uploads\/2021\/12\/moc-40048-modular-bait-shop-and-grocery-with-1991-pieces-2-300x300.jpg 300w, https:\/\/mouldking.store\/wp-content\/uploads\/2021\/12\/moc-40048-modular-bait-shop-and-grocery-with-1991-pieces-2-768x768.jpg 768w, https:\/\/mouldking.store\/wp-content\/uploads\/2021\/12\/moc-40048-modular-bait-shop-and-grocery-with-1991-pieces-2-600x600.jpg 600w, https:\/\/mouldking.store\/wp-content\/uploads\/2021\/12\/moc-40048-modular-bait-shop-and-grocery-with-1991-pieces-2-150x150.jpg 150w\" sizes=\"(max-width: 800px) 100vw, 800px\" \/><figcaption id=\"caption-attachment-28749\" class=\"wp-caption-text\">MOC-40048 Tienda de cebos modular y abarrotes con 1991 piezas<\/figcaption><\/figure>","protected":false},"excerpt":{"rendered":"<p>Product information: Brand: MOC Gender: Unisex Name: Modular Bait Shop And Grocery Age Range: &gt; 6 years old Model Number: MOC-40048 Classification: Assemblage Plastic Block Shape: Self-Locking Bricks Material: Plastic Plastic Type: ABS Bricks Blocks: 1991 PCS Contains detailed assembly instructions. Notice: 1. Without an original box, but we guarantee our products have quality assurance [&hellip;]<\/p>","protected":false},"featured_media":28750,"comment_status":"open","ping_status":"closed","template":"","meta":{"_acf_changed":false},"product_cat":[390],"product_tag":[4296,4297],"class_list":["product","first","instock","shipping-taxable","purchasable","product-type-simple"],"acf":[],"_links":{"self":[{"href":"https:\/\/mouldking.store\/es\/wp-json\/wp\/v2\/product\/28746","targetHints":{"allow":["GET"]}}],"collection":[{"href":"https:\/\/mouldking.store\/es\/wp-json\/wp\/v2\/product"}],"about":[{"href":"https:\/\/mouldking.store\/es\/wp-json\/wp\/v2\/types\/product"}],"replies":[{"embeddable":true,"href":"https:\/\/mouldking.store\/es\/wp-json\/wp\/v2\/comments?post=28746"}],"wp:featuredmedia":[{"embeddable":true,"href":"https:\/\/mouldking.store\/es\/wp-json\/wp\/v2\/media\/28750"}],"wp:attachment":[{"href":"https:\/\/mouldking.store\/es\/wp-json\/wp\/v2\/media?parent=28746"}],"wp:term":[{"taxonomy":"product_cat","embeddable":true,"href":"https:\/\/mouldking.store\/es\/wp-json\/wp\/v2\/product_cat?post=28746"},{"taxonomy":"product_tag","embeddable":true,"href":"https:\/\/mouldking.store\/es\/wp-json\/wp\/v2\/product_tag?post=28746"}],"curies":[{"name":"wp","href":"https:\/\/api.w.org\/{rel}","templated":true}]}}