{"id":28951,"date":"2022-01-01T07:15:16","date_gmt":"2022-01-01T07:15:16","guid":{"rendered":"https:\/\/mouldking.store\/?post_type=product&#038;p=28951"},"modified":"2025-12-25T09:12:31","modified_gmt":"2025-12-25T02:12:31","slug":"moc-18145-republic-fighter-tank-tx-130t-minifig-scale-with-378-pieces","status":"publish","type":"product","link":"https:\/\/mouldking.store\/es\/shop\/moc-18145-republic-fighter-tank-tx-130t-minifig-scale-with-378-pieces\/","title":{"rendered":"MOC-18145 Republic Fighter Tank TX-130T-Minifig Scale con 378 piezas"},"content":{"rendered":"<p>Informaci\u00f3n del Producto:<\/p>\n<ol>\n<li>Marca: MOC<\/li>\n<li>G\u00e9nero: Unisex<\/li>\n<li>Nombre: Republic Fighter Tank TX-130T-Minifig Scale<\/li>\n<li>Rango de edad: &gt; 6 a\u00f1os<\/li>\n<li>N\u00famero de modelo: MOC-18145<\/li>\n<li>Clasificaci\u00f3n: Ensamblaje<\/li>\n<li>Forma de bloque de pl\u00e1stico: Ladrillos autoblocantes<\/li>\n<li>Material: Pl\u00e1stico<\/li>\n<li>Tipo de pl\u00e1stico: ABS<\/li>\n<li>Bloques de ladrillos: 378 PCS<\/li>\n<li>Contiene instrucciones de montaje detalladas.<\/li>\n<\/ol>\n<p>Aviso:<br \/>\n1. Sin caja original, pero garantizamos que nuestros productos tienen garant\u00eda de calidad y un buen embalaje.<br \/>\n2. Como todas las piezas que hemos comprobado antes del env\u00edo, si encuentra que faltan piezas o est\u00e1n da\u00f1adas, no se preocupe y p\u00f3ngase en contacto con nosotros y podemos reenvi\u00e1rselas inmediatamente de forma gratuita.<\/p>\n<figure id=\"attachment_28952\" aria-describedby=\"caption-attachment-28952\" style=\"width: 800px\" class=\"wp-caption aligncenter\"><img fetchpriority=\"high\" decoding=\"async\" class=\"size-full wp-image-28952\" title=\"MOC-18145 Republic Fighter Tank TX-130T-Minifig Scale con 378 piezas\" src=\"https:\/\/mouldking.store\/wp-content\/uploads\/2022\/01\/moc-18145-republic-fighter-tank-tx-130t-minifig-scale-with-378-pieces.jpg\" alt=\"MOC-18145 Republic Fighter Tank TX-130T-Minifig Scale with 378 pieces\" width=\"800\" height=\"800\" srcset=\"https:\/\/mouldking.store\/wp-content\/uploads\/2022\/01\/moc-18145-republic-fighter-tank-tx-130t-minifig-scale-with-378-pieces.jpg 800w, https:\/\/mouldking.store\/wp-content\/uploads\/2022\/01\/moc-18145-republic-fighter-tank-tx-130t-minifig-scale-with-378-pieces-300x300.jpg 300w, https:\/\/mouldking.store\/wp-content\/uploads\/2022\/01\/moc-18145-republic-fighter-tank-tx-130t-minifig-scale-with-378-pieces-768x768.jpg 768w, https:\/\/mouldking.store\/wp-content\/uploads\/2022\/01\/moc-18145-republic-fighter-tank-tx-130t-minifig-scale-with-378-pieces-600x600.jpg 600w, https:\/\/mouldking.store\/wp-content\/uploads\/2022\/01\/moc-18145-republic-fighter-tank-tx-130t-minifig-scale-with-378-pieces-150x150.jpg 150w\" sizes=\"(max-width: 800px) 100vw, 800px\" \/><figcaption id=\"caption-attachment-28952\" class=\"wp-caption-text\">MOC-18145 Republic Fighter Tank TX-130T-Minifig Scale con 378 piezas<\/figcaption><\/figure>","protected":false},"excerpt":{"rendered":"<p>Product information: Brand: MOC Gender: Unisex Name: Republic Fighter Tank TX-130T-Minifig Scale Age Range: &gt; 6 years old Model Number: MOC-18145 Classification: Assemblage Plastic Block Shape: Self-Locking Bricks Material: Plastic Plastic Type: ABS Bricks Blocks: 378 PCS Contains detailed assembly instructions. Notice: 1. Without an original box, but we guarantee our products have quality assurance [&hellip;]<\/p>","protected":false},"featured_media":28953,"comment_status":"open","ping_status":"closed","template":"","meta":{"_acf_changed":false},"product_cat":[415],"product_tag":[4369,4370],"class_list":["product","first","instock","shipping-taxable","purchasable","product-type-simple"],"acf":[],"_links":{"self":[{"href":"https:\/\/mouldking.store\/es\/wp-json\/wp\/v2\/product\/28951","targetHints":{"allow":["GET"]}}],"collection":[{"href":"https:\/\/mouldking.store\/es\/wp-json\/wp\/v2\/product"}],"about":[{"href":"https:\/\/mouldking.store\/es\/wp-json\/wp\/v2\/types\/product"}],"replies":[{"embeddable":true,"href":"https:\/\/mouldking.store\/es\/wp-json\/wp\/v2\/comments?post=28951"}],"wp:featuredmedia":[{"embeddable":true,"href":"https:\/\/mouldking.store\/es\/wp-json\/wp\/v2\/media\/28953"}],"wp:attachment":[{"href":"https:\/\/mouldking.store\/es\/wp-json\/wp\/v2\/media?parent=28951"}],"wp:term":[{"taxonomy":"product_cat","embeddable":true,"href":"https:\/\/mouldking.store\/es\/wp-json\/wp\/v2\/product_cat?post=28951"},{"taxonomy":"product_tag","embeddable":true,"href":"https:\/\/mouldking.store\/es\/wp-json\/wp\/v2\/product_tag?post=28951"}],"curies":[{"name":"wp","href":"https:\/\/api.w.org\/{rel}","templated":true}]}}