{"id":29517,"date":"2022-02-21T23:00:53","date_gmt":"2022-02-21T16:00:53","guid":{"rendered":"https:\/\/mouldking.store\/?post_type=product&#038;p=29517"},"modified":"2022-02-21T23:00:54","modified_gmt":"2022-02-21T16:00:54","slug":"sy-8614-mclaren-senna-gtr-with-1404-pieces","status":"publish","type":"product","link":"https:\/\/mouldking.store\/es\/shop\/sy-8614-mclaren-senna-gtr-with-1404-pieces\/","title":{"rendered":"SY 8614 McLaren Senna GTR con 1404 piezas"},"content":{"rendered":"<p>Informaci\u00f3n del Producto:<\/p>\n<ol>\n<li>Marca: SY<\/li>\n<li>G\u00e9nero: Unisex<\/li>\n<li>Nombre: McLaren Senna GTR<\/li>\n<li>Rango de edad: &gt; 6 a\u00f1os<\/li>\n<li>N\u00famero de modelo: 8614<\/li>\n<li>Clasificaci\u00f3n: Ensamblaje<\/li>\n<li>Forma de bloque de pl\u00e1stico: Ladrillos autoblocantes<\/li>\n<li>Material: Pl\u00e1stico<\/li>\n<li>Tipo de pl\u00e1stico: ABS<\/li>\n<li>Bloques de ladrillos: ~ 1404 + piezas<\/li>\n<li>Contiene instrucciones de montaje detalladas.<\/li>\n<\/ol>\n<p>Aviso:<br \/>\n1. Sin caja original, pero garantizamos que nuestros productos tienen garant\u00eda de calidad y un buen embalaje.<br \/>\n2. Como todas las piezas que hemos comprobado antes del env\u00edo, si encuentra que faltan piezas o est\u00e1n da\u00f1adas, no se preocupe y p\u00f3ngase en contacto con nosotros y podemos reenvi\u00e1rselas inmediatamente de forma gratuita.<\/p>\n<figure id=\"attachment_29509\" aria-describedby=\"caption-attachment-29509\" style=\"width: 800px\" class=\"wp-caption aligncenter\"><img fetchpriority=\"high\" decoding=\"async\" class=\"wp-image-29509 size-full\" src=\"https:\/\/mouldking.store\/wp-content\/uploads\/2022\/02\/SY-8614-McLaren-Senna-GTR-1.jpg\" alt=\"SY 8614 McLaren Senna GTR\" width=\"800\" height=\"800\" title=\"-\" srcset=\"https:\/\/mouldking.store\/wp-content\/uploads\/2022\/02\/SY-8614-McLaren-Senna-GTR-1.jpg 800w, https:\/\/mouldking.store\/wp-content\/uploads\/2022\/02\/SY-8614-McLaren-Senna-GTR-1-300x300.jpg 300w, https:\/\/mouldking.store\/wp-content\/uploads\/2022\/02\/SY-8614-McLaren-Senna-GTR-1-768x768.jpg 768w, https:\/\/mouldking.store\/wp-content\/uploads\/2022\/02\/SY-8614-McLaren-Senna-GTR-1-600x600.jpg 600w, https:\/\/mouldking.store\/wp-content\/uploads\/2022\/02\/SY-8614-McLaren-Senna-GTR-1-150x150.jpg 150w\" sizes=\"(max-width: 800px) 100vw, 800px\" \/><figcaption id=\"caption-attachment-29509\" class=\"wp-caption-text\">SY 8614 McLaren Senna GTR<\/figcaption><\/figure>\n<figure id=\"attachment_29515\" aria-describedby=\"caption-attachment-29515\" style=\"width: 734px\" class=\"wp-caption aligncenter\"><img decoding=\"async\" class=\"wp-image-29515 size-full\" src=\"https:\/\/mouldking.store\/wp-content\/uploads\/2022\/02\/SY-8614-McLaren-Senna-GTR-7.jpg\" alt=\"SY 8614 McLaren Senna GTR\" width=\"734\" height=\"1024\" title=\"-\" srcset=\"https:\/\/mouldking.store\/wp-content\/uploads\/2022\/02\/SY-8614-McLaren-Senna-GTR-7.jpg 734w, https:\/\/mouldking.store\/wp-content\/uploads\/2022\/02\/SY-8614-McLaren-Senna-GTR-7-215x300.jpg 215w, https:\/\/mouldking.store\/wp-content\/uploads\/2022\/02\/SY-8614-McLaren-Senna-GTR-7-300x419.jpg 300w, https:\/\/mouldking.store\/wp-content\/uploads\/2022\/02\/SY-8614-McLaren-Senna-GTR-7-600x837.jpg 600w, https:\/\/mouldking.store\/wp-content\/uploads\/2022\/02\/SY-8614-McLaren-Senna-GTR-7-108x150.jpg 108w\" sizes=\"(max-width: 734px) 100vw, 734px\" \/><figcaption id=\"caption-attachment-29515\" class=\"wp-caption-text\">SY 8614 McLaren Senna GTR<\/figcaption><\/figure>\n<figure id=\"attachment_29511\" aria-describedby=\"caption-attachment-29511\" style=\"width: 463px\" class=\"wp-caption aligncenter\"><img decoding=\"async\" class=\"wp-image-29511 size-full\" src=\"https:\/\/mouldking.store\/wp-content\/uploads\/2022\/02\/SY-8614-McLaren-Senna-GTR-3.jpg\" alt=\"SY 8614 McLaren Senna GTR\" width=\"463\" height=\"1024\" title=\"-\" srcset=\"https:\/\/mouldking.store\/wp-content\/uploads\/2022\/02\/SY-8614-McLaren-Senna-GTR-3.jpg 463w, https:\/\/mouldking.store\/wp-content\/uploads\/2022\/02\/SY-8614-McLaren-Senna-GTR-3-136x300.jpg 136w, https:\/\/mouldking.store\/wp-content\/uploads\/2022\/02\/SY-8614-McLaren-Senna-GTR-3-300x663.jpg 300w, https:\/\/mouldking.store\/wp-content\/uploads\/2022\/02\/SY-8614-McLaren-Senna-GTR-3-68x150.jpg 68w\" sizes=\"(max-width: 463px) 100vw, 463px\" \/><figcaption id=\"caption-attachment-29511\" class=\"wp-caption-text\">SY 8614 McLaren Senna GTR<\/figcaption><\/figure>\n<figure id=\"attachment_29512\" aria-describedby=\"caption-attachment-29512\" style=\"width: 449px\" class=\"wp-caption aligncenter\"><img loading=\"lazy\" decoding=\"async\" class=\"wp-image-29512 size-full\" src=\"https:\/\/mouldking.store\/wp-content\/uploads\/2022\/02\/SY-8614-McLaren-Senna-GTR-4.jpg\" alt=\"SY 8614 McLaren Senna GTR\" width=\"449\" height=\"1024\" title=\"-\" srcset=\"https:\/\/mouldking.store\/wp-content\/uploads\/2022\/02\/SY-8614-McLaren-Senna-GTR-4.jpg 449w, https:\/\/mouldking.store\/wp-content\/uploads\/2022\/02\/SY-8614-McLaren-Senna-GTR-4-132x300.jpg 132w, https:\/\/mouldking.store\/wp-content\/uploads\/2022\/02\/SY-8614-McLaren-Senna-GTR-4-300x684.jpg 300w, https:\/\/mouldking.store\/wp-content\/uploads\/2022\/02\/SY-8614-McLaren-Senna-GTR-4-66x150.jpg 66w\" sizes=\"(max-width: 449px) 100vw, 449px\" \/><figcaption id=\"caption-attachment-29512\" class=\"wp-caption-text\">SY 8614 McLaren Senna GTR<\/figcaption><\/figure>\n<figure id=\"attachment_29510\" aria-describedby=\"caption-attachment-29510\" style=\"width: 522px\" class=\"wp-caption aligncenter\"><img loading=\"lazy\" decoding=\"async\" class=\"wp-image-29510 size-full\" src=\"https:\/\/mouldking.store\/wp-content\/uploads\/2022\/02\/SY-8614-McLaren-Senna-GTR-2.jpg\" alt=\"SY 8614 McLaren Senna GTR\" width=\"522\" height=\"1024\" title=\"-\" srcset=\"https:\/\/mouldking.store\/wp-content\/uploads\/2022\/02\/SY-8614-McLaren-Senna-GTR-2.jpg 522w, https:\/\/mouldking.store\/wp-content\/uploads\/2022\/02\/SY-8614-McLaren-Senna-GTR-2-153x300.jpg 153w, https:\/\/mouldking.store\/wp-content\/uploads\/2022\/02\/SY-8614-McLaren-Senna-GTR-2-300x589.jpg 300w, https:\/\/mouldking.store\/wp-content\/uploads\/2022\/02\/SY-8614-McLaren-Senna-GTR-2-76x150.jpg 76w\" sizes=\"(max-width: 522px) 100vw, 522px\" \/><figcaption id=\"caption-attachment-29510\" class=\"wp-caption-text\">SY 8614 McLaren Senna GTR<\/figcaption><\/figure>\n<figure id=\"attachment_29513\" aria-describedby=\"caption-attachment-29513\" style=\"width: 503px\" class=\"wp-caption aligncenter\"><img loading=\"lazy\" decoding=\"async\" class=\"wp-image-29513 size-full\" src=\"https:\/\/mouldking.store\/wp-content\/uploads\/2022\/02\/SY-8614-McLaren-Senna-GTR-5.jpg\" alt=\"SY 8614 McLaren Senna GTR\" width=\"503\" height=\"1024\" title=\"-\" srcset=\"https:\/\/mouldking.store\/wp-content\/uploads\/2022\/02\/SY-8614-McLaren-Senna-GTR-5.jpg 503w, https:\/\/mouldking.store\/wp-content\/uploads\/2022\/02\/SY-8614-McLaren-Senna-GTR-5-147x300.jpg 147w, https:\/\/mouldking.store\/wp-content\/uploads\/2022\/02\/SY-8614-McLaren-Senna-GTR-5-300x611.jpg 300w, https:\/\/mouldking.store\/wp-content\/uploads\/2022\/02\/SY-8614-McLaren-Senna-GTR-5-74x150.jpg 74w\" sizes=\"(max-width: 503px) 100vw, 503px\" \/><figcaption id=\"caption-attachment-29513\" class=\"wp-caption-text\">SY 8614 McLaren Senna GTR<\/figcaption><\/figure>\n<figure id=\"attachment_29514\" aria-describedby=\"caption-attachment-29514\" style=\"width: 522px\" class=\"wp-caption aligncenter\"><img loading=\"lazy\" decoding=\"async\" class=\"wp-image-29514 size-full\" src=\"https:\/\/mouldking.store\/wp-content\/uploads\/2022\/02\/SY-8614-McLaren-Senna-GTR-6.jpg\" alt=\"SY 8614 McLaren Senna GTR\" width=\"522\" height=\"1024\" title=\"-\" srcset=\"https:\/\/mouldking.store\/wp-content\/uploads\/2022\/02\/SY-8614-McLaren-Senna-GTR-6.jpg 522w, https:\/\/mouldking.store\/wp-content\/uploads\/2022\/02\/SY-8614-McLaren-Senna-GTR-6-153x300.jpg 153w, https:\/\/mouldking.store\/wp-content\/uploads\/2022\/02\/SY-8614-McLaren-Senna-GTR-6-300x589.jpg 300w, https:\/\/mouldking.store\/wp-content\/uploads\/2022\/02\/SY-8614-McLaren-Senna-GTR-6-76x150.jpg 76w\" sizes=\"(max-width: 522px) 100vw, 522px\" \/><figcaption id=\"caption-attachment-29514\" class=\"wp-caption-text\">SY 8614 McLaren Senna GTR<\/figcaption><\/figure>","protected":false},"excerpt":{"rendered":"<p>Product information: Brand: SY Gender: Unisex Name: McLaren Senna GTR Age Range: &gt; 6 years old Model Number: 8614 Classification: Assemblage Plastic Block Shape: Self-Locking Bricks Material: Plastic Plastic Type: ABS Bricks Blocks: ~1404\u00a0+PCS Contains detailed assembly instructions. Notice: 1. Without an original box, but we guarantee our products have quality assurance and nice packaging. [&hellip;]<\/p>","protected":false},"featured_media":29509,"comment_status":"closed","ping_status":"closed","template":"","meta":{"_acf_changed":false},"product_cat":[364],"product_tag":[4470,2694,1744,4466,3932,4469,1416,4465,4468,4467,4464],"class_list":["product","first","instock","shipping-taxable","purchasable","product-type-simple"],"acf":[],"_links":{"self":[{"href":"https:\/\/mouldking.store\/es\/wp-json\/wp\/v2\/product\/29517","targetHints":{"allow":["GET"]}}],"collection":[{"href":"https:\/\/mouldking.store\/es\/wp-json\/wp\/v2\/product"}],"about":[{"href":"https:\/\/mouldking.store\/es\/wp-json\/wp\/v2\/types\/product"}],"replies":[{"embeddable":true,"href":"https:\/\/mouldking.store\/es\/wp-json\/wp\/v2\/comments?post=29517"}],"wp:featuredmedia":[{"embeddable":true,"href":"https:\/\/mouldking.store\/es\/wp-json\/wp\/v2\/media\/29509"}],"wp:attachment":[{"href":"https:\/\/mouldking.store\/es\/wp-json\/wp\/v2\/media?parent=29517"}],"wp:term":[{"taxonomy":"product_cat","embeddable":true,"href":"https:\/\/mouldking.store\/es\/wp-json\/wp\/v2\/product_cat?post=29517"},{"taxonomy":"product_tag","embeddable":true,"href":"https:\/\/mouldking.store\/es\/wp-json\/wp\/v2\/product_tag?post=29517"}],"curies":[{"name":"wp","href":"https:\/\/api.w.org\/{rel}","templated":true}]}}