{"id":29636,"date":"2022-02-22T10:26:03","date_gmt":"2022-02-22T03:26:03","guid":{"rendered":"https:\/\/mouldking.store\/?post_type=product&#038;p=29636"},"modified":"2022-02-22T10:26:03","modified_gmt":"2022-02-22T03:26:03","slug":"qman-k20406-doraemon-beetle-car-with-152-pieces","status":"publish","type":"product","link":"https:\/\/mouldking.store\/es\/shop\/qman-k20406-doraemon-beetle-car-with-152-pieces\/","title":{"rendered":"Qman K20406 Doraemon Beetle Coche con 152 piezas"},"content":{"rendered":"<p>Informaci\u00f3n del Producto:<\/p>\n<ol>\n<li>Marca: Qman<\/li>\n<li>G\u00e9nero: Unisex<\/li>\n<li>Name: Doraemon Beetle Car<\/li>\n<li>Rango de edad: &gt; 6 a\u00f1os<\/li>\n<li>Model Number: K20406<\/li>\n<li>Clasificaci\u00f3n: Ensamblaje<\/li>\n<li>Forma de bloque de pl\u00e1stico: Ladrillos autoblocantes<\/li>\n<li>Material: Pl\u00e1stico<\/li>\n<li>Tipo de pl\u00e1stico: ABS<\/li>\n<li>Bloques de ladrillos: 152 PCS<\/li>\n<li>Contiene instrucciones de montaje detalladas.<\/li>\n<\/ol>\n<p>Aviso:<br \/>\n1. Sin caja original, pero garantizamos que nuestros productos tienen garant\u00eda de calidad y un buen embalaje.<br \/>\n2. Como todas las piezas que hemos comprobado antes del env\u00edo, si encuentra que faltan piezas o est\u00e1n da\u00f1adas, no se preocupe y p\u00f3ngase en contacto con nosotros y podemos reenvi\u00e1rselas inmediatamente de forma gratuita.<\/p>\n<figure id=\"attachment_29637\" aria-describedby=\"caption-attachment-29637\" style=\"width: 800px\" class=\"wp-caption aligncenter\"><img fetchpriority=\"high\" decoding=\"async\" class=\"wp-image-29637 size-full\" src=\"https:\/\/mouldking.store\/wp-content\/uploads\/2022\/02\/Qman-K20406-Doraemon-Beetle-Car-with-152-pieces-1.jpg\" alt=\"Qman K20406 Doraemon Beetle Car with 152 pieces\" width=\"800\" height=\"800\" title=\"-\" srcset=\"https:\/\/mouldking.store\/wp-content\/uploads\/2022\/02\/Qman-K20406-Doraemon-Beetle-Car-with-152-pieces-1.jpg 800w, https:\/\/mouldking.store\/wp-content\/uploads\/2022\/02\/Qman-K20406-Doraemon-Beetle-Car-with-152-pieces-1-300x300.jpg 300w, https:\/\/mouldking.store\/wp-content\/uploads\/2022\/02\/Qman-K20406-Doraemon-Beetle-Car-with-152-pieces-1-768x768.jpg 768w, https:\/\/mouldking.store\/wp-content\/uploads\/2022\/02\/Qman-K20406-Doraemon-Beetle-Car-with-152-pieces-1-600x600.jpg 600w, https:\/\/mouldking.store\/wp-content\/uploads\/2022\/02\/Qman-K20406-Doraemon-Beetle-Car-with-152-pieces-1-150x150.jpg 150w\" sizes=\"(max-width: 800px) 100vw, 800px\" \/><figcaption id=\"caption-attachment-29637\" class=\"wp-caption-text\">Qman K20406 Doraemon Beetle Coche con 152 piezas<\/figcaption><\/figure>\n<figure id=\"attachment_29638\" aria-describedby=\"caption-attachment-29638\" style=\"width: 790px\" class=\"wp-caption aligncenter\"><img decoding=\"async\" class=\"wp-image-29638 size-full\" src=\"https:\/\/mouldking.store\/wp-content\/uploads\/2022\/02\/Qman-K20406-Doraemon-Beetle-Car-with-152-pieces-2.jpg\" alt=\"Qman K20406 Doraemon Beetle Car with 152 pieces\" width=\"790\" height=\"905\" title=\"-\" srcset=\"https:\/\/mouldking.store\/wp-content\/uploads\/2022\/02\/Qman-K20406-Doraemon-Beetle-Car-with-152-pieces-2.jpg 790w, https:\/\/mouldking.store\/wp-content\/uploads\/2022\/02\/Qman-K20406-Doraemon-Beetle-Car-with-152-pieces-2-262x300.jpg 262w, https:\/\/mouldking.store\/wp-content\/uploads\/2022\/02\/Qman-K20406-Doraemon-Beetle-Car-with-152-pieces-2-768x880.jpg 768w, https:\/\/mouldking.store\/wp-content\/uploads\/2022\/02\/Qman-K20406-Doraemon-Beetle-Car-with-152-pieces-2-300x344.jpg 300w, https:\/\/mouldking.store\/wp-content\/uploads\/2022\/02\/Qman-K20406-Doraemon-Beetle-Car-with-152-pieces-2-600x687.jpg 600w, https:\/\/mouldking.store\/wp-content\/uploads\/2022\/02\/Qman-K20406-Doraemon-Beetle-Car-with-152-pieces-2-131x150.jpg 131w\" sizes=\"(max-width: 790px) 100vw, 790px\" \/><figcaption id=\"caption-attachment-29638\" class=\"wp-caption-text\">Qman K20406 Doraemon Beetle Coche con 152 piezas<\/figcaption><\/figure>\n<figure id=\"attachment_29639\" aria-describedby=\"caption-attachment-29639\" style=\"width: 790px\" class=\"wp-caption aligncenter\"><img decoding=\"async\" class=\"wp-image-29639 size-full\" src=\"https:\/\/mouldking.store\/wp-content\/uploads\/2022\/02\/Qman-K20406-Doraemon-Beetle-Car-with-152-pieces-3.jpg\" alt=\"Qman K20406 Doraemon Beetle Car with 152 pieces\" width=\"790\" height=\"891\" title=\"-\" srcset=\"https:\/\/mouldking.store\/wp-content\/uploads\/2022\/02\/Qman-K20406-Doraemon-Beetle-Car-with-152-pieces-3.jpg 790w, https:\/\/mouldking.store\/wp-content\/uploads\/2022\/02\/Qman-K20406-Doraemon-Beetle-Car-with-152-pieces-3-266x300.jpg 266w, https:\/\/mouldking.store\/wp-content\/uploads\/2022\/02\/Qman-K20406-Doraemon-Beetle-Car-with-152-pieces-3-768x866.jpg 768w, https:\/\/mouldking.store\/wp-content\/uploads\/2022\/02\/Qman-K20406-Doraemon-Beetle-Car-with-152-pieces-3-300x338.jpg 300w, https:\/\/mouldking.store\/wp-content\/uploads\/2022\/02\/Qman-K20406-Doraemon-Beetle-Car-with-152-pieces-3-600x677.jpg 600w, https:\/\/mouldking.store\/wp-content\/uploads\/2022\/02\/Qman-K20406-Doraemon-Beetle-Car-with-152-pieces-3-133x150.jpg 133w\" sizes=\"(max-width: 790px) 100vw, 790px\" \/><figcaption id=\"caption-attachment-29639\" class=\"wp-caption-text\">Qman K20406 Doraemon Beetle Coche con 152 piezas<\/figcaption><\/figure>","protected":false},"excerpt":{"rendered":"<p>Product information: Brand: Qman Gender: Unisex Name: Doraemon Beetle Car Age Range: &gt; 6 years old Model Number: K20406 Classification: Assemblage Plastic Block Shape: Self-Locking Bricks Material: Plastic Plastic Type: ABS Bricks Blocks: 152 PCS Contains detailed assembly instructions. Notice: 1. Without an original box, but we guarantee our products have quality assurance and nice [&hellip;]<\/p>","protected":false},"featured_media":29637,"comment_status":"closed","ping_status":"closed","template":"","meta":{"_acf_changed":false},"product_cat":[364],"product_tag":[2971,4492,4565,4567,4125,4564,4566,4563],"class_list":["product","first","instock","shipping-taxable","purchasable","product-type-simple"],"acf":[],"_links":{"self":[{"href":"https:\/\/mouldking.store\/es\/wp-json\/wp\/v2\/product\/29636","targetHints":{"allow":["GET"]}}],"collection":[{"href":"https:\/\/mouldking.store\/es\/wp-json\/wp\/v2\/product"}],"about":[{"href":"https:\/\/mouldking.store\/es\/wp-json\/wp\/v2\/types\/product"}],"replies":[{"embeddable":true,"href":"https:\/\/mouldking.store\/es\/wp-json\/wp\/v2\/comments?post=29636"}],"wp:featuredmedia":[{"embeddable":true,"href":"https:\/\/mouldking.store\/es\/wp-json\/wp\/v2\/media\/29637"}],"wp:attachment":[{"href":"https:\/\/mouldking.store\/es\/wp-json\/wp\/v2\/media?parent=29636"}],"wp:term":[{"taxonomy":"product_cat","embeddable":true,"href":"https:\/\/mouldking.store\/es\/wp-json\/wp\/v2\/product_cat?post=29636"},{"taxonomy":"product_tag","embeddable":true,"href":"https:\/\/mouldking.store\/es\/wp-json\/wp\/v2\/product_tag?post=29636"}],"curies":[{"name":"wp","href":"https:\/\/api.w.org\/{rel}","templated":true}]}}