{"id":29672,"date":"2022-02-22T10:49:28","date_gmt":"2022-02-22T03:49:28","guid":{"rendered":"https:\/\/mouldking.store\/?post_type=product&#038;p=29672"},"modified":"2022-02-22T10:49:28","modified_gmt":"2022-02-22T03:49:28","slug":"qman-23014-99a-main-battle-tank-with-2743-pieces","status":"publish","type":"product","link":"https:\/\/mouldking.store\/es\/shop\/qman-23014-99a-main-battle-tank-with-2743-pieces\/","title":{"rendered":"Tanque de batalla principal Qman 23014 99A con 2743 piezas"},"content":{"rendered":"<p>Informaci\u00f3n del Producto:<\/p>\n<ol>\n<li>Marca: Qman<\/li>\n<li>G\u00e9nero: Unisex<\/li>\n<li>Name: 99A Main Battle Tank<\/li>\n<li>Rango de edad: &gt; 6 a\u00f1os<\/li>\n<li>Model Number: 23014<\/li>\n<li>Clasificaci\u00f3n: Ensamblaje<\/li>\n<li>Forma de bloque de pl\u00e1stico: Ladrillos autoblocantes<\/li>\n<li>Material: Pl\u00e1stico<\/li>\n<li>Tipo de pl\u00e1stico: ABS<\/li>\n<li>Bricks Blocks: 2743 PCS<\/li>\n<li>Contiene instrucciones de montaje detalladas.<\/li>\n<\/ol>\n<p>Aviso:<br \/>\n1. Sin caja original, pero garantizamos que nuestros productos tienen garant\u00eda de calidad y un buen embalaje.<br \/>\n2. Como todas las piezas que hemos comprobado antes del env\u00edo, si encuentra que faltan piezas o est\u00e1n da\u00f1adas, no se preocupe y p\u00f3ngase en contacto con nosotros y podemos reenvi\u00e1rselas inmediatamente de forma gratuita.<\/p>\n<figure id=\"attachment_29673\" aria-describedby=\"caption-attachment-29673\" style=\"width: 800px\" class=\"wp-caption aligncenter\"><img fetchpriority=\"high\" decoding=\"async\" class=\"wp-image-29673 size-full\" src=\"https:\/\/mouldking.store\/wp-content\/uploads\/2022\/02\/Qman-23014-99A-Main-Battle-Tank-with-2743-pieces-1.jpg\" alt=\"Qman 23014 99A Main Battle Tank with 2743 pieces\" width=\"800\" height=\"800\" title=\"-\" srcset=\"https:\/\/mouldking.store\/wp-content\/uploads\/2022\/02\/Qman-23014-99A-Main-Battle-Tank-with-2743-pieces-1.jpg 800w, https:\/\/mouldking.store\/wp-content\/uploads\/2022\/02\/Qman-23014-99A-Main-Battle-Tank-with-2743-pieces-1-300x300.jpg 300w, https:\/\/mouldking.store\/wp-content\/uploads\/2022\/02\/Qman-23014-99A-Main-Battle-Tank-with-2743-pieces-1-768x768.jpg 768w, https:\/\/mouldking.store\/wp-content\/uploads\/2022\/02\/Qman-23014-99A-Main-Battle-Tank-with-2743-pieces-1-600x600.jpg 600w, https:\/\/mouldking.store\/wp-content\/uploads\/2022\/02\/Qman-23014-99A-Main-Battle-Tank-with-2743-pieces-1-150x150.jpg 150w\" sizes=\"(max-width: 800px) 100vw, 800px\" \/><figcaption id=\"caption-attachment-29673\" class=\"wp-caption-text\">Tanque de batalla principal Qman 23014 99A con 2743 piezas<\/figcaption><\/figure>\n<figure id=\"attachment_29674\" aria-describedby=\"caption-attachment-29674\" style=\"width: 770px\" class=\"wp-caption aligncenter\"><img decoding=\"async\" class=\"wp-image-29674 size-full\" src=\"https:\/\/mouldking.store\/wp-content\/uploads\/2022\/02\/Qman-23014-99A-Main-Battle-Tank-with-2743-pieces-2.jpg\" alt=\"Qman 23014 99A Main Battle Tank with 2743 pieces\" width=\"770\" height=\"984\" title=\"-\" srcset=\"https:\/\/mouldking.store\/wp-content\/uploads\/2022\/02\/Qman-23014-99A-Main-Battle-Tank-with-2743-pieces-2.jpg 770w, https:\/\/mouldking.store\/wp-content\/uploads\/2022\/02\/Qman-23014-99A-Main-Battle-Tank-with-2743-pieces-2-235x300.jpg 235w, https:\/\/mouldking.store\/wp-content\/uploads\/2022\/02\/Qman-23014-99A-Main-Battle-Tank-with-2743-pieces-2-768x981.jpg 768w, https:\/\/mouldking.store\/wp-content\/uploads\/2022\/02\/Qman-23014-99A-Main-Battle-Tank-with-2743-pieces-2-300x383.jpg 300w, https:\/\/mouldking.store\/wp-content\/uploads\/2022\/02\/Qman-23014-99A-Main-Battle-Tank-with-2743-pieces-2-600x767.jpg 600w, https:\/\/mouldking.store\/wp-content\/uploads\/2022\/02\/Qman-23014-99A-Main-Battle-Tank-with-2743-pieces-2-117x150.jpg 117w\" sizes=\"(max-width: 770px) 100vw, 770px\" \/><figcaption id=\"caption-attachment-29674\" class=\"wp-caption-text\">Tanque de batalla principal Qman 23014 99A con 2743 piezas<\/figcaption><\/figure>\n<figure id=\"attachment_29675\" aria-describedby=\"caption-attachment-29675\" style=\"width: 600px\" class=\"wp-caption aligncenter\"><img decoding=\"async\" class=\"wp-image-29675 size-full\" src=\"https:\/\/mouldking.store\/wp-content\/uploads\/2022\/02\/Qman-23014-99A-Main-Battle-Tank-with-2743-pieces-3.jpg\" alt=\"Qman 23014 99A Main Battle Tank with 2743 pieces\" width=\"600\" height=\"1024\" title=\"-\" srcset=\"https:\/\/mouldking.store\/wp-content\/uploads\/2022\/02\/Qman-23014-99A-Main-Battle-Tank-with-2743-pieces-3.jpg 600w, https:\/\/mouldking.store\/wp-content\/uploads\/2022\/02\/Qman-23014-99A-Main-Battle-Tank-with-2743-pieces-3-176x300.jpg 176w, https:\/\/mouldking.store\/wp-content\/uploads\/2022\/02\/Qman-23014-99A-Main-Battle-Tank-with-2743-pieces-3-300x512.jpg 300w, https:\/\/mouldking.store\/wp-content\/uploads\/2022\/02\/Qman-23014-99A-Main-Battle-Tank-with-2743-pieces-3-88x150.jpg 88w\" sizes=\"(max-width: 600px) 100vw, 600px\" \/><figcaption id=\"caption-attachment-29675\" class=\"wp-caption-text\">Tanque de batalla principal Qman 23014 99A con 2743 piezas<\/figcaption><\/figure>\n<figure id=\"attachment_29676\" aria-describedby=\"caption-attachment-29676\" style=\"width: 770px\" class=\"wp-caption aligncenter\"><img loading=\"lazy\" decoding=\"async\" class=\"wp-image-29676 size-full\" src=\"https:\/\/mouldking.store\/wp-content\/uploads\/2022\/02\/Qman-23014-99A-Main-Battle-Tank-with-2743-pieces-4.jpg\" alt=\"Qman 23014 99A Main Battle Tank with 2743 pieces\" width=\"770\" height=\"976\" title=\"-\" srcset=\"https:\/\/mouldking.store\/wp-content\/uploads\/2022\/02\/Qman-23014-99A-Main-Battle-Tank-with-2743-pieces-4.jpg 770w, https:\/\/mouldking.store\/wp-content\/uploads\/2022\/02\/Qman-23014-99A-Main-Battle-Tank-with-2743-pieces-4-237x300.jpg 237w, https:\/\/mouldking.store\/wp-content\/uploads\/2022\/02\/Qman-23014-99A-Main-Battle-Tank-with-2743-pieces-4-768x973.jpg 768w, https:\/\/mouldking.store\/wp-content\/uploads\/2022\/02\/Qman-23014-99A-Main-Battle-Tank-with-2743-pieces-4-300x380.jpg 300w, https:\/\/mouldking.store\/wp-content\/uploads\/2022\/02\/Qman-23014-99A-Main-Battle-Tank-with-2743-pieces-4-600x761.jpg 600w, https:\/\/mouldking.store\/wp-content\/uploads\/2022\/02\/Qman-23014-99A-Main-Battle-Tank-with-2743-pieces-4-118x150.jpg 118w\" sizes=\"(max-width: 770px) 100vw, 770px\" \/><figcaption id=\"caption-attachment-29676\" class=\"wp-caption-text\">Tanque de batalla principal Qman 23014 99A con 2743 piezas<\/figcaption><\/figure>\n<figure id=\"attachment_29677\" aria-describedby=\"caption-attachment-29677\" style=\"width: 516px\" class=\"wp-caption aligncenter\"><img loading=\"lazy\" decoding=\"async\" class=\"wp-image-29677 size-full\" src=\"https:\/\/mouldking.store\/wp-content\/uploads\/2022\/02\/Qman-23014-99A-Main-Battle-Tank-with-2743-pieces-5.jpg\" alt=\"Qman 23014 99A Main Battle Tank with 2743 pieces\" width=\"516\" height=\"1024\" title=\"-\" srcset=\"https:\/\/mouldking.store\/wp-content\/uploads\/2022\/02\/Qman-23014-99A-Main-Battle-Tank-with-2743-pieces-5.jpg 516w, https:\/\/mouldking.store\/wp-content\/uploads\/2022\/02\/Qman-23014-99A-Main-Battle-Tank-with-2743-pieces-5-151x300.jpg 151w, https:\/\/mouldking.store\/wp-content\/uploads\/2022\/02\/Qman-23014-99A-Main-Battle-Tank-with-2743-pieces-5-300x595.jpg 300w, https:\/\/mouldking.store\/wp-content\/uploads\/2022\/02\/Qman-23014-99A-Main-Battle-Tank-with-2743-pieces-5-76x150.jpg 76w\" sizes=\"(max-width: 516px) 100vw, 516px\" \/><figcaption id=\"caption-attachment-29677\" class=\"wp-caption-text\">Tanque de batalla principal Qman 23014 99A con 2743 piezas<\/figcaption><\/figure>\n<figure id=\"attachment_29678\" aria-describedby=\"caption-attachment-29678\" style=\"width: 770px\" class=\"wp-caption aligncenter\"><img loading=\"lazy\" decoding=\"async\" class=\"wp-image-29678 size-full\" src=\"https:\/\/mouldking.store\/wp-content\/uploads\/2022\/02\/Qman-23014-99A-Main-Battle-Tank-with-2743-pieces-6.jpg\" alt=\"Qman 23014 99A Main Battle Tank with 2743 pieces\" width=\"770\" height=\"931\" title=\"-\" srcset=\"https:\/\/mouldking.store\/wp-content\/uploads\/2022\/02\/Qman-23014-99A-Main-Battle-Tank-with-2743-pieces-6.jpg 770w, https:\/\/mouldking.store\/wp-content\/uploads\/2022\/02\/Qman-23014-99A-Main-Battle-Tank-with-2743-pieces-6-248x300.jpg 248w, https:\/\/mouldking.store\/wp-content\/uploads\/2022\/02\/Qman-23014-99A-Main-Battle-Tank-with-2743-pieces-6-768x929.jpg 768w, https:\/\/mouldking.store\/wp-content\/uploads\/2022\/02\/Qman-23014-99A-Main-Battle-Tank-with-2743-pieces-6-300x363.jpg 300w, https:\/\/mouldking.store\/wp-content\/uploads\/2022\/02\/Qman-23014-99A-Main-Battle-Tank-with-2743-pieces-6-600x725.jpg 600w, https:\/\/mouldking.store\/wp-content\/uploads\/2022\/02\/Qman-23014-99A-Main-Battle-Tank-with-2743-pieces-6-124x150.jpg 124w\" sizes=\"(max-width: 770px) 100vw, 770px\" \/><figcaption id=\"caption-attachment-29678\" class=\"wp-caption-text\">Tanque de batalla principal Qman 23014 99A con 2743 piezas<\/figcaption><\/figure>\n<figure id=\"attachment_29679\" aria-describedby=\"caption-attachment-29679\" style=\"width: 521px\" class=\"wp-caption aligncenter\"><img loading=\"lazy\" decoding=\"async\" class=\"wp-image-29679 size-full\" src=\"https:\/\/mouldking.store\/wp-content\/uploads\/2022\/02\/Qman-23014-99A-Main-Battle-Tank-with-2743-pieces-7.jpg\" alt=\"Qman 23014 99A Main Battle Tank with 2743 pieces\" width=\"521\" height=\"1024\" title=\"-\" srcset=\"https:\/\/mouldking.store\/wp-content\/uploads\/2022\/02\/Qman-23014-99A-Main-Battle-Tank-with-2743-pieces-7.jpg 521w, https:\/\/mouldking.store\/wp-content\/uploads\/2022\/02\/Qman-23014-99A-Main-Battle-Tank-with-2743-pieces-7-153x300.jpg 153w, https:\/\/mouldking.store\/wp-content\/uploads\/2022\/02\/Qman-23014-99A-Main-Battle-Tank-with-2743-pieces-7-300x590.jpg 300w, https:\/\/mouldking.store\/wp-content\/uploads\/2022\/02\/Qman-23014-99A-Main-Battle-Tank-with-2743-pieces-7-76x150.jpg 76w\" sizes=\"(max-width: 521px) 100vw, 521px\" \/><figcaption id=\"caption-attachment-29679\" class=\"wp-caption-text\">Tanque de batalla principal Qman 23014 99A con 2743 piezas<\/figcaption><\/figure>\n<figure id=\"attachment_29680\" aria-describedby=\"caption-attachment-29680\" style=\"width: 505px\" class=\"wp-caption aligncenter\"><img loading=\"lazy\" decoding=\"async\" class=\"wp-image-29680 size-full\" src=\"https:\/\/mouldking.store\/wp-content\/uploads\/2022\/02\/Qman-23014-99A-Main-Battle-Tank-with-2743-pieces-8.jpg\" alt=\"Qman 23014 99A Main Battle Tank with 2743 pieces\" width=\"505\" height=\"1024\" title=\"-\" srcset=\"https:\/\/mouldking.store\/wp-content\/uploads\/2022\/02\/Qman-23014-99A-Main-Battle-Tank-with-2743-pieces-8.jpg 505w, https:\/\/mouldking.store\/wp-content\/uploads\/2022\/02\/Qman-23014-99A-Main-Battle-Tank-with-2743-pieces-8-148x300.jpg 148w, https:\/\/mouldking.store\/wp-content\/uploads\/2022\/02\/Qman-23014-99A-Main-Battle-Tank-with-2743-pieces-8-300x608.jpg 300w, https:\/\/mouldking.store\/wp-content\/uploads\/2022\/02\/Qman-23014-99A-Main-Battle-Tank-with-2743-pieces-8-74x150.jpg 74w\" sizes=\"(max-width: 505px) 100vw, 505px\" \/><figcaption id=\"caption-attachment-29680\" class=\"wp-caption-text\">Tanque de batalla principal Qman 23014 99A con 2743 piezas<\/figcaption><\/figure>\n<figure id=\"attachment_29681\" aria-describedby=\"caption-attachment-29681\" style=\"width: 800px\" class=\"wp-caption aligncenter\"><img loading=\"lazy\" decoding=\"async\" class=\"wp-image-29681 size-full\" src=\"https:\/\/mouldking.store\/wp-content\/uploads\/2022\/02\/Qman-23014-99A-Main-Battle-Tank-with-2743-pieces-9.jpg\" alt=\"Qman 23014 99A Main Battle Tank with 2743 pieces\" width=\"800\" height=\"800\" title=\"-\" srcset=\"https:\/\/mouldking.store\/wp-content\/uploads\/2022\/02\/Qman-23014-99A-Main-Battle-Tank-with-2743-pieces-9.jpg 800w, https:\/\/mouldking.store\/wp-content\/uploads\/2022\/02\/Qman-23014-99A-Main-Battle-Tank-with-2743-pieces-9-300x300.jpg 300w, https:\/\/mouldking.store\/wp-content\/uploads\/2022\/02\/Qman-23014-99A-Main-Battle-Tank-with-2743-pieces-9-768x768.jpg 768w, https:\/\/mouldking.store\/wp-content\/uploads\/2022\/02\/Qman-23014-99A-Main-Battle-Tank-with-2743-pieces-9-600x600.jpg 600w, https:\/\/mouldking.store\/wp-content\/uploads\/2022\/02\/Qman-23014-99A-Main-Battle-Tank-with-2743-pieces-9-150x150.jpg 150w\" sizes=\"(max-width: 800px) 100vw, 800px\" \/><figcaption id=\"caption-attachment-29681\" class=\"wp-caption-text\">Tanque de batalla principal Qman 23014 99A con 2743 piezas<\/figcaption><\/figure>\n<figure id=\"attachment_29682\" aria-describedby=\"caption-attachment-29682\" style=\"width: 800px\" class=\"wp-caption aligncenter\"><img loading=\"lazy\" decoding=\"async\" class=\"wp-image-29682 size-full\" src=\"https:\/\/mouldking.store\/wp-content\/uploads\/2022\/02\/Qman-23014-99A-Main-Battle-Tank-with-2743-pieces-10.jpg\" alt=\"Qman 23014 99A Main Battle Tank with 2743 pieces\" width=\"800\" height=\"800\" title=\"-\" srcset=\"https:\/\/mouldking.store\/wp-content\/uploads\/2022\/02\/Qman-23014-99A-Main-Battle-Tank-with-2743-pieces-10.jpg 800w, https:\/\/mouldking.store\/wp-content\/uploads\/2022\/02\/Qman-23014-99A-Main-Battle-Tank-with-2743-pieces-10-300x300.jpg 300w, https:\/\/mouldking.store\/wp-content\/uploads\/2022\/02\/Qman-23014-99A-Main-Battle-Tank-with-2743-pieces-10-768x768.jpg 768w, https:\/\/mouldking.store\/wp-content\/uploads\/2022\/02\/Qman-23014-99A-Main-Battle-Tank-with-2743-pieces-10-600x600.jpg 600w, https:\/\/mouldking.store\/wp-content\/uploads\/2022\/02\/Qman-23014-99A-Main-Battle-Tank-with-2743-pieces-10-150x150.jpg 150w\" sizes=\"(max-width: 800px) 100vw, 800px\" \/><figcaption id=\"caption-attachment-29682\" class=\"wp-caption-text\">Tanque de batalla principal Qman 23014 99A con 2743 piezas<\/figcaption><\/figure>\n<figure id=\"attachment_29683\" aria-describedby=\"caption-attachment-29683\" style=\"width: 769px\" class=\"wp-caption aligncenter\"><img loading=\"lazy\" decoding=\"async\" class=\"wp-image-29683 size-full\" src=\"https:\/\/mouldking.store\/wp-content\/uploads\/2022\/02\/Qman-23014-99A-Main-Battle-Tank-with-2743-pieces-11.jpg\" alt=\"Qman 23014 99A Main Battle Tank with 2743 pieces\" width=\"769\" height=\"690\" title=\"-\" srcset=\"https:\/\/mouldking.store\/wp-content\/uploads\/2022\/02\/Qman-23014-99A-Main-Battle-Tank-with-2743-pieces-11.jpg 769w, https:\/\/mouldking.store\/wp-content\/uploads\/2022\/02\/Qman-23014-99A-Main-Battle-Tank-with-2743-pieces-11-300x269.jpg 300w, https:\/\/mouldking.store\/wp-content\/uploads\/2022\/02\/Qman-23014-99A-Main-Battle-Tank-with-2743-pieces-11-600x538.jpg 600w, https:\/\/mouldking.store\/wp-content\/uploads\/2022\/02\/Qman-23014-99A-Main-Battle-Tank-with-2743-pieces-11-150x135.jpg 150w\" sizes=\"(max-width: 769px) 100vw, 769px\" \/><figcaption id=\"caption-attachment-29683\" class=\"wp-caption-text\">Tanque de batalla principal Qman 23014 99A con 2743 piezas<\/figcaption><\/figure>","protected":false},"excerpt":{"rendered":"<p>Product information: Brand: Qman Gender: Unisex Name: 99A Main Battle Tank Age Range: &gt; 6 years old Model Number: 23014 Classification: Assemblage Plastic Block Shape: Self-Locking Bricks Material: Plastic Plastic Type: ABS Bricks Blocks: 2743 PCS Contains detailed assembly instructions. Notice: 1. Without an original box, but we guarantee our products have quality assurance and [&hellip;]<\/p>","protected":false},"featured_media":29673,"comment_status":"closed","ping_status":"closed","template":"","meta":{"_acf_changed":false},"product_cat":[372],"product_tag":[4598,2794,4597,2641,4125,4596,4595,4594,485],"class_list":["product","first","instock","shipping-taxable","purchasable","product-type-simple"],"acf":[],"_links":{"self":[{"href":"https:\/\/mouldking.store\/es\/wp-json\/wp\/v2\/product\/29672","targetHints":{"allow":["GET"]}}],"collection":[{"href":"https:\/\/mouldking.store\/es\/wp-json\/wp\/v2\/product"}],"about":[{"href":"https:\/\/mouldking.store\/es\/wp-json\/wp\/v2\/types\/product"}],"replies":[{"embeddable":true,"href":"https:\/\/mouldking.store\/es\/wp-json\/wp\/v2\/comments?post=29672"}],"wp:featuredmedia":[{"embeddable":true,"href":"https:\/\/mouldking.store\/es\/wp-json\/wp\/v2\/media\/29673"}],"wp:attachment":[{"href":"https:\/\/mouldking.store\/es\/wp-json\/wp\/v2\/media?parent=29672"}],"wp:term":[{"taxonomy":"product_cat","embeddable":true,"href":"https:\/\/mouldking.store\/es\/wp-json\/wp\/v2\/product_cat?post=29672"},{"taxonomy":"product_tag","embeddable":true,"href":"https:\/\/mouldking.store\/es\/wp-json\/wp\/v2\/product_tag?post=29672"}],"curies":[{"name":"wp","href":"https:\/\/api.w.org\/{rel}","templated":true}]}}