{"id":29831,"date":"2022-02-23T15:55:49","date_gmt":"2022-02-23T08:55:49","guid":{"rendered":"https:\/\/mouldking.store\/?post_type=product&#038;p=29831"},"modified":"2022-02-23T15:55:49","modified_gmt":"2022-02-23T08:55:49","slug":"mg-9007-invincible-destruction-king","status":"publish","type":"product","link":"https:\/\/mouldking.store\/es\/shop\/mg-9007-invincible-destruction-king\/","title":{"rendered":"MG 9007 Invincible Destruction King"},"content":{"rendered":"<p>Informaci\u00f3n del Producto:<\/p>\n<ol>\n<li>Brand: MG<\/li>\n<li>G\u00e9nero: Unisex<\/li>\n<li>Name: Invincible Destruction King<\/li>\n<li>Rango de edad: &gt; 6 a\u00f1os<\/li>\n<li>Model Number: 9007<\/li>\n<li>Clasificaci\u00f3n: Ensamblaje<\/li>\n<li>Forma de bloque de pl\u00e1stico: Ladrillos autoblocantes<\/li>\n<li>Material: Pl\u00e1stico<\/li>\n<li>Tipo de pl\u00e1stico: ABS<\/li>\n<li>Contiene instrucciones de montaje detalladas.<\/li>\n<\/ol>\n<p>Aviso:<br \/>\n1. Sin caja original, pero garantizamos que nuestros productos tienen garant\u00eda de calidad y un buen embalaje.<br \/>\n2. Como todas las piezas que hemos comprobado antes del env\u00edo, si encuentra que faltan piezas o est\u00e1n da\u00f1adas, no se preocupe y p\u00f3ngase en contacto con nosotros y podemos reenvi\u00e1rselas inmediatamente de forma gratuita.<\/p>\n<figure id=\"attachment_29832\" aria-describedby=\"caption-attachment-29832\" style=\"width: 800px\" class=\"wp-caption aligncenter\"><img fetchpriority=\"high\" decoding=\"async\" class=\"wp-image-29832 size-full\" src=\"https:\/\/mouldking.store\/wp-content\/uploads\/2022\/02\/MG-9007-Invincible-Destruction-King.jpg\" alt=\"MG 9007 Invincible Destruction King\" width=\"800\" height=\"800\" title=\"-\" srcset=\"https:\/\/mouldking.store\/wp-content\/uploads\/2022\/02\/MG-9007-Invincible-Destruction-King.jpg 800w, https:\/\/mouldking.store\/wp-content\/uploads\/2022\/02\/MG-9007-Invincible-Destruction-King-300x300.jpg 300w, https:\/\/mouldking.store\/wp-content\/uploads\/2022\/02\/MG-9007-Invincible-Destruction-King-768x768.jpg 768w, https:\/\/mouldking.store\/wp-content\/uploads\/2022\/02\/MG-9007-Invincible-Destruction-King-600x600.jpg 600w, https:\/\/mouldking.store\/wp-content\/uploads\/2022\/02\/MG-9007-Invincible-Destruction-King-150x150.jpg 150w\" sizes=\"(max-width: 800px) 100vw, 800px\" \/><figcaption id=\"caption-attachment-29832\" class=\"wp-caption-text\">MG 9007 Invincible Destruction King<\/figcaption><\/figure>","protected":false},"excerpt":{"rendered":"<p>Product information: Brand: MG Gender: Unisex Name: Invincible Destruction King Age Range: &gt; 6 years old Model Number: 9007 Classification: Assemblage Plastic Block Shape: Self-Locking Bricks Material: Plastic Plastic Type: ABS Contains detailed assembly instructions. Notice: 1. Without an original box, but we guarantee our products have quality assurance and nice packaging. 2. As all [&hellip;]<\/p>","protected":false},"featured_media":29832,"comment_status":"closed","ping_status":"closed","template":"","meta":{"_acf_changed":false},"product_cat":[581],"product_tag":[4698,4697,4693,4696,4695],"class_list":["product","first","instock","shipping-taxable","purchasable","product-type-simple"],"acf":[],"_links":{"self":[{"href":"https:\/\/mouldking.store\/es\/wp-json\/wp\/v2\/product\/29831","targetHints":{"allow":["GET"]}}],"collection":[{"href":"https:\/\/mouldking.store\/es\/wp-json\/wp\/v2\/product"}],"about":[{"href":"https:\/\/mouldking.store\/es\/wp-json\/wp\/v2\/types\/product"}],"replies":[{"embeddable":true,"href":"https:\/\/mouldking.store\/es\/wp-json\/wp\/v2\/comments?post=29831"}],"wp:featuredmedia":[{"embeddable":true,"href":"https:\/\/mouldking.store\/es\/wp-json\/wp\/v2\/media\/29832"}],"wp:attachment":[{"href":"https:\/\/mouldking.store\/es\/wp-json\/wp\/v2\/media?parent=29831"}],"wp:term":[{"taxonomy":"product_cat","embeddable":true,"href":"https:\/\/mouldking.store\/es\/wp-json\/wp\/v2\/product_cat?post=29831"},{"taxonomy":"product_tag","embeddable":true,"href":"https:\/\/mouldking.store\/es\/wp-json\/wp\/v2\/product_tag?post=29831"}],"curies":[{"name":"wp","href":"https:\/\/api.w.org\/{rel}","templated":true}]}}