{"id":29944,"date":"2022-02-23T17:29:44","date_gmt":"2022-02-23T10:29:44","guid":{"rendered":"https:\/\/mouldking.store\/?post_type=product&#038;p=29944"},"modified":"2023-06-30T10:14:28","modified_gmt":"2023-06-30T03:14:28","slug":"qman-21014-heavy-tank-corps-with-858-pieces","status":"publish","type":"product","link":"https:\/\/mouldking.store\/es\/shop\/qman-21014-heavy-tank-corps-with-858-pieces\/","title":{"rendered":"Qman 21014 Cuerpo de tanques pesados con 858 piezas"},"content":{"rendered":"<p>Informaci\u00f3n del Producto:<\/p>\n<ol>\n<li>Marca: Qman<\/li>\n<li>G\u00e9nero: Unisex<\/li>\n<li>Name: Heavy-Tank Corps<\/li>\n<li>Rango de edad: &gt; 6 a\u00f1os<\/li>\n<li>N\u00famero de modelo: 21014<\/li>\n<li>Clasificaci\u00f3n: Ensamblaje<\/li>\n<li>Forma de bloque de pl\u00e1stico: Ladrillos autoblocantes<\/li>\n<li>Material: Pl\u00e1stico<\/li>\n<li>Tipo de pl\u00e1stico: ABS<\/li>\n<li>Bricks Blocks: 858 PCS<\/li>\n<li>Contiene instrucciones de montaje detalladas.<\/li>\n<\/ol>\n<p>Aviso:<br \/>\n1. Sin caja original, pero garantizamos que nuestros productos tienen garant\u00eda de calidad y un buen embalaje.<br \/>\n2. Como todas las piezas que hemos comprobado antes del env\u00edo, si encuentra que faltan piezas o est\u00e1n da\u00f1adas, no se preocupe y p\u00f3ngase en contacto con nosotros y podemos reenvi\u00e1rselas inmediatamente de forma gratuita.<\/p>\n<p>&nbsp;<\/p>\n<figure id=\"attachment_29945\" aria-describedby=\"caption-attachment-29945\" style=\"width: 800px\" class=\"wp-caption aligncenter\"><img fetchpriority=\"high\" decoding=\"async\" class=\"wp-image-29945 size-full\" src=\"https:\/\/mouldking.store\/wp-content\/uploads\/2022\/02\/Qman-21014-Heavy-Tank-Corps-with-858-pieces-1.jpg\" alt=\"Qman 21014 Heavy-Tank Corps with 858 pieces\" width=\"800\" height=\"800\" title=\"-\" srcset=\"https:\/\/mouldking.store\/wp-content\/uploads\/2022\/02\/Qman-21014-Heavy-Tank-Corps-with-858-pieces-1.jpg 800w, https:\/\/mouldking.store\/wp-content\/uploads\/2022\/02\/Qman-21014-Heavy-Tank-Corps-with-858-pieces-1-300x300.jpg 300w, https:\/\/mouldking.store\/wp-content\/uploads\/2022\/02\/Qman-21014-Heavy-Tank-Corps-with-858-pieces-1-768x768.jpg 768w, https:\/\/mouldking.store\/wp-content\/uploads\/2022\/02\/Qman-21014-Heavy-Tank-Corps-with-858-pieces-1-600x600.jpg 600w, https:\/\/mouldking.store\/wp-content\/uploads\/2022\/02\/Qman-21014-Heavy-Tank-Corps-with-858-pieces-1-150x150.jpg 150w\" sizes=\"(max-width: 800px) 100vw, 800px\" \/><figcaption id=\"caption-attachment-29945\" class=\"wp-caption-text\">Qman 21014 Cuerpo de tanques pesados con 858 piezas<\/figcaption><\/figure>\n<figure id=\"attachment_29947\" aria-describedby=\"caption-attachment-29947\" style=\"width: 750px\" class=\"wp-caption aligncenter\"><img decoding=\"async\" class=\"wp-image-29947 size-full\" src=\"https:\/\/mouldking.store\/wp-content\/uploads\/2022\/02\/Qman-21014-Heavy-Tank-Corps-with-858-pieces-3.jpg\" alt=\"Qman 21014 Heavy-Tank Corps with 858 pieces\" width=\"750\" height=\"801\" title=\"-\" srcset=\"https:\/\/mouldking.store\/wp-content\/uploads\/2022\/02\/Qman-21014-Heavy-Tank-Corps-with-858-pieces-3.jpg 750w, https:\/\/mouldking.store\/wp-content\/uploads\/2022\/02\/Qman-21014-Heavy-Tank-Corps-with-858-pieces-3-281x300.jpg 281w, https:\/\/mouldking.store\/wp-content\/uploads\/2022\/02\/Qman-21014-Heavy-Tank-Corps-with-858-pieces-3-300x320.jpg 300w, https:\/\/mouldking.store\/wp-content\/uploads\/2022\/02\/Qman-21014-Heavy-Tank-Corps-with-858-pieces-3-600x641.jpg 600w, https:\/\/mouldking.store\/wp-content\/uploads\/2022\/02\/Qman-21014-Heavy-Tank-Corps-with-858-pieces-3-140x150.jpg 140w\" sizes=\"(max-width: 750px) 100vw, 750px\" \/><figcaption id=\"caption-attachment-29947\" class=\"wp-caption-text\">Qman 21014 Cuerpo de tanques pesados con 858 piezas<\/figcaption><\/figure>\n<figure id=\"attachment_29951\" aria-describedby=\"caption-attachment-29951\" style=\"width: 750px\" class=\"wp-caption aligncenter\"><img decoding=\"async\" class=\"wp-image-29951 size-full\" src=\"https:\/\/mouldking.store\/wp-content\/uploads\/2022\/02\/Qman-21014-Heavy-Tank-Corps-with-858-pieces-7.jpg\" alt=\"Qman 21014 Heavy-Tank Corps with 858 pieces\" width=\"750\" height=\"750\" title=\"-\" srcset=\"https:\/\/mouldking.store\/wp-content\/uploads\/2022\/02\/Qman-21014-Heavy-Tank-Corps-with-858-pieces-7.jpg 750w, https:\/\/mouldking.store\/wp-content\/uploads\/2022\/02\/Qman-21014-Heavy-Tank-Corps-with-858-pieces-7-300x300.jpg 300w, https:\/\/mouldking.store\/wp-content\/uploads\/2022\/02\/Qman-21014-Heavy-Tank-Corps-with-858-pieces-7-600x600.jpg 600w, https:\/\/mouldking.store\/wp-content\/uploads\/2022\/02\/Qman-21014-Heavy-Tank-Corps-with-858-pieces-7-150x150.jpg 150w\" sizes=\"(max-width: 750px) 100vw, 750px\" \/><figcaption id=\"caption-attachment-29951\" class=\"wp-caption-text\">Qman 21014 Cuerpo de tanques pesados con 858 piezas<\/figcaption><\/figure>\n<figure id=\"attachment_29950\" aria-describedby=\"caption-attachment-29950\" style=\"width: 770px\" class=\"wp-caption aligncenter\"><img loading=\"lazy\" decoding=\"async\" class=\"wp-image-29950 size-full\" src=\"https:\/\/mouldking.store\/wp-content\/uploads\/2022\/02\/Qman-21014-Heavy-Tank-Corps-with-858-pieces-6.jpg\" alt=\"Qman 21014 Heavy-Tank Corps with 858 pieces\" width=\"770\" height=\"1006\" title=\"-\" srcset=\"https:\/\/mouldking.store\/wp-content\/uploads\/2022\/02\/Qman-21014-Heavy-Tank-Corps-with-858-pieces-6.jpg 770w, https:\/\/mouldking.store\/wp-content\/uploads\/2022\/02\/Qman-21014-Heavy-Tank-Corps-with-858-pieces-6-230x300.jpg 230w, https:\/\/mouldking.store\/wp-content\/uploads\/2022\/02\/Qman-21014-Heavy-Tank-Corps-with-858-pieces-6-768x1003.jpg 768w, https:\/\/mouldking.store\/wp-content\/uploads\/2022\/02\/Qman-21014-Heavy-Tank-Corps-with-858-pieces-6-300x392.jpg 300w, https:\/\/mouldking.store\/wp-content\/uploads\/2022\/02\/Qman-21014-Heavy-Tank-Corps-with-858-pieces-6-600x784.jpg 600w, https:\/\/mouldking.store\/wp-content\/uploads\/2022\/02\/Qman-21014-Heavy-Tank-Corps-with-858-pieces-6-115x150.jpg 115w\" sizes=\"(max-width: 770px) 100vw, 770px\" \/><figcaption id=\"caption-attachment-29950\" class=\"wp-caption-text\">Qman 21014 Cuerpo de tanques pesados con 858 piezas<\/figcaption><\/figure>\n<figure id=\"attachment_29949\" aria-describedby=\"caption-attachment-29949\" style=\"width: 770px\" class=\"wp-caption aligncenter\"><img loading=\"lazy\" decoding=\"async\" class=\"wp-image-29949 size-full\" src=\"https:\/\/mouldking.store\/wp-content\/uploads\/2022\/02\/Qman-21014-Heavy-Tank-Corps-with-858-pieces-5.jpg\" alt=\"Qman 21014 Heavy-Tank Corps with 858 pieces\" width=\"770\" height=\"976\" title=\"-\" srcset=\"https:\/\/mouldking.store\/wp-content\/uploads\/2022\/02\/Qman-21014-Heavy-Tank-Corps-with-858-pieces-5.jpg 770w, https:\/\/mouldking.store\/wp-content\/uploads\/2022\/02\/Qman-21014-Heavy-Tank-Corps-with-858-pieces-5-237x300.jpg 237w, https:\/\/mouldking.store\/wp-content\/uploads\/2022\/02\/Qman-21014-Heavy-Tank-Corps-with-858-pieces-5-768x973.jpg 768w, https:\/\/mouldking.store\/wp-content\/uploads\/2022\/02\/Qman-21014-Heavy-Tank-Corps-with-858-pieces-5-300x380.jpg 300w, https:\/\/mouldking.store\/wp-content\/uploads\/2022\/02\/Qman-21014-Heavy-Tank-Corps-with-858-pieces-5-600x761.jpg 600w, https:\/\/mouldking.store\/wp-content\/uploads\/2022\/02\/Qman-21014-Heavy-Tank-Corps-with-858-pieces-5-118x150.jpg 118w\" sizes=\"(max-width: 770px) 100vw, 770px\" \/><figcaption id=\"caption-attachment-29949\" class=\"wp-caption-text\">Qman 21014 Cuerpo de tanques pesados con 858 piezas<\/figcaption><\/figure>\n<figure id=\"attachment_29948\" aria-describedby=\"caption-attachment-29948\" style=\"width: 750px\" class=\"wp-caption aligncenter\"><img loading=\"lazy\" decoding=\"async\" class=\"wp-image-29948 size-full\" src=\"https:\/\/mouldking.store\/wp-content\/uploads\/2022\/02\/Qman-21014-Heavy-Tank-Corps-with-858-pieces-4.jpg\" alt=\"Qman 21014 Heavy-Tank Corps with 858 pieces\" width=\"750\" height=\"798\" title=\"-\" srcset=\"https:\/\/mouldking.store\/wp-content\/uploads\/2022\/02\/Qman-21014-Heavy-Tank-Corps-with-858-pieces-4.jpg 750w, https:\/\/mouldking.store\/wp-content\/uploads\/2022\/02\/Qman-21014-Heavy-Tank-Corps-with-858-pieces-4-282x300.jpg 282w, https:\/\/mouldking.store\/wp-content\/uploads\/2022\/02\/Qman-21014-Heavy-Tank-Corps-with-858-pieces-4-300x319.jpg 300w, https:\/\/mouldking.store\/wp-content\/uploads\/2022\/02\/Qman-21014-Heavy-Tank-Corps-with-858-pieces-4-600x638.jpg 600w, https:\/\/mouldking.store\/wp-content\/uploads\/2022\/02\/Qman-21014-Heavy-Tank-Corps-with-858-pieces-4-141x150.jpg 141w\" sizes=\"(max-width: 750px) 100vw, 750px\" \/><figcaption id=\"caption-attachment-29948\" class=\"wp-caption-text\">Qman 21014 Cuerpo de tanques pesados con 858 piezas<\/figcaption><\/figure>\n<figure id=\"attachment_29946\" aria-describedby=\"caption-attachment-29946\" style=\"width: 762px\" class=\"wp-caption aligncenter\"><img loading=\"lazy\" decoding=\"async\" class=\"wp-image-29946 size-full\" src=\"https:\/\/mouldking.store\/wp-content\/uploads\/2022\/02\/Qman-21014-Heavy-Tank-Corps-with-858-pieces-2.jpg\" alt=\"Qman 21014 Heavy-Tank Corps with 858 pieces\" width=\"762\" height=\"1024\" title=\"-\" srcset=\"https:\/\/mouldking.store\/wp-content\/uploads\/2022\/02\/Qman-21014-Heavy-Tank-Corps-with-858-pieces-2.jpg 762w, https:\/\/mouldking.store\/wp-content\/uploads\/2022\/02\/Qman-21014-Heavy-Tank-Corps-with-858-pieces-2-223x300.jpg 223w, https:\/\/mouldking.store\/wp-content\/uploads\/2022\/02\/Qman-21014-Heavy-Tank-Corps-with-858-pieces-2-300x403.jpg 300w, https:\/\/mouldking.store\/wp-content\/uploads\/2022\/02\/Qman-21014-Heavy-Tank-Corps-with-858-pieces-2-600x806.jpg 600w, https:\/\/mouldking.store\/wp-content\/uploads\/2022\/02\/Qman-21014-Heavy-Tank-Corps-with-858-pieces-2-112x150.jpg 112w\" sizes=\"(max-width: 762px) 100vw, 762px\" \/><figcaption id=\"caption-attachment-29946\" class=\"wp-caption-text\">Qman 21014 Cuerpo de tanques pesados con 858 piezas<\/figcaption><\/figure>","protected":false},"excerpt":{"rendered":"<p>Product information: Brand: Qman Gender: Unisex Name: Heavy-Tank Corps Age Range: &gt; 6 years old Model Number: 21014 Classification: Assemblage Plastic Block Shape: Self-Locking Bricks Material: Plastic Plastic Type: ABS Bricks Blocks: 858 PCS Contains detailed assembly instructions. Notice: 1. Without an original box, but we guarantee our products have quality assurance and nice packaging. [&hellip;]<\/p>","protected":false},"featured_media":29945,"comment_status":"closed","ping_status":"closed","template":"","meta":{"_acf_changed":false},"product_cat":[372],"product_tag":[4792,4793,4791,4125,4790,4789,4788,485],"class_list":["product","first","outofstock","shipping-taxable","purchasable","product-type-simple"],"acf":[],"_links":{"self":[{"href":"https:\/\/mouldking.store\/es\/wp-json\/wp\/v2\/product\/29944","targetHints":{"allow":["GET"]}}],"collection":[{"href":"https:\/\/mouldking.store\/es\/wp-json\/wp\/v2\/product"}],"about":[{"href":"https:\/\/mouldking.store\/es\/wp-json\/wp\/v2\/types\/product"}],"replies":[{"embeddable":true,"href":"https:\/\/mouldking.store\/es\/wp-json\/wp\/v2\/comments?post=29944"}],"wp:featuredmedia":[{"embeddable":true,"href":"https:\/\/mouldking.store\/es\/wp-json\/wp\/v2\/media\/29945"}],"wp:attachment":[{"href":"https:\/\/mouldking.store\/es\/wp-json\/wp\/v2\/media?parent=29944"}],"wp:term":[{"taxonomy":"product_cat","embeddable":true,"href":"https:\/\/mouldking.store\/es\/wp-json\/wp\/v2\/product_cat?post=29944"},{"taxonomy":"product_tag","embeddable":true,"href":"https:\/\/mouldking.store\/es\/wp-json\/wp\/v2\/product_tag?post=29944"}],"curies":[{"name":"wp","href":"https:\/\/api.w.org\/{rel}","templated":true}]}}