{"id":30012,"date":"2022-02-23T18:41:14","date_gmt":"2022-02-23T11:41:14","guid":{"rendered":"https:\/\/mouldking.store\/?post_type=product&#038;p=30012"},"modified":"2022-02-23T18:41:14","modified_gmt":"2022-02-23T11:41:14","slug":"qman-41209-41212-rubiks-cube","status":"publish","type":"product","link":"https:\/\/mouldking.store\/es\/shop\/qman-41209-41212-rubiks-cube\/","title":{"rendered":"Qman 41209-41212 Cubo de Rubik"},"content":{"rendered":"<p>Informaci\u00f3n del Producto:<\/p>\n<ol>\n<li>Marca: Qman<\/li>\n<li>G\u00e9nero: Unisex<\/li>\n<li>Nombre: Cubo de Rubik<\/li>\n<li>Rango de edad: &gt; 6 a\u00f1os<\/li>\n<li>Model Number: 41209-41212<\/li>\n<li>Clasificaci\u00f3n: Ensamblaje<\/li>\n<li>Forma de bloque de pl\u00e1stico: Ladrillos autoblocantes<\/li>\n<li>Material: Pl\u00e1stico<\/li>\n<li>Tipo de pl\u00e1stico: ABS<\/li>\n<li>Bricks Blocks: 41209 ~148+PCS, 41210 ~152+PCS, 41211 ~126+PCS, 41212 ~147+PCS<\/li>\n<li>Contiene instrucciones de montaje detalladas.<\/li>\n<\/ol>\n<p>Aviso:<br \/>\n1. Sin caja original, pero garantizamos que nuestros productos tienen garant\u00eda de calidad y un buen embalaje.<br \/>\n2. Como todas las piezas que hemos comprobado antes del env\u00edo, si encuentra que faltan piezas o est\u00e1n da\u00f1adas, no se preocupe y p\u00f3ngase en contacto con nosotros y podemos reenvi\u00e1rselas inmediatamente de forma gratuita.<\/p>\n<figure id=\"attachment_30020\" aria-describedby=\"caption-attachment-30020\" style=\"width: 800px\" class=\"wp-caption aligncenter\"><img fetchpriority=\"high\" decoding=\"async\" class=\"wp-image-30020 size-full\" src=\"https:\/\/mouldking.store\/wp-content\/uploads\/2022\/02\/Qman-41209-41212-Rubiks-Cube-1.png\" alt=\"Qman 41209-41212 Rubik&#039;s Cube\" width=\"800\" height=\"800\" title=\"-\" srcset=\"https:\/\/mouldking.store\/wp-content\/uploads\/2022\/02\/Qman-41209-41212-Rubiks-Cube-1.png 800w, https:\/\/mouldking.store\/wp-content\/uploads\/2022\/02\/Qman-41209-41212-Rubiks-Cube-1-300x300.png 300w, https:\/\/mouldking.store\/wp-content\/uploads\/2022\/02\/Qman-41209-41212-Rubiks-Cube-1-768x768.png 768w, https:\/\/mouldking.store\/wp-content\/uploads\/2022\/02\/Qman-41209-41212-Rubiks-Cube-1-600x600.png 600w, https:\/\/mouldking.store\/wp-content\/uploads\/2022\/02\/Qman-41209-41212-Rubiks-Cube-1-150x150.png 150w\" sizes=\"(max-width: 800px) 100vw, 800px\" \/><figcaption id=\"caption-attachment-30020\" class=\"wp-caption-text\">Qman 41209-41212 Cubo de Rubik<\/figcaption><\/figure>\n<figure id=\"attachment_30019\" aria-describedby=\"caption-attachment-30019\" style=\"width: 800px\" class=\"wp-caption aligncenter\"><img decoding=\"async\" class=\"wp-image-30019 size-full\" src=\"https:\/\/mouldking.store\/wp-content\/uploads\/2022\/02\/Qman-41209-41212-Rubiks-Cube-7.jpg\" alt=\"Qman 41209-41212 Rubik&#039;s Cube\" width=\"800\" height=\"800\" title=\"-\" srcset=\"https:\/\/mouldking.store\/wp-content\/uploads\/2022\/02\/Qman-41209-41212-Rubiks-Cube-7.jpg 800w, https:\/\/mouldking.store\/wp-content\/uploads\/2022\/02\/Qman-41209-41212-Rubiks-Cube-7-300x300.jpg 300w, https:\/\/mouldking.store\/wp-content\/uploads\/2022\/02\/Qman-41209-41212-Rubiks-Cube-7-768x768.jpg 768w, https:\/\/mouldking.store\/wp-content\/uploads\/2022\/02\/Qman-41209-41212-Rubiks-Cube-7-600x600.jpg 600w, https:\/\/mouldking.store\/wp-content\/uploads\/2022\/02\/Qman-41209-41212-Rubiks-Cube-7-150x150.jpg 150w\" sizes=\"(max-width: 800px) 100vw, 800px\" \/><figcaption id=\"caption-attachment-30019\" class=\"wp-caption-text\">Qman 41209-41212 Cubo de Rubik<\/figcaption><\/figure>\n<figure id=\"attachment_30013\" aria-describedby=\"caption-attachment-30013\" style=\"width: 800px\" class=\"wp-caption aligncenter\"><img decoding=\"async\" class=\"wp-image-30013 size-full\" src=\"https:\/\/mouldking.store\/wp-content\/uploads\/2022\/02\/Qman-41209-41212-Rubiks-Cube-1.jpg\" alt=\"Qman 41209-41212 Rubik&#039;s Cube\" width=\"800\" height=\"800\" title=\"-\" srcset=\"https:\/\/mouldking.store\/wp-content\/uploads\/2022\/02\/Qman-41209-41212-Rubiks-Cube-1.jpg 800w, https:\/\/mouldking.store\/wp-content\/uploads\/2022\/02\/Qman-41209-41212-Rubiks-Cube-1-300x300.jpg 300w, https:\/\/mouldking.store\/wp-content\/uploads\/2022\/02\/Qman-41209-41212-Rubiks-Cube-1-768x768.jpg 768w, https:\/\/mouldking.store\/wp-content\/uploads\/2022\/02\/Qman-41209-41212-Rubiks-Cube-1-600x600.jpg 600w, https:\/\/mouldking.store\/wp-content\/uploads\/2022\/02\/Qman-41209-41212-Rubiks-Cube-1-150x150.jpg 150w\" sizes=\"(max-width: 800px) 100vw, 800px\" \/><figcaption id=\"caption-attachment-30013\" class=\"wp-caption-text\">Qman 41209-41212 Cubo de Rubik<\/figcaption><\/figure>\n<figure id=\"attachment_30018\" aria-describedby=\"caption-attachment-30018\" style=\"width: 353px\" class=\"wp-caption aligncenter\"><img loading=\"lazy\" decoding=\"async\" class=\"wp-image-30018 size-full\" src=\"https:\/\/mouldking.store\/wp-content\/uploads\/2022\/02\/Qman-41209-41212-Rubiks-Cube-6.jpg\" alt=\"Qman 41209-41212 Rubik&#039;s Cube\" width=\"353\" height=\"1024\" title=\"-\" srcset=\"https:\/\/mouldking.store\/wp-content\/uploads\/2022\/02\/Qman-41209-41212-Rubiks-Cube-6.jpg 353w, https:\/\/mouldking.store\/wp-content\/uploads\/2022\/02\/Qman-41209-41212-Rubiks-Cube-6-103x300.jpg 103w, https:\/\/mouldking.store\/wp-content\/uploads\/2022\/02\/Qman-41209-41212-Rubiks-Cube-6-300x870.jpg 300w, https:\/\/mouldking.store\/wp-content\/uploads\/2022\/02\/Qman-41209-41212-Rubiks-Cube-6-52x150.jpg 52w\" sizes=\"(max-width: 353px) 100vw, 353px\" \/><figcaption id=\"caption-attachment-30018\" class=\"wp-caption-text\">Qman 41209-41212 Cubo de Rubik<\/figcaption><\/figure>\n<figure id=\"attachment_30017\" aria-describedby=\"caption-attachment-30017\" style=\"width: 435px\" class=\"wp-caption aligncenter\"><img loading=\"lazy\" decoding=\"async\" class=\"wp-image-30017 size-full\" src=\"https:\/\/mouldking.store\/wp-content\/uploads\/2022\/02\/Qman-41209-41212-Rubiks-Cube-5.jpg\" alt=\"Qman 41209-41212 Rubik&#039;s Cube\" width=\"435\" height=\"1024\" title=\"-\" srcset=\"https:\/\/mouldking.store\/wp-content\/uploads\/2022\/02\/Qman-41209-41212-Rubiks-Cube-5.jpg 435w, https:\/\/mouldking.store\/wp-content\/uploads\/2022\/02\/Qman-41209-41212-Rubiks-Cube-5-127x300.jpg 127w, https:\/\/mouldking.store\/wp-content\/uploads\/2022\/02\/Qman-41209-41212-Rubiks-Cube-5-300x706.jpg 300w, https:\/\/mouldking.store\/wp-content\/uploads\/2022\/02\/Qman-41209-41212-Rubiks-Cube-5-64x150.jpg 64w\" sizes=\"(max-width: 435px) 100vw, 435px\" \/><figcaption id=\"caption-attachment-30017\" class=\"wp-caption-text\">Qman 41209-41212 Cubo de Rubik<\/figcaption><\/figure>\n<figure id=\"attachment_30016\" aria-describedby=\"caption-attachment-30016\" style=\"width: 427px\" class=\"wp-caption aligncenter\"><img loading=\"lazy\" decoding=\"async\" class=\"wp-image-30016 size-full\" src=\"https:\/\/mouldking.store\/wp-content\/uploads\/2022\/02\/Qman-41209-41212-Rubiks-Cube-4.jpg\" alt=\"Qman 41209-41212 Rubik&#039;s Cube\" width=\"427\" height=\"1024\" title=\"-\" srcset=\"https:\/\/mouldking.store\/wp-content\/uploads\/2022\/02\/Qman-41209-41212-Rubiks-Cube-4.jpg 427w, https:\/\/mouldking.store\/wp-content\/uploads\/2022\/02\/Qman-41209-41212-Rubiks-Cube-4-125x300.jpg 125w, https:\/\/mouldking.store\/wp-content\/uploads\/2022\/02\/Qman-41209-41212-Rubiks-Cube-4-300x719.jpg 300w, https:\/\/mouldking.store\/wp-content\/uploads\/2022\/02\/Qman-41209-41212-Rubiks-Cube-4-63x150.jpg 63w\" sizes=\"(max-width: 427px) 100vw, 427px\" \/><figcaption id=\"caption-attachment-30016\" class=\"wp-caption-text\">Qman 41209-41212 Cubo de Rubik<\/figcaption><\/figure>\n<figure id=\"attachment_30015\" aria-describedby=\"caption-attachment-30015\" style=\"width: 428px\" class=\"wp-caption aligncenter\"><img loading=\"lazy\" decoding=\"async\" class=\"wp-image-30015 size-full\" src=\"https:\/\/mouldking.store\/wp-content\/uploads\/2022\/02\/Qman-41209-41212-Rubiks-Cube-3.jpg\" alt=\"Qman 41209-41212 Rubik&#039;s Cube\" width=\"428\" height=\"1024\" title=\"-\" srcset=\"https:\/\/mouldking.store\/wp-content\/uploads\/2022\/02\/Qman-41209-41212-Rubiks-Cube-3.jpg 428w, https:\/\/mouldking.store\/wp-content\/uploads\/2022\/02\/Qman-41209-41212-Rubiks-Cube-3-125x300.jpg 125w, https:\/\/mouldking.store\/wp-content\/uploads\/2022\/02\/Qman-41209-41212-Rubiks-Cube-3-300x718.jpg 300w, https:\/\/mouldking.store\/wp-content\/uploads\/2022\/02\/Qman-41209-41212-Rubiks-Cube-3-63x150.jpg 63w\" sizes=\"(max-width: 428px) 100vw, 428px\" \/><figcaption id=\"caption-attachment-30015\" class=\"wp-caption-text\">Qman 41209-41212 Cubo de Rubik<\/figcaption><\/figure>\n<figure id=\"attachment_30014\" aria-describedby=\"caption-attachment-30014\" style=\"width: 720px\" class=\"wp-caption aligncenter\"><img loading=\"lazy\" decoding=\"async\" class=\"wp-image-30014 size-full\" src=\"https:\/\/mouldking.store\/wp-content\/uploads\/2022\/02\/Qman-41209-41212-Rubiks-Cube-2.jpg\" alt=\"Qman 41209-41212 Rubik&#039;s Cube\" width=\"720\" height=\"1024\" title=\"-\" srcset=\"https:\/\/mouldking.store\/wp-content\/uploads\/2022\/02\/Qman-41209-41212-Rubiks-Cube-2.jpg 720w, https:\/\/mouldking.store\/wp-content\/uploads\/2022\/02\/Qman-41209-41212-Rubiks-Cube-2-211x300.jpg 211w, https:\/\/mouldking.store\/wp-content\/uploads\/2022\/02\/Qman-41209-41212-Rubiks-Cube-2-300x427.jpg 300w, https:\/\/mouldking.store\/wp-content\/uploads\/2022\/02\/Qman-41209-41212-Rubiks-Cube-2-600x853.jpg 600w, https:\/\/mouldking.store\/wp-content\/uploads\/2022\/02\/Qman-41209-41212-Rubiks-Cube-2-105x150.jpg 105w\" sizes=\"(max-width: 720px) 100vw, 720px\" \/><figcaption id=\"caption-attachment-30014\" class=\"wp-caption-text\">Qman 41209-41212 Cubo de Rubik<\/figcaption><\/figure>","protected":false},"excerpt":{"rendered":"<p>Product information: Brand: Qman Gender: Unisex Name: Rubik&#8217;s Cube Age Range: &gt; 6 years old Model Number: 41209-41212 Classification: Assemblage Plastic Block Shape: Self-Locking Bricks Material: Plastic Plastic Type: ABS Bricks Blocks: 41209 ~148+PCS, 41210 ~152+PCS, 41211 ~126+PCS, 41212 ~147+PCS Contains detailed assembly instructions. Notice: 1. Without an original box, but we guarantee our products [&hellip;]<\/p>","protected":false},"featured_media":30020,"comment_status":"closed","ping_status":"closed","template":"","meta":{"_acf_changed":false},"product_cat":[371],"product_tag":[4838,4837,4839,4840,4841,4125,4836,4835,4647],"class_list":["product","first","instock","shipping-taxable","purchasable","product-type-variable"],"acf":[],"_links":{"self":[{"href":"https:\/\/mouldking.store\/es\/wp-json\/wp\/v2\/product\/30012","targetHints":{"allow":["GET"]}}],"collection":[{"href":"https:\/\/mouldking.store\/es\/wp-json\/wp\/v2\/product"}],"about":[{"href":"https:\/\/mouldking.store\/es\/wp-json\/wp\/v2\/types\/product"}],"replies":[{"embeddable":true,"href":"https:\/\/mouldking.store\/es\/wp-json\/wp\/v2\/comments?post=30012"}],"wp:featuredmedia":[{"embeddable":true,"href":"https:\/\/mouldking.store\/es\/wp-json\/wp\/v2\/media\/30020"}],"wp:attachment":[{"href":"https:\/\/mouldking.store\/es\/wp-json\/wp\/v2\/media?parent=30012"}],"wp:term":[{"taxonomy":"product_cat","embeddable":true,"href":"https:\/\/mouldking.store\/es\/wp-json\/wp\/v2\/product_cat?post=30012"},{"taxonomy":"product_tag","embeddable":true,"href":"https:\/\/mouldking.store\/es\/wp-json\/wp\/v2\/product_tag?post=30012"}],"curies":[{"name":"wp","href":"https:\/\/api.w.org\/{rel}","templated":true}]}}