{"id":30416,"date":"2022-03-02T14:29:37","date_gmt":"2022-03-02T07:29:37","guid":{"rendered":"https:\/\/mouldking.store\/?post_type=product&#038;p=30416"},"modified":"2022-03-02T14:30:05","modified_gmt":"2022-03-02T07:30:05","slug":"mould-king-27003-lamborghini-sian-with-333-pieces","status":"publish","type":"product","link":"https:\/\/mouldking.store\/es\/shop\/mould-king-27003-lamborghini-sian-with-333-pieces\/","title":{"rendered":"Mold King 27003 Lamborghini Sian con 333 piezas"},"content":{"rendered":"<p>Informaci\u00f3n del Producto:<\/p>\n<ol>\n<li>Marca: Mould King<\/li>\n<li>G\u00e9nero: Unisex<\/li>\n<li>Name: Lamborghini Sian<\/li>\n<li>Rango de edad: &gt; 8 a\u00f1os<\/li>\n<li>Model Number: 27003<\/li>\n<li>Clasificaci\u00f3n: Ensamblaje<\/li>\n<li>Forma de bloque de pl\u00e1stico: Ladrillos autoblocantes<\/li>\n<li>Material: Pl\u00e1stico<\/li>\n<li>Tipo de pl\u00e1stico: ABS<\/li>\n<li>Bricks Blocks: 333 PCS<\/li>\n<li>Contiene instrucciones de montaje detalladas.<\/li>\n<\/ol>\n<p>Aviso:<br \/>\n1. Sin caja original, pero garantizamos que nuestros productos tienen garant\u00eda de calidad y un buen embalaje.<br \/>\n2. Como todas las piezas que hemos comprobado antes del env\u00edo, si encuentra que faltan piezas o est\u00e1n da\u00f1adas, no se preocupe y p\u00f3ngase en contacto con nosotros y podemos reenvi\u00e1rselas inmediatamente de forma gratuita.<\/p>\n<figure id=\"attachment_30417\" aria-describedby=\"caption-attachment-30417\" style=\"width: 800px\" class=\"wp-caption aligncenter\"><img fetchpriority=\"high\" decoding=\"async\" class=\"wp-image-30417 size-full\" src=\"https:\/\/mouldking.store\/wp-content\/uploads\/2022\/03\/Mould-King-27003-Lamborghini-Sian-with-333-pieces-1.jpg\" alt=\"Mould King 27003 Lamborghini Sian with 333 pieces\" width=\"800\" height=\"800\" title=\"-\" srcset=\"https:\/\/mouldking.store\/wp-content\/uploads\/2022\/03\/Mould-King-27003-Lamborghini-Sian-with-333-pieces-1.jpg 800w, https:\/\/mouldking.store\/wp-content\/uploads\/2022\/03\/Mould-King-27003-Lamborghini-Sian-with-333-pieces-1-300x300.jpg 300w, https:\/\/mouldking.store\/wp-content\/uploads\/2022\/03\/Mould-King-27003-Lamborghini-Sian-with-333-pieces-1-768x768.jpg 768w, https:\/\/mouldking.store\/wp-content\/uploads\/2022\/03\/Mould-King-27003-Lamborghini-Sian-with-333-pieces-1-600x600.jpg 600w, https:\/\/mouldking.store\/wp-content\/uploads\/2022\/03\/Mould-King-27003-Lamborghini-Sian-with-333-pieces-1-150x150.jpg 150w\" sizes=\"(max-width: 800px) 100vw, 800px\" \/><figcaption id=\"caption-attachment-30417\" class=\"wp-caption-text\">Mold King 27003 Lamborghini Sian con 333 piezas<\/figcaption><\/figure>\n<figure id=\"attachment_30421\" aria-describedby=\"caption-attachment-30421\" style=\"width: 800px\" class=\"wp-caption aligncenter\"><img decoding=\"async\" class=\"wp-image-30421 size-full\" src=\"https:\/\/mouldking.store\/wp-content\/uploads\/2022\/03\/Mould-King-27003-Lamborghini-Sian-with-333-pieces-5.jpg\" alt=\"Mould King 27003 Lamborghini Sian with 333 pieces\" width=\"800\" height=\"800\" title=\"-\" srcset=\"https:\/\/mouldking.store\/wp-content\/uploads\/2022\/03\/Mould-King-27003-Lamborghini-Sian-with-333-pieces-5.jpg 800w, https:\/\/mouldking.store\/wp-content\/uploads\/2022\/03\/Mould-King-27003-Lamborghini-Sian-with-333-pieces-5-300x300.jpg 300w, https:\/\/mouldking.store\/wp-content\/uploads\/2022\/03\/Mould-King-27003-Lamborghini-Sian-with-333-pieces-5-768x768.jpg 768w, https:\/\/mouldking.store\/wp-content\/uploads\/2022\/03\/Mould-King-27003-Lamborghini-Sian-with-333-pieces-5-600x600.jpg 600w, https:\/\/mouldking.store\/wp-content\/uploads\/2022\/03\/Mould-King-27003-Lamborghini-Sian-with-333-pieces-5-150x150.jpg 150w\" sizes=\"(max-width: 800px) 100vw, 800px\" \/><figcaption id=\"caption-attachment-30421\" class=\"wp-caption-text\">Mold King 27003 Lamborghini Sian con 333 piezas<\/figcaption><\/figure>\n<figure id=\"attachment_30418\" aria-describedby=\"caption-attachment-30418\" style=\"width: 800px\" class=\"wp-caption aligncenter\"><img decoding=\"async\" class=\"wp-image-30418 size-full\" src=\"https:\/\/mouldking.store\/wp-content\/uploads\/2022\/03\/Mould-King-27003-Lamborghini-Sian-with-333-pieces-2.jpg\" alt=\"Mould King 27003 Lamborghini Sian with 333 pieces\" width=\"800\" height=\"800\" title=\"-\" srcset=\"https:\/\/mouldking.store\/wp-content\/uploads\/2022\/03\/Mould-King-27003-Lamborghini-Sian-with-333-pieces-2.jpg 800w, https:\/\/mouldking.store\/wp-content\/uploads\/2022\/03\/Mould-King-27003-Lamborghini-Sian-with-333-pieces-2-300x300.jpg 300w, https:\/\/mouldking.store\/wp-content\/uploads\/2022\/03\/Mould-King-27003-Lamborghini-Sian-with-333-pieces-2-768x768.jpg 768w, https:\/\/mouldking.store\/wp-content\/uploads\/2022\/03\/Mould-King-27003-Lamborghini-Sian-with-333-pieces-2-600x600.jpg 600w, https:\/\/mouldking.store\/wp-content\/uploads\/2022\/03\/Mould-King-27003-Lamborghini-Sian-with-333-pieces-2-150x150.jpg 150w\" sizes=\"(max-width: 800px) 100vw, 800px\" \/><figcaption id=\"caption-attachment-30418\" class=\"wp-caption-text\">Mold King 27003 Lamborghini Sian con 333 piezas<\/figcaption><\/figure>\n<figure id=\"attachment_30420\" aria-describedby=\"caption-attachment-30420\" style=\"width: 800px\" class=\"wp-caption aligncenter\"><img loading=\"lazy\" decoding=\"async\" class=\"wp-image-30420 size-full\" src=\"https:\/\/mouldking.store\/wp-content\/uploads\/2022\/03\/Mould-King-27003-Lamborghini-Sian-with-333-pieces-4.jpg\" alt=\"Mould King 27003 Lamborghini Sian with 333 pieces\" width=\"800\" height=\"800\" title=\"-\" srcset=\"https:\/\/mouldking.store\/wp-content\/uploads\/2022\/03\/Mould-King-27003-Lamborghini-Sian-with-333-pieces-4.jpg 800w, https:\/\/mouldking.store\/wp-content\/uploads\/2022\/03\/Mould-King-27003-Lamborghini-Sian-with-333-pieces-4-300x300.jpg 300w, https:\/\/mouldking.store\/wp-content\/uploads\/2022\/03\/Mould-King-27003-Lamborghini-Sian-with-333-pieces-4-768x768.jpg 768w, https:\/\/mouldking.store\/wp-content\/uploads\/2022\/03\/Mould-King-27003-Lamborghini-Sian-with-333-pieces-4-600x600.jpg 600w, https:\/\/mouldking.store\/wp-content\/uploads\/2022\/03\/Mould-King-27003-Lamborghini-Sian-with-333-pieces-4-150x150.jpg 150w\" sizes=\"(max-width: 800px) 100vw, 800px\" \/><figcaption id=\"caption-attachment-30420\" class=\"wp-caption-text\">Mold King 27003 Lamborghini Sian con 333 piezas<\/figcaption><\/figure>\n<figure id=\"attachment_30419\" aria-describedby=\"caption-attachment-30419\" style=\"width: 800px\" class=\"wp-caption aligncenter\"><img loading=\"lazy\" decoding=\"async\" class=\"wp-image-30419 size-full\" src=\"https:\/\/mouldking.store\/wp-content\/uploads\/2022\/03\/Mould-King-27003-Lamborghini-Sian-with-333-pieces-3.jpg\" alt=\"Mould King 27003 Lamborghini Sian with 333 pieces\" width=\"800\" height=\"800\" title=\"-\" srcset=\"https:\/\/mouldking.store\/wp-content\/uploads\/2022\/03\/Mould-King-27003-Lamborghini-Sian-with-333-pieces-3.jpg 800w, https:\/\/mouldking.store\/wp-content\/uploads\/2022\/03\/Mould-King-27003-Lamborghini-Sian-with-333-pieces-3-300x300.jpg 300w, https:\/\/mouldking.store\/wp-content\/uploads\/2022\/03\/Mould-King-27003-Lamborghini-Sian-with-333-pieces-3-768x768.jpg 768w, https:\/\/mouldking.store\/wp-content\/uploads\/2022\/03\/Mould-King-27003-Lamborghini-Sian-with-333-pieces-3-600x600.jpg 600w, https:\/\/mouldking.store\/wp-content\/uploads\/2022\/03\/Mould-King-27003-Lamborghini-Sian-with-333-pieces-3-150x150.jpg 150w\" sizes=\"(max-width: 800px) 100vw, 800px\" \/><figcaption id=\"caption-attachment-30419\" class=\"wp-caption-text\">Mold King 27003 Lamborghini Sian con 333 piezas<\/figcaption><\/figure>","protected":false},"excerpt":{"rendered":"<p>Product information: Brand: Mould King Gender: Unisex Name: Lamborghini Sian Age Range: &gt; 8 years old Model Number: 27003 Classification: Assemblage Plastic Block Shape: Self-Locking Bricks Material: Plastic Plastic Type: ABS Bricks Blocks: 333 PCS Contains detailed assembly instructions. Notice: 1. Without an original box, but we guarantee our products have quality assurance and nice [&hellip;]<\/p>","protected":false},"featured_media":30417,"comment_status":"closed","ping_status":"closed","template":"","meta":{"_acf_changed":false},"product_cat":[364],"product_tag":[5049,596,951,615,5048,5047,5046,5050],"class_list":["product","first","instock","shipping-taxable","purchasable","product-type-simple"],"acf":[],"_links":{"self":[{"href":"https:\/\/mouldking.store\/es\/wp-json\/wp\/v2\/product\/30416","targetHints":{"allow":["GET"]}}],"collection":[{"href":"https:\/\/mouldking.store\/es\/wp-json\/wp\/v2\/product"}],"about":[{"href":"https:\/\/mouldking.store\/es\/wp-json\/wp\/v2\/types\/product"}],"replies":[{"embeddable":true,"href":"https:\/\/mouldking.store\/es\/wp-json\/wp\/v2\/comments?post=30416"}],"wp:featuredmedia":[{"embeddable":true,"href":"https:\/\/mouldking.store\/es\/wp-json\/wp\/v2\/media\/30417"}],"wp:attachment":[{"href":"https:\/\/mouldking.store\/es\/wp-json\/wp\/v2\/media?parent=30416"}],"wp:term":[{"taxonomy":"product_cat","embeddable":true,"href":"https:\/\/mouldking.store\/es\/wp-json\/wp\/v2\/product_cat?post=30416"},{"taxonomy":"product_tag","embeddable":true,"href":"https:\/\/mouldking.store\/es\/wp-json\/wp\/v2\/product_tag?post=30416"}],"curies":[{"name":"wp","href":"https:\/\/api.w.org\/{rel}","templated":true}]}}