{"id":30531,"date":"2022-03-02T15:47:49","date_gmt":"2022-03-02T08:47:49","guid":{"rendered":"https:\/\/mouldking.store\/?post_type=product&#038;p=30531"},"modified":"2022-03-02T15:47:49","modified_gmt":"2022-03-02T08:47:49","slug":"k-box-10222-lamborghini-veneno-with-3611-pieces","status":"publish","type":"product","link":"https:\/\/mouldking.store\/es\/shop\/k-box-10222-lamborghini-veneno-with-3611-pieces\/","title":{"rendered":"K-BOX 10222 Lamborghini Veneno con 3611 piezas"},"content":{"rendered":"<p>Informaci\u00f3n del Producto:<\/p>\n<ol>\n<li>Marca: K-BOX<\/li>\n<li>G\u00e9nero: Unisex<\/li>\n<li>Nombre: Lamborghini Veneno<\/li>\n<li>Rango de edad: &gt; 14 a\u00f1os<\/li>\n<li>N\u00famero de modelo: 10222<\/li>\n<li>Clasificaci\u00f3n: Ensamblaje<\/li>\n<li>Forma de bloque de pl\u00e1stico: Ladrillos autoblocantes<\/li>\n<li>Material: Pl\u00e1stico<\/li>\n<li>Tipo de pl\u00e1stico: ABS<\/li>\n<li>Bloques de ladrillos: 3611 PCS<\/li>\n<li>Contiene instrucciones de montaje detalladas.<\/li>\n<\/ol>\n<p>Aviso:<br \/>\n1. Sin caja original, pero garantizamos que nuestros productos tienen garant\u00eda de calidad y un buen embalaje.<br \/>\n2. Como todas las piezas que hemos comprobado antes del env\u00edo, si encuentra que faltan piezas o est\u00e1n da\u00f1adas, no se preocupe y p\u00f3ngase en contacto con nosotros y podemos reenvi\u00e1rselas inmediatamente de forma gratuita.<\/p>\n<p>&nbsp;<\/p>\n<figure id=\"attachment_30538\" aria-describedby=\"caption-attachment-30538\" style=\"width: 800px\" class=\"wp-caption aligncenter\"><img fetchpriority=\"high\" decoding=\"async\" class=\"wp-image-30538 size-full\" src=\"https:\/\/mouldking.store\/wp-content\/uploads\/2022\/03\/K-BOX-10222-Cool-Sports-Car-Venenos-1.jpg\" alt=\"K-BOX 10222 Lamborghini Veneno with 3611 pieces\" width=\"800\" height=\"800\" title=\"-\" srcset=\"https:\/\/mouldking.store\/wp-content\/uploads\/2022\/03\/K-BOX-10222-Cool-Sports-Car-Venenos-1.jpg 800w, https:\/\/mouldking.store\/wp-content\/uploads\/2022\/03\/K-BOX-10222-Cool-Sports-Car-Venenos-1-300x300.jpg 300w, https:\/\/mouldking.store\/wp-content\/uploads\/2022\/03\/K-BOX-10222-Cool-Sports-Car-Venenos-1-768x768.jpg 768w, https:\/\/mouldking.store\/wp-content\/uploads\/2022\/03\/K-BOX-10222-Cool-Sports-Car-Venenos-1-600x600.jpg 600w, https:\/\/mouldking.store\/wp-content\/uploads\/2022\/03\/K-BOX-10222-Cool-Sports-Car-Venenos-1-150x150.jpg 150w\" sizes=\"(max-width: 800px) 100vw, 800px\" \/><figcaption id=\"caption-attachment-30538\" class=\"wp-caption-text\">K-BOX 10222 Lamborghini Veneno con 3611 piezas<\/figcaption><\/figure>\n<figure id=\"attachment_30537\" aria-describedby=\"caption-attachment-30537\" style=\"width: 800px\" class=\"wp-caption aligncenter\"><img decoding=\"async\" class=\"wp-image-30537 size-full\" src=\"https:\/\/mouldking.store\/wp-content\/uploads\/2022\/03\/K-BOX-10222-Cool-Sports-Car-Venenos-7.jpg\" alt=\"K-BOX 10222 Lamborghini Veneno with 3611 pieces\" width=\"800\" height=\"800\" title=\"-\" srcset=\"https:\/\/mouldking.store\/wp-content\/uploads\/2022\/03\/K-BOX-10222-Cool-Sports-Car-Venenos-7.jpg 800w, https:\/\/mouldking.store\/wp-content\/uploads\/2022\/03\/K-BOX-10222-Cool-Sports-Car-Venenos-7-300x300.jpg 300w, https:\/\/mouldking.store\/wp-content\/uploads\/2022\/03\/K-BOX-10222-Cool-Sports-Car-Venenos-7-768x768.jpg 768w, https:\/\/mouldking.store\/wp-content\/uploads\/2022\/03\/K-BOX-10222-Cool-Sports-Car-Venenos-7-600x600.jpg 600w, https:\/\/mouldking.store\/wp-content\/uploads\/2022\/03\/K-BOX-10222-Cool-Sports-Car-Venenos-7-150x150.jpg 150w\" sizes=\"(max-width: 800px) 100vw, 800px\" \/><figcaption id=\"caption-attachment-30537\" class=\"wp-caption-text\">K-BOX 10222 Lamborghini Veneno con 3611 piezas<\/figcaption><\/figure>\n<figure id=\"attachment_30536\" aria-describedby=\"caption-attachment-30536\" style=\"width: 800px\" class=\"wp-caption aligncenter\"><img decoding=\"async\" class=\"wp-image-30536 size-full\" src=\"https:\/\/mouldking.store\/wp-content\/uploads\/2022\/03\/K-BOX-10222-Cool-Sports-Car-Venenos-6.jpg\" alt=\"K-BOX 10222 Lamborghini Veneno with 3611 pieces\" width=\"800\" height=\"800\" title=\"-\" srcset=\"https:\/\/mouldking.store\/wp-content\/uploads\/2022\/03\/K-BOX-10222-Cool-Sports-Car-Venenos-6.jpg 800w, https:\/\/mouldking.store\/wp-content\/uploads\/2022\/03\/K-BOX-10222-Cool-Sports-Car-Venenos-6-300x300.jpg 300w, https:\/\/mouldking.store\/wp-content\/uploads\/2022\/03\/K-BOX-10222-Cool-Sports-Car-Venenos-6-768x768.jpg 768w, https:\/\/mouldking.store\/wp-content\/uploads\/2022\/03\/K-BOX-10222-Cool-Sports-Car-Venenos-6-600x600.jpg 600w, https:\/\/mouldking.store\/wp-content\/uploads\/2022\/03\/K-BOX-10222-Cool-Sports-Car-Venenos-6-150x150.jpg 150w\" sizes=\"(max-width: 800px) 100vw, 800px\" \/><figcaption id=\"caption-attachment-30536\" class=\"wp-caption-text\">K-BOX 10222 Lamborghini Veneno con 3611 piezas<\/figcaption><\/figure>\n<figure id=\"attachment_30535\" aria-describedby=\"caption-attachment-30535\" style=\"width: 800px\" class=\"wp-caption aligncenter\"><img loading=\"lazy\" decoding=\"async\" class=\"wp-image-30535 size-full\" src=\"https:\/\/mouldking.store\/wp-content\/uploads\/2022\/03\/K-BOX-10222-Cool-Sports-Car-Venenos-5.jpg\" alt=\"K-BOX 10222 Lamborghini Veneno with 3611 pieces\" width=\"800\" height=\"800\" title=\"-\" srcset=\"https:\/\/mouldking.store\/wp-content\/uploads\/2022\/03\/K-BOX-10222-Cool-Sports-Car-Venenos-5.jpg 800w, https:\/\/mouldking.store\/wp-content\/uploads\/2022\/03\/K-BOX-10222-Cool-Sports-Car-Venenos-5-300x300.jpg 300w, https:\/\/mouldking.store\/wp-content\/uploads\/2022\/03\/K-BOX-10222-Cool-Sports-Car-Venenos-5-768x768.jpg 768w, https:\/\/mouldking.store\/wp-content\/uploads\/2022\/03\/K-BOX-10222-Cool-Sports-Car-Venenos-5-600x600.jpg 600w, https:\/\/mouldking.store\/wp-content\/uploads\/2022\/03\/K-BOX-10222-Cool-Sports-Car-Venenos-5-150x150.jpg 150w\" sizes=\"(max-width: 800px) 100vw, 800px\" \/><figcaption id=\"caption-attachment-30535\" class=\"wp-caption-text\">K-BOX 10222 Lamborghini Veneno con 3611 piezas<\/figcaption><\/figure>\n<figure id=\"attachment_30533\" aria-describedby=\"caption-attachment-30533\" style=\"width: 800px\" class=\"wp-caption aligncenter\"><img loading=\"lazy\" decoding=\"async\" class=\"wp-image-30533 size-full\" src=\"https:\/\/mouldking.store\/wp-content\/uploads\/2022\/03\/K-BOX-10222-Cool-Sports-Car-Venenos-3.jpg\" alt=\"K-BOX 10222 Lamborghini Veneno with 3611 pieces\" width=\"800\" height=\"800\" title=\"-\" srcset=\"https:\/\/mouldking.store\/wp-content\/uploads\/2022\/03\/K-BOX-10222-Cool-Sports-Car-Venenos-3.jpg 800w, https:\/\/mouldking.store\/wp-content\/uploads\/2022\/03\/K-BOX-10222-Cool-Sports-Car-Venenos-3-300x300.jpg 300w, https:\/\/mouldking.store\/wp-content\/uploads\/2022\/03\/K-BOX-10222-Cool-Sports-Car-Venenos-3-768x768.jpg 768w, https:\/\/mouldking.store\/wp-content\/uploads\/2022\/03\/K-BOX-10222-Cool-Sports-Car-Venenos-3-600x600.jpg 600w, https:\/\/mouldking.store\/wp-content\/uploads\/2022\/03\/K-BOX-10222-Cool-Sports-Car-Venenos-3-150x150.jpg 150w\" sizes=\"(max-width: 800px) 100vw, 800px\" \/><figcaption id=\"caption-attachment-30533\" class=\"wp-caption-text\">K-BOX 10222 Lamborghini Veneno con 3611 piezas<\/figcaption><\/figure>\n<figure id=\"attachment_30532\" aria-describedby=\"caption-attachment-30532\" style=\"width: 800px\" class=\"wp-caption aligncenter\"><img loading=\"lazy\" decoding=\"async\" class=\"wp-image-30532 size-full\" src=\"https:\/\/mouldking.store\/wp-content\/uploads\/2022\/03\/K-BOX-10222-Cool-Sports-Car-Venenos-2.jpg\" alt=\"K-BOX 10222 Lamborghini Veneno with 3611 pieces\" width=\"800\" height=\"800\" title=\"-\" srcset=\"https:\/\/mouldking.store\/wp-content\/uploads\/2022\/03\/K-BOX-10222-Cool-Sports-Car-Venenos-2.jpg 800w, https:\/\/mouldking.store\/wp-content\/uploads\/2022\/03\/K-BOX-10222-Cool-Sports-Car-Venenos-2-300x300.jpg 300w, https:\/\/mouldking.store\/wp-content\/uploads\/2022\/03\/K-BOX-10222-Cool-Sports-Car-Venenos-2-768x768.jpg 768w, https:\/\/mouldking.store\/wp-content\/uploads\/2022\/03\/K-BOX-10222-Cool-Sports-Car-Venenos-2-600x600.jpg 600w, https:\/\/mouldking.store\/wp-content\/uploads\/2022\/03\/K-BOX-10222-Cool-Sports-Car-Venenos-2-150x150.jpg 150w\" sizes=\"(max-width: 800px) 100vw, 800px\" \/><figcaption id=\"caption-attachment-30532\" class=\"wp-caption-text\">K-BOX 10222 Lamborghini Veneno con 3611 piezas<\/figcaption><\/figure>\n<figure id=\"attachment_30534\" aria-describedby=\"caption-attachment-30534\" style=\"width: 800px\" class=\"wp-caption aligncenter\"><img loading=\"lazy\" decoding=\"async\" class=\"wp-image-30534 size-full\" src=\"https:\/\/mouldking.store\/wp-content\/uploads\/2022\/03\/K-BOX-10222-Cool-Sports-Car-Venenos-4.jpg\" alt=\"K-BOX 10222 Lamborghini Veneno with 3611 pieces\" width=\"800\" height=\"800\" title=\"-\" srcset=\"https:\/\/mouldking.store\/wp-content\/uploads\/2022\/03\/K-BOX-10222-Cool-Sports-Car-Venenos-4.jpg 800w, https:\/\/mouldking.store\/wp-content\/uploads\/2022\/03\/K-BOX-10222-Cool-Sports-Car-Venenos-4-300x300.jpg 300w, https:\/\/mouldking.store\/wp-content\/uploads\/2022\/03\/K-BOX-10222-Cool-Sports-Car-Venenos-4-768x768.jpg 768w, https:\/\/mouldking.store\/wp-content\/uploads\/2022\/03\/K-BOX-10222-Cool-Sports-Car-Venenos-4-600x600.jpg 600w, https:\/\/mouldking.store\/wp-content\/uploads\/2022\/03\/K-BOX-10222-Cool-Sports-Car-Venenos-4-150x150.jpg 150w\" sizes=\"(max-width: 800px) 100vw, 800px\" \/><figcaption id=\"caption-attachment-30534\" class=\"wp-caption-text\">K-BOX 10222 Lamborghini Veneno con 3611 piezas<\/figcaption><\/figure>","protected":false},"excerpt":{"rendered":"<p>Product information: Brand: K-BOX Gender: Unisex Name: Lamborghini Veneno Age Range: &gt; 14 years old Model Number: 10222 Classification: Assemblage Plastic Block Shape: Self-Locking Bricks Material: Plastic Plastic Type: ABS Bricks Blocks: 3611 PCS Contains detailed assembly instructions. Notice: 1. Without an original box, but we guarantee our products have quality assurance and nice packaging. [&hellip;]<\/p>","protected":false},"featured_media":30538,"comment_status":"closed","ping_status":"closed","template":"","meta":{"_acf_changed":false},"product_cat":[364],"product_tag":[5121,2969,5120,5119,5118,596,5054,1528],"class_list":["product","first","instock","shipping-taxable","purchasable","product-type-simple"],"acf":[],"_links":{"self":[{"href":"https:\/\/mouldking.store\/es\/wp-json\/wp\/v2\/product\/30531","targetHints":{"allow":["GET"]}}],"collection":[{"href":"https:\/\/mouldking.store\/es\/wp-json\/wp\/v2\/product"}],"about":[{"href":"https:\/\/mouldking.store\/es\/wp-json\/wp\/v2\/types\/product"}],"replies":[{"embeddable":true,"href":"https:\/\/mouldking.store\/es\/wp-json\/wp\/v2\/comments?post=30531"}],"wp:featuredmedia":[{"embeddable":true,"href":"https:\/\/mouldking.store\/es\/wp-json\/wp\/v2\/media\/30538"}],"wp:attachment":[{"href":"https:\/\/mouldking.store\/es\/wp-json\/wp\/v2\/media?parent=30531"}],"wp:term":[{"taxonomy":"product_cat","embeddable":true,"href":"https:\/\/mouldking.store\/es\/wp-json\/wp\/v2\/product_cat?post=30531"},{"taxonomy":"product_tag","embeddable":true,"href":"https:\/\/mouldking.store\/es\/wp-json\/wp\/v2\/product_tag?post=30531"}],"curies":[{"name":"wp","href":"https:\/\/api.w.org\/{rel}","templated":true}]}}