{"id":30698,"date":"2022-03-08T15:41:48","date_gmt":"2022-03-08T08:41:48","guid":{"rendered":"https:\/\/mouldking.store\/?post_type=product&#038;p=30698"},"modified":"2022-03-08T15:41:48","modified_gmt":"2022-03-08T08:41:48","slug":"cada-c66004-four-seasons-treehouse-with-1155-pieces","status":"publish","type":"product","link":"https:\/\/mouldking.store\/es\/shop\/cada-c66004-four-seasons-treehouse-with-1155-pieces\/","title":{"rendered":"CADA C66004 Four Seasons Treehouse con 1155 piezas"},"content":{"rendered":"<p>Informaci\u00f3n del Producto:<\/p>\n<ol>\n<li>Marca: CADA<\/li>\n<li>G\u00e9nero: Unisex<\/li>\n<li>Name: Four Seasons Treehouse<\/li>\n<li>Rango de edad: &gt; 6 a\u00f1os<\/li>\n<li>Model Number: C66004<\/li>\n<li>Clasificaci\u00f3n: Ensamblaje<\/li>\n<li>Forma de bloque de pl\u00e1stico: Ladrillos autoblocantes<\/li>\n<li>Material: Pl\u00e1stico<\/li>\n<li>Tipo de pl\u00e1stico: ABS<\/li>\n<li>Bricks Blocks: 1155 PCS<\/li>\n<li>Contiene instrucciones de montaje detalladas.<\/li>\n<\/ol>\n<p>Aviso:<br \/>\n1. Sin caja original, pero garantizamos que nuestros productos tienen garant\u00eda de calidad y un buen embalaje.<br \/>\n2. Como todas las piezas que hemos comprobado antes del env\u00edo, si encuentra que faltan piezas o est\u00e1n da\u00f1adas, no se preocupe y p\u00f3ngase en contacto con nosotros y podemos reenvi\u00e1rselas inmediatamente de forma gratuita.<\/p>\n<figure id=\"attachment_30699\" aria-describedby=\"caption-attachment-30699\" style=\"width: 800px\" class=\"wp-caption aligncenter\"><img fetchpriority=\"high\" decoding=\"async\" class=\"wp-image-30699 size-full\" src=\"https:\/\/mouldking.store\/wp-content\/uploads\/2022\/03\/CADA-C66004-Four-Seasons-Treehouse-with-1155-pieces-1.jpg\" alt=\"CADA C66004 Four Seasons Treehouse with 1155 pieces\" width=\"800\" height=\"800\" title=\"-\" srcset=\"https:\/\/mouldking.store\/wp-content\/uploads\/2022\/03\/CADA-C66004-Four-Seasons-Treehouse-with-1155-pieces-1.jpg 800w, https:\/\/mouldking.store\/wp-content\/uploads\/2022\/03\/CADA-C66004-Four-Seasons-Treehouse-with-1155-pieces-1-300x300.jpg 300w, https:\/\/mouldking.store\/wp-content\/uploads\/2022\/03\/CADA-C66004-Four-Seasons-Treehouse-with-1155-pieces-1-768x768.jpg 768w, https:\/\/mouldking.store\/wp-content\/uploads\/2022\/03\/CADA-C66004-Four-Seasons-Treehouse-with-1155-pieces-1-600x600.jpg 600w, https:\/\/mouldking.store\/wp-content\/uploads\/2022\/03\/CADA-C66004-Four-Seasons-Treehouse-with-1155-pieces-1-150x150.jpg 150w\" sizes=\"(max-width: 800px) 100vw, 800px\" \/><figcaption id=\"caption-attachment-30699\" class=\"wp-caption-text\">CADA C66004 Four Seasons Treehouse con 1155 piezas<\/figcaption><\/figure>\n<figure id=\"attachment_30708\" aria-describedby=\"caption-attachment-30708\" style=\"width: 790px\" class=\"wp-caption aligncenter\"><img decoding=\"async\" class=\"wp-image-30708 size-full\" src=\"https:\/\/mouldking.store\/wp-content\/uploads\/2022\/03\/CADA-C66004-Four-Seasons-Treehouse-with-1155-pieces-10.jpg\" alt=\"CADA C66004 Four Seasons Treehouse with 1155 pieces\" width=\"790\" height=\"891\" title=\"-\" srcset=\"https:\/\/mouldking.store\/wp-content\/uploads\/2022\/03\/CADA-C66004-Four-Seasons-Treehouse-with-1155-pieces-10.jpg 790w, https:\/\/mouldking.store\/wp-content\/uploads\/2022\/03\/CADA-C66004-Four-Seasons-Treehouse-with-1155-pieces-10-266x300.jpg 266w, https:\/\/mouldking.store\/wp-content\/uploads\/2022\/03\/CADA-C66004-Four-Seasons-Treehouse-with-1155-pieces-10-768x866.jpg 768w, https:\/\/mouldking.store\/wp-content\/uploads\/2022\/03\/CADA-C66004-Four-Seasons-Treehouse-with-1155-pieces-10-300x338.jpg 300w, https:\/\/mouldking.store\/wp-content\/uploads\/2022\/03\/CADA-C66004-Four-Seasons-Treehouse-with-1155-pieces-10-600x677.jpg 600w, https:\/\/mouldking.store\/wp-content\/uploads\/2022\/03\/CADA-C66004-Four-Seasons-Treehouse-with-1155-pieces-10-133x150.jpg 133w\" sizes=\"(max-width: 790px) 100vw, 790px\" \/><figcaption id=\"caption-attachment-30708\" class=\"wp-caption-text\">CADA C66004 Four Seasons Treehouse con 1155 piezas<\/figcaption><\/figure>\n<figure id=\"attachment_30705\" aria-describedby=\"caption-attachment-30705\" style=\"width: 753px\" class=\"wp-caption aligncenter\"><img decoding=\"async\" class=\"wp-image-30705 size-full\" src=\"https:\/\/mouldking.store\/wp-content\/uploads\/2022\/03\/CADA-C66004-Four-Seasons-Treehouse-with-1155-pieces-7.jpg\" alt=\"CADA C66004 Four Seasons Treehouse with 1155 pieces\" width=\"753\" height=\"1024\" title=\"-\" srcset=\"https:\/\/mouldking.store\/wp-content\/uploads\/2022\/03\/CADA-C66004-Four-Seasons-Treehouse-with-1155-pieces-7.jpg 753w, https:\/\/mouldking.store\/wp-content\/uploads\/2022\/03\/CADA-C66004-Four-Seasons-Treehouse-with-1155-pieces-7-221x300.jpg 221w, https:\/\/mouldking.store\/wp-content\/uploads\/2022\/03\/CADA-C66004-Four-Seasons-Treehouse-with-1155-pieces-7-300x408.jpg 300w, https:\/\/mouldking.store\/wp-content\/uploads\/2022\/03\/CADA-C66004-Four-Seasons-Treehouse-with-1155-pieces-7-600x816.jpg 600w, https:\/\/mouldking.store\/wp-content\/uploads\/2022\/03\/CADA-C66004-Four-Seasons-Treehouse-with-1155-pieces-7-110x150.jpg 110w\" sizes=\"(max-width: 753px) 100vw, 753px\" \/><figcaption id=\"caption-attachment-30705\" class=\"wp-caption-text\">CADA C66004 Four Seasons Treehouse con 1155 piezas<\/figcaption><\/figure>\n<figure id=\"attachment_30700\" aria-describedby=\"caption-attachment-30700\" style=\"width: 690px\" class=\"wp-caption aligncenter\"><img loading=\"lazy\" decoding=\"async\" class=\"wp-image-30700 size-full\" src=\"https:\/\/mouldking.store\/wp-content\/uploads\/2022\/03\/CADA-C66004-Four-Seasons-Treehouse-with-1155-pieces-2.jpg\" alt=\"CADA C66004 Four Seasons Treehouse with 1155 pieces\" width=\"690\" height=\"1024\" title=\"-\" srcset=\"https:\/\/mouldking.store\/wp-content\/uploads\/2022\/03\/CADA-C66004-Four-Seasons-Treehouse-with-1155-pieces-2.jpg 690w, https:\/\/mouldking.store\/wp-content\/uploads\/2022\/03\/CADA-C66004-Four-Seasons-Treehouse-with-1155-pieces-2-202x300.jpg 202w, https:\/\/mouldking.store\/wp-content\/uploads\/2022\/03\/CADA-C66004-Four-Seasons-Treehouse-with-1155-pieces-2-300x445.jpg 300w, https:\/\/mouldking.store\/wp-content\/uploads\/2022\/03\/CADA-C66004-Four-Seasons-Treehouse-with-1155-pieces-2-600x890.jpg 600w, https:\/\/mouldking.store\/wp-content\/uploads\/2022\/03\/CADA-C66004-Four-Seasons-Treehouse-with-1155-pieces-2-101x150.jpg 101w\" sizes=\"(max-width: 690px) 100vw, 690px\" \/><figcaption id=\"caption-attachment-30700\" class=\"wp-caption-text\">CADA C66004 Four Seasons Treehouse con 1155 piezas<\/figcaption><\/figure>\n<figure id=\"attachment_30703\" aria-describedby=\"caption-attachment-30703\" style=\"width: 685px\" class=\"wp-caption aligncenter\"><img loading=\"lazy\" decoding=\"async\" class=\"wp-image-30703 size-full\" src=\"https:\/\/mouldking.store\/wp-content\/uploads\/2022\/03\/CADA-C66004-Four-Seasons-Treehouse-with-1155-pieces-5.jpg\" alt=\"CADA C66004 Four Seasons Treehouse with 1155 pieces\" width=\"685\" height=\"1024\" title=\"-\" srcset=\"https:\/\/mouldking.store\/wp-content\/uploads\/2022\/03\/CADA-C66004-Four-Seasons-Treehouse-with-1155-pieces-5.jpg 685w, https:\/\/mouldking.store\/wp-content\/uploads\/2022\/03\/CADA-C66004-Four-Seasons-Treehouse-with-1155-pieces-5-201x300.jpg 201w, https:\/\/mouldking.store\/wp-content\/uploads\/2022\/03\/CADA-C66004-Four-Seasons-Treehouse-with-1155-pieces-5-300x448.jpg 300w, https:\/\/mouldking.store\/wp-content\/uploads\/2022\/03\/CADA-C66004-Four-Seasons-Treehouse-with-1155-pieces-5-600x897.jpg 600w, https:\/\/mouldking.store\/wp-content\/uploads\/2022\/03\/CADA-C66004-Four-Seasons-Treehouse-with-1155-pieces-5-100x150.jpg 100w\" sizes=\"(max-width: 685px) 100vw, 685px\" \/><figcaption id=\"caption-attachment-30703\" class=\"wp-caption-text\">CADA C66004 Four Seasons Treehouse con 1155 piezas<\/figcaption><\/figure>\n<figure id=\"attachment_30701\" aria-describedby=\"caption-attachment-30701\" style=\"width: 670px\" class=\"wp-caption aligncenter\"><img loading=\"lazy\" decoding=\"async\" class=\"wp-image-30701 size-full\" src=\"https:\/\/mouldking.store\/wp-content\/uploads\/2022\/03\/CADA-C66004-Four-Seasons-Treehouse-with-1155-pieces-3.jpg\" alt=\"CADA C66004 Four Seasons Treehouse with 1155 pieces\" width=\"670\" height=\"1024\" title=\"-\" srcset=\"https:\/\/mouldking.store\/wp-content\/uploads\/2022\/03\/CADA-C66004-Four-Seasons-Treehouse-with-1155-pieces-3.jpg 670w, https:\/\/mouldking.store\/wp-content\/uploads\/2022\/03\/CADA-C66004-Four-Seasons-Treehouse-with-1155-pieces-3-196x300.jpg 196w, https:\/\/mouldking.store\/wp-content\/uploads\/2022\/03\/CADA-C66004-Four-Seasons-Treehouse-with-1155-pieces-3-300x459.jpg 300w, https:\/\/mouldking.store\/wp-content\/uploads\/2022\/03\/CADA-C66004-Four-Seasons-Treehouse-with-1155-pieces-3-600x917.jpg 600w, https:\/\/mouldking.store\/wp-content\/uploads\/2022\/03\/CADA-C66004-Four-Seasons-Treehouse-with-1155-pieces-3-98x150.jpg 98w\" sizes=\"(max-width: 670px) 100vw, 670px\" \/><figcaption id=\"caption-attachment-30701\" class=\"wp-caption-text\">CADA C66004 Four Seasons Treehouse con 1155 piezas<\/figcaption><\/figure>\n<figure id=\"attachment_30707\" aria-describedby=\"caption-attachment-30707\" style=\"width: 610px\" class=\"wp-caption aligncenter\"><img loading=\"lazy\" decoding=\"async\" class=\"wp-image-30707 size-full\" src=\"https:\/\/mouldking.store\/wp-content\/uploads\/2022\/03\/CADA-C66004-Four-Seasons-Treehouse-with-1155-pieces-9.jpg\" alt=\"CADA C66004 Four Seasons Treehouse with 1155 pieces\" width=\"610\" height=\"1024\" title=\"-\" srcset=\"https:\/\/mouldking.store\/wp-content\/uploads\/2022\/03\/CADA-C66004-Four-Seasons-Treehouse-with-1155-pieces-9.jpg 610w, https:\/\/mouldking.store\/wp-content\/uploads\/2022\/03\/CADA-C66004-Four-Seasons-Treehouse-with-1155-pieces-9-179x300.jpg 179w, https:\/\/mouldking.store\/wp-content\/uploads\/2022\/03\/CADA-C66004-Four-Seasons-Treehouse-with-1155-pieces-9-300x504.jpg 300w, https:\/\/mouldking.store\/wp-content\/uploads\/2022\/03\/CADA-C66004-Four-Seasons-Treehouse-with-1155-pieces-9-600x1007.jpg 600w, https:\/\/mouldking.store\/wp-content\/uploads\/2022\/03\/CADA-C66004-Four-Seasons-Treehouse-with-1155-pieces-9-89x150.jpg 89w\" sizes=\"(max-width: 610px) 100vw, 610px\" \/><figcaption id=\"caption-attachment-30707\" class=\"wp-caption-text\">CADA C66004 Four Seasons Treehouse con 1155 piezas<\/figcaption><\/figure>\n<figure id=\"attachment_30704\" aria-describedby=\"caption-attachment-30704\" style=\"width: 790px\" class=\"wp-caption aligncenter\"><img loading=\"lazy\" decoding=\"async\" class=\"wp-image-30704 size-full\" src=\"https:\/\/mouldking.store\/wp-content\/uploads\/2022\/03\/CADA-C66004-Four-Seasons-Treehouse-with-1155-pieces-6.jpg\" alt=\"CADA C66004 Four Seasons Treehouse with 1155 pieces\" width=\"790\" height=\"786\" title=\"-\" srcset=\"https:\/\/mouldking.store\/wp-content\/uploads\/2022\/03\/CADA-C66004-Four-Seasons-Treehouse-with-1155-pieces-6.jpg 790w, https:\/\/mouldking.store\/wp-content\/uploads\/2022\/03\/CADA-C66004-Four-Seasons-Treehouse-with-1155-pieces-6-300x298.jpg 300w, https:\/\/mouldking.store\/wp-content\/uploads\/2022\/03\/CADA-C66004-Four-Seasons-Treehouse-with-1155-pieces-6-768x764.jpg 768w, https:\/\/mouldking.store\/wp-content\/uploads\/2022\/03\/CADA-C66004-Four-Seasons-Treehouse-with-1155-pieces-6-600x597.jpg 600w, https:\/\/mouldking.store\/wp-content\/uploads\/2022\/03\/CADA-C66004-Four-Seasons-Treehouse-with-1155-pieces-6-150x150.jpg 150w\" sizes=\"(max-width: 790px) 100vw, 790px\" \/><figcaption id=\"caption-attachment-30704\" class=\"wp-caption-text\">CADA C66004 Four Seasons Treehouse con 1155 piezas<\/figcaption><\/figure>\n<figure id=\"attachment_30702\" aria-describedby=\"caption-attachment-30702\" style=\"width: 729px\" class=\"wp-caption aligncenter\"><img loading=\"lazy\" decoding=\"async\" class=\"wp-image-30702 size-full\" src=\"https:\/\/mouldking.store\/wp-content\/uploads\/2022\/03\/CADA-C66004-Four-Seasons-Treehouse-with-1155-pieces-4.jpg\" alt=\"CADA C66004 Four Seasons Treehouse with 1155 pieces\" width=\"729\" height=\"1024\" title=\"-\" srcset=\"https:\/\/mouldking.store\/wp-content\/uploads\/2022\/03\/CADA-C66004-Four-Seasons-Treehouse-with-1155-pieces-4.jpg 729w, https:\/\/mouldking.store\/wp-content\/uploads\/2022\/03\/CADA-C66004-Four-Seasons-Treehouse-with-1155-pieces-4-214x300.jpg 214w, https:\/\/mouldking.store\/wp-content\/uploads\/2022\/03\/CADA-C66004-Four-Seasons-Treehouse-with-1155-pieces-4-300x421.jpg 300w, https:\/\/mouldking.store\/wp-content\/uploads\/2022\/03\/CADA-C66004-Four-Seasons-Treehouse-with-1155-pieces-4-600x843.jpg 600w, https:\/\/mouldking.store\/wp-content\/uploads\/2022\/03\/CADA-C66004-Four-Seasons-Treehouse-with-1155-pieces-4-107x150.jpg 107w\" sizes=\"(max-width: 729px) 100vw, 729px\" \/><figcaption id=\"caption-attachment-30702\" class=\"wp-caption-text\">CADA C66004 Four Seasons Treehouse con 1155 piezas<\/figcaption><\/figure>\n<figure id=\"attachment_30706\" aria-describedby=\"caption-attachment-30706\" style=\"width: 541px\" class=\"wp-caption aligncenter\"><img loading=\"lazy\" decoding=\"async\" class=\"wp-image-30706 size-full\" src=\"https:\/\/mouldking.store\/wp-content\/uploads\/2022\/03\/CADA-C66004-Four-Seasons-Treehouse-with-1155-pieces-8.jpg\" alt=\"CADA C66004 Four Seasons Treehouse with 1155 pieces\" width=\"541\" height=\"1024\" title=\"-\" srcset=\"https:\/\/mouldking.store\/wp-content\/uploads\/2022\/03\/CADA-C66004-Four-Seasons-Treehouse-with-1155-pieces-8.jpg 541w, https:\/\/mouldking.store\/wp-content\/uploads\/2022\/03\/CADA-C66004-Four-Seasons-Treehouse-with-1155-pieces-8-158x300.jpg 158w, https:\/\/mouldking.store\/wp-content\/uploads\/2022\/03\/CADA-C66004-Four-Seasons-Treehouse-with-1155-pieces-8-300x568.jpg 300w, https:\/\/mouldking.store\/wp-content\/uploads\/2022\/03\/CADA-C66004-Four-Seasons-Treehouse-with-1155-pieces-8-79x150.jpg 79w\" sizes=\"(max-width: 541px) 100vw, 541px\" \/><figcaption id=\"caption-attachment-30706\" class=\"wp-caption-text\">CADA C66004 Four Seasons Treehouse con 1155 piezas<\/figcaption><\/figure>","protected":false},"excerpt":{"rendered":"<p>Product information: Brand: CADA Gender: Unisex Name: Four Seasons Treehouse Age Range: &gt; 6 years old Model Number: C66004 Classification: Assemblage Plastic Block Shape: Self-Locking Bricks Material: Plastic Plastic Type: ABS Bricks Blocks: 1155 PCS Contains detailed assembly instructions. Notice: 1. Without an original box, but we guarantee our products have quality assurance and nice [&hellip;]<\/p>","protected":false},"featured_media":30699,"comment_status":"closed","ping_status":"closed","template":"","meta":{"_acf_changed":false},"product_cat":[390],"product_tag":[5233,1916,5231,5230,5229,5232,5234],"class_list":["product","first","instock","shipping-taxable","purchasable","product-type-simple"],"acf":[],"_links":{"self":[{"href":"https:\/\/mouldking.store\/es\/wp-json\/wp\/v2\/product\/30698","targetHints":{"allow":["GET"]}}],"collection":[{"href":"https:\/\/mouldking.store\/es\/wp-json\/wp\/v2\/product"}],"about":[{"href":"https:\/\/mouldking.store\/es\/wp-json\/wp\/v2\/types\/product"}],"replies":[{"embeddable":true,"href":"https:\/\/mouldking.store\/es\/wp-json\/wp\/v2\/comments?post=30698"}],"wp:featuredmedia":[{"embeddable":true,"href":"https:\/\/mouldking.store\/es\/wp-json\/wp\/v2\/media\/30699"}],"wp:attachment":[{"href":"https:\/\/mouldking.store\/es\/wp-json\/wp\/v2\/media?parent=30698"}],"wp:term":[{"taxonomy":"product_cat","embeddable":true,"href":"https:\/\/mouldking.store\/es\/wp-json\/wp\/v2\/product_cat?post=30698"},{"taxonomy":"product_tag","embeddable":true,"href":"https:\/\/mouldking.store\/es\/wp-json\/wp\/v2\/product_tag?post=30698"}],"curies":[{"name":"wp","href":"https:\/\/api.w.org\/{rel}","templated":true}]}}