{"id":30731,"date":"2022-03-08T16:11:39","date_gmt":"2022-03-08T09:11:39","guid":{"rendered":"https:\/\/mouldking.store\/?post_type=product&#038;p=30731"},"modified":"2022-03-08T16:11:40","modified_gmt":"2022-03-08T09:11:40","slug":"quanguan-721-one-piece-twelve-saijo-o-wazamono-luminous-version-with-1016-pieces","status":"publish","type":"product","link":"https:\/\/mouldking.store\/es\/shop\/quanguan-721-one-piece-twelve-saijo-o-wazamono-luminous-version-with-1016-pieces\/","title":{"rendered":"Quanguan 721 One Piece Twelve Saijo O Wazamono Versi\u00f3n luminosa con 1016 piezas"},"content":{"rendered":"<p>Informaci\u00f3n del Producto:<\/p>\n<ol>\n<li>Brand: Quanguan<\/li>\n<li>G\u00e9nero: Unisex<\/li>\n<li>Name: One Piece Twelve Saijo O Wazamono Luminous Version<\/li>\n<li>Rango de edad: &gt; 6 a\u00f1os<\/li>\n<li>Model Number: 721<\/li>\n<li>Clasificaci\u00f3n: Ensamblaje<\/li>\n<li>Forma de bloque de pl\u00e1stico: Ladrillos autoblocantes<\/li>\n<li>Material: Pl\u00e1stico<\/li>\n<li>Tipo de pl\u00e1stico: ABS<\/li>\n<li>Bricks Blocks: 1016 PCS<\/li>\n<li>Contiene instrucciones de montaje detalladas.<\/li>\n<\/ol>\n<p>Aviso:<br \/>\n1. Sin caja original, pero garantizamos que nuestros productos tienen garant\u00eda de calidad y un buen embalaje.<br \/>\n2. Como todas las piezas que hemos comprobado antes del env\u00edo, si encuentra que faltan piezas o est\u00e1n da\u00f1adas, no se preocupe y p\u00f3ngase en contacto con nosotros y podemos reenvi\u00e1rselas inmediatamente de forma gratuita.<\/p>\n<p>&nbsp;<\/p>\n<figure id=\"attachment_30732\" aria-describedby=\"caption-attachment-30732\" style=\"width: 800px\" class=\"wp-caption aligncenter\"><img fetchpriority=\"high\" decoding=\"async\" class=\"wp-image-30732 size-full\" src=\"https:\/\/mouldking.store\/wp-content\/uploads\/2022\/03\/QuanGuan-725-One-Piece-Twelve-Saijo-O-Wazamono-1.png\" alt=\"Quanguan 721 One Piece Twelve Saijo O Wazamono Luminous Version with 1016 pieces\" width=\"800\" height=\"800\" title=\"-\" srcset=\"https:\/\/mouldking.store\/wp-content\/uploads\/2022\/03\/QuanGuan-725-One-Piece-Twelve-Saijo-O-Wazamono-1.png 800w, https:\/\/mouldking.store\/wp-content\/uploads\/2022\/03\/QuanGuan-725-One-Piece-Twelve-Saijo-O-Wazamono-1-300x300.png 300w, https:\/\/mouldking.store\/wp-content\/uploads\/2022\/03\/QuanGuan-725-One-Piece-Twelve-Saijo-O-Wazamono-1-768x768.png 768w, https:\/\/mouldking.store\/wp-content\/uploads\/2022\/03\/QuanGuan-725-One-Piece-Twelve-Saijo-O-Wazamono-1-600x600.png 600w, https:\/\/mouldking.store\/wp-content\/uploads\/2022\/03\/QuanGuan-725-One-Piece-Twelve-Saijo-O-Wazamono-1-150x150.png 150w\" sizes=\"(max-width: 800px) 100vw, 800px\" \/><figcaption id=\"caption-attachment-30732\" class=\"wp-caption-text\">Quanguan 721 One Piece Twelve Saijo O Wazamono Versi\u00f3n luminosa con 1016 piezas<\/figcaption><\/figure>\n<figure id=\"attachment_30735\" aria-describedby=\"caption-attachment-30735\" style=\"width: 512px\" class=\"wp-caption aligncenter\"><img decoding=\"async\" class=\"wp-image-30735 size-full\" src=\"https:\/\/mouldking.store\/wp-content\/uploads\/2022\/03\/QuanGuan-725-One-Piece-Twelve-Saijo-O-Wazamono-4.png\" alt=\"Quanguan 721 One Piece Twelve Saijo O Wazamono Luminous Version with 1016 pieces\" width=\"512\" height=\"1024\" title=\"-\" srcset=\"https:\/\/mouldking.store\/wp-content\/uploads\/2022\/03\/QuanGuan-725-One-Piece-Twelve-Saijo-O-Wazamono-4.png 512w, https:\/\/mouldking.store\/wp-content\/uploads\/2022\/03\/QuanGuan-725-One-Piece-Twelve-Saijo-O-Wazamono-4-150x300.png 150w, https:\/\/mouldking.store\/wp-content\/uploads\/2022\/03\/QuanGuan-725-One-Piece-Twelve-Saijo-O-Wazamono-4-300x600.png 300w, https:\/\/mouldking.store\/wp-content\/uploads\/2022\/03\/QuanGuan-725-One-Piece-Twelve-Saijo-O-Wazamono-4-75x150.png 75w\" sizes=\"(max-width: 512px) 100vw, 512px\" \/><figcaption id=\"caption-attachment-30735\" class=\"wp-caption-text\">Quanguan 721 One Piece Twelve Saijo O Wazamono Versi\u00f3n luminosa con 1016 piezas<\/figcaption><\/figure>\n<figure id=\"attachment_30733\" aria-describedby=\"caption-attachment-30733\" style=\"width: 964px\" class=\"wp-caption aligncenter\"><img decoding=\"async\" class=\"wp-image-30733 size-full\" src=\"https:\/\/mouldking.store\/wp-content\/uploads\/2022\/03\/QuanGuan-725-One-Piece-Twelve-Saijo-O-Wazamono-2.png\" alt=\"Quanguan 721 One Piece Twelve Saijo O Wazamono Luminous Version with 1016 pieces\" width=\"964\" height=\"1024\" title=\"-\" srcset=\"https:\/\/mouldking.store\/wp-content\/uploads\/2022\/03\/QuanGuan-725-One-Piece-Twelve-Saijo-O-Wazamono-2.png 964w, https:\/\/mouldking.store\/wp-content\/uploads\/2022\/03\/QuanGuan-725-One-Piece-Twelve-Saijo-O-Wazamono-2-282x300.png 282w, https:\/\/mouldking.store\/wp-content\/uploads\/2022\/03\/QuanGuan-725-One-Piece-Twelve-Saijo-O-Wazamono-2-768x816.png 768w, https:\/\/mouldking.store\/wp-content\/uploads\/2022\/03\/QuanGuan-725-One-Piece-Twelve-Saijo-O-Wazamono-2-300x319.png 300w, https:\/\/mouldking.store\/wp-content\/uploads\/2022\/03\/QuanGuan-725-One-Piece-Twelve-Saijo-O-Wazamono-2-600x637.png 600w, https:\/\/mouldking.store\/wp-content\/uploads\/2022\/03\/QuanGuan-725-One-Piece-Twelve-Saijo-O-Wazamono-2-141x150.png 141w\" sizes=\"(max-width: 964px) 100vw, 964px\" \/><figcaption id=\"caption-attachment-30733\" class=\"wp-caption-text\">Quanguan 721 One Piece Twelve Saijo O Wazamono Versi\u00f3n luminosa con 1016 piezas<\/figcaption><\/figure>\n<figure id=\"attachment_30734\" aria-describedby=\"caption-attachment-30734\" style=\"width: 952px\" class=\"wp-caption aligncenter\"><img loading=\"lazy\" decoding=\"async\" class=\"wp-image-30734 size-full\" src=\"https:\/\/mouldking.store\/wp-content\/uploads\/2022\/03\/QuanGuan-725-One-Piece-Twelve-Saijo-O-Wazamono-3.png\" alt=\"Quanguan 721 One Piece Twelve Saijo O Wazamono Luminous Version with 1016 pieces\" width=\"952\" height=\"1024\" title=\"-\" srcset=\"https:\/\/mouldking.store\/wp-content\/uploads\/2022\/03\/QuanGuan-725-One-Piece-Twelve-Saijo-O-Wazamono-3.png 952w, https:\/\/mouldking.store\/wp-content\/uploads\/2022\/03\/QuanGuan-725-One-Piece-Twelve-Saijo-O-Wazamono-3-279x300.png 279w, https:\/\/mouldking.store\/wp-content\/uploads\/2022\/03\/QuanGuan-725-One-Piece-Twelve-Saijo-O-Wazamono-3-768x826.png 768w, https:\/\/mouldking.store\/wp-content\/uploads\/2022\/03\/QuanGuan-725-One-Piece-Twelve-Saijo-O-Wazamono-3-300x323.png 300w, https:\/\/mouldking.store\/wp-content\/uploads\/2022\/03\/QuanGuan-725-One-Piece-Twelve-Saijo-O-Wazamono-3-600x645.png 600w, https:\/\/mouldking.store\/wp-content\/uploads\/2022\/03\/QuanGuan-725-One-Piece-Twelve-Saijo-O-Wazamono-3-139x150.png 139w\" sizes=\"(max-width: 952px) 100vw, 952px\" \/><figcaption id=\"caption-attachment-30734\" class=\"wp-caption-text\">Quanguan 721 One Piece Twelve Saijo O Wazamono Versi\u00f3n luminosa con 1016 piezas<\/figcaption><\/figure>","protected":false},"excerpt":{"rendered":"<p>Product information: Brand: Quanguan Gender: Unisex Name: One Piece Twelve Saijo O Wazamono Luminous Version Age Range: &gt; 6 years old Model Number: 721 Classification: Assemblage Plastic Block Shape: Self-Locking Bricks Material: Plastic Plastic Type: ABS Bricks Blocks: 1016 PCS Contains detailed assembly instructions. Notice: 1. Without an original box, but we guarantee our products [&hellip;]<\/p>","protected":false},"featured_media":30732,"comment_status":"closed","ping_status":"closed","template":"","meta":{"_acf_changed":false},"product_cat":[581],"product_tag":[5259,1824,5245,5257,5256,5258,5255,5254,5248,5247,5260,5249],"class_list":["product","first","instock","shipping-taxable","purchasable","product-type-simple"],"acf":[],"_links":{"self":[{"href":"https:\/\/mouldking.store\/es\/wp-json\/wp\/v2\/product\/30731","targetHints":{"allow":["GET"]}}],"collection":[{"href":"https:\/\/mouldking.store\/es\/wp-json\/wp\/v2\/product"}],"about":[{"href":"https:\/\/mouldking.store\/es\/wp-json\/wp\/v2\/types\/product"}],"replies":[{"embeddable":true,"href":"https:\/\/mouldking.store\/es\/wp-json\/wp\/v2\/comments?post=30731"}],"wp:featuredmedia":[{"embeddable":true,"href":"https:\/\/mouldking.store\/es\/wp-json\/wp\/v2\/media\/30732"}],"wp:attachment":[{"href":"https:\/\/mouldking.store\/es\/wp-json\/wp\/v2\/media?parent=30731"}],"wp:term":[{"taxonomy":"product_cat","embeddable":true,"href":"https:\/\/mouldking.store\/es\/wp-json\/wp\/v2\/product_cat?post=30731"},{"taxonomy":"product_tag","embeddable":true,"href":"https:\/\/mouldking.store\/es\/wp-json\/wp\/v2\/product_tag?post=30731"}],"curies":[{"name":"wp","href":"https:\/\/api.w.org\/{rel}","templated":true}]}}