{"id":31334,"date":"2022-05-27T11:17:38","date_gmt":"2022-05-27T04:17:38","guid":{"rendered":"https:\/\/mouldking.store\/?post_type=product&#038;p=31334"},"modified":"2022-05-27T11:17:39","modified_gmt":"2022-05-27T04:17:39","slug":"decool-kc013-52-classic-cars-hot-rod-with-452-pieces","status":"publish","type":"product","link":"https:\/\/mouldking.store\/es\/shop\/decool-kc013-52-classic-cars-hot-rod-with-452-pieces\/","title":{"rendered":"DECOOL KC013 52 Classic Cars Hot Rod con 452 piezas"},"content":{"rendered":"<p>Informaci\u00f3n del Producto:<\/p>\n<ol>\n<li>Marca: DECOOL<\/li>\n<li>G\u00e9nero: Unisex<\/li>\n<li>Name: 52 Classic Cars Hot Rod<\/li>\n<li>Rango de edad: &gt; 6 a\u00f1os<\/li>\n<li>Model Number: KC013<\/li>\n<li>Clasificaci\u00f3n: Ensamblaje<\/li>\n<li>Forma de bloque de pl\u00e1stico: Ladrillos autoblocantes<\/li>\n<li>Material: Pl\u00e1stico<\/li>\n<li>Tipo de pl\u00e1stico: ABS<\/li>\n<li>Bricks Blocks: 452 PCS<\/li>\n<li>Contiene instrucciones de montaje detalladas.<\/li>\n<\/ol>\n<p>Aviso:<br \/>\n1. Sin caja original, pero garantizamos que nuestros productos tienen garant\u00eda de calidad y un buen embalaje.<br \/>\n2. Como todas las piezas que hemos comprobado antes del env\u00edo, si encuentra que faltan piezas o est\u00e1n da\u00f1adas, no se preocupe y p\u00f3ngase en contacto con nosotros y podemos reenvi\u00e1rselas inmediatamente de forma gratuita.<\/p>\n<p>&nbsp;<\/p>\n<figure id=\"attachment_31335\" aria-describedby=\"caption-attachment-31335\" style=\"width: 800px\" class=\"wp-caption aligncenter\"><img fetchpriority=\"high\" decoding=\"async\" class=\"wp-image-31335 size-full\" src=\"https:\/\/mouldking.store\/wp-content\/uploads\/2022\/05\/DECOOL-KC013-52-Classic-Cars-Hot-Rod-1.jpg\" alt=\"DECOOL KC013 52 Classic Cars Hot Rod with 452 pieces\" width=\"800\" height=\"800\" title=\"-\" srcset=\"https:\/\/mouldking.store\/wp-content\/uploads\/2022\/05\/DECOOL-KC013-52-Classic-Cars-Hot-Rod-1.jpg 800w, https:\/\/mouldking.store\/wp-content\/uploads\/2022\/05\/DECOOL-KC013-52-Classic-Cars-Hot-Rod-1-300x300.jpg 300w, https:\/\/mouldking.store\/wp-content\/uploads\/2022\/05\/DECOOL-KC013-52-Classic-Cars-Hot-Rod-1-768x768.jpg 768w, https:\/\/mouldking.store\/wp-content\/uploads\/2022\/05\/DECOOL-KC013-52-Classic-Cars-Hot-Rod-1-600x600.jpg 600w, https:\/\/mouldking.store\/wp-content\/uploads\/2022\/05\/DECOOL-KC013-52-Classic-Cars-Hot-Rod-1-150x150.jpg 150w\" sizes=\"(max-width: 800px) 100vw, 800px\" \/><figcaption id=\"caption-attachment-31335\" class=\"wp-caption-text\">DECOOL KC013 52 Classic Cars Hot Rod con 452 piezas<\/figcaption><\/figure>\n<figure id=\"attachment_31337\" aria-describedby=\"caption-attachment-31337\" style=\"width: 800px\" class=\"wp-caption aligncenter\"><img decoding=\"async\" class=\"wp-image-31337 size-full\" src=\"https:\/\/mouldking.store\/wp-content\/uploads\/2022\/05\/DECOOL-KC013-52-Classic-Cars-Hot-Rod-3.jpg\" alt=\"DECOOL KC013 52 Classic Cars Hot Rod with 452 pieces\" width=\"800\" height=\"800\" title=\"-\" srcset=\"https:\/\/mouldking.store\/wp-content\/uploads\/2022\/05\/DECOOL-KC013-52-Classic-Cars-Hot-Rod-3.jpg 800w, https:\/\/mouldking.store\/wp-content\/uploads\/2022\/05\/DECOOL-KC013-52-Classic-Cars-Hot-Rod-3-300x300.jpg 300w, https:\/\/mouldking.store\/wp-content\/uploads\/2022\/05\/DECOOL-KC013-52-Classic-Cars-Hot-Rod-3-768x768.jpg 768w, https:\/\/mouldking.store\/wp-content\/uploads\/2022\/05\/DECOOL-KC013-52-Classic-Cars-Hot-Rod-3-600x600.jpg 600w, https:\/\/mouldking.store\/wp-content\/uploads\/2022\/05\/DECOOL-KC013-52-Classic-Cars-Hot-Rod-3-150x150.jpg 150w\" sizes=\"(max-width: 800px) 100vw, 800px\" \/><figcaption id=\"caption-attachment-31337\" class=\"wp-caption-text\">DECOOL KC013 52 Classic Cars Hot Rod con 452 piezas<\/figcaption><\/figure>\n<figure id=\"attachment_31338\" aria-describedby=\"caption-attachment-31338\" style=\"width: 800px\" class=\"wp-caption aligncenter\"><img decoding=\"async\" class=\"wp-image-31338 size-full\" src=\"https:\/\/mouldking.store\/wp-content\/uploads\/2022\/05\/DECOOL-KC013-52-Classic-Cars-Hot-Rod-4.jpg\" alt=\"DECOOL KC013 52 Classic Cars Hot Rod with 452 pieces\" width=\"800\" height=\"800\" title=\"-\" srcset=\"https:\/\/mouldking.store\/wp-content\/uploads\/2022\/05\/DECOOL-KC013-52-Classic-Cars-Hot-Rod-4.jpg 800w, https:\/\/mouldking.store\/wp-content\/uploads\/2022\/05\/DECOOL-KC013-52-Classic-Cars-Hot-Rod-4-300x300.jpg 300w, https:\/\/mouldking.store\/wp-content\/uploads\/2022\/05\/DECOOL-KC013-52-Classic-Cars-Hot-Rod-4-768x768.jpg 768w, https:\/\/mouldking.store\/wp-content\/uploads\/2022\/05\/DECOOL-KC013-52-Classic-Cars-Hot-Rod-4-600x600.jpg 600w, https:\/\/mouldking.store\/wp-content\/uploads\/2022\/05\/DECOOL-KC013-52-Classic-Cars-Hot-Rod-4-150x150.jpg 150w\" sizes=\"(max-width: 800px) 100vw, 800px\" \/><figcaption id=\"caption-attachment-31338\" class=\"wp-caption-text\">DECOOL KC013 52 Classic Cars Hot Rod con 452 piezas<\/figcaption><\/figure>\n<figure id=\"attachment_31339\" aria-describedby=\"caption-attachment-31339\" style=\"width: 800px\" class=\"wp-caption aligncenter\"><img loading=\"lazy\" decoding=\"async\" class=\"wp-image-31339 size-full\" src=\"https:\/\/mouldking.store\/wp-content\/uploads\/2022\/05\/DECOOL-KC013-52-Classic-Cars-Hot-Rod-5.jpg\" alt=\"DECOOL KC013 52 Classic Cars Hot Rod with 452 pieces\" width=\"800\" height=\"800\" title=\"-\" srcset=\"https:\/\/mouldking.store\/wp-content\/uploads\/2022\/05\/DECOOL-KC013-52-Classic-Cars-Hot-Rod-5.jpg 800w, https:\/\/mouldking.store\/wp-content\/uploads\/2022\/05\/DECOOL-KC013-52-Classic-Cars-Hot-Rod-5-300x300.jpg 300w, https:\/\/mouldking.store\/wp-content\/uploads\/2022\/05\/DECOOL-KC013-52-Classic-Cars-Hot-Rod-5-768x768.jpg 768w, https:\/\/mouldking.store\/wp-content\/uploads\/2022\/05\/DECOOL-KC013-52-Classic-Cars-Hot-Rod-5-600x600.jpg 600w, https:\/\/mouldking.store\/wp-content\/uploads\/2022\/05\/DECOOL-KC013-52-Classic-Cars-Hot-Rod-5-150x150.jpg 150w\" sizes=\"(max-width: 800px) 100vw, 800px\" \/><figcaption id=\"caption-attachment-31339\" class=\"wp-caption-text\">DECOOL KC013 52 Classic Cars Hot Rod con 452 piezas<\/figcaption><\/figure>\n<figure id=\"attachment_31336\" aria-describedby=\"caption-attachment-31336\" style=\"width: 790px\" class=\"wp-caption aligncenter\"><img loading=\"lazy\" decoding=\"async\" class=\"wp-image-31336 size-full\" src=\"https:\/\/mouldking.store\/wp-content\/uploads\/2022\/05\/DECOOL-KC013-52-Classic-Cars-Hot-Rod-2.jpg\" alt=\"DECOOL KC013 52 Classic Cars Hot Rod with 452 pieces\" width=\"790\" height=\"790\" title=\"-\" srcset=\"https:\/\/mouldking.store\/wp-content\/uploads\/2022\/05\/DECOOL-KC013-52-Classic-Cars-Hot-Rod-2.jpg 790w, https:\/\/mouldking.store\/wp-content\/uploads\/2022\/05\/DECOOL-KC013-52-Classic-Cars-Hot-Rod-2-300x300.jpg 300w, https:\/\/mouldking.store\/wp-content\/uploads\/2022\/05\/DECOOL-KC013-52-Classic-Cars-Hot-Rod-2-768x768.jpg 768w, https:\/\/mouldking.store\/wp-content\/uploads\/2022\/05\/DECOOL-KC013-52-Classic-Cars-Hot-Rod-2-600x600.jpg 600w, https:\/\/mouldking.store\/wp-content\/uploads\/2022\/05\/DECOOL-KC013-52-Classic-Cars-Hot-Rod-2-150x150.jpg 150w\" sizes=\"(max-width: 790px) 100vw, 790px\" \/><figcaption id=\"caption-attachment-31336\" class=\"wp-caption-text\">DECOOL KC013 52 Classic Cars Hot Rod con 452 piezas<\/figcaption><\/figure>","protected":false},"excerpt":{"rendered":"<p>Product information: Brand: DECOOL Gender: Unisex Name: 52 Classic Cars Hot Rod Age Range: &gt; 6 years old Model Number: KC013 Classification: Assemblage Plastic Block Shape: Self-Locking Bricks Material: Plastic Plastic Type: ABS Bricks Blocks: 452 PCS Contains detailed assembly instructions. Notice: 1. Without an original box, but we guarantee our products have quality assurance [&hellip;]<\/p>","protected":false},"featured_media":31335,"comment_status":"closed","ping_status":"closed","template":"","meta":{"_acf_changed":false},"product_cat":[364],"product_tag":[5375,457,395,5378,5377,2463,5374,5373,5372,5376],"class_list":["product","first","instock","shipping-taxable","purchasable","product-type-simple"],"acf":[],"_links":{"self":[{"href":"https:\/\/mouldking.store\/es\/wp-json\/wp\/v2\/product\/31334","targetHints":{"allow":["GET"]}}],"collection":[{"href":"https:\/\/mouldking.store\/es\/wp-json\/wp\/v2\/product"}],"about":[{"href":"https:\/\/mouldking.store\/es\/wp-json\/wp\/v2\/types\/product"}],"replies":[{"embeddable":true,"href":"https:\/\/mouldking.store\/es\/wp-json\/wp\/v2\/comments?post=31334"}],"wp:featuredmedia":[{"embeddable":true,"href":"https:\/\/mouldking.store\/es\/wp-json\/wp\/v2\/media\/31335"}],"wp:attachment":[{"href":"https:\/\/mouldking.store\/es\/wp-json\/wp\/v2\/media?parent=31334"}],"wp:term":[{"taxonomy":"product_cat","embeddable":true,"href":"https:\/\/mouldking.store\/es\/wp-json\/wp\/v2\/product_cat?post=31334"},{"taxonomy":"product_tag","embeddable":true,"href":"https:\/\/mouldking.store\/es\/wp-json\/wp\/v2\/product_tag?post=31334"}],"curies":[{"name":"wp","href":"https:\/\/api.w.org\/{rel}","templated":true}]}}