{"id":32167,"date":"2022-08-31T16:01:34","date_gmt":"2022-08-31T09:01:34","guid":{"rendered":"https:\/\/mouldking.store\/?post_type=product&#038;p=32167"},"modified":"2025-12-25T09:12:28","modified_gmt":"2025-12-25T02:12:28","slug":"moc-87040-ahsoka-tano-star-wars-with-1054-pieces","status":"publish","type":"product","link":"https:\/\/mouldking.store\/es\/shop\/moc-87040-ahsoka-tano-star-wars-with-1054-pieces\/","title":{"rendered":"MOC-87040 Ahsoka Tano \u2013 Star Wars con 1054 Piezas"},"content":{"rendered":"<p>Informaci\u00f3n del Producto:<\/p>\n<ol>\n<li>Marca: MOC<\/li>\n<li>G\u00e9nero: Unisex<\/li>\n<li>Name: Ahsoka Tano \u2013 Star Wars<\/li>\n<li>Rango de edad: &gt; 6 a\u00f1os<\/li>\n<li>Model Number: MOC-87040 &#8211; C9041<\/li>\n<li>Clasificaci\u00f3n: Ensamblaje<\/li>\n<li>Forma de bloque de pl\u00e1stico: Ladrillos autoblocantes<\/li>\n<li>Material: Pl\u00e1stico<\/li>\n<li>Tipo de pl\u00e1stico: ABS<\/li>\n<li>Bricks Blocks: 1054 PCS<\/li>\n<li>Dimensions: 12.8 x 12 x 27.2 cm<\/li>\n<li>Weight: 0.64 kg<\/li>\n<li>Contiene instrucciones de montaje detalladas.<\/li>\n<\/ol>\n<p>Aviso:<br \/>\n1. Sin caja original, pero garantizamos que nuestros productos tienen garant\u00eda de calidad y un buen embalaje.<br \/>\n2. Como todas las piezas que hemos comprobado antes del env\u00edo, si encuentra que faltan piezas o est\u00e1n da\u00f1adas, no se preocupe y p\u00f3ngase en contacto con nosotros y podemos reenvi\u00e1rselas inmediatamente de forma gratuita.<\/p>\n<figure id=\"attachment_32170\" aria-describedby=\"caption-attachment-32170\" style=\"width: 800px\" class=\"wp-caption aligncenter\"><img fetchpriority=\"high\" decoding=\"async\" class=\"wp-image-32170 size-full\" src=\"https:\/\/mouldking.store\/wp-content\/uploads\/2022\/08\/MOCBRICKLAND-MOC-87040-Ahsoka-Tano-Star-Wars-4.jpg\" alt=\"MOC-87040 Ahsoka Tano \u2013 Star Wars with 1054 Pieces\" width=\"800\" height=\"800\" title=\"-\" srcset=\"https:\/\/mouldking.store\/wp-content\/uploads\/2022\/08\/MOCBRICKLAND-MOC-87040-Ahsoka-Tano-Star-Wars-4.jpg 800w, https:\/\/mouldking.store\/wp-content\/uploads\/2022\/08\/MOCBRICKLAND-MOC-87040-Ahsoka-Tano-Star-Wars-4-300x300.jpg 300w, https:\/\/mouldking.store\/wp-content\/uploads\/2022\/08\/MOCBRICKLAND-MOC-87040-Ahsoka-Tano-Star-Wars-4-768x768.jpg 768w, https:\/\/mouldking.store\/wp-content\/uploads\/2022\/08\/MOCBRICKLAND-MOC-87040-Ahsoka-Tano-Star-Wars-4-600x600.jpg 600w, https:\/\/mouldking.store\/wp-content\/uploads\/2022\/08\/MOCBRICKLAND-MOC-87040-Ahsoka-Tano-Star-Wars-4-150x150.jpg 150w, https:\/\/mouldking.store\/wp-content\/uploads\/2022\/08\/MOCBRICKLAND-MOC-87040-Ahsoka-Tano-Star-Wars-4-60x60.jpg 60w, https:\/\/mouldking.store\/wp-content\/uploads\/2022\/08\/MOCBRICKLAND-MOC-87040-Ahsoka-Tano-Star-Wars-4-90x90.jpg 90w\" sizes=\"(max-width: 800px) 100vw, 800px\" \/><figcaption id=\"caption-attachment-32170\" class=\"wp-caption-text\">MOC-87040 Ahsoka Tano \u2013 Star Wars con 1054 Piezas<\/figcaption><\/figure>\n<figure id=\"attachment_32172\" aria-describedby=\"caption-attachment-32172\" style=\"width: 800px\" class=\"wp-caption aligncenter\"><img decoding=\"async\" class=\"wp-image-32172 size-full\" src=\"https:\/\/mouldking.store\/wp-content\/uploads\/2022\/08\/MOCBRICKLAND-MOC-87040-Ahsoka-Tano-Star-Wars-2.jpg\" alt=\"MOC-87040 Ahsoka Tano \u2013 Star Wars with 1054 Pieces\" width=\"800\" height=\"800\" title=\"-\" srcset=\"https:\/\/mouldking.store\/wp-content\/uploads\/2022\/08\/MOCBRICKLAND-MOC-87040-Ahsoka-Tano-Star-Wars-2.jpg 800w, https:\/\/mouldking.store\/wp-content\/uploads\/2022\/08\/MOCBRICKLAND-MOC-87040-Ahsoka-Tano-Star-Wars-2-300x300.jpg 300w, https:\/\/mouldking.store\/wp-content\/uploads\/2022\/08\/MOCBRICKLAND-MOC-87040-Ahsoka-Tano-Star-Wars-2-768x768.jpg 768w, https:\/\/mouldking.store\/wp-content\/uploads\/2022\/08\/MOCBRICKLAND-MOC-87040-Ahsoka-Tano-Star-Wars-2-600x600.jpg 600w, https:\/\/mouldking.store\/wp-content\/uploads\/2022\/08\/MOCBRICKLAND-MOC-87040-Ahsoka-Tano-Star-Wars-2-150x150.jpg 150w, https:\/\/mouldking.store\/wp-content\/uploads\/2022\/08\/MOCBRICKLAND-MOC-87040-Ahsoka-Tano-Star-Wars-2-60x60.jpg 60w, https:\/\/mouldking.store\/wp-content\/uploads\/2022\/08\/MOCBRICKLAND-MOC-87040-Ahsoka-Tano-Star-Wars-2-90x90.jpg 90w\" sizes=\"(max-width: 800px) 100vw, 800px\" \/><figcaption id=\"caption-attachment-32172\" class=\"wp-caption-text\">MOC-87040 Ahsoka Tano \u2013 Star Wars con 1054 Piezas<\/figcaption><\/figure>\n<figure id=\"attachment_32171\" aria-describedby=\"caption-attachment-32171\" style=\"width: 800px\" class=\"wp-caption aligncenter\"><img decoding=\"async\" class=\"wp-image-32171 size-full\" src=\"https:\/\/mouldking.store\/wp-content\/uploads\/2022\/08\/MOCBRICKLAND-MOC-87040-Ahsoka-Tano-Star-Wars-3.jpg\" alt=\"MOC-87040 Ahsoka Tano \u2013 Star Wars with 1054 Pieces\" width=\"800\" height=\"800\" title=\"-\" srcset=\"https:\/\/mouldking.store\/wp-content\/uploads\/2022\/08\/MOCBRICKLAND-MOC-87040-Ahsoka-Tano-Star-Wars-3.jpg 800w, https:\/\/mouldking.store\/wp-content\/uploads\/2022\/08\/MOCBRICKLAND-MOC-87040-Ahsoka-Tano-Star-Wars-3-300x300.jpg 300w, https:\/\/mouldking.store\/wp-content\/uploads\/2022\/08\/MOCBRICKLAND-MOC-87040-Ahsoka-Tano-Star-Wars-3-768x768.jpg 768w, https:\/\/mouldking.store\/wp-content\/uploads\/2022\/08\/MOCBRICKLAND-MOC-87040-Ahsoka-Tano-Star-Wars-3-600x600.jpg 600w, https:\/\/mouldking.store\/wp-content\/uploads\/2022\/08\/MOCBRICKLAND-MOC-87040-Ahsoka-Tano-Star-Wars-3-150x150.jpg 150w, https:\/\/mouldking.store\/wp-content\/uploads\/2022\/08\/MOCBRICKLAND-MOC-87040-Ahsoka-Tano-Star-Wars-3-60x60.jpg 60w, https:\/\/mouldking.store\/wp-content\/uploads\/2022\/08\/MOCBRICKLAND-MOC-87040-Ahsoka-Tano-Star-Wars-3-90x90.jpg 90w\" sizes=\"(max-width: 800px) 100vw, 800px\" \/><figcaption id=\"caption-attachment-32171\" class=\"wp-caption-text\">MOC-87040 Ahsoka Tano \u2013 Star Wars con 1054 Piezas<\/figcaption><\/figure>\n<figure id=\"attachment_32169\" aria-describedby=\"caption-attachment-32169\" style=\"width: 800px\" class=\"wp-caption aligncenter\"><img loading=\"lazy\" decoding=\"async\" class=\"wp-image-32169 size-full\" src=\"https:\/\/mouldking.store\/wp-content\/uploads\/2022\/08\/MOCBRICKLAND-MOC-87040-Ahsoka-Tano-Star-Wars-5.jpg\" alt=\"MOC-87040 Ahsoka Tano \u2013 Star Wars with 1054 Pieces\" width=\"800\" height=\"800\" title=\"-\" srcset=\"https:\/\/mouldking.store\/wp-content\/uploads\/2022\/08\/MOCBRICKLAND-MOC-87040-Ahsoka-Tano-Star-Wars-5.jpg 800w, https:\/\/mouldking.store\/wp-content\/uploads\/2022\/08\/MOCBRICKLAND-MOC-87040-Ahsoka-Tano-Star-Wars-5-300x300.jpg 300w, https:\/\/mouldking.store\/wp-content\/uploads\/2022\/08\/MOCBRICKLAND-MOC-87040-Ahsoka-Tano-Star-Wars-5-768x768.jpg 768w, https:\/\/mouldking.store\/wp-content\/uploads\/2022\/08\/MOCBRICKLAND-MOC-87040-Ahsoka-Tano-Star-Wars-5-600x600.jpg 600w, https:\/\/mouldking.store\/wp-content\/uploads\/2022\/08\/MOCBRICKLAND-MOC-87040-Ahsoka-Tano-Star-Wars-5-150x150.jpg 150w, https:\/\/mouldking.store\/wp-content\/uploads\/2022\/08\/MOCBRICKLAND-MOC-87040-Ahsoka-Tano-Star-Wars-5-60x60.jpg 60w, https:\/\/mouldking.store\/wp-content\/uploads\/2022\/08\/MOCBRICKLAND-MOC-87040-Ahsoka-Tano-Star-Wars-5-90x90.jpg 90w\" sizes=\"(max-width: 800px) 100vw, 800px\" \/><figcaption id=\"caption-attachment-32169\" class=\"wp-caption-text\">MOC-87040 Ahsoka Tano \u2013 Star Wars con 1054 Piezas<\/figcaption><\/figure>\n<figure id=\"attachment_32168\" aria-describedby=\"caption-attachment-32168\" style=\"width: 800px\" class=\"wp-caption aligncenter\"><img loading=\"lazy\" decoding=\"async\" class=\"wp-image-32168 size-full\" src=\"https:\/\/mouldking.store\/wp-content\/uploads\/2022\/08\/MOCBRICKLAND-MOC-87040-Ahsoka-Tano-Star-Wars-1.jpg\" alt=\"MOC-87040 Ahsoka Tano \u2013 Star Wars with 1054 Pieces\" width=\"800\" height=\"800\" title=\"-\" srcset=\"https:\/\/mouldking.store\/wp-content\/uploads\/2022\/08\/MOCBRICKLAND-MOC-87040-Ahsoka-Tano-Star-Wars-1.jpg 800w, https:\/\/mouldking.store\/wp-content\/uploads\/2022\/08\/MOCBRICKLAND-MOC-87040-Ahsoka-Tano-Star-Wars-1-300x300.jpg 300w, https:\/\/mouldking.store\/wp-content\/uploads\/2022\/08\/MOCBRICKLAND-MOC-87040-Ahsoka-Tano-Star-Wars-1-768x768.jpg 768w, https:\/\/mouldking.store\/wp-content\/uploads\/2022\/08\/MOCBRICKLAND-MOC-87040-Ahsoka-Tano-Star-Wars-1-600x600.jpg 600w, https:\/\/mouldking.store\/wp-content\/uploads\/2022\/08\/MOCBRICKLAND-MOC-87040-Ahsoka-Tano-Star-Wars-1-150x150.jpg 150w, https:\/\/mouldking.store\/wp-content\/uploads\/2022\/08\/MOCBRICKLAND-MOC-87040-Ahsoka-Tano-Star-Wars-1-60x60.jpg 60w, https:\/\/mouldking.store\/wp-content\/uploads\/2022\/08\/MOCBRICKLAND-MOC-87040-Ahsoka-Tano-Star-Wars-1-90x90.jpg 90w\" sizes=\"(max-width: 800px) 100vw, 800px\" \/><figcaption id=\"caption-attachment-32168\" class=\"wp-caption-text\">MOC-87040 Ahsoka Tano \u2013 Star Wars con 1054 Piezas<\/figcaption><\/figure>\n<figure id=\"attachment_32173\" aria-describedby=\"caption-attachment-32173\" style=\"width: 800px\" class=\"wp-caption aligncenter\"><img loading=\"lazy\" decoding=\"async\" class=\"wp-image-32173 size-full\" src=\"https:\/\/mouldking.store\/wp-content\/uploads\/2022\/08\/MOCBRICKLAND-MOC-87040-Ahsoka-Tano-Star-Wars.jpg\" alt=\"MOC-87040 Ahsoka Tano \u2013 Star Wars with 1054 Pieces\" width=\"800\" height=\"800\" title=\"-\" srcset=\"https:\/\/mouldking.store\/wp-content\/uploads\/2022\/08\/MOCBRICKLAND-MOC-87040-Ahsoka-Tano-Star-Wars.jpg 800w, https:\/\/mouldking.store\/wp-content\/uploads\/2022\/08\/MOCBRICKLAND-MOC-87040-Ahsoka-Tano-Star-Wars-300x300.jpg 300w, https:\/\/mouldking.store\/wp-content\/uploads\/2022\/08\/MOCBRICKLAND-MOC-87040-Ahsoka-Tano-Star-Wars-768x768.jpg 768w, https:\/\/mouldking.store\/wp-content\/uploads\/2022\/08\/MOCBRICKLAND-MOC-87040-Ahsoka-Tano-Star-Wars-600x600.jpg 600w, https:\/\/mouldking.store\/wp-content\/uploads\/2022\/08\/MOCBRICKLAND-MOC-87040-Ahsoka-Tano-Star-Wars-150x150.jpg 150w, https:\/\/mouldking.store\/wp-content\/uploads\/2022\/08\/MOCBRICKLAND-MOC-87040-Ahsoka-Tano-Star-Wars-60x60.jpg 60w, https:\/\/mouldking.store\/wp-content\/uploads\/2022\/08\/MOCBRICKLAND-MOC-87040-Ahsoka-Tano-Star-Wars-90x90.jpg 90w\" sizes=\"(max-width: 800px) 100vw, 800px\" \/><figcaption id=\"caption-attachment-32173\" class=\"wp-caption-text\">MOC-87040 Ahsoka Tano \u2013 Star Wars con 1054 Piezas<\/figcaption><\/figure>","protected":false},"excerpt":{"rendered":"<p>Product information: Brand: MOC Gender: Unisex Name: Ahsoka Tano \u2013 Star Wars Age Range: &gt; 6 years old Model Number: MOC-87040 &#8211; C9041 Classification: Assemblage Plastic Block Shape: Self-Locking Bricks Material: Plastic Plastic Type: ABS Bricks Blocks: 1054 PCS Dimensions: 12.8 x 12 x 27.2 cm Weight: 0.64 kg Contains detailed assembly instructions. Notice: 1. [&hellip;]<\/p>","protected":false},"featured_media":32172,"comment_status":"closed","ping_status":"closed","template":"","meta":{"_acf_changed":false},"product_cat":[415],"product_tag":[5750,5749,5748,5747],"class_list":["product","first","instock","shipping-taxable","purchasable","product-type-simple"],"acf":[],"_links":{"self":[{"href":"https:\/\/mouldking.store\/es\/wp-json\/wp\/v2\/product\/32167","targetHints":{"allow":["GET"]}}],"collection":[{"href":"https:\/\/mouldking.store\/es\/wp-json\/wp\/v2\/product"}],"about":[{"href":"https:\/\/mouldking.store\/es\/wp-json\/wp\/v2\/types\/product"}],"replies":[{"embeddable":true,"href":"https:\/\/mouldking.store\/es\/wp-json\/wp\/v2\/comments?post=32167"}],"wp:featuredmedia":[{"embeddable":true,"href":"https:\/\/mouldking.store\/es\/wp-json\/wp\/v2\/media\/32172"}],"wp:attachment":[{"href":"https:\/\/mouldking.store\/es\/wp-json\/wp\/v2\/media?parent=32167"}],"wp:term":[{"taxonomy":"product_cat","embeddable":true,"href":"https:\/\/mouldking.store\/es\/wp-json\/wp\/v2\/product_cat?post=32167"},{"taxonomy":"product_tag","embeddable":true,"href":"https:\/\/mouldking.store\/es\/wp-json\/wp\/v2\/product_tag?post=32167"}],"curies":[{"name":"wp","href":"https:\/\/api.w.org\/{rel}","templated":true}]}}